{"id":69,"date":"2020-10-03T23:12:32","date_gmt":"2020-10-03T23:12:32","guid":{"rendered":"https:\/\/blogsaverroes.juntadeandalucia.es\/iesaltoalmanzora\/?page_id=69"},"modified":"2021-02-25T09:51:27","modified_gmt":"2021-02-25T09:51:27","slug":"contacto","status":"publish","type":"page","link":"https:\/\/blogsaverroes.juntadeandalucia.es\/iesaltoalmanzora\/contacto\/","title":{"rendered":"Contacto"},"content":{"rendered":"<p><span style=\"color: #000000\">I.E.S. Alto Almanzora<\/span><\/p>\n<p><span style=\"color: #000000\">C\/ Huertas, 14<\/span><\/p>\n<p><span style=\"color: #000000\">04880 T\u00edjola ( Almer\u00eda )<\/span><\/p>\n<p><span style=\"color: #000000\">Tel\u00e9fonos: 600 16 79 42&nbsp; y 950 42 99 00<\/span><\/p>\n<p><span style=\"color: #000000\">Correo electr\u00f3nico: 04700351.edu@juntadeandalucia.es<\/span><\/p>\n<p>&nbsp;<\/p>\n","protected":false},"excerpt":{"rendered":"<p>I.E.S. Alto Almanzora C\/ Huertas, 14 04880 T\u00edjola ( Almer\u00eda ) Tel\u00e9fonos: 600 16 79 42&nbsp; y 950 42 99 00 Correo electr\u00f3nico: 04700351.edu@juntadeandalucia.es &nbsp;<\/p>\n","protected":false},"author":10541,"featured_media":0,"parent":0,"menu_order":0,"comment_status":"closed","ping_status":"closed","template":"","meta":{"ngg_post_thumbnail":0,"footnotes":""},"aioseo_notices":[],"_links":{"self":[{"href":"https:\/\/blogsaverroes.juntadeandalucia.es\/iesaltoalmanzora\/wp-json\/wp\/v2\/pages\/69"}],"collection":[{"href":"https:\/\/blogsaverroes.juntadeandalucia.es\/iesaltoalmanzora\/wp-json\/wp\/v2\/pages"}],"about":[{"href":"https:\/\/blogsaverroes.juntadeandalucia.es\/iesaltoalmanzora\/wp-json\/wp\/v2\/types\/page"}],"author":[{"embeddable":true,"href":"https:\/\/blogsaverroes.juntadeandalucia.es\/iesaltoalmanzora\/wp-json\/wp\/v2\/users\/10541"}],"replies":[{"embeddable":true,"href":"https:\/\/blogsaverroes.juntadeandalucia.es\/iesaltoalmanzora\/wp-json\/wp\/v2\/comments?post=69"}],"version-history":[{"count":3,"href":"https:\/\/blogsaverroes.juntadeandalucia.es\/iesaltoalmanzora\/wp-json\/wp\/v2\/pages\/69\/revisions"}],"predecessor-version":[{"id":384,"href":"https:\/\/blogsaverroes.juntadeandalucia.es\/iesaltoalmanzora\/wp-json\/wp\/v2\/pages\/69\/revisions\/384"}],"wp:attachment":[{"href":"https:\/\/blogsaverroes.juntadeandalucia.es\/iesaltoalmanzora\/wp-json\/wp\/v2\/media?parent=69"}],"curies":[{"name":"wp","href":"https:\/\/api.w.org\/{rel}","templated":true}]}}