{"id":1041,"date":"2023-11-14T19:52:03","date_gmt":"2023-11-14T18:52:03","guid":{"rendered":"https:\/\/blogsaverroes.juntadeandalucia.es\/iesalvareda\/?page_id=1041"},"modified":"2025-11-05T09:29:36","modified_gmt":"2025-11-05T08:29:36","slug":"educacion-plastica-visual-y-audiovisual","status":"publish","type":"page","link":"https:\/\/blogsaverroes.juntadeandalucia.es\/iesalvareda\/educacion-plastica-visual-y-audiovisual\/","title":{"rendered":"Educaci\u00f3n Pl\u00e1stica, Visual y Audiovisual"},"content":{"rendered":"<p>[et_pb_section fb_built=&#8221;1&#8243; fullwidth=&#8221;on&#8221; admin_label=&#8221;Hero&#8221; _builder_version=&#8221;4.16&#8243; background_color=&#8221;#FFFFFF&#8221; parallax=&#8221;on&#8221; top_divider_color=&#8221;rgba(255,255,255,0.06)&#8221; top_divider_height=&#8221;30%&#8221; z_index_tablet=&#8221;500&#8243; box_shadow_horizontal_tablet=&#8221;0px&#8221; box_shadow_vertical_tablet=&#8221;0px&#8221; box_shadow_blur_tablet=&#8221;40px&#8221; box_shadow_spread_tablet=&#8221;0px&#8221; collapsed=&#8221;off&#8221; global_colors_info=&#8221;{}&#8221;][et_pb_fullwidth_image src=&#8221;https:\/\/blogsaverroes.juntadeandalucia.es\/iesalvareda\/files\/2023\/12\/Diapositiva4-scaled.jpg&#8221; title_text=&#8221;Diapositiva4&#8243; _builder_version=&#8221;4.16&#8243; _module_preset=&#8221;default&#8221; global_colors_info=&#8221;{}&#8221;][\/et_pb_fullwidth_image][\/et_pb_section][et_pb_section fb_built=&#8221;1&#8243; fullwidth=&#8221;on&#8221; _builder_version=&#8221;4.16&#8243; _module_preset=&#8221;default&#8221; global_colors_info=&#8221;{}&#8221;][et_pb_fullwidth_header _builder_version=&#8221;4.16&#8243; _module_preset=&#8221;default&#8221; background_color=&#8221;#FFFFFF&#8221; custom_button_one=&#8221;on&#8221; button_one_text_color=&#8221;#0C71C3&#8243; button_one_bg_color=&#8221;#FFFFFF&#8221; button_one_border_width=&#8221;1px&#8221; button_one_use_icon=&#8221;off&#8221; button_one_custom_margin=&#8221;6px|||227px|false|false&#8221; button_one_custom_padding=&#8221;|||24px|false|false&#8221; custom_button_two=&#8221;on&#8221; button_two_text_color=&#8221;#0C71C3&#8243; custom_margin=&#8221;0px||-53px|0px|false|false&#8221; custom_padding=&#8221;50px||50px||true|&#8221; box_shadow_style_button_one=&#8221;preset1&#8243; box_shadow_style_button_two=&#8221;preset1&#8243; global_colors_info=&#8221;{}&#8221;]<\/p>\n<h4 style=\"text-align: center\"><span style=\"color: #12357a\"><strong>Miembros del departamento de Educaci\u00f3n Pl\u00e1stica, Visual y Audiovisual<\/strong><\/span><\/h4>\n<p style=\"text-align: center\"><span style=\"color: #000000\">Antonia Hinojosa Carde\u00f1osa (Jefa de Departamento)<\/span><\/p>\n<p style=\"text-align: center\">\n<p>[\/et_pb_fullwidth_header][\/et_pb_section][et_pb_section fb_built=&#8221;1&#8243; _builder_version=&#8221;4.24.2&#8243; _module_preset=&#8221;default&#8221; min_height=&#8221;132px&#8221; custom_margin=&#8221;-10px||||false|false&#8221; hover_enabled=&#8221;0&#8243; global_colors_info=&#8221;{}&#8221; sticky_enabled=&#8221;0&#8243;][et_pb_row column_structure=&#8221;1_3,1_3,1_3&#8243; _builder_version=&#8221;4.16&#8243; _module_preset=&#8221;default&#8221; global_colors_info=&#8221;{}&#8221;][et_pb_column type=&#8221;1_3&#8243; _builder_version=&#8221;4.16&#8243; _module_preset=&#8221;default&#8221; global_colors_info=&#8221;{}&#8221;][\/et_pb_column][et_pb_column type=&#8221;1_3&#8243; _builder_version=&#8221;4.16&#8243; _module_preset=&#8221;default&#8221; global_colors_info=&#8221;{}&#8221;][et_pb_button button_url=&#8221;https:\/\/blogsaverroes.juntadeandalucia.es\/iesalvareda\/files\/2025\/11\/Progr-EPV-EA-Fotograf-25-26.pdf&#8221; url_new_window=&#8221;on&#8221; button_text=&#8221;Programaciones 2025\/2026&#8243; button_alignment=&#8221;center&#8221; _builder_version=&#8221;4.24.2&#8243; _module_preset=&#8221;default&#8221; custom_button=&#8221;on&#8221; button_text_size=&#8221;17px&#8221; button_text_color=&#8221;#0C71C3&#8243; button_bg_color=&#8221;#FFFFFF&#8221; button_border_color=&#8221;RGBA(255,255,255,0)&#8221; box_shadow_style=&#8221;preset1&#8243; global_colors_info=&#8221;{}&#8221;][\/et_pb_button][\/et_pb_column][et_pb_column type=&#8221;1_3&#8243; _builder_version=&#8221;4.16&#8243; _module_preset=&#8221;default&#8221; global_colors_info=&#8221;{}&#8221;][\/et_pb_column][\/et_pb_row][\/et_pb_section][et_pb_section fb_built=&#8221;1&#8243; admin_label=&#8221;Testimonials&#8221; _builder_version=&#8221;4.16&#8243; use_background_color_gradient=&#8221;on&#8221; background_color_gradient_stops=&#8221;#e3e3e8 0%|#ffffff 100%&#8221; background_color_gradient_start=&#8221;#e3e3e8&#8243; background_color_gradient_end=&#8221;#ffffff&#8221; background_image=&#8221;https:\/\/blogsaverroes.juntadeandalucia.es\/iesalvareda\/files\/2020\/01\/shapes-bg-1.png&#8221; parallax=&#8221;on&#8221; inner_width_tablet=&#8221;50px&#8221; inner_max_width_tablet=&#8221;50px&#8221; custom_padding=&#8221;|||&#8221; z_index_tablet=&#8221;500&#8243; box_shadow_horizontal_tablet=&#8221;0px&#8221; box_shadow_vertical_tablet=&#8221;0px&#8221; box_shadow_blur_tablet=&#8221;40px&#8221; box_shadow_spread_tablet=&#8221;0px&#8221; locked=&#8221;off&#8221; global_colors_info=&#8221;{}&#8221;][et_pb_row column_structure=&#8221;1_2,1_2&#8243; _builder_version=&#8221;4.16&#8243; background_color=&#8221;#ffffff&#8221; custom_margin=&#8221;||1em|&#8221; custom_padding=&#8221;60px|30px|60px|30px&#8221; z_index_tablet=&#8221;500&#8243; border_radii=&#8221;on|3px|3px|3px|3px&#8221; border_width_top=&#8221;10px&#8221; border_color_top=&#8221;#b77abd&#8221; border_width_top_tablet=&#8221;10px&#8221; border_width_top_phone=&#8221;10px&#8221; box_shadow_style=&#8221;preset3&#8243; box_shadow_vertical_tablet=&#8221;0px&#8221; box_shadow_blur_tablet=&#8221;40px&#8221; box_shadow_spread_tablet=&#8221;0px&#8221; global_colors_info=&#8221;{}&#8221;][et_pb_column type=&#8221;1_2&#8243; _builder_version=&#8221;4.16&#8243; custom_padding=&#8221;|||&#8221; global_colors_info=&#8221;{}&#8221; custom_padding__hover=&#8221;|||&#8221;][et_pb_text admin_label=&#8221;Datos del centro (t\u00edtulo y datos)&#8221; _builder_version=&#8221;4.16&#8243; text_text_color=&#8221;#333333&#8243; header_2_text_color=&#8221;#333333&#8243; header_2_font_size=&#8221;40px&#8221; header_2_line_height=&#8221;48px&#8221; z_index_tablet=&#8221;500&#8243; text_text_shadow_horizontal_length_tablet=&#8221;0px&#8221; text_text_shadow_vertical_length_tablet=&#8221;0px&#8221; text_text_shadow_blur_strength_tablet=&#8221;1px&#8221; link_text_shadow_horizontal_length_tablet=&#8221;0px&#8221; link_text_shadow_vertical_length_tablet=&#8221;0px&#8221; link_text_shadow_blur_strength_tablet=&#8221;1px&#8221; ul_text_shadow_horizontal_length_tablet=&#8221;0px&#8221; ul_text_shadow_vertical_length_tablet=&#8221;0px&#8221; ul_text_shadow_blur_strength_tablet=&#8221;1px&#8221; ol_text_shadow_horizontal_length_tablet=&#8221;0px&#8221; ol_text_shadow_vertical_length_tablet=&#8221;0px&#8221; ol_text_shadow_blur_strength_tablet=&#8221;1px&#8221; quote_text_shadow_horizontal_length_tablet=&#8221;0px&#8221; quote_text_shadow_vertical_length_tablet=&#8221;0px&#8221; quote_text_shadow_blur_strength_tablet=&#8221;1px&#8221; header_text_shadow_horizontal_length_tablet=&#8221;0px&#8221; header_text_shadow_vertical_length_tablet=&#8221;0px&#8221; header_text_shadow_blur_strength_tablet=&#8221;1px&#8221; header_2_text_shadow_horizontal_length_tablet=&#8221;0px&#8221; header_2_text_shadow_vertical_length_tablet=&#8221;0px&#8221; header_2_text_shadow_blur_strength_tablet=&#8221;1px&#8221; header_3_text_shadow_horizontal_length_tablet=&#8221;0px&#8221; header_3_text_shadow_vertical_length_tablet=&#8221;0px&#8221; header_3_text_shadow_blur_strength_tablet=&#8221;1px&#8221; header_4_text_shadow_horizontal_length_tablet=&#8221;0px&#8221; header_4_text_shadow_vertical_length_tablet=&#8221;0px&#8221; header_4_text_shadow_blur_strength_tablet=&#8221;1px&#8221; header_5_text_shadow_horizontal_length_tablet=&#8221;0px&#8221; header_5_text_shadow_vertical_length_tablet=&#8221;0px&#8221; header_5_text_shadow_blur_strength_tablet=&#8221;1px&#8221; header_6_text_shadow_horizontal_length_tablet=&#8221;0px&#8221; header_6_text_shadow_vertical_length_tablet=&#8221;0px&#8221; header_6_text_shadow_blur_strength_tablet=&#8221;1px&#8221; box_shadow_horizontal_tablet=&#8221;0px&#8221; box_shadow_vertical_tablet=&#8221;0px&#8221; box_shadow_blur_tablet=&#8221;40px&#8221; box_shadow_spread_tablet=&#8221;0px&#8221; global_colors_info=&#8221;{}&#8221;]<\/p>\n<h2><span style=\"font-size: 28px\"><strong>Datos del Centro<\/strong><\/span><\/h2>\n<p><strong>Nombre:<\/strong> IES ALVAREDA<br \/><strong>Direcci\u00f3n:<\/strong> Avda. Ciudad Blanca s\/n, 41702, Dos Hermanas (Sevilla)<br \/><strong>Tel\u00e9fono: 955 62 22 18<\/strong> <br \/><strong>Correo electr\u00f3nico:<\/strong> 41702011.edu@juntadeandalucia.es<\/p>\n<p>[\/et_pb_text][\/et_pb_column][et_pb_column type=&#8221;1_2&#8243; _builder_version=&#8221;4.16&#8243; custom_padding=&#8221;|||&#8221; global_colors_info=&#8221;{}&#8221; custom_padding__hover=&#8221;|||&#8221;][et_pb_social_media_follow use_icon_font_size=&#8221;on&#8221; icon_font_size=&#8221;27px&#8221; _builder_version=&#8221;4.16&#8243; _module_preset=&#8221;default&#8221; text_orientation=&#8221;center&#8221; module_alignment=&#8221;center&#8221; custom_margin=&#8221;0px|||0px|false|false&#8221; custom_padding=&#8221;45px|||15px|false|false&#8221; custom_padding_tablet=&#8221;45px|||15px|false|false&#8221; custom_padding_phone=&#8221;34px|||0px|false|false&#8221; custom_padding_last_edited=&#8221;on|phone&#8221; box_shadow_style=&#8221;preset1&#8243; global_colors_info=&#8221;{}&#8221;][et_pb_social_media_follow_network social_network=&#8221;facebook&#8221; _builder_version=&#8221;4.16&#8243; _module_preset=&#8221;default&#8221; background_color=&#8221;#3b5998&#8243; global_colors_info=&#8221;{}&#8221; follow_button=&#8221;off&#8221; url_new_window=&#8221;on&#8221;]facebook[\/et_pb_social_media_follow_network][et_pb_social_media_follow_network social_network=&#8221;twitter&#8221; _builder_version=&#8221;4.22.2&#8243; _module_preset=&#8221;default&#8221; background_color=&#8221;#000000&#8243; global_colors_info=&#8221;{}&#8221; follow_button=&#8221;off&#8221; url_new_window=&#8221;on&#8221;]twitter[\/et_pb_social_media_follow_network][et_pb_social_media_follow_network social_network=&#8221;instagram&#8221; url=&#8221;https:\/\/www.instagram.com\/ies_alvareda\/&#8221; _builder_version=&#8221;4.16&#8243; _module_preset=&#8221;default&#8221; background_color=&#8221;#ea2c59&#8243; global_colors_info=&#8221;{}&#8221; follow_button=&#8221;off&#8221; url_new_window=&#8221;on&#8221;]instagram[\/et_pb_social_media_follow_network][et_pb_social_media_follow_network social_network=&#8221;youtube&#8221; url=&#8221;https:\/\/www.youtube.com\/channel\/UCVxs8ipjlmc4tZTghOszyag?app=desktop&#8221; _builder_version=&#8221;4.16&#8243; _module_preset=&#8221;default&#8221; background_color=&#8221;#a82400&#8243; global_colors_info=&#8221;{}&#8221; follow_button=&#8221;off&#8221; url_new_window=&#8221;on&#8221;]youtube[\/et_pb_social_media_follow_network][\/et_pb_social_media_follow][\/et_pb_column][\/et_pb_row][\/et_pb_section]<\/p>\n","protected":false},"excerpt":{"rendered":"<p>Miembros del departamento de Educaci\u00f3n Pl\u00e1stica, Visual y Audiovisual Antonia Hinojosa Carde\u00f1osa (Jefa de Departamento) Datos del Centro Nombre: IES ALVAREDADirecci\u00f3n: Avda. Ciudad Blanca s\/n, 41702, Dos Hermanas (Sevilla)Tel\u00e9fono: 955 62 22 18 Correo electr\u00f3nico: 41702011.edu@juntadeandalucia.es<\/p>\n","protected":false},"author":2617,"featured_media":0,"parent":0,"menu_order":0,"comment_status":"closed","ping_status":"closed","template":"","meta":{"_et_pb_use_builder":"on","_et_pb_old_content":"","_et_gb_content_width":"","footnotes":""},"aioseo_notices":[],"_links":{"self":[{"href":"https:\/\/blogsaverroes.juntadeandalucia.es\/iesalvareda\/wp-json\/wp\/v2\/pages\/1041"}],"collection":[{"href":"https:\/\/blogsaverroes.juntadeandalucia.es\/iesalvareda\/wp-json\/wp\/v2\/pages"}],"about":[{"href":"https:\/\/blogsaverroes.juntadeandalucia.es\/iesalvareda\/wp-json\/wp\/v2\/types\/page"}],"author":[{"embeddable":true,"href":"https:\/\/blogsaverroes.juntadeandalucia.es\/iesalvareda\/wp-json\/wp\/v2\/users\/2617"}],"replies":[{"embeddable":true,"href":"https:\/\/blogsaverroes.juntadeandalucia.es\/iesalvareda\/wp-json\/wp\/v2\/comments?post=1041"}],"version-history":[{"count":8,"href":"https:\/\/blogsaverroes.juntadeandalucia.es\/iesalvareda\/wp-json\/wp\/v2\/pages\/1041\/revisions"}],"predecessor-version":[{"id":2644,"href":"https:\/\/blogsaverroes.juntadeandalucia.es\/iesalvareda\/wp-json\/wp\/v2\/pages\/1041\/revisions\/2644"}],"wp:attachment":[{"href":"https:\/\/blogsaverroes.juntadeandalucia.es\/iesalvareda\/wp-json\/wp\/v2\/media?parent=1041"}],"curies":[{"name":"wp","href":"https:\/\/api.w.org\/{rel}","templated":true}]}}