{"id":1380,"date":"2023-12-05T13:37:07","date_gmt":"2023-12-05T12:37:07","guid":{"rendered":"https:\/\/blogsaverroes.juntadeandalucia.es\/iesalvareda\/?page_id=1380"},"modified":"2024-05-22T08:25:54","modified_gmt":"2024-05-22T07:25:54","slug":"programa-cima","status":"publish","type":"page","link":"https:\/\/blogsaverroes.juntadeandalucia.es\/iesalvareda\/programa-cima\/","title":{"rendered":"Programa CIMA"},"content":{"rendered":"<p>[et_pb_section fb_built=&#8221;1&#8243; fullwidth=&#8221;on&#8221; _builder_version=&#8221;4.16&#8243; _module_preset=&#8221;default&#8221; background_color=&#8221;#fcfae8&#8243; global_colors_info=&#8221;{}&#8221;][et_pb_fullwidth_image src=&#8221;https:\/\/blogsaverroes.juntadeandalucia.es\/iesalvareda\/files\/2024\/01\/CIMA.png&#8221; title_text=&#8221;CIMA&#8221; _builder_version=&#8221;4.16&#8243; _module_preset=&#8221;default&#8221; width=&#8221;42%&#8221; module_alignment=&#8221;center&#8221; custom_padding=&#8221;||0px|||&#8221; global_colors_info=&#8221;{}&#8221;][\/et_pb_fullwidth_image][\/et_pb_section][et_pb_section fb_built=&#8221;1&#8243; _builder_version=&#8221;4.16&#8243; _module_preset=&#8221;default&#8221; locked=&#8221;off&#8221; global_colors_info=&#8221;{}&#8221;][et_pb_row _builder_version=&#8221;4.16&#8243; _module_preset=&#8221;default&#8221; global_colors_info=&#8221;{}&#8221;][et_pb_column type=&#8221;4_4&#8243; _builder_version=&#8221;4.16&#8243; _module_preset=&#8221;default&#8221; global_colors_info=&#8221;{}&#8221;][et_pb_text _builder_version=&#8221;4.16&#8243; _module_preset=&#8221;default&#8221; global_colors_info=&#8221;{}&#8221;]<\/p>\n<h3><strong><\/strong><\/h3>\n<p><strong><\/strong><\/p>\n<h3 style=\"text-align: center\"><strong>\u00a0<\/strong><span style=\"font-size: large;color: #12357a\"><strong>Programa para la Innovaci\u00f3n y la Mejora del Aprendizaje<\/strong><\/span><\/h3>\n<p style=\"text-align: justify\">\n<p style=\"text-align: justify\">Se trata de una <strong>herramienta pedag\u00f3gica para impulsar la innovaci\u00f3n y transformaci\u00f3n del proyecto educativo del centro<\/strong> desde el <strong>an\u00e1lisis, reflexi\u00f3n y evaluaci\u00f3n participativa garantizando la mejora continua y la personalizaci\u00f3n de los procesos<\/strong> seg\u00fan los centros de inter\u00e9s y necesidades del centro. El Programa CIMA surge con la misi\u00f3n de promover:<\/p>\n<p style=\"text-align: justify\">\u00b7 El fomento y la coordinaci\u00f3n de la innovaci\u00f3n educativa a trav\u00e9s de proyectos integrales de transformaci\u00f3n y mejora de los aprendizajes.<\/p>\n<p style=\"text-align: justify\">\u00b7 La gesti\u00f3n, coordinaci\u00f3n e innovaci\u00f3n educativa a trav\u00e9s de proyectos integrales de transformaci\u00f3n y mejora de los aprendizajes.<\/p>\n<p style=\"text-align: justify\">\u00b7 La colaboraci\u00f3n y coordinaci\u00f3n con las instituciones competentes a nivel auton\u00f3mico, nacional e internacional en las tem\u00e1ticas relacionadas con los diferentes \u00e1mbitos de conocimiento y actuaci\u00f3n.<\/p>\n<p style=\"text-align: justify\">\u00b7 La selecci\u00f3n, el reconocimiento y la difusi\u00f3n de pr\u00e1cticas educativas innovadoras.<\/p>\n<p style=\"text-align: justify\">\n<p style=\"text-align: justify\"><strong>Para conocer m\u00e1s detalles del Programa CIMA, puedes pinchar en el siguiente enlace:<\/strong><\/p>\n<p style=\"text-align: justify\">\n<p style=\"text-align: justify\">\n<p style=\"text-align: justify\">\n<p>[\/et_pb_text][\/et_pb_column][\/et_pb_row][\/et_pb_section][et_pb_section fb_built=&#8221;1&#8243; _builder_version=&#8221;4.16&#8243; _module_preset=&#8221;default&#8221; min_height=&#8221;132px&#8221; custom_margin=&#8221;-60px||||false|false&#8221; locked=&#8221;off&#8221; global_colors_info=&#8221;{}&#8221;][et_pb_row column_structure=&#8221;1_3,1_3,1_3&#8243; _builder_version=&#8221;4.16&#8243; _module_preset=&#8221;default&#8221; global_colors_info=&#8221;{}&#8221;][et_pb_column type=&#8221;1_3&#8243; _builder_version=&#8221;4.16&#8243; _module_preset=&#8221;default&#8221; global_colors_info=&#8221;{}&#8221;][\/et_pb_column][et_pb_column type=&#8221;1_3&#8243; _builder_version=&#8221;4.16&#8243; _module_preset=&#8221;default&#8221; global_colors_info=&#8221;{}&#8221;][et_pb_button button_url=&#8221;https:\/\/www.juntadeandalucia.es\/educacion\/eaprendizaje\/cima\/&#8221; url_new_window=&#8221;on&#8221; button_text=&#8221;Programa CIMA&#8221; button_alignment=&#8221;center&#8221; _builder_version=&#8221;4.16&#8243; _module_preset=&#8221;default&#8221; custom_button=&#8221;on&#8221; button_text_size=&#8221;17px&#8221; button_text_color=&#8221;#0C71C3&#8243; button_bg_color=&#8221;#FFFFFF&#8221; button_border_color=&#8221;RGBA(255,255,255,0)&#8221; box_shadow_style=&#8221;preset1&#8243; global_colors_info=&#8221;{}&#8221;][\/et_pb_button][\/et_pb_column][et_pb_column type=&#8221;1_3&#8243; _builder_version=&#8221;4.16&#8243; _module_preset=&#8221;default&#8221; global_colors_info=&#8221;{}&#8221;][\/et_pb_column][\/et_pb_row][\/et_pb_section][et_pb_section fb_built=&#8221;1&#8243; _builder_version=&#8221;4.16&#8243; _module_preset=&#8221;default&#8221; global_colors_info=&#8221;{}&#8221;][et_pb_row column_structure=&#8221;1_2,1_2&#8243; _builder_version=&#8221;4.16&#8243; _module_preset=&#8221;default&#8221; global_colors_info=&#8221;{}&#8221;][et_pb_column type=&#8221;1_2&#8243; _builder_version=&#8221;4.16&#8243; _module_preset=&#8221;default&#8221; global_colors_info=&#8221;{}&#8221;][et_pb_video src=&#8221;https:\/\/youtu.be\/9k906rYDIrg&#8221; _builder_version=&#8221;4.16&#8243; _module_preset=&#8221;default&#8221; global_colors_info=&#8221;{}&#8221;][\/et_pb_video][\/et_pb_column][et_pb_column type=&#8221;1_2&#8243; _builder_version=&#8221;4.16&#8243; _module_preset=&#8221;default&#8221; global_colors_info=&#8221;{}&#8221;][et_pb_toggle title=&#8221;H\u00e1bitos saludables&#8221; open_toggle_text_color=&#8221;#333333&#8243; open_toggle_background_color=&#8221;#f6f6f6&#8243; closed_toggle_text_color=&#8221;#ffffff&#8221; closed_toggle_background_color=&#8221;#3ea2d8&#8243; icon_color=&#8221;#FFFFFF&#8221; open_icon_color=&#8221;#9ad6f3&#8243; disabled_on=&#8221;on|on|&#8221; admin_label=&#8221;Desplegable secretar\u00eda&#8221; _builder_version=&#8221;4.16&#8243; title_text_color=&#8221;#ffffff&#8221; title_font=&#8221;Cabin Sketch||||||||&#8221; title_text_align=&#8221;center&#8221; title_font_size=&#8221;17px&#8221; title_line_height=&#8221;3em&#8221; closed_title_font=&#8221;Cabin Sketch|700|||||||&#8221; closed_title_text_align=&#8221;center&#8221; closed_title_font_size=&#8221;25px&#8221; closed_title_line_height=&#8221;1.6em&#8221; body_font=&#8221;||||||||&#8221; body_text_color=&#8221;#333333&#8243; body_font_size=&#8221;15px&#8221; body_line_height=&#8221;1.5em&#8221; text_orientation=&#8221;justified&#8221; min_height=&#8221;75px&#8221; min_height_phone=&#8221;auto&#8221; custom_margin=&#8221;-4px||-5px||false|false&#8221; custom_padding=&#8221;13px||0px|22px|false|false&#8221; animation_style=&#8221;zoom&#8221; animation_intensity_zoom=&#8221;10%&#8221; link_option_url=&#8221;https:\/\/youtu.be\/sfMiXCbVjDU&#8221; link_option_url_new_window=&#8221;on&#8221; z_index_tablet=&#8221;500&#8243; title_text_shadow_style=&#8221;preset1&#8243; title_text_shadow_horizontal_length_tablet=&#8221;0px&#8221; title_text_shadow_vertical_length_tablet=&#8221;0px&#8221; title_text_shadow_blur_strength_tablet=&#8221;1px&#8221; closed_title_text_shadow_horizontal_length_tablet=&#8221;0px&#8221; closed_title_text_shadow_vertical_length_tablet=&#8221;0px&#8221; closed_title_text_shadow_blur_strength_tablet=&#8221;1px&#8221; body_text_shadow_horizontal_length_tablet=&#8221;0px&#8221; body_text_shadow_vertical_length_tablet=&#8221;0px&#8221; body_text_shadow_blur_strength_tablet=&#8221;1px&#8221; body_link_text_shadow_horizontal_length_tablet=&#8221;0px&#8221; body_link_text_shadow_vertical_length_tablet=&#8221;0px&#8221; body_link_text_shadow_blur_strength_tablet=&#8221;1px&#8221; body_ul_text_shadow_horizontal_length_tablet=&#8221;0px&#8221; body_ul_text_shadow_vertical_length_tablet=&#8221;0px&#8221; body_ul_text_shadow_blur_strength_tablet=&#8221;1px&#8221; body_ol_text_shadow_horizontal_length_tablet=&#8221;0px&#8221; body_ol_text_shadow_vertical_length_tablet=&#8221;0px&#8221; body_ol_text_shadow_blur_strength_tablet=&#8221;1px&#8221; body_quote_text_shadow_horizontal_length_tablet=&#8221;0px&#8221; body_quote_text_shadow_vertical_length_tablet=&#8221;0px&#8221; body_quote_text_shadow_blur_strength_tablet=&#8221;1px&#8221; border_radii=&#8221;|10px|10px||&#8221; border_width_all=&#8221;0px&#8221; border_color_all=&#8221;#ffffff&#8221; border_style_all=&#8221;none&#8221; border_width_bottom=&#8221;2px&#8221; border_color_bottom=&#8221;rgba(0,0,0,0.22)&#8221; border_width_bottom_tablet=&#8221;2px&#8221; border_width_bottom_phone=&#8221;2px&#8221; box_shadow_horizontal_tablet=&#8221;0px&#8221; box_shadow_vertical_tablet=&#8221;0px&#8221; box_shadow_blur_tablet=&#8221;40px&#8221; box_shadow_spread_tablet=&#8221;0px&#8221; text_shadow_style=&#8221;preset1&#8243; text_shadow_horizontal_length_tablet=&#8221;0px&#8221; text_shadow_vertical_length_tablet=&#8221;0px&#8221; text_shadow_blur_strength_tablet=&#8221;1px&#8221; locked=&#8221;off&#8221; global_colors_info=&#8221;{}&#8221;]<\/p>\n<div dir=\"auto\">&#8211; Actividad f\u00edsica y deporte<\/div>\n<div dir=\"auto\"><\/div>\n<div dir=\"auto\">&#8211; Alimentaci\u00f3n saludable<\/div>\n<p>[\/et_pb_toggle][et_pb_toggle title=&#8221;STEAM&#8221; open_toggle_text_color=&#8221;#333333&#8243; open_toggle_background_color=&#8221;#f6f6f6&#8243; closed_toggle_text_color=&#8221;#ffffff&#8221; closed_toggle_background_color=&#8221;#6ec1aa&#8221; icon_color=&#8221;#FFFFFF&#8221; open_icon_color=&#8221;#9ad6f3&#8243; disabled_on=&#8221;on|on|&#8221; admin_label=&#8221;Desplegable calendario&#8221; _builder_version=&#8221;4.16&#8243; title_text_color=&#8221;#ffffff&#8221; title_font=&#8221;Cabin Sketch||||||||&#8221; title_text_align=&#8221;center&#8221; title_font_size=&#8221;17px&#8221; title_line_height=&#8221;3em&#8221; closed_title_font=&#8221;Cabin Sketch|700|||||||&#8221; closed_title_text_align=&#8221;center&#8221; closed_title_font_size=&#8221;25px&#8221; closed_title_line_height=&#8221;1.6em&#8221; body_font=&#8221;||||||||&#8221; body_text_color=&#8221;#333333&#8243; body_font_size=&#8221;15px&#8221; text_orientation=&#8221;justified&#8221; min_height=&#8221;52px&#8221; custom_margin=&#8221;2px||0px||false|false&#8221; custom_padding=&#8221;10px||15px|&#8221; animation_style=&#8221;zoom&#8221; animation_intensity_zoom=&#8221;10%&#8221; link_option_url=&#8221;https:\/\/youtu.be\/UlUPPMDS_CA&#8221; link_option_url_new_window=&#8221;on&#8221; z_index_tablet=&#8221;500&#8243; title_text_shadow_style=&#8221;preset1&#8243; border_width_all=&#8221;0px&#8221; border_color_all=&#8221;#ffffff&#8221; border_style_all=&#8221;none&#8221; border_width_bottom=&#8221;2px&#8221; border_color_bottom=&#8221;rgba(0,0,0,0.22)&#8221; text_shadow_style=&#8221;preset1&#8243; locked=&#8221;off&#8221; global_colors_info=&#8221;{}&#8221;]<\/p>\n<div dir=\"auto\">&#8211; Ajedrez en el aula. Pensamiento computacional desenchufado.<\/div>\n<div dir=\"auto\"><\/div>\n<div dir=\"auto\">&#8211; Rob\u00f3tica.<\/div>\n<div dir=\"auto\"><\/div>\n<div dir=\"auto\">&#8211; Inteligencia artificial.<\/div>\n<p>[\/et_pb_toggle][et_pb_toggle title=&#8221;Comunicaci\u00f3n y alfabetizaci\u00f3n&#8221; open_toggle_text_color=&#8221;#333333&#8243; open_toggle_background_color=&#8221;#f6f6f6&#8243; closed_toggle_text_color=&#8221;#ffffff&#8221; closed_toggle_background_color=&#8221;#ed6fae&#8221; icon_color=&#8221;#FFFFFF&#8221; open_icon_color=&#8221;#9ad6f3&#8243; disabled_on=&#8221;on|on|&#8221; _builder_version=&#8221;4.16&#8243; _module_preset=&#8221;default&#8221; title_text_color=&#8221;#ffffff&#8221; title_font=&#8221;Cabin Sketch||||||||&#8221; title_text_align=&#8221;center&#8221; title_font_size=&#8221;17px&#8221; title_line_height=&#8221;3em&#8221; closed_title_font=&#8221;Cabin Sketch|700|||||||&#8221; closed_title_text_align=&#8221;center&#8221; closed_title_font_size=&#8221;25px&#8221; closed_title_line_height=&#8221;1.6em&#8221; body_font=&#8221;||||||||&#8221; body_text_color=&#8221;#333333&#8243; body_font_size=&#8221;15px&#8221; body_line_height=&#8221;1.5em&#8221; text_orientation=&#8221;justified&#8221; min_height=&#8221;75px&#8221; custom_margin=&#8221;-2px||0px||false|false&#8221; custom_padding=&#8221;15px||0px||false|false&#8221; animation_style=&#8221;zoom&#8221; animation_intensity_zoom=&#8221;10%&#8221; link_option_url=&#8221;https:\/\/youtu.be\/tP24dSUKfHo&#8221; link_option_url_new_window=&#8221;on&#8221; title_text_shadow_style=&#8221;preset1&#8243; border_width_all=&#8221;0px&#8221; border_color_all=&#8221;#ffffff&#8221; border_style_all=&#8221;none&#8221; border_width_bottom=&#8221;2px&#8221; border_color_bottom=&#8221;rgba(0,0,0,0.22)&#8221; text_shadow_style=&#8221;preset1&#8243; global_colors_info=&#8221;{}&#8221;]<\/p>\n<div dir=\"auto\">&#8211; Oralidad y debate<\/div>\n<div dir=\"auto\"><\/div>\n<div dir=\"auto\">&#8211; Escritura Funcional<\/div>\n<p>[\/et_pb_toggle][et_pb_toggle title=&#8221;ALDEA&#8221; open_toggle_text_color=&#8221;#333333&#8243; open_toggle_background_color=&#8221;#f6f6f6&#8243; closed_toggle_text_color=&#8221;#ffffff&#8221; closed_toggle_background_color=&#8221;#8572a8&#8243; icon_color=&#8221;#ffffff&#8221; open_icon_color=&#8221;#9ad6f3&#8243; disabled_on=&#8221;on|on|&#8221; admin_label=&#8221;Desplegable proyecto de centro&#8221; _builder_version=&#8221;4.16&#8243; title_text_color=&#8221;#ffffff&#8221; title_font=&#8221;Cabin Sketch||||||||&#8221; title_text_align=&#8221;center&#8221; title_font_size=&#8221;17px&#8221; title_line_height=&#8221;3em&#8221; closed_title_font=&#8221;Cabin Sketch|700|||||||&#8221; closed_title_text_align=&#8221;center&#8221; closed_title_font_size=&#8221;25px&#8221; closed_title_line_height=&#8221;1.6em&#8221; body_font=&#8221;||||||||&#8221; body_text_color=&#8221;#333333&#8243; body_font_size=&#8221;15px&#8221; body_line_height=&#8221;1.5em&#8221; text_orientation=&#8221;justified&#8221; min_height=&#8221;75px&#8221; custom_margin=&#8221;0px||0px||false|false&#8221; custom_padding=&#8221;16px||15px||false|false&#8221; animation_style=&#8221;zoom&#8221; animation_intensity_zoom=&#8221;10%&#8221; link_option_url=&#8221;https:\/\/youtu.be\/sfMiXCbVjDU&#8221; link_option_url_new_window=&#8221;on&#8221; z_index_tablet=&#8221;500&#8243; title_text_shadow_style=&#8221;preset1&#8243; border_radii=&#8221;off|||10px|10px&#8221; border_width_all=&#8221;0px&#8221; border_color_all=&#8221;#ffffff&#8221; border_style_all=&#8221;none&#8221; border_width_bottom=&#8221;2px&#8221; border_color_bottom=&#8221;rgba(0,0,0,0.22)&#8221; text_shadow_style=&#8221;preset1&#8243; locked=&#8221;off&#8221; global_colors_info=&#8221;{}&#8221;]<\/p>\n<div dir=\"auto\">&#8211; Educaci\u00f3n para la circularidad.<\/div>\n<div dir=\"auto\"><\/div>\n<div dir=\"auto\">&#8211; Huertos escolares<\/div>\n<p>[\/et_pb_toggle][\/et_pb_column][\/et_pb_row][\/et_pb_section][et_pb_section fb_built=&#8221;1&#8243; theme_builder_area=&#8221;post_content&#8221; _builder_version=&#8221;4.24.2&#8243; _module_preset=&#8221;default&#8221;][et_pb_row _builder_version=&#8221;4.24.2&#8243; _module_preset=&#8221;default&#8221; theme_builder_area=&#8221;post_content&#8221;][et_pb_column _builder_version=&#8221;4.24.2&#8243; _module_preset=&#8221;default&#8221; type=&#8221;4_4&#8243; theme_builder_area=&#8221;post_content&#8221;][et_pb_video src=&#8221;https:\/\/blogsaverroes.juntadeandalucia.es\/iesalvareda\/files\/2024\/05\/NEWSLETTER-IES-ALVAREDA.mp4&#8243; _builder_version=&#8221;4.24.2&#8243; _module_preset=&#8221;default&#8221; theme_builder_area=&#8221;post_content&#8221; title_text=&#8221;NEWSLETTER IES ALVAREDA&#8221; hover_enabled=&#8221;0&#8243; sticky_enabled=&#8221;0&#8243;][\/et_pb_video][\/et_pb_column][\/et_pb_row][\/et_pb_section][et_pb_section fb_built=&#8221;1&#8243; admin_label=&#8221;Testimonials&#8221; _builder_version=&#8221;4.16&#8243; use_background_color_gradient=&#8221;on&#8221; background_color_gradient_stops=&#8221;#e3e3e8 0%|#ffffff 100%&#8221; background_color_gradient_start=&#8221;#e3e3e8&#8243; background_color_gradient_end=&#8221;#ffffff&#8221; background_image=&#8221;https:\/\/blogsaverroes.juntadeandalucia.es\/iesalvareda\/files\/2020\/01\/shapes-bg-1.png&#8221; parallax=&#8221;on&#8221; inner_width_tablet=&#8221;50px&#8221; inner_max_width_tablet=&#8221;50px&#8221; custom_padding=&#8221;|||&#8221; z_index_tablet=&#8221;500&#8243; box_shadow_horizontal_tablet=&#8221;0px&#8221; box_shadow_vertical_tablet=&#8221;0px&#8221; box_shadow_blur_tablet=&#8221;40px&#8221; box_shadow_spread_tablet=&#8221;0px&#8221; locked=&#8221;off&#8221; global_colors_info=&#8221;{}&#8221;][et_pb_row column_structure=&#8221;1_2,1_2&#8243; _builder_version=&#8221;4.16&#8243; background_color=&#8221;#ffffff&#8221; custom_margin=&#8221;||1em|&#8221; custom_padding=&#8221;60px|30px|60px|30px&#8221; z_index_tablet=&#8221;500&#8243; border_radii=&#8221;on|3px|3px|3px|3px&#8221; border_width_top=&#8221;10px&#8221; border_color_top=&#8221;#b77abd&#8221; border_width_top_tablet=&#8221;10px&#8221; border_width_top_phone=&#8221;10px&#8221; box_shadow_style=&#8221;preset3&#8243; box_shadow_vertical_tablet=&#8221;0px&#8221; box_shadow_blur_tablet=&#8221;40px&#8221; box_shadow_spread_tablet=&#8221;0px&#8221; global_colors_info=&#8221;{}&#8221;][et_pb_column type=&#8221;1_2&#8243; _builder_version=&#8221;4.16&#8243; custom_padding=&#8221;|||&#8221; global_colors_info=&#8221;{}&#8221; custom_padding__hover=&#8221;|||&#8221;][et_pb_text admin_label=&#8221;Datos del centro (t\u00edtulo y datos)&#8221; _builder_version=&#8221;4.16&#8243; text_text_color=&#8221;#333333&#8243; header_2_text_color=&#8221;#333333&#8243; header_2_font_size=&#8221;40px&#8221; header_2_line_height=&#8221;48px&#8221; z_index_tablet=&#8221;500&#8243; text_text_shadow_horizontal_length_tablet=&#8221;0px&#8221; text_text_shadow_vertical_length_tablet=&#8221;0px&#8221; text_text_shadow_blur_strength_tablet=&#8221;1px&#8221; link_text_shadow_horizontal_length_tablet=&#8221;0px&#8221; link_text_shadow_vertical_length_tablet=&#8221;0px&#8221; link_text_shadow_blur_strength_tablet=&#8221;1px&#8221; ul_text_shadow_horizontal_length_tablet=&#8221;0px&#8221; ul_text_shadow_vertical_length_tablet=&#8221;0px&#8221; ul_text_shadow_blur_strength_tablet=&#8221;1px&#8221; ol_text_shadow_horizontal_length_tablet=&#8221;0px&#8221; ol_text_shadow_vertical_length_tablet=&#8221;0px&#8221; ol_text_shadow_blur_strength_tablet=&#8221;1px&#8221; quote_text_shadow_horizontal_length_tablet=&#8221;0px&#8221; quote_text_shadow_vertical_length_tablet=&#8221;0px&#8221; quote_text_shadow_blur_strength_tablet=&#8221;1px&#8221; header_text_shadow_horizontal_length_tablet=&#8221;0px&#8221; header_text_shadow_vertical_length_tablet=&#8221;0px&#8221; header_text_shadow_blur_strength_tablet=&#8221;1px&#8221; header_2_text_shadow_horizontal_length_tablet=&#8221;0px&#8221; header_2_text_shadow_vertical_length_tablet=&#8221;0px&#8221; header_2_text_shadow_blur_strength_tablet=&#8221;1px&#8221; header_3_text_shadow_horizontal_length_tablet=&#8221;0px&#8221; header_3_text_shadow_vertical_length_tablet=&#8221;0px&#8221; header_3_text_shadow_blur_strength_tablet=&#8221;1px&#8221; header_4_text_shadow_horizontal_length_tablet=&#8221;0px&#8221; header_4_text_shadow_vertical_length_tablet=&#8221;0px&#8221; header_4_text_shadow_blur_strength_tablet=&#8221;1px&#8221; header_5_text_shadow_horizontal_length_tablet=&#8221;0px&#8221; header_5_text_shadow_vertical_length_tablet=&#8221;0px&#8221; header_5_text_shadow_blur_strength_tablet=&#8221;1px&#8221; header_6_text_shadow_horizontal_length_tablet=&#8221;0px&#8221; header_6_text_shadow_vertical_length_tablet=&#8221;0px&#8221; header_6_text_shadow_blur_strength_tablet=&#8221;1px&#8221; box_shadow_horizontal_tablet=&#8221;0px&#8221; box_shadow_vertical_tablet=&#8221;0px&#8221; box_shadow_blur_tablet=&#8221;40px&#8221; box_shadow_spread_tablet=&#8221;0px&#8221; global_colors_info=&#8221;{}&#8221;]<\/p>\n<h2><span style=\"font-size: 28px\"><strong>Datos del Centro<\/strong><\/span><\/h2>\n<p><strong>Nombre:<\/strong> IES ALVAREDA<br \/><strong>Direcci\u00f3n:<\/strong> Avda. Ciudad Blanca s\/n, 41702, Dos Hermanas (Sevilla)<br \/><strong>Tel\u00e9fono: 955 62 22 18<\/strong> <br \/><strong>Correo electr\u00f3nico:<\/strong> 41702011.edu@juntadeandalucia.es<\/p>\n<p>[\/et_pb_text][\/et_pb_column][et_pb_column type=&#8221;1_2&#8243; _builder_version=&#8221;4.16&#8243; custom_padding=&#8221;|||&#8221; global_colors_info=&#8221;{}&#8221; custom_padding__hover=&#8221;|||&#8221;][et_pb_social_media_follow use_icon_font_size=&#8221;on&#8221; icon_font_size=&#8221;27px&#8221; _builder_version=&#8221;4.16&#8243; _module_preset=&#8221;default&#8221; text_orientation=&#8221;center&#8221; module_alignment=&#8221;center&#8221; custom_margin=&#8221;0px|||0px|false|false&#8221; custom_padding=&#8221;45px|||15px|false|false&#8221; custom_padding_tablet=&#8221;45px|||15px|false|false&#8221; custom_padding_phone=&#8221;34px|||0px|false|false&#8221; custom_padding_last_edited=&#8221;on|phone&#8221; box_shadow_style=&#8221;preset1&#8243; global_colors_info=&#8221;{}&#8221;][et_pb_social_media_follow_network social_network=&#8221;facebook&#8221; _builder_version=&#8221;4.16&#8243; _module_preset=&#8221;default&#8221; background_color=&#8221;#3b5998&#8243; global_colors_info=&#8221;{}&#8221; follow_button=&#8221;off&#8221; url_new_window=&#8221;on&#8221;]facebook[\/et_pb_social_media_follow_network][et_pb_social_media_follow_network social_network=&#8221;twitter&#8221; _builder_version=&#8221;4.22.2&#8243; _module_preset=&#8221;default&#8221; background_color=&#8221;#000000&#8243; global_colors_info=&#8221;{}&#8221; follow_button=&#8221;off&#8221; url_new_window=&#8221;on&#8221;]twitter[\/et_pb_social_media_follow_network][et_pb_social_media_follow_network social_network=&#8221;instagram&#8221; url=&#8221;https:\/\/www.instagram.com\/ies_alvareda\/&#8221; _builder_version=&#8221;4.16&#8243; _module_preset=&#8221;default&#8221; background_color=&#8221;#ea2c59&#8243; global_colors_info=&#8221;{}&#8221; follow_button=&#8221;off&#8221; url_new_window=&#8221;on&#8221;]instagram[\/et_pb_social_media_follow_network][et_pb_social_media_follow_network social_network=&#8221;youtube&#8221; url=&#8221;https:\/\/www.youtube.com\/channel\/UCVxs8ipjlmc4tZTghOszyag?app=desktop&#8221; _builder_version=&#8221;4.16&#8243; _module_preset=&#8221;default&#8221; background_color=&#8221;#a82400&#8243; global_colors_info=&#8221;{}&#8221; follow_button=&#8221;off&#8221; url_new_window=&#8221;on&#8221;]youtube[\/et_pb_social_media_follow_network][\/et_pb_social_media_follow][\/et_pb_column][\/et_pb_row][\/et_pb_section]<\/p>\n","protected":false},"excerpt":{"rendered":"<p>\u00a0Programa para la Innovaci\u00f3n y la Mejora del Aprendizaje Se trata de una herramienta pedag\u00f3gica para impulsar la innovaci\u00f3n y transformaci\u00f3n del proyecto educativo del centro desde el an\u00e1lisis, reflexi\u00f3n y evaluaci\u00f3n participativa garantizando la mejora continua y la personalizaci\u00f3n de los procesos seg\u00fan los centros de inter\u00e9s y necesidades del centro. El Programa CIMA [&hellip;]<\/p>\n","protected":false},"author":2617,"featured_media":0,"parent":0,"menu_order":0,"comment_status":"closed","ping_status":"closed","template":"","meta":{"_et_pb_use_builder":"on","_et_pb_old_content":"","_et_gb_content_width":"","footnotes":""},"aioseo_notices":[],"_links":{"self":[{"href":"https:\/\/blogsaverroes.juntadeandalucia.es\/iesalvareda\/wp-json\/wp\/v2\/pages\/1380"}],"collection":[{"href":"https:\/\/blogsaverroes.juntadeandalucia.es\/iesalvareda\/wp-json\/wp\/v2\/pages"}],"about":[{"href":"https:\/\/blogsaverroes.juntadeandalucia.es\/iesalvareda\/wp-json\/wp\/v2\/types\/page"}],"author":[{"embeddable":true,"href":"https:\/\/blogsaverroes.juntadeandalucia.es\/iesalvareda\/wp-json\/wp\/v2\/users\/2617"}],"replies":[{"embeddable":true,"href":"https:\/\/blogsaverroes.juntadeandalucia.es\/iesalvareda\/wp-json\/wp\/v2\/comments?post=1380"}],"version-history":[{"count":11,"href":"https:\/\/blogsaverroes.juntadeandalucia.es\/iesalvareda\/wp-json\/wp\/v2\/pages\/1380\/revisions"}],"predecessor-version":[{"id":2263,"href":"https:\/\/blogsaverroes.juntadeandalucia.es\/iesalvareda\/wp-json\/wp\/v2\/pages\/1380\/revisions\/2263"}],"wp:attachment":[{"href":"https:\/\/blogsaverroes.juntadeandalucia.es\/iesalvareda\/wp-json\/wp\/v2\/media?parent=1380"}],"curies":[{"name":"wp","href":"https:\/\/api.w.org\/{rel}","templated":true}]}}