{"id":4247,"date":"2021-03-29T17:20:46","date_gmt":"2021-03-29T15:20:46","guid":{"rendered":"https:\/\/blogsaverroes.juntadeandalucia.es\/iesalvarnunez\/?page_id=4247"},"modified":"2026-03-02T11:17:20","modified_gmt":"2026-03-02T10:17:20","slug":"admision","status":"publish","type":"page","link":"https:\/\/blogsaverroes.juntadeandalucia.es\/iesalvarnunez\/tramites-administrativos\/admision\/","title":{"rendered":"Admisi\u00f3n de alumnado"},"content":{"rendered":"\t\t<div data-elementor-type=\"wp-page\" data-elementor-id=\"4247\" class=\"elementor elementor-4247\">\n\t\t\t\t\t\t<section class=\"elementor-section elementor-top-section elementor-element elementor-element-817b09a elementor-section-boxed elementor-section-height-default elementor-section-height-default\" data-id=\"817b09a\" data-element_type=\"section\">\n\t\t\t\t\t\t<div class=\"elementor-container elementor-column-gap-default\">\n\t\t\t\t\t<div class=\"elementor-column elementor-col-100 elementor-top-column elementor-element elementor-element-6062233\" data-id=\"6062233\" data-element_type=\"column\">\n\t\t\t<div class=\"elementor-widget-wrap elementor-element-populated\">\n\t\t\t\t\t\t<div class=\"elementor-element elementor-element-cab8945 elementor-widget elementor-widget-heading\" data-id=\"cab8945\" data-element_type=\"widget\" data-widget_type=\"heading.default\">\n\t\t\t\t<div class=\"elementor-widget-container\">\n\t\t\t\t\t<h3 class=\"elementor-heading-title elementor-size-default\">Admisi\u00f3n  de alumnado<\/h3>\t\t\t\t<\/div>\n\t\t\t\t<\/div>\n\t\t\t\t\t<\/div>\n\t\t<\/div>\n\t\t\t\t\t<\/div>\n\t\t<\/section>\n\t\t\t\t<section class=\"elementor-section elementor-top-section elementor-element elementor-element-2ddd2a2 elementor-section-boxed elementor-section-height-default elementor-section-height-default\" data-id=\"2ddd2a2\" data-element_type=\"section\">\n\t\t\t\t\t\t<div class=\"elementor-container elementor-column-gap-default\">\n\t\t\t\t\t<div class=\"elementor-column elementor-col-100 elementor-top-column elementor-element elementor-element-e77092d\" data-id=\"e77092d\" data-element_type=\"column\">\n\t\t\t<div class=\"elementor-widget-wrap elementor-element-populated\">\n\t\t\t\t\t\t<div class=\"elementor-element elementor-element-d3859a0 elementor-widget elementor-widget-accordion\" data-id=\"d3859a0\" data-element_type=\"widget\" data-widget_type=\"accordion.default\">\n\t\t\t\t<div class=\"elementor-widget-container\">\n\t\t\t\t\t\t\t<div class=\"elementor-accordion\">\n\t\t\t\t\t\t\t<div class=\"elementor-accordion-item\">\n\t\t\t\t\t<div id=\"elementor-tab-title-2211\" class=\"elementor-tab-title\" data-tab=\"1\" role=\"button\" aria-controls=\"elementor-tab-content-2211\" aria-expanded=\"false\">\n\t\t\t\t\t\t\t\t\t\t\t\t\t<span class=\"elementor-accordion-icon elementor-accordion-icon-left\" aria-hidden=\"true\">\n\t\t\t\t\t\t\t\t\t\t\t\t\t\t\t<span class=\"elementor-accordion-icon-closed\"><i class=\"fas fa-plus\"><\/i><\/span>\n\t\t\t\t\t\t\t\t<span class=\"elementor-accordion-icon-opened\"><i class=\"fas fa-minus\"><\/i><\/span>\n\t\t\t\t\t\t\t\t\t\t\t\t\t\t<\/span>\n\t\t\t\t\t\t\t\t\t\t\t\t<a class=\"elementor-accordion-title\" tabindex=\"0\">Normativa de aplicaci\u00f3n<\/a>\n\t\t\t\t\t<\/div>\n\t\t\t\t\t<div id=\"elementor-tab-content-2211\" class=\"elementor-tab-content elementor-clearfix\" data-tab=\"1\" role=\"region\" aria-labelledby=\"elementor-tab-title-2211\"><p>Adem\u00e1s de la informaci\u00f3n expuesta en la p\u00e1gina web de la Consejer\u00eda de Desarrollo Educativo y F.P. y en la secretar\u00eda de este centro, en horario de 8:30 a 14:30, est\u00e1 a disposici\u00f3n del p\u00fablico la siguiente documentaci\u00f3n:<\/p><p>&#8211; Decreto 21\/2020 de 17 de febrero por el que se regulan los criterios y<br \/>el procedimiento de admisi\u00f3n del alumnado en los centro docentes<br \/>p\u00fablicos y privados concertados para cursar las ense\u00f1anzas de segundo<br \/>ciclo de educaci\u00f3n infantil, educaci\u00f3n primaria, educaci\u00f3n especial,<br \/>educaci\u00f3n secundaria obligatoria y bachillerato.<br \/>&#8211; Orden de 20 de febrero de 2020, por el que se desarrolla el<br \/>procedimiento de admisi\u00f3n del alumnado, en los centros docentes<br \/>p\u00fablicos y privados concertados para cursar las ense\u00f1anzas de segundo<br \/>ciclo de educaci\u00f3n infantil, educaci\u00f3n primaria, educaci\u00f3n especial,<br \/>educaci\u00f3n secundaria obligatoria y bachillerato.<\/p><p><span class=\"fontstyle0\">&#8211; Callejero. En caso de discrepancia entre \u00e9ste y el mapa publicado, se<br \/>deber\u00e1 considerar lo que refleje el mapa.<\/span><\/p><p>Descarga del callejero:<\/p><ul><li><a href=\"https:\/\/blogsaverroes.juntadeandalucia.es\/iesalvarnunez\/files\/2026\/03\/VS_2026.pdf\">Para SECUNDARIA.<\/a><\/li><li><a href=\"https:\/\/blogsaverroes.juntadeandalucia.es\/iesalvarnunez\/files\/2026\/03\/VB_2026.pdf\">Para Bachillerato.<\/a><\/li><li><a href=\"https:\/\/blogsaverroes.juntadeandalucia.es\/iesalvarnunez\/files\/2026\/03\/VBG_2026.pdf\">Para Bachillerato GENERAL.<\/a><\/li><\/ul><p>\u00a0<\/p><p>\u00a0<\/p><\/div>\n\t\t\t\t<\/div>\n\t\t\t\t\t\t\t<div class=\"elementor-accordion-item\">\n\t\t\t\t\t<div id=\"elementor-tab-title-2212\" class=\"elementor-tab-title\" data-tab=\"2\" role=\"button\" aria-controls=\"elementor-tab-content-2212\" aria-expanded=\"false\">\n\t\t\t\t\t\t\t\t\t\t\t\t\t<span class=\"elementor-accordion-icon elementor-accordion-icon-left\" aria-hidden=\"true\">\n\t\t\t\t\t\t\t\t\t\t\t\t\t\t\t<span class=\"elementor-accordion-icon-closed\"><i class=\"fas fa-plus\"><\/i><\/span>\n\t\t\t\t\t\t\t\t<span class=\"elementor-accordion-icon-opened\"><i class=\"fas fa-minus\"><\/i><\/span>\n\t\t\t\t\t\t\t\t\t\t\t\t\t\t<\/span>\n\t\t\t\t\t\t\t\t\t\t\t\t<a class=\"elementor-accordion-title\" tabindex=\"0\">Plazo de presentaci\u00f3n de solicitudes de admisi\u00f3n<\/a>\n\t\t\t\t\t<\/div>\n\t\t\t\t\t<div id=\"elementor-tab-content-2212\" class=\"elementor-tab-content elementor-clearfix\" data-tab=\"2\" role=\"region\" aria-labelledby=\"elementor-tab-title-2212\"><section data-id=\"5b99a81\"><div><div><div data-id=\"cb0bfed\"><div><div><div data-id=\"7cca946\"><div><div><p>Desde el 1 al 31 de marzo est\u00e1 abierto el pazo para solicitar la admisi\u00f3n en los centros sostenidos con fondos p\u00fablicos en Andaluc\u00eda.<\/p><p>El alumnado matriculado en el IES Alvar N\u00fa\u00f1ez que contin\u00fae sus estudios en el mismo, NO tiene que realizar ning\u00fan tr\u00e1mite en el per\u00edodo de admisi\u00f3n (del 1 al 31 de marzo), pero deber\u00e1 formalizar la matr\u00edcula para el curso siguiente del 1 al 10 de julio.<\/p><p>La presentaci\u00f3n de las solicitudes de admisi\u00f3n se debe realizar preferentemente a trav\u00e9s de la <a href=\"https:\/\/www.juntadeandalucia.es\/educacion\/secretariavirtual\/accesoTramite\/543\/\" target=\"_blank\" rel=\"noopener\">\u00abSecretar\u00eda Virtual\u00bb<\/a>, aplicaci\u00f3n que permite realizar el tr\u00e1mite a cualquier hora sin necesidad de personarse en el centro. Habr\u00e1 finalizado la presentaci\u00f3n de la solicitud de admisi\u00f3n cuando el sistema le devuelva su solicitud registrada con el sello <a title=\"Ayuda admisi\u00f3n\" href=\"https:\/\/blogsaverroes.juntadeandalucia.es\/iesalvarnunez\/admision-y-matricula\/auxiliar-admision\/\" target=\"_blank\" rel=\"noopener\">@ries<\/a>.<\/p><p>Excepcionalmente, se puede presentar la solicitud de admisi\u00f3n presencialmente en la Secretar\u00eda del Centro. Para ello se ha de solicitar cita previa por correo electr\u00f3nico 11003217.edu@juntadeandalucia.es, indicando los datos de contacto (nombre del alumno, tel\u00e9fono, correo electr\u00f3nico,\u2026). Si opta por esta posibilidad, el d\u00eda que se le cite habr\u00e1 de traer rellena la solicitud de admisi\u00f3n y la documentaci\u00f3n adicional que necesite presentar.<\/p><\/div><\/div><\/div><\/div><\/div><\/div><\/div><\/div><\/section><\/div>\n\t\t\t\t<\/div>\n\t\t\t\t\t\t\t<div class=\"elementor-accordion-item\">\n\t\t\t\t\t<div id=\"elementor-tab-title-2213\" class=\"elementor-tab-title\" data-tab=\"3\" role=\"button\" aria-controls=\"elementor-tab-content-2213\" aria-expanded=\"false\">\n\t\t\t\t\t\t\t\t\t\t\t\t\t<span class=\"elementor-accordion-icon elementor-accordion-icon-left\" aria-hidden=\"true\">\n\t\t\t\t\t\t\t\t\t\t\t\t\t\t\t<span class=\"elementor-accordion-icon-closed\"><i class=\"fas fa-plus\"><\/i><\/span>\n\t\t\t\t\t\t\t\t<span class=\"elementor-accordion-icon-opened\"><i class=\"fas fa-minus\"><\/i><\/span>\n\t\t\t\t\t\t\t\t\t\t\t\t\t\t<\/span>\n\t\t\t\t\t\t\t\t\t\t\t\t<a class=\"elementor-accordion-title\" tabindex=\"0\">Publicaci\u00f3n de solicitudes de admisi\u00f3n<\/a>\n\t\t\t\t\t<\/div>\n\t\t\t\t\t<div id=\"elementor-tab-content-2213\" class=\"elementor-tab-content elementor-clearfix\" data-tab=\"3\" role=\"region\" aria-labelledby=\"elementor-tab-title-2213\"><section class=\"elementor-section elementor-top-section elementor-element elementor-element-2c616ed elementor-section-boxed elementor-section-height-default elementor-section-height-default\" data-id=\"2c616ed\"><div class=\"elementor-container elementor-column-gap-default\"><div class=\"elementor-row\"><div class=\"elementor-column elementor-col-100 elementor-top-column elementor-element elementor-element-331b0f7\" data-id=\"331b0f7\"><div class=\"elementor-column-wrap elementor-element-populated\"><div class=\"elementor-widget-wrap\"><div class=\"elementor-element elementor-element-b032d95 elementor-widget elementor-widget-text-editor\" data-id=\"b032d95\"><div class=\"elementor-widget-container\"><div class=\"elementor-text-editor elementor-clearfix\"><p>Las relaciones baremadas de las solicitudes de admisi\u00f3n presentadas en el centro estar\u00e1n a disposici\u00f3n de las personas interesadas desde el 18 de abril hasta el d\u00eda 3 de mayo en el tabl\u00f3n de anuncios del centro, fecha en que finaliza el per\u00edodo para el tr\u00e1mite de audiencia.<\/p><p>Tambi\u00e9n es posible realizar una consulta individualizada del detalle de la baremaci\u00f3n que se ha realizado a la solicitud presentada a trav\u00e9s de la Secretar\u00eda Virtual en <a href=\"https:\/\/www.juntadeandalucia.es\/educacion\/secretariavirtual\/accesoConsultas\/1059\/\" target=\"_blank\" rel=\"noopener\">este enlace<\/a>.<\/p><\/div><\/div><\/div><\/div><\/div><\/div><\/div><\/div><\/section><\/div>\n\t\t\t\t<\/div>\n\t\t\t\t\t\t\t<div class=\"elementor-accordion-item\">\n\t\t\t\t\t<div id=\"elementor-tab-title-2214\" class=\"elementor-tab-title\" data-tab=\"4\" role=\"button\" aria-controls=\"elementor-tab-content-2214\" aria-expanded=\"false\">\n\t\t\t\t\t\t\t\t\t\t\t\t\t<span class=\"elementor-accordion-icon elementor-accordion-icon-left\" aria-hidden=\"true\">\n\t\t\t\t\t\t\t\t\t\t\t\t\t\t\t<span class=\"elementor-accordion-icon-closed\"><i class=\"fas fa-plus\"><\/i><\/span>\n\t\t\t\t\t\t\t\t<span class=\"elementor-accordion-icon-opened\"><i class=\"fas fa-minus\"><\/i><\/span>\n\t\t\t\t\t\t\t\t\t\t\t\t\t\t<\/span>\n\t\t\t\t\t\t\t\t\t\t\t\t<a class=\"elementor-accordion-title\" tabindex=\"0\">Tr\u00e1mite de audiencia y formulaci\u00f3n de alegaciones<\/a>\n\t\t\t\t\t<\/div>\n\t\t\t\t\t<div id=\"elementor-tab-content-2214\" class=\"elementor-tab-content elementor-clearfix\" data-tab=\"4\" role=\"region\" aria-labelledby=\"elementor-tab-title-2214\"><section data-id=\"d19d009\"><div><div><div data-id=\"3fd028f\"><div><div><div data-id=\"1deaa72\"><div><div><p>Desde el 19 de abril hasta el 3 de mayo se\u00a0 podr\u00e1n formular alegaciones a la baremaci\u00f3n ante el director del centro.<\/p><p>Las alegaciones se pueden realizar a trav\u00e9s:<\/p><ul><li>De la secretar\u00eda virtual mediante <a href=\"https:\/\/www.juntadeandalucia.es\/educacion\/secretariavirtual\/solicitudes\/\" target=\"_blank\" rel=\"noopener\">este enlace<\/a>.<\/li><li>De modo presencial en la ventanilla de la secretar\u00eda del centro en horario de atenci\u00f3n al p\u00fablico.<\/li><\/ul><p>En caso necesario,\u00a0 las personas interesadas tendr\u00e1n acceso, previa petici\u00f3n escrita, al expediente que, en todo caso, incluir\u00e1 las puntuaciones en cada uno de los apartados del baremo de todos los alumnos o alumnas y la documentaci\u00f3n en las que se sustentan, excepto cualquier documento relacionado con minusval\u00eda, orden de alejamiento, adopci\u00f3n, renta familiar, etc. En estos casos s\u00f3lo se informar\u00e1 de los puntos correspondientes a estos apartados.<\/p><\/div><\/div><\/div><\/div><\/div><\/div><\/div><\/div><\/section><\/div>\n\t\t\t\t<\/div>\n\t\t\t\t\t\t\t<div class=\"elementor-accordion-item\">\n\t\t\t\t\t<div id=\"elementor-tab-title-2215\" class=\"elementor-tab-title\" data-tab=\"5\" role=\"button\" aria-controls=\"elementor-tab-content-2215\" aria-expanded=\"false\">\n\t\t\t\t\t\t\t\t\t\t\t\t\t<span class=\"elementor-accordion-icon elementor-accordion-icon-left\" aria-hidden=\"true\">\n\t\t\t\t\t\t\t\t\t\t\t\t\t\t\t<span class=\"elementor-accordion-icon-closed\"><i class=\"fas fa-plus\"><\/i><\/span>\n\t\t\t\t\t\t\t\t<span class=\"elementor-accordion-icon-opened\"><i class=\"fas fa-minus\"><\/i><\/span>\n\t\t\t\t\t\t\t\t\t\t\t\t\t\t<\/span>\n\t\t\t\t\t\t\t\t\t\t\t\t<a class=\"elementor-accordion-title\" tabindex=\"0\">Resultado del sorteo para dirimir empates<\/a>\n\t\t\t\t\t<\/div>\n\t\t\t\t\t<div id=\"elementor-tab-content-2215\" class=\"elementor-tab-content elementor-clearfix\" data-tab=\"5\" role=\"region\" aria-labelledby=\"elementor-tab-title-2215\"><p>La Consejer\u00eda de Educaci\u00f3n y Deporte realizar\u00e1 un sorteo para dirimir empates en el proceso de admisi\u00f3n el d\u00eda 15 de mayo. El resultado de este sorteo ser\u00e1 publicado en el tabl\u00f3n de anuncios del centro ese mismo d\u00eda.<\/p><\/div>\n\t\t\t\t<\/div>\n\t\t\t\t\t\t\t<div class=\"elementor-accordion-item\">\n\t\t\t\t\t<div id=\"elementor-tab-title-2216\" class=\"elementor-tab-title\" data-tab=\"6\" role=\"button\" aria-controls=\"elementor-tab-content-2216\" aria-expanded=\"false\">\n\t\t\t\t\t\t\t\t\t\t\t\t\t<span class=\"elementor-accordion-icon elementor-accordion-icon-left\" aria-hidden=\"true\">\n\t\t\t\t\t\t\t\t\t\t\t\t\t\t\t<span class=\"elementor-accordion-icon-closed\"><i class=\"fas fa-plus\"><\/i><\/span>\n\t\t\t\t\t\t\t\t<span class=\"elementor-accordion-icon-opened\"><i class=\"fas fa-minus\"><\/i><\/span>\n\t\t\t\t\t\t\t\t\t\t\t\t\t\t<\/span>\n\t\t\t\t\t\t\t\t\t\t\t\t<a class=\"elementor-accordion-title\" tabindex=\"0\">Resoluci\u00f3n del procedimiento de admisi\u00f3n<\/a>\n\t\t\t\t\t<\/div>\n\t\t\t\t\t<div id=\"elementor-tab-content-2216\" class=\"elementor-tab-content elementor-clearfix\" data-tab=\"6\" role=\"region\" aria-labelledby=\"elementor-tab-title-2216\"><p>El d\u00eda 16 de mayo se publicar\u00e1 en el tabl\u00f3n de anuncios del centro la resoluci\u00f3n del procedimiento de admisi\u00f3n del alumnado .<\/p><\/div>\n\t\t\t\t<\/div>\n\t\t\t\t\t\t\t<div class=\"elementor-accordion-item\">\n\t\t\t\t\t<div id=\"elementor-tab-title-2217\" class=\"elementor-tab-title\" data-tab=\"7\" role=\"button\" aria-controls=\"elementor-tab-content-2217\" aria-expanded=\"false\">\n\t\t\t\t\t\t\t\t\t\t\t\t\t<span class=\"elementor-accordion-icon elementor-accordion-icon-left\" aria-hidden=\"true\">\n\t\t\t\t\t\t\t\t\t\t\t\t\t\t\t<span class=\"elementor-accordion-icon-closed\"><i class=\"fas fa-plus\"><\/i><\/span>\n\t\t\t\t\t\t\t\t<span class=\"elementor-accordion-icon-opened\"><i class=\"fas fa-minus\"><\/i><\/span>\n\t\t\t\t\t\t\t\t\t\t\t\t\t\t<\/span>\n\t\t\t\t\t\t\t\t\t\t\t\t<a class=\"elementor-accordion-title\" tabindex=\"0\">Adjudicaci\u00f3n de plazas al alumnado no admitido<\/a>\n\t\t\t\t\t<\/div>\n\t\t\t\t\t<div id=\"elementor-tab-content-2217\" class=\"elementor-tab-content elementor-clearfix\" data-tab=\"7\" role=\"region\" aria-labelledby=\"elementor-tab-title-2217\"><p>El d\u00eda 26 de mayo ser\u00e1 publicada en el tabl\u00f3n de anuncios del centro la adjudicaci\u00f3n de plazas al alumnado no admitido.<\/p><\/div>\n\t\t\t\t<\/div>\n\t\t\t\t\t\t\t<div class=\"elementor-accordion-item\">\n\t\t\t\t\t<div id=\"elementor-tab-title-2218\" class=\"elementor-tab-title\" data-tab=\"8\" role=\"button\" aria-controls=\"elementor-tab-content-2218\" aria-expanded=\"false\">\n\t\t\t\t\t\t\t\t\t\t\t\t\t<span class=\"elementor-accordion-icon elementor-accordion-icon-left\" aria-hidden=\"true\">\n\t\t\t\t\t\t\t\t\t\t\t\t\t\t\t<span class=\"elementor-accordion-icon-closed\"><i class=\"fas fa-plus\"><\/i><\/span>\n\t\t\t\t\t\t\t\t<span class=\"elementor-accordion-icon-opened\"><i class=\"fas fa-minus\"><\/i><\/span>\n\t\t\t\t\t\t\t\t\t\t\t\t\t\t<\/span>\n\t\t\t\t\t\t\t\t\t\t\t\t<a class=\"elementor-accordion-title\" tabindex=\"0\">Recurso de alzada<\/a>\n\t\t\t\t\t<\/div>\n\t\t\t\t\t<div id=\"elementor-tab-content-2218\" class=\"elementor-tab-content elementor-clearfix\" data-tab=\"8\" role=\"region\" aria-labelledby=\"elementor-tab-title-2218\"><p>A partir del d\u00eda 27 de mayo se abre el plazo de un mes para presentar recurso de alzada contra la resoluci\u00f3n de admisi\u00f3n por las presonas interesadas<\/p><\/div>\n\t\t\t\t<\/div>\n\t\t\t\t\t\t\t<div class=\"elementor-accordion-item\">\n\t\t\t\t\t<div id=\"elementor-tab-title-2219\" class=\"elementor-tab-title\" data-tab=\"9\" role=\"button\" aria-controls=\"elementor-tab-content-2219\" aria-expanded=\"false\">\n\t\t\t\t\t\t\t\t\t\t\t\t\t<span class=\"elementor-accordion-icon elementor-accordion-icon-left\" aria-hidden=\"true\">\n\t\t\t\t\t\t\t\t\t\t\t\t\t\t\t<span class=\"elementor-accordion-icon-closed\"><i class=\"fas fa-plus\"><\/i><\/span>\n\t\t\t\t\t\t\t\t<span class=\"elementor-accordion-icon-opened\"><i class=\"fas fa-minus\"><\/i><\/span>\n\t\t\t\t\t\t\t\t\t\t\t\t\t\t<\/span>\n\t\t\t\t\t\t\t\t\t\t\t\t<a class=\"elementor-accordion-title\" tabindex=\"0\">Matriculaci\u00f3n del alumnado<\/a>\n\t\t\t\t\t<\/div>\n\t\t\t\t\t<div id=\"elementor-tab-content-2219\" class=\"elementor-tab-content elementor-clearfix\" data-tab=\"9\" role=\"region\" aria-labelledby=\"elementor-tab-title-2219\"><p>El alumnado que ha obtenido plaza en el centro deber\u00e1 realizar la matr\u00edcula entre el 1 julio y el 10 de julio.<\/p><\/div>\n\t\t\t\t<\/div>\n\t\t\t\t\t\t\t<div class=\"elementor-accordion-item\">\n\t\t\t\t\t<div id=\"elementor-tab-title-22110\" class=\"elementor-tab-title\" data-tab=\"10\" role=\"button\" aria-controls=\"elementor-tab-content-22110\" aria-expanded=\"false\">\n\t\t\t\t\t\t\t\t\t\t\t\t\t<span class=\"elementor-accordion-icon elementor-accordion-icon-left\" aria-hidden=\"true\">\n\t\t\t\t\t\t\t\t\t\t\t\t\t\t\t<span class=\"elementor-accordion-icon-closed\"><i class=\"fas fa-plus\"><\/i><\/span>\n\t\t\t\t\t\t\t\t<span class=\"elementor-accordion-icon-opened\"><i class=\"fas fa-minus\"><\/i><\/span>\n\t\t\t\t\t\t\t\t\t\t\t\t\t\t<\/span>\n\t\t\t\t\t\t\t\t\t\t\t\t<a class=\"elementor-accordion-title\" tabindex=\"0\">Admisi\u00f3n en periodo extraordinario<\/a>\n\t\t\t\t\t<\/div>\n\t\t\t\t\t<div id=\"elementor-tab-content-22110\" class=\"elementor-tab-content elementor-clearfix\" data-tab=\"10\" role=\"region\" aria-labelledby=\"elementor-tab-title-22110\"><p>El periodo ordinario para solicitar plaza en el centro es del 1 de marzo al 31 de marzo de cada a\u00f1o. Fuera de este periodo se puede solicitar plaza escolar en el centro mediante presentaci\u00f3n en la secretar\u00eda de un <a href=\"https:\/\/www.juntadeandalucia.es\/educacion\/portales\/documents\/100629\/669352\/9_Anexo%20IX_002541_4.pdf\/fdf4344b-6c9e-be16-e927-4e63760f0992?version=1.0\" target=\"_blank\" rel=\"noopener\"><em>anexo IX<\/em>,<\/a> si se cumple alguno de los siguientes requisitos:<\/p><ul style=\"list-style-type: circle\"><li>Cambio de domicilio que la familia.<\/li><li>Discapacidad sobrevenida.<\/li><li>Violencia de g\u00e9nero.<\/li><li>Acoso escolar.<\/li><li>Enfermedad grave.<\/li><\/ul><\/div>\n\t\t\t\t<\/div>\n\t\t\t\t\t\t\t\t<\/div>\n\t\t\t\t\t\t<\/div>\n\t\t\t\t<\/div>\n\t\t\t\t\t<\/div>\n\t\t<\/div>\n\t\t\t\t\t<\/div>\n\t\t<\/section>\n\t\t\t\t<\/div>\n\t\t","protected":false},"excerpt":{"rendered":"<p>Admisi\u00f3n de alumnado Normativa de aplicaci\u00f3n Adem\u00e1s de la informaci\u00f3n expuesta en la p\u00e1gina web de la Consejer\u00eda de Desarrollo Educativo y F.P. y en la secretar\u00eda de este centro, en horario de 8:30 a 14:30, est\u00e1 a disposici\u00f3n del p\u00fablico la siguiente documentaci\u00f3n: &#8211; Decreto 21\/2020 de 17 de febrero por el que se [&hellip;]<\/p>\n","protected":false},"author":10499,"featured_media":0,"parent":4288,"menu_order":0,"comment_status":"closed","ping_status":"closed","template":"","meta":{"ngg_post_thumbnail":0,"footnotes":"","_mc_calendar":[]},"aioseo_notices":[],"_links":{"self":[{"href":"https:\/\/blogsaverroes.juntadeandalucia.es\/iesalvarnunez\/wp-json\/wp\/v2\/pages\/4247"}],"collection":[{"href":"https:\/\/blogsaverroes.juntadeandalucia.es\/iesalvarnunez\/wp-json\/wp\/v2\/pages"}],"about":[{"href":"https:\/\/blogsaverroes.juntadeandalucia.es\/iesalvarnunez\/wp-json\/wp\/v2\/types\/page"}],"author":[{"embeddable":true,"href":"https:\/\/blogsaverroes.juntadeandalucia.es\/iesalvarnunez\/wp-json\/wp\/v2\/users\/10499"}],"replies":[{"embeddable":true,"href":"https:\/\/blogsaverroes.juntadeandalucia.es\/iesalvarnunez\/wp-json\/wp\/v2\/comments?post=4247"}],"version-history":[{"count":80,"href":"https:\/\/blogsaverroes.juntadeandalucia.es\/iesalvarnunez\/wp-json\/wp\/v2\/pages\/4247\/revisions"}],"predecessor-version":[{"id":5967,"href":"https:\/\/blogsaverroes.juntadeandalucia.es\/iesalvarnunez\/wp-json\/wp\/v2\/pages\/4247\/revisions\/5967"}],"up":[{"embeddable":true,"href":"https:\/\/blogsaverroes.juntadeandalucia.es\/iesalvarnunez\/wp-json\/wp\/v2\/pages\/4288"}],"wp:attachment":[{"href":"https:\/\/blogsaverroes.juntadeandalucia.es\/iesalvarnunez\/wp-json\/wp\/v2\/media?parent=4247"}],"curies":[{"name":"wp","href":"https:\/\/api.w.org\/{rel}","templated":true}]}}