{"id":4288,"date":"2021-03-30T12:50:20","date_gmt":"2021-03-30T10:50:20","guid":{"rendered":"https:\/\/blogsaverroes.juntadeandalucia.es\/iesalvarnunez\/?page_id=4288"},"modified":"2021-03-30T12:55:16","modified_gmt":"2021-03-30T10:55:16","slug":"tramites-administrativos","status":"publish","type":"page","link":"https:\/\/blogsaverroes.juntadeandalucia.es\/iesalvarnunez\/tramites-administrativos\/","title":{"rendered":"Tr\u00e1mites administrativos"},"content":{"rendered":"\t\t<div data-elementor-type=\"wp-page\" data-elementor-id=\"4288\" class=\"elementor elementor-4288\">\n\t\t\t\t\t\t<section class=\"elementor-section elementor-top-section elementor-element elementor-element-1507d21 elementor-section-boxed elementor-section-height-default elementor-section-height-default\" data-id=\"1507d21\" data-element_type=\"section\">\n\t\t\t\t\t\t<div class=\"elementor-container elementor-column-gap-default\">\n\t\t\t\t\t<div class=\"elementor-column elementor-col-100 elementor-top-column elementor-element elementor-element-d4161be\" data-id=\"d4161be\" data-element_type=\"column\">\n\t\t\t<div class=\"elementor-widget-wrap elementor-element-populated\">\n\t\t\t\t\t\t<div class=\"elementor-element elementor-element-cbbbab1 elementor-widget elementor-widget-text-editor\" data-id=\"cbbbab1\" data-element_type=\"widget\" data-widget_type=\"text-editor.default\">\n\t\t\t\t<div class=\"elementor-widget-container\">\n\t\t\t\t\t\t\t\t\t<p>En la Secretar\u00eda del centro podr\u00e1 recibir toda la informaci\u00f3n que necesite para realizar cualquier tr\u00e1mite administrativo relacionado con la actividad acad\u00e9mica del alumnado.<\/p><p>Algunos de estos tr\u00e1mites son:<\/p><ul><li style=\"list-style-type: none\"><ul style=\"list-style-type: circle\"><li>Admisi\u00f3n y matricula del alumnado.<\/li><li>Solicitud de certificados y t\u00edtulos.<\/li><\/ul><\/li><\/ul><p>\u00a0<\/p>\t\t\t\t\t\t\t\t<\/div>\n\t\t\t\t<\/div>\n\t\t\t\t\t<\/div>\n\t\t<\/div>\n\t\t\t\t\t<\/div>\n\t\t<\/section>\n\t\t\t\t<\/div>\n\t\t","protected":false},"excerpt":{"rendered":"<p>En la Secretar\u00eda del centro podr\u00e1 recibir toda la informaci\u00f3n que necesite para realizar cualquier tr\u00e1mite administrativo relacionado con la actividad acad\u00e9mica del alumnado. Algunos de estos tr\u00e1mites son: Admisi\u00f3n y matricula del alumnado. Solicitud de certificados y t\u00edtulos. \u00a0<\/p>\n","protected":false},"author":10499,"featured_media":0,"parent":0,"menu_order":0,"comment_status":"closed","ping_status":"closed","template":"","meta":{"ngg_post_thumbnail":0,"footnotes":"","_mc_calendar":[]},"aioseo_notices":[],"_links":{"self":[{"href":"https:\/\/blogsaverroes.juntadeandalucia.es\/iesalvarnunez\/wp-json\/wp\/v2\/pages\/4288"}],"collection":[{"href":"https:\/\/blogsaverroes.juntadeandalucia.es\/iesalvarnunez\/wp-json\/wp\/v2\/pages"}],"about":[{"href":"https:\/\/blogsaverroes.juntadeandalucia.es\/iesalvarnunez\/wp-json\/wp\/v2\/types\/page"}],"author":[{"embeddable":true,"href":"https:\/\/blogsaverroes.juntadeandalucia.es\/iesalvarnunez\/wp-json\/wp\/v2\/users\/10499"}],"replies":[{"embeddable":true,"href":"https:\/\/blogsaverroes.juntadeandalucia.es\/iesalvarnunez\/wp-json\/wp\/v2\/comments?post=4288"}],"version-history":[{"count":2,"href":"https:\/\/blogsaverroes.juntadeandalucia.es\/iesalvarnunez\/wp-json\/wp\/v2\/pages\/4288\/revisions"}],"predecessor-version":[{"id":4290,"href":"https:\/\/blogsaverroes.juntadeandalucia.es\/iesalvarnunez\/wp-json\/wp\/v2\/pages\/4288\/revisions\/4290"}],"wp:attachment":[{"href":"https:\/\/blogsaverroes.juntadeandalucia.es\/iesalvarnunez\/wp-json\/wp\/v2\/media?parent=4288"}],"curies":[{"name":"wp","href":"https:\/\/api.w.org\/{rel}","templated":true}]}}