{"id":4574,"date":"2021-06-14T18:42:39","date_gmt":"2021-06-14T16:42:39","guid":{"rendered":"https:\/\/blogsaverroes.juntadeandalucia.es\/iesalvarnunez\/?page_id=4574"},"modified":"2024-07-08T06:22:40","modified_gmt":"2024-07-08T04:22:40","slug":"admision-ciclos-formativos","status":"publish","type":"page","link":"https:\/\/blogsaverroes.juntadeandalucia.es\/iesalvarnunez\/tramites-administrativos\/admision-ciclos-formativos\/","title":{"rendered":"Admisi\u00f3n Ciclos Formativos"},"content":{"rendered":"\t\t<div data-elementor-type=\"wp-page\" data-elementor-id=\"4574\" class=\"elementor elementor-4574\">\n\t\t\t\t\t\t<section class=\"elementor-section elementor-top-section elementor-element elementor-element-504c958 elementor-section-boxed elementor-section-height-default elementor-section-height-default\" data-id=\"504c958\" data-element_type=\"section\">\n\t\t\t\t\t\t<div class=\"elementor-container elementor-column-gap-default\">\n\t\t\t\t\t<div class=\"elementor-column elementor-col-100 elementor-top-column elementor-element elementor-element-9b5dcba\" data-id=\"9b5dcba\" data-element_type=\"column\">\n\t\t\t<div class=\"elementor-widget-wrap elementor-element-populated\">\n\t\t\t\t\t\t<div class=\"elementor-element elementor-element-3f6b7fe elementor-widget elementor-widget-heading\" data-id=\"3f6b7fe\" data-element_type=\"widget\" data-widget_type=\"heading.default\">\n\t\t\t\t<div class=\"elementor-widget-container\">\n\t\t\t\t\t<h5 class=\"elementor-heading-title elementor-size-default\">Admisi\u00f3n y matricula en los ciclos formativos de grado medio y grado superior<\/h5>\t\t\t\t<\/div>\n\t\t\t\t<\/div>\n\t\t\t\t\t<\/div>\n\t\t<\/div>\n\t\t\t\t\t<\/div>\n\t\t<\/section>\n\t\t\t\t<section class=\"elementor-section elementor-top-section elementor-element elementor-element-c429efe elementor-section-boxed elementor-section-height-default elementor-section-height-default\" data-id=\"c429efe\" data-element_type=\"section\">\n\t\t\t\t\t\t<div class=\"elementor-container elementor-column-gap-default\">\n\t\t\t\t\t<div class=\"elementor-column elementor-col-100 elementor-top-column elementor-element elementor-element-64ba48d\" data-id=\"64ba48d\" data-element_type=\"column\">\n\t\t\t<div class=\"elementor-widget-wrap elementor-element-populated\">\n\t\t\t\t\t\t<div class=\"elementor-element elementor-element-31703c7 elementor-widget elementor-widget-text-editor\" data-id=\"31703c7\" data-element_type=\"widget\" data-widget_type=\"text-editor.default\">\n\t\t\t\t<div class=\"elementor-widget-container\">\n\t\t\t\t\t\t\t\t\t<p>Desde el 15 al 30 de junio de cada curso se abre el plazo para la presentaci\u00f3n de solicitudes de admisi\u00f3n en los Ciclos Formativos de Grado B\u00e1sico, Grado Medio y Grado Superior de Formaci\u00f3n Profesional. La presentaci\u00f3n se solicitudes se realiza desde la <a href=\"https:\/\/www.juntadeandalucia.es\/educacion\/secretariavirtual\/\" target=\"_blank\" rel=\"noreferrer noopener\">Secretar\u00eda Virtual de los centros educativos<\/a>.<\/p><p>En el IES Alvar N\u00fa\u00f1ez puedes estudiar el CFGS <a href=\"https:\/\/www.juntadeandalucia.es\/educacion\/portals\/web\/formacion-profesional-andaluza\/fp-grado-superior\/detalle-titulo?idTitulo=7\" target=\"_blank\" rel=\"noopener\">Gesti\u00f3n de Alojamientos Tur\u00edsticos.<\/a><\/p><p>En este <a href=\"https:\/\/www.juntadeandalucia.es\/educacion\/portals\/web\/formacion-profesional-andaluza\/home\" target=\"_blank\" rel=\"noopener\">enlace<\/a> puede encontrar la oferta educativa de formaci\u00f3n profesional de Andaluc\u00eda.<\/p>\t\t\t\t\t\t\t\t<\/div>\n\t\t\t\t<\/div>\n\t\t\t\t\t<\/div>\n\t\t<\/div>\n\t\t\t\t\t<\/div>\n\t\t<\/section>\n\t\t\t\t<\/div>\n\t\t","protected":false},"excerpt":{"rendered":"<p>Admisi\u00f3n y matricula en los ciclos formativos de grado medio y grado superior Desde el 15 al 30 de junio de cada curso se abre el plazo para la presentaci\u00f3n de solicitudes de admisi\u00f3n en los Ciclos Formativos de Grado B\u00e1sico, Grado Medio y Grado Superior de Formaci\u00f3n Profesional. La presentaci\u00f3n se solicitudes se realiza [&hellip;]<\/p>\n","protected":false},"author":10499,"featured_media":0,"parent":4288,"menu_order":0,"comment_status":"closed","ping_status":"closed","template":"","meta":{"ngg_post_thumbnail":0,"footnotes":"","_mc_calendar":[]},"aioseo_notices":[],"_links":{"self":[{"href":"https:\/\/blogsaverroes.juntadeandalucia.es\/iesalvarnunez\/wp-json\/wp\/v2\/pages\/4574"}],"collection":[{"href":"https:\/\/blogsaverroes.juntadeandalucia.es\/iesalvarnunez\/wp-json\/wp\/v2\/pages"}],"about":[{"href":"https:\/\/blogsaverroes.juntadeandalucia.es\/iesalvarnunez\/wp-json\/wp\/v2\/types\/page"}],"author":[{"embeddable":true,"href":"https:\/\/blogsaverroes.juntadeandalucia.es\/iesalvarnunez\/wp-json\/wp\/v2\/users\/10499"}],"replies":[{"embeddable":true,"href":"https:\/\/blogsaverroes.juntadeandalucia.es\/iesalvarnunez\/wp-json\/wp\/v2\/comments?post=4574"}],"version-history":[{"count":43,"href":"https:\/\/blogsaverroes.juntadeandalucia.es\/iesalvarnunez\/wp-json\/wp\/v2\/pages\/4574\/revisions"}],"predecessor-version":[{"id":5859,"href":"https:\/\/blogsaverroes.juntadeandalucia.es\/iesalvarnunez\/wp-json\/wp\/v2\/pages\/4574\/revisions\/5859"}],"up":[{"embeddable":true,"href":"https:\/\/blogsaverroes.juntadeandalucia.es\/iesalvarnunez\/wp-json\/wp\/v2\/pages\/4288"}],"wp:attachment":[{"href":"https:\/\/blogsaverroes.juntadeandalucia.es\/iesalvarnunez\/wp-json\/wp\/v2\/media?parent=4574"}],"curies":[{"name":"wp","href":"https:\/\/api.w.org\/{rel}","templated":true}]}}