{"id":4601,"date":"2021-06-23T00:38:17","date_gmt":"2021-06-22T22:38:17","guid":{"rendered":"https:\/\/blogsaverroes.juntadeandalucia.es\/iesalvarnunez\/?page_id=4601"},"modified":"2024-07-08T06:50:13","modified_gmt":"2024-07-08T04:50:13","slug":"admision-en-pefpb","status":"publish","type":"page","link":"https:\/\/blogsaverroes.juntadeandalucia.es\/iesalvarnunez\/tramites-administrativos\/admision-en-pefpb\/","title":{"rendered":"Admisi\u00f3n en FPB &#8211; NEE"},"content":{"rendered":"\t\t<div data-elementor-type=\"wp-page\" data-elementor-id=\"4601\" class=\"elementor elementor-4601\">\n\t\t\t\t\t\t<section class=\"elementor-section elementor-top-section elementor-element elementor-element-ecb0954 elementor-section-boxed elementor-section-height-default elementor-section-height-default\" data-id=\"ecb0954\" data-element_type=\"section\">\n\t\t\t\t\t\t<div class=\"elementor-container elementor-column-gap-default\">\n\t\t\t\t\t<div class=\"elementor-column elementor-col-100 elementor-top-column elementor-element elementor-element-a9185b6\" data-id=\"a9185b6\" data-element_type=\"column\">\n\t\t\t<div class=\"elementor-widget-wrap elementor-element-populated\">\n\t\t\t\t\t\t<div class=\"elementor-element elementor-element-6219fd7 elementor-widget elementor-widget-text-editor\" data-id=\"6219fd7\" data-element_type=\"widget\" data-widget_type=\"text-editor.default\">\n\t\t\t\t<div class=\"elementor-widget-container\">\n\t\t\t\t\t\t\t\t\t<h6>La admisi\u00f3n y matriculaci\u00f3n del alumnado en&nbsp; Formaci\u00f3n Profesional B\u00e1sica para personas con necesidades educativas especiales<span id=\"D_OFERTAMATRIG\" class=\"texto-SNC \" data-tipodato=\"CADENA\" data-name=\"D_OFERTAMATRIG\"> G.D.C.F.G.B.E.E.E. Cocina y Restauraci\u00f3n .<\/span><\/h6>\n<div>\n<table style=\"border-collapse: collapse;width: 100%\">\n<tbody>\n<tr>\n<td style=\"width: 50%\">\n<p><strong><u>Fecha<\/u><\/strong><\/p>\n<\/td>\n<td style=\"width: 50%\">\n<p><strong><u>Actuaciones<\/u><\/strong><\/p>\n<\/td>\n<\/tr>\n<tr>\n<td style=\"width: 50%\">\n<p><strong>Del 23 al 30 de junio<\/strong><\/p>\n<\/td>\n<td style=\"width: 50%\">\n<p>Matriculaci\u00f3n del alumnado que contin\u00faa en el programa.<\/p>\n<\/td>\n<\/tr>\n<tr>\n<td style=\"width: 50%\">\n<p><strong>Del 23 al 30 de junio<\/strong><\/p>\n<\/td>\n<td style=\"width: 50%\">\n<p>Presentaci\u00f3n de solicitudes de admisi\u00f3n en el programa.<\/p>\n<\/td>\n<\/tr>\n<tr>\n<td style=\"width: 50%\">\n<p><strong>4 de julio<\/strong><\/p>\n<\/td>\n<td style=\"width: 50%\">\n<p>Publicaci\u00f3n de la relaci\u00f3n provisional de solicitantes.<\/p>\n<\/td>\n<\/tr>\n<tr>\n<td style=\"width: 50%\">\n<p><strong>Del 5 al 8 de julio<\/strong><\/p>\n<\/td>\n<td style=\"width: 50%\">\n<p>Plazo de alegaciones a la relaci\u00f3n provisional.<\/p>\n<\/td>\n<\/tr>\n<tr>\n<td style=\"width: 50%\">\n<p><strong>17 de julio<\/strong><\/p>\n<\/td>\n<td style=\"width: 50%\">\n<p>Publicaci\u00f3n de la relaci\u00f3n definitiva de solicitudes.<\/p>\n<\/td>\n<\/tr>\n<tr>\n<td style=\"width: 50%\">\n<p><strong>17 de julio<\/strong><\/p>\n<\/td>\n<td style=\"width: 50%\">\n<p>Adjudicaci\u00f3n de plazas.<\/p>\n<\/td>\n<\/tr>\n<tr>\n<td style=\"width: 50%\">\n<p><strong>Del 18 al 23 de julio<\/strong><\/p>\n<\/td>\n<td style=\"width: 50%\">\n<p>Matriculaci\u00f3n del alumnado que ha obtenido plaza en el proceso.<\/p>\n<\/td>\n<\/tr>\n<\/tbody>\n<\/table>\n<\/div>\n<p>La solicitud de admisi\u00f3n se presentar\u00e1, preferentemente, a trav\u00e9s de la <a href=\"https:\/\/www.juntadeandalucia.es\/educacion\/secretariavirtual\/\" target=\"_blank\" rel=\"noopener\">Secretar\u00eda Virtual<\/a>.<\/p>\t\t\t\t\t\t\t\t<\/div>\n\t\t\t\t<\/div>\n\t\t\t\t\t<\/div>\n\t\t<\/div>\n\t\t\t\t\t<\/div>\n\t\t<\/section>\n\t\t\t\t<\/div>\n\t\t","protected":false},"excerpt":{"rendered":"<p>La admisi\u00f3n y matriculaci\u00f3n del alumnado en&nbsp; Formaci\u00f3n Profesional B\u00e1sica para personas con necesidades educativas especiales G.D.C.F.G.B.E.E.E. Cocina y Restauraci\u00f3n . Fecha Actuaciones Del 23 al 30 de junio Matriculaci\u00f3n del alumnado que contin\u00faa en el programa. Del 23 al 30 de junio Presentaci\u00f3n de solicitudes de admisi\u00f3n en el programa. 4 de julio Publicaci\u00f3n [&hellip;]<\/p>\n","protected":false},"author":10499,"featured_media":0,"parent":4288,"menu_order":0,"comment_status":"closed","ping_status":"closed","template":"","meta":{"ngg_post_thumbnail":0,"footnotes":"","_mc_calendar":[]},"aioseo_notices":[],"_links":{"self":[{"href":"https:\/\/blogsaverroes.juntadeandalucia.es\/iesalvarnunez\/wp-json\/wp\/v2\/pages\/4601"}],"collection":[{"href":"https:\/\/blogsaverroes.juntadeandalucia.es\/iesalvarnunez\/wp-json\/wp\/v2\/pages"}],"about":[{"href":"https:\/\/blogsaverroes.juntadeandalucia.es\/iesalvarnunez\/wp-json\/wp\/v2\/types\/page"}],"author":[{"embeddable":true,"href":"https:\/\/blogsaverroes.juntadeandalucia.es\/iesalvarnunez\/wp-json\/wp\/v2\/users\/10499"}],"replies":[{"embeddable":true,"href":"https:\/\/blogsaverroes.juntadeandalucia.es\/iesalvarnunez\/wp-json\/wp\/v2\/comments?post=4601"}],"version-history":[{"count":48,"href":"https:\/\/blogsaverroes.juntadeandalucia.es\/iesalvarnunez\/wp-json\/wp\/v2\/pages\/4601\/revisions"}],"predecessor-version":[{"id":5867,"href":"https:\/\/blogsaverroes.juntadeandalucia.es\/iesalvarnunez\/wp-json\/wp\/v2\/pages\/4601\/revisions\/5867"}],"up":[{"embeddable":true,"href":"https:\/\/blogsaverroes.juntadeandalucia.es\/iesalvarnunez\/wp-json\/wp\/v2\/pages\/4288"}],"wp:attachment":[{"href":"https:\/\/blogsaverroes.juntadeandalucia.es\/iesalvarnunez\/wp-json\/wp\/v2\/media?parent=4601"}],"curies":[{"name":"wp","href":"https:\/\/api.w.org\/{rel}","templated":true}]}}