{"id":4627,"date":"2021-06-23T02:10:36","date_gmt":"2021-06-23T00:10:36","guid":{"rendered":"https:\/\/blogsaverroes.juntadeandalucia.es\/iesalvarnunez\/?page_id=4627"},"modified":"2024-07-08T07:16:55","modified_gmt":"2024-07-08T05:16:55","slug":"matriculacion","status":"publish","type":"page","link":"https:\/\/blogsaverroes.juntadeandalucia.es\/iesalvarnunez\/tramites-administrativos\/matriculacion\/","title":{"rendered":"Matriculaci\u00f3n"},"content":{"rendered":"\t\t<div data-elementor-type=\"wp-page\" data-elementor-id=\"4627\" class=\"elementor elementor-4627\">\n\t\t\t\t\t\t<section class=\"elementor-section elementor-top-section elementor-element elementor-element-42b80ba elementor-section-boxed elementor-section-height-default elementor-section-height-default\" data-id=\"42b80ba\" data-element_type=\"section\">\n\t\t\t\t\t\t<div class=\"elementor-container elementor-column-gap-default\">\n\t\t\t\t\t<div class=\"elementor-column elementor-col-100 elementor-top-column elementor-element elementor-element-3689f6e\" data-id=\"3689f6e\" data-element_type=\"column\">\n\t\t\t<div class=\"elementor-widget-wrap elementor-element-populated\">\n\t\t\t\t\t\t<div class=\"elementor-element elementor-element-bf3703a elementor-widget elementor-widget-text-editor\" data-id=\"bf3703a\" data-element_type=\"widget\" data-widget_type=\"text-editor.default\">\n\t\t\t\t<div class=\"elementor-widget-container\">\n\t\t\t\t\t\t\t\t\t<p>El mes de julio incluye los <strong>periodos ordinarios de matriculaci\u00f3n<\/strong> en las ense\u00f1anzas ofertadas por el centro. Esta matriculaci\u00f3n deber\u00e1 realizarse a trav\u00e9s de la Secretar\u00eda Virtual.<\/p><table style=\"height: 168px;width: 100%;border-collapse: collapse;border-style: solid;border-color: #000000\"><tbody><tr style=\"height: 48px\"><td style=\"width: 54.8253%;height: 48px\"><strong>Ense\u00f1anzas<\/strong><\/td><td style=\"width: 45.1747%;height: 48px\"><strong>Per\u00edodo ordinario de matriculaci\u00f3n<\/strong><\/td><\/tr><tr style=\"height: 24px\"><td style=\"width: 54.8253%;height: 24px\">ESO y Bachillerato.<\/td><td style=\"width: 45.1747%;height: 24px\">Desde el 1 al 10 de julio.<\/td><\/tr><tr style=\"height: 48px\"><td style=\"width: 54.8253%;height: 48px\">Ciclo Formativo Grado Superior Gesti\u00f3n de Alojamientos Tur\u00edsticos..<\/td><td style=\"width: 45.1747%;height: 48px\"><p>Alumnado que contin\u00faa estudios en el centro: desde el 25 al 30 de junio.<\/p><p>Alumnado de nueva incorporaci\u00f3n: desde el 11 al 16 de julio para matr\u00edcula en primera adjudicaci\u00f3n o reserva y del 19 al 23 de julio para matr\u00edcula en segunda adjudicaci\u00f3n (<a href=\"https:\/\/www.juntadeandalucia.es\/educacion\/portals\/web\/formacion-profesional-andaluza\/quiero-formarme\/escolarizacion-2022\/calendario-plazos-escolarizacion-2022\" target=\"_blank\" rel=\"noopener\"><span style=\"color: #0000ff\">ver m\u00e1s<\/span><\/a>).<\/p><p>Acceso al <a href=\"https:\/\/www.juntadeandalucia.es\/educacion\/secretariavirtual\/accesoTramite\/497\/\" target=\"_blank\" rel=\"noopener\">sobre de matricula.<\/a><\/p><\/td><\/tr><tr style=\"height: 48px\"><td style=\"width: 54.8253%;height: 48px\">Ciclo Formativo\u00a0 de Hosteler\u00eda y Cocina (FPB-NEE).<\/td><td style=\"width: 45.1747%;height: 48px\"><p>Alumnado que contin\u00faa estudios:<br \/>Desde el 25\u00a0 al 30 de junio.<\/p><p>Nuevo alumnado: <br \/>Desde el 18 al 23\u00a0 de julio<\/p><\/td><\/tr><\/tbody><\/table><p>El alumnado de ESO puede solicitar las plazas que surjan con ocasi\u00f3n de vacante los d\u00edas 22 y 23 de julio.<\/p><p>El mes de septiembre incluye el <strong>plazo extraordinario de matriculaci\u00f3n<\/strong> para el alumnado que realiz\u00f3 reserva pero no realiz\u00f3 la matr\u00edcula en el mes de julio (solo Bachillerato). Esta matriculaci\u00f3n deber\u00e1 realizarse de forma presencial en la ventanilla de la secretar\u00eda del centro.<\/p><table style=\"width: 100%;border-collapse: collapse;border-style: solid;border-color: #000000\" cellspacing=\"5\" cellpadding=\"2\"><tbody><tr><td style=\"width: 50%\" width=\"50%\"><p><strong>Ense\u00f1anzas<\/strong><\/p><\/td><td style=\"width: 50%\" width=\"50%\"><p><strong>Periodo extraordinario de matriculaci\u00f3n<\/strong><\/p><\/td><\/tr><tr><td style=\"width: 50%\" width=\"50%\">Bachillerato<\/td><td style=\"width: 50%\" width=\"50%\"><p>Alumnado que tiene plaza en el centro: desde el 5 hasta el 9 de septiembre.<\/p><p>Alumnado que no tiene plaza en el centro puede solicitarla con ocasi\u00f3n de vacante los d\u00edas 12 y 13\u00a0 de septiembre.<\/p><\/td><\/tr><tr><td style=\"width: 100%\" colspan=\"2\" width=\"50%\"><p>&#8211; Las vacantes se publicar\u00e1n el d\u00eda 12 de septiembre en el tabl\u00f3n de anuncios del centro.<\/p><p>&#8211; El alumnado que result\u00f3 no admitido en el \u00faltimo proceso de admisi\u00f3n tiene prioridad para la adjudicaci\u00f3n de las plazas seg\u00fan el orden establecido en las listas. Una vez agotadas las listas, se adjudicar\u00e1n las plazas seg\u00fan el orden de presentaci\u00f3n de las solicitudes.<\/p><\/td><\/tr><\/tbody><\/table>\t\t\t\t\t\t\t\t<\/div>\n\t\t\t\t<\/div>\n\t\t\t\t\t<\/div>\n\t\t<\/div>\n\t\t\t\t\t<\/div>\n\t\t<\/section>\n\t\t\t\t<section class=\"elementor-section elementor-top-section elementor-element elementor-element-9744e6b elementor-section-boxed elementor-section-height-default elementor-section-height-default\" data-id=\"9744e6b\" data-element_type=\"section\">\n\t\t\t\t\t\t<div class=\"elementor-container elementor-column-gap-default\">\n\t\t\t\t\t<div class=\"elementor-column elementor-col-100 elementor-top-column elementor-element elementor-element-0ea257b\" data-id=\"0ea257b\" data-element_type=\"column\">\n\t\t\t<div class=\"elementor-widget-wrap elementor-element-populated\">\n\t\t\t\t\t\t<div class=\"elementor-element elementor-element-50280ef elementor-widget elementor-widget-accordion\" data-id=\"50280ef\" data-element_type=\"widget\" data-widget_type=\"accordion.default\">\n\t\t\t\t<div class=\"elementor-widget-container\">\n\t\t\t\t\t\t\t<div class=\"elementor-accordion\">\n\t\t\t\t\t\t\t<div class=\"elementor-accordion-item\">\n\t\t\t\t\t<div id=\"elementor-tab-title-8401\" class=\"elementor-tab-title\" data-tab=\"1\" role=\"button\" aria-controls=\"elementor-tab-content-8401\" aria-expanded=\"false\">\n\t\t\t\t\t\t\t\t\t\t\t\t\t<span class=\"elementor-accordion-icon elementor-accordion-icon-left\" aria-hidden=\"true\">\n\t\t\t\t\t\t\t\t\t\t\t\t\t\t\t<span class=\"elementor-accordion-icon-closed\"><i class=\"fas fa-plus\"><\/i><\/span>\n\t\t\t\t\t\t\t\t<span class=\"elementor-accordion-icon-opened\"><i class=\"fas fa-minus\"><\/i><\/span>\n\t\t\t\t\t\t\t\t\t\t\t\t\t\t<\/span>\n\t\t\t\t\t\t\t\t\t\t\t\t<a class=\"elementor-accordion-title\" tabindex=\"0\">Matriculaci\u00f3n en ESO y Bachillerato: desde el 1 de julio hasta el 10 de julio.<\/a>\n\t\t\t\t\t<\/div>\n\t\t\t\t\t<div id=\"elementor-tab-content-8401\" class=\"elementor-tab-content elementor-clearfix\" data-tab=\"1\" role=\"region\" aria-labelledby=\"elementor-tab-title-8401\"><p>La matriculaci\u00f3n del alumnado de ESO y de Bachillerato se realizar\u00e1 a trav\u00e9s de la <a href=\"https:\/\/www.juntadeandalucia.es\/educacion\/secretariavirtual\/\" target=\"_blank\" rel=\"noopener\"><span style=\"color: #0000ff\">Secretar\u00eda Virtual<\/span><\/a>, quedando formalizada la matr\u00edcula tras la firma y&nbsp; presentaci\u00f3n telem\u00e1tica de la solicitud (<a href=\"https:\/\/blogsaverroes.juntadeandalucia.es\/iesalvarnunez\/files\/2023\/07\/guia_ayuda_matricula.pdf\" target=\"_blank\" rel=\"noopener\"><span style=\"color: #0000ff\">ver gu\u00eda de ayuda<\/span><\/a>).<\/p>\n<ul>\n<li style=\"list-style-type: none\">\n<ul style=\"list-style-type: circle\">\n<li>Acceso a<span style=\"color: #0000ff\"> <a style=\"color: #0000ff\" href=\"https:\/\/www.juntadeandalucia.es\/educacion\/secretariavirtual\/accesoTramite\/413\/\" target=\"_blank\" rel=\"noopener\">SOBRE DE MATRICULA ESO<\/a><\/span><\/li>\n<li>Acceso a <span style=\"color: #0000ff\"><a style=\"color: #0000ff\" href=\"https:\/\/www.juntadeandalucia.es\/educacion\/secretariavirtual\/accesoTramite\/486\/\" target=\"_blank\" rel=\"noopener\">SOBRE DE MATRICULA BACHILLERATO<\/a><\/span><\/li>\n<\/ul>\n<\/li>\n<\/ul>\n<p>Antes de comenzar a realizar el tr\u00e1mite de matr\u00edcula es conveniente:<\/p>\n<ul>\n<li style=\"list-style-type: none\">\n<ul style=\"list-style-type: circle\">\n<li>Tener&nbsp; la <span style=\"color: #0000ff\">oferta educativa del centro para ESO y Bachillerato<\/span> (itinerarios), al objeto de seleccionar las opciones viables entre todas las posibles.<\/li>\n<li>Preparar los archivos que proceda adjuntar a la solicitud de matriculaci\u00f3n.\n<ul>\n<li><span style=\"text-decoration: underline\">Para todo el alumnado<\/span><br><ul style=\"list-style-type: circle\">\n<li>\n<p><strong>Fotograf\u00eda del alumno o alumna<\/strong>. En el apartado \u201cimagen para la ficha del alumno o alumna\u201d se deber\u00e1 adjuntar una fotograf\u00eda del alumno o alumna tipo carnet (formato de imagen jpeg, jpg o png). Tambi\u00e9n es posible actualizar la fotograf\u00eda del alumnado en la aplicaci\u00f3n iPasen <a href=\"https:\/\/blogsaverroes.juntadeandalucia.es\/iesalvarnunez\/files\/2023\/10\/guia_facil_actualizar_foto.pdf\" target=\"_blank\" rel=\"noopener\">(ver gu\u00eda f\u00e1ci<\/a>l).<\/p>\n<\/li>\n<li><strong>Copia del DNI del alumno o alumna,<\/strong> si lo posee, <strong>y de los tutores legales<\/strong> realizada por ambas caras en la misma p\u00e1gina, que se adjuntar\u00e1 en el apartado \u201cacreditaci\u00f3n de las circunstancias declaradas\u201d .<\/li>\n<li><strong>Copia del libro de familia, <\/strong>en caso de alumnado menor de edad.<\/li>\n<\/ul>\n<\/li>\n<li>En los casos que proceda.&nbsp; <br><ul style=\"list-style-type: circle\">\n<li><strong>Copia de sentencia de separaci\u00f3n o divorcio y \u00faltimo convenio regulador<\/strong>, en caso de separaci\u00f3n o divorcio.<\/li>\n<li><strong>Certificado de promoci\u00f3n o historial acad\u00e9mico<\/strong>, si el alumno o alumna procede de un centro localizado fuera de Andaluc\u00eda o que no utiliza el sistema S\u00e9neca en su gesti\u00f3n acad\u00e9mica.<\/li>\n<\/ul>\n<\/li>\n<\/ul>\n<\/li>\n<\/ul>\n<\/li>\n<\/ul>\n<p>&nbsp;<strong>El pago del seguro escolar es obligatorio<\/strong>&nbsp; a partir de 3\u00ba de ESO (incluido), por lo que la aplicaci\u00f3n de la Secretaria Virtual ofrece una pasarela de pago durante el proceso de matriculaci\u00f3n mediante tarjeta bancaria. En caso de no realizarse el pago durante el proceso de matriculaci\u00f3n, por fallo en el sistema, se deber\u00e1 abonar una vez finalizado el tr\u00e1mite de matriculaci\u00f3n a trav\u00e9s del siguiente enlace (<a href=\"https:\/\/blogsaverroes.juntadeandalucia.es\/iesalvarnunez\/files\/2023\/10\/procedimiento_pago_seguro_escolar-1-1.pdf\" target=\"_blank\" rel=\"noopener\">ver gu\u00eda de ayuda<\/a>):<\/p>\n<ul>\n<li style=\"list-style-type: none\">\n<ul>\n<li style=\"list-style-type: none\">\n<ul style=\"list-style-type: circle\">\n<li><a href=\"https:\/\/www.juntadeandalucia.es\/educacion\/secretariavirtual\/seguroEscolar\/pagoSeguroEscolar\/\" target=\"_blank\" rel=\"noopener\"><span style=\"color: #0000ff\">Pago del seguro escola<\/span><\/a>r<\/li>\n<\/ul>\n<\/li>\n<\/ul>\n<\/li>\n<\/ul>\n<p>Las familias interesadas pueden inscribirse en la asociaci\u00f3n de madres y padres del centro (Iguaz\u00fa). <a href=\"https:\/\/blogsaverroes.juntadeandalucia.es\/iesalvarnunez\/files\/2022\/07\/inscripcion_ampa_curso2022_23.pdf\" target=\"_blank\" rel=\"noopener\">M\u00e1s informaci\u00f3n en este enlace.<\/a><\/p><\/div>\n\t\t\t\t<\/div>\n\t\t\t\t\t\t\t<div class=\"elementor-accordion-item\">\n\t\t\t\t\t<div id=\"elementor-tab-title-8402\" class=\"elementor-tab-title\" data-tab=\"2\" role=\"button\" aria-controls=\"elementor-tab-content-8402\" aria-expanded=\"false\">\n\t\t\t\t\t\t\t\t\t\t\t\t\t<span class=\"elementor-accordion-icon elementor-accordion-icon-left\" aria-hidden=\"true\">\n\t\t\t\t\t\t\t\t\t\t\t\t\t\t\t<span class=\"elementor-accordion-icon-closed\"><i class=\"fas fa-plus\"><\/i><\/span>\n\t\t\t\t\t\t\t\t<span class=\"elementor-accordion-icon-opened\"><i class=\"fas fa-minus\"><\/i><\/span>\n\t\t\t\t\t\t\t\t\t\t\t\t\t\t<\/span>\n\t\t\t\t\t\t\t\t\t\t\t\t<a class=\"elementor-accordion-title\" tabindex=\"0\">Matriculaci\u00f3n en CFGS de Gesti\u00f3n de Alojamientos Tur\u00edsticos<\/a>\n\t\t\t\t\t<\/div>\n\t\t\t\t\t<div id=\"elementor-tab-content-8402\" class=\"elementor-tab-content elementor-clearfix\" data-tab=\"2\" role=\"region\" aria-labelledby=\"elementor-tab-title-8402\"><p>La matriculaci\u00f3n del alumnado en el Ciclo Formativo de Grado Superior se llevar\u00e1 a cabo\u00a0 a trav\u00e9s de la <a href=\"https:\/\/www.juntadeandalucia.es\/educacion\/secretariavirtual\/\" target=\"_blank\" rel=\"noopener\"><span style=\"color: #0000ff\">Secretar\u00eda Virtual<\/span><\/a>, seg\u00fan el <a href=\"https:\/\/www.juntadeandalucia.es\/educacion\/portals\/delegate\/content\/c85afec5-217f-42d6-9917-689f24a00101\/Calendario%20de%20Escolarizaci%C3%B3n%20de%20la%20oferta%20completa%20presencial%20de%20ciclos%20formativos%20de%20grado%20medio%20y%20superior\" target=\"_blank\" rel=\"noopener\">calendario de admisi\u00f3n y matr\u00edcula.<\/a><\/p><p>&#8211; Acceso al <a href=\"https:\/\/www.juntadeandalucia.es\/educacion\/secretariavirtual\/accesoTramite\/497\/\" target=\"_blank\" rel=\"noopener\">sobre de matr\u00edcula<\/a> (del 11 al 23 de julio, con fechas diferenciadas para primera y segunda adjudicaci\u00f3n).<\/p><p>El alumnado que contin\u00faa estudios en el centr\u00f3 deber\u00e1 formalizar matr\u00edcula del 25 al 30 de junio.<\/p><p><strong>El pago del seguro escolar es obligatorio<\/strong>\u00a0 a partir de 3\u00ba de ESO para el alumnado menor de 28 a\u00f1os, por lo que la aplicaci\u00f3n de la Secretaria Virtual ofrece una pasarela de pago durante el proceso de matriculaci\u00f3n mediante tarjeta bancaria. En caso de no realizarse el pago durante el proceso de matriculaci\u00f3n, por fallo en el sistema, se deber\u00e1 abonar una vez finalizado el tr\u00e1mite de matriculaci\u00f3n a trav\u00e9s del siguiente enlace (<a href=\"https:\/\/blogsaverroes.juntadeandalucia.es\/iesalvarnunez\/files\/2023\/10\/procedimiento_pago_seguro_escolar-1-1.pdf\" target=\"_blank\" rel=\"noopener\">ver gu\u00eda de ayuda<\/a>):<\/p><ul><li><a href=\"https:\/\/www.juntadeandalucia.es\/educacion\/secretariavirtual\/seguroEscolar\/pagoSeguroEscolar\/\" target=\"_blank\" rel=\"noopener\">Pago del seguro escola<\/a>r<\/li><\/ul><p>Las familias interesadas pueden inscribirse en la asociaci\u00f3n de madres y padres del centro (Iguaz\u00fa). <a href=\"https:\/\/blogsaverroes.juntadeandalucia.es\/iesalvarnunez\/files\/2022\/07\/inscripcion_ampa_curso2022_23.pdf\" target=\"_blank\" rel=\"noopener\">M\u00e1s informaci\u00f3n en este enlace.<\/a><\/p><\/div>\n\t\t\t\t<\/div>\n\t\t\t\t\t\t\t<div class=\"elementor-accordion-item\">\n\t\t\t\t\t<div id=\"elementor-tab-title-8403\" class=\"elementor-tab-title\" data-tab=\"3\" role=\"button\" aria-controls=\"elementor-tab-content-8403\" aria-expanded=\"false\">\n\t\t\t\t\t\t\t\t\t\t\t\t\t<span class=\"elementor-accordion-icon elementor-accordion-icon-left\" aria-hidden=\"true\">\n\t\t\t\t\t\t\t\t\t\t\t\t\t\t\t<span class=\"elementor-accordion-icon-closed\"><i class=\"fas fa-plus\"><\/i><\/span>\n\t\t\t\t\t\t\t\t<span class=\"elementor-accordion-icon-opened\"><i class=\"fas fa-minus\"><\/i><\/span>\n\t\t\t\t\t\t\t\t\t\t\t\t\t\t<\/span>\n\t\t\t\t\t\t\t\t\t\t\t\t<a class=\"elementor-accordion-title\" tabindex=\"0\">Matriculaci\u00f3n en  FPB - NEE<\/a>\n\t\t\t\t\t<\/div>\n\t\t\t\t\t<div id=\"elementor-tab-content-8403\" class=\"elementor-tab-content elementor-clearfix\" data-tab=\"3\" role=\"region\" aria-labelledby=\"elementor-tab-title-8403\"><p>La matriculaci\u00f3n del alumnado de FPB &#8211; NEE se realizar\u00e1 a trav\u00e9s de la secretar\u00eda del centro de forma presencial.<\/p><ul style=\"list-style-type: circle\"><li>El alumnado que repite o promociona de un curso a otro en el centro deber\u00e1 formalizar la matr\u00edcula del 21 al 30 de junio. Par ello puede abrir <a href=\"https:\/\/blogsaverroes.juntadeandalucia.es\/iesalvarnunez\/files\/2021\/06\/FPB_matricula.pdf\" target=\"_blank\" rel=\"noopener\"><span style=\"color: #000080\"><span style=\"color: #0000ff\">este archivo<\/span><\/span><\/a>, completarlo, imprimirlo y entregarlo en la secretar\u00eda del centro.<\/li><\/ul><ul style=\"list-style-type: circle\"><li>El alumnado que <span style=\"color: #0000ff\">cumpla los requisitos<\/span> de acceso y quiera matricularse\u00a0 por primera vez en el Programa Espec\u00edfico de FPB deber\u00e1:<br \/><ul style=\"list-style-type: circle\"><li>Solicitar la admisi\u00f3n en el centro (del 23 al 30 de junio).<\/li><li>Si obtiene plaza, matricularse en la secretar\u00eda del centro del 18 al 23 de julio.<\/li><\/ul><\/li><\/ul><p><span style=\"color: #0000ff\"><a style=\"color: #0000ff\" href=\"https:\/\/blogsaverroes.juntadeandalucia.es\/iesalvarnunez\/files\/2021\/06\/FPB_matricula.pdf\" target=\"_blank\" rel=\"noopener\">Impreso de matr\u00edcula para FPB &#8211; NEE<\/a>.<\/span><\/p><p><strong>El pago del seguro escolar es obligatorio<\/strong>\u00a0 en el PeFPB, debi\u00e9ndose realizar a trav\u00e9s del siguiente enlace (<a href=\"https:\/\/blogsaverroes.juntadeandalucia.es\/iesalvarnunez\/files\/2023\/10\/procedimiento_pago_seguro_escolar-1-1.pdf\" target=\"_blank\" rel=\"noopener\">ver gu\u00eda de ayuda<\/a>):<\/p><ul><li><a href=\"https:\/\/www.juntadeandalucia.es\/educacion\/secretariavirtual\/seguroEscolar\/pagoSeguroEscolar\/\" target=\"_blank\" rel=\"noopener\">Pago del seguro escola<\/a>r<\/li><\/ul><p>Las familias interesadas pueden inscribirse en la asociaci\u00f3n de madres y padres del centro (Iguaz\u00fa). <a href=\"https:\/\/blogsaverroes.juntadeandalucia.es\/iesalvarnunez\/files\/2022\/07\/inscripcion_ampa_curso2022_23.pdf\" target=\"_blank\" rel=\"noopener\">M\u00e1s informaci\u00f3n en este enlace.<\/a><\/p><\/div>\n\t\t\t\t<\/div>\n\t\t\t\t\t\t\t\t<\/div>\n\t\t\t\t\t\t<\/div>\n\t\t\t\t<\/div>\n\t\t\t\t\t<\/div>\n\t\t<\/div>\n\t\t\t\t\t<\/div>\n\t\t<\/section>\n\t\t\t\t<\/div>\n\t\t","protected":false},"excerpt":{"rendered":"<p>El mes de julio incluye los periodos ordinarios de matriculaci\u00f3n en las ense\u00f1anzas ofertadas por el centro. Esta matriculaci\u00f3n deber\u00e1 realizarse a trav\u00e9s de la Secretar\u00eda Virtual. Ense\u00f1anzas Per\u00edodo ordinario de matriculaci\u00f3n ESO y Bachillerato. Desde el 1 al 10 de julio. Ciclo Formativo Grado Superior Gesti\u00f3n de Alojamientos Tur\u00edsticos.. Alumnado que contin\u00faa estudios en [&hellip;]<\/p>\n","protected":false},"author":10499,"featured_media":0,"parent":4288,"menu_order":0,"comment_status":"closed","ping_status":"closed","template":"","meta":{"ngg_post_thumbnail":0,"footnotes":"","_mc_calendar":[]},"aioseo_notices":[],"_links":{"self":[{"href":"https:\/\/blogsaverroes.juntadeandalucia.es\/iesalvarnunez\/wp-json\/wp\/v2\/pages\/4627"}],"collection":[{"href":"https:\/\/blogsaverroes.juntadeandalucia.es\/iesalvarnunez\/wp-json\/wp\/v2\/pages"}],"about":[{"href":"https:\/\/blogsaverroes.juntadeandalucia.es\/iesalvarnunez\/wp-json\/wp\/v2\/types\/page"}],"author":[{"embeddable":true,"href":"https:\/\/blogsaverroes.juntadeandalucia.es\/iesalvarnunez\/wp-json\/wp\/v2\/users\/10499"}],"replies":[{"embeddable":true,"href":"https:\/\/blogsaverroes.juntadeandalucia.es\/iesalvarnunez\/wp-json\/wp\/v2\/comments?post=4627"}],"version-history":[{"count":180,"href":"https:\/\/blogsaverroes.juntadeandalucia.es\/iesalvarnunez\/wp-json\/wp\/v2\/pages\/4627\/revisions"}],"predecessor-version":[{"id":5881,"href":"https:\/\/blogsaverroes.juntadeandalucia.es\/iesalvarnunez\/wp-json\/wp\/v2\/pages\/4627\/revisions\/5881"}],"up":[{"embeddable":true,"href":"https:\/\/blogsaverroes.juntadeandalucia.es\/iesalvarnunez\/wp-json\/wp\/v2\/pages\/4288"}],"wp:attachment":[{"href":"https:\/\/blogsaverroes.juntadeandalucia.es\/iesalvarnunez\/wp-json\/wp\/v2\/media?parent=4627"}],"curies":[{"name":"wp","href":"https:\/\/api.w.org\/{rel}","templated":true}]}}