{"id":714,"date":"2025-10-16T09:58:59","date_gmt":"2025-10-16T08:58:59","guid":{"rendered":"https:\/\/blogsaverroes.juntadeandalucia.es\/iesandresbenitez\/?page_id=714"},"modified":"2025-10-17T12:51:42","modified_gmt":"2025-10-17T11:51:42","slug":"solicitar-certificado","status":"publish","type":"page","link":"https:\/\/blogsaverroes.juntadeandalucia.es\/iesandresbenitez\/solicitar-certificado\/","title":{"rendered":"Solicitar certificado"},"content":{"rendered":"<p>[et_pb_section fb_built=\u00bb1&#8243; _builder_version=\u00bb4.24.2&#8243; _module_preset=\u00bbdefault\u00bb global_colors_info=\u00bb{}\u00bb][et_pb_row _builder_version=\u00bb4.24.2&#8243; _module_preset=\u00bbdefault\u00bb global_colors_info=\u00bb{}\u00bb][et_pb_column type=\u00bb4_4&#8243; _builder_version=\u00bb4.24.2&#8243; _module_preset=\u00bbdefault\u00bb global_colors_info=\u00bb{}\u00bb][et_pb_heading title=\u00bbSolicitar certificado\u00bb _builder_version=\u00bb4.24.2&#8243; _module_preset=\u00bbdefault\u00bb hover_enabled=\u00bb0&#8243; global_colors_info=\u00bb{}\u00bb border_color_bottom=\u00bb#700000&#8243; border_width_bottom=\u00bb5px\u00bb sticky_enabled=\u00bb0&#8243;][\/et_pb_heading][et_pb_text _builder_version=\u00bb4.24.2&#8243; _module_preset=\u00bbdefault\u00bb global_colors_info=\u00bb{}\u00bb]<\/p>\n<p>Para solicitar su certificado, deber\u00e1 pulsar en <strong>Rellenar formulario<\/strong>. Se le requerir\u00e1 que inicie sesi\u00f3n con una cuenta de Google.<\/p>\n<p>[\/et_pb_text][et_pb_button button_url=\u00bbhttps:\/\/forms.gle\/Xhr65gcGbWCkrxwj7&#8243; button_text=\u00bbRellenar formulario\u00bb _builder_version=\u00bb4.24.2&#8243; _module_preset=\u00bbdefault\u00bb button_icon_color=\u00bb#700000&#8243; box_shadow_style=\u00bbpreset1&#8243; locked=\u00bboff\u00bb global_colors_info=\u00bb{}\u00bb][\/et_pb_button][et_pb_text _builder_version=\u00bb4.24.2&#8243; _module_preset=\u00bbdefault\u00bb global_colors_info=\u00bb{}\u00bb]<\/p>\n<p>En caso de no disponer de cuenta de Google, podr\u00e1 solicitar su certificado enviando un correo electr\u00f3nico a <a href=\"mailto:secretaria@iesandresbenitez.es\">secretaria@iesandresbenitez.es <\/a>indicando obligatoriamente los siguientes datos:<\/p>\n<p>&#8211; Nombre y apellidos<br \/>&#8211; Documento de identidad<br \/>&#8211; N\u00famero de tel\u00e9fono<br \/>&#8211; Estudios realizados<br \/>&#8211; A\u00f1o de finalizaci\u00f3n de los estudios<br \/>&#8211; Adjuntar documento de identidad en formato PDF o imagen<\/p>\n<p>[\/et_pb_text][\/et_pb_column][\/et_pb_row][\/et_pb_section]<\/p>\n","protected":false},"excerpt":{"rendered":"<p>Para solicitar su certificado, deber\u00e1 pulsar en Rellenar formulario. Se le requerir\u00e1 que inicie sesi\u00f3n con una cuenta de Google.En caso de no disponer de cuenta de Google, podr\u00e1 solicitar su certificado enviando un correo electr\u00f3nico a secretaria@iesandresbenitez.es indicando obligatoriamente los siguientes datos: &#8211; Nombre y apellidos- Documento de identidad- N\u00famero de tel\u00e9fono- Estudios realizados- [&hellip;]<\/p>\n","protected":false},"author":21247,"featured_media":0,"parent":0,"menu_order":0,"comment_status":"closed","ping_status":"closed","template":"","meta":{"_et_pb_use_builder":"on","_et_pb_old_content":"","_et_gb_content_width":"","footnotes":""},"aioseo_notices":[],"_links":{"self":[{"href":"https:\/\/blogsaverroes.juntadeandalucia.es\/iesandresbenitez\/wp-json\/wp\/v2\/pages\/714"}],"collection":[{"href":"https:\/\/blogsaverroes.juntadeandalucia.es\/iesandresbenitez\/wp-json\/wp\/v2\/pages"}],"about":[{"href":"https:\/\/blogsaverroes.juntadeandalucia.es\/iesandresbenitez\/wp-json\/wp\/v2\/types\/page"}],"author":[{"embeddable":true,"href":"https:\/\/blogsaverroes.juntadeandalucia.es\/iesandresbenitez\/wp-json\/wp\/v2\/users\/21247"}],"replies":[{"embeddable":true,"href":"https:\/\/blogsaverroes.juntadeandalucia.es\/iesandresbenitez\/wp-json\/wp\/v2\/comments?post=714"}],"version-history":[{"count":24,"href":"https:\/\/blogsaverroes.juntadeandalucia.es\/iesandresbenitez\/wp-json\/wp\/v2\/pages\/714\/revisions"}],"predecessor-version":[{"id":837,"href":"https:\/\/blogsaverroes.juntadeandalucia.es\/iesandresbenitez\/wp-json\/wp\/v2\/pages\/714\/revisions\/837"}],"wp:attachment":[{"href":"https:\/\/blogsaverroes.juntadeandalucia.es\/iesandresbenitez\/wp-json\/wp\/v2\/media?parent=714"}],"curies":[{"name":"wp","href":"https:\/\/api.w.org\/{rel}","templated":true}]}}