{"id":804,"date":"2025-10-17T10:47:15","date_gmt":"2025-10-17T09:47:15","guid":{"rendered":"https:\/\/blogsaverroes.juntadeandalucia.es\/iesandresbenitez\/?page_id=804"},"modified":"2026-03-20T08:12:01","modified_gmt":"2026-03-20T07:12:01","slug":"solicitar-titulo","status":"publish","type":"page","link":"https:\/\/blogsaverroes.juntadeandalucia.es\/iesandresbenitez\/solicitar-titulo\/","title":{"rendered":"Solicitar t\u00edtulo"},"content":{"rendered":"<p>[et_pb_section fb_built=\u00bb1&#8243; _builder_version=\u00bb4.24.2&#8243; _module_preset=\u00bbdefault\u00bb global_colors_info=\u00bb{}\u00bb][et_pb_row _builder_version=\u00bb4.24.2&#8243; _module_preset=\u00bbdefault\u00bb global_colors_info=\u00bb{}\u00bb][et_pb_column type=\u00bb4_4&#8243; _builder_version=\u00bb4.24.2&#8243; _module_preset=\u00bbdefault\u00bb global_colors_info=\u00bb{}\u00bb][et_pb_heading title=\u00bbSolicitar t\u00edtulo\u00bb _builder_version=\u00bb4.24.2&#8243; _module_preset=\u00bbdefault\u00bb border_width_bottom=\u00bb5px\u00bb border_color_bottom=\u00bb#700000&#8243; global_colors_info=\u00bb{}\u00bb][\/et_pb_heading][et_pb_text _builder_version=\u00bb4.24.2&#8243; _module_preset=\u00bbdefault\u00bb hover_enabled=\u00bb0&#8243; global_colors_info=\u00bb{}\u00bb sticky_enabled=\u00bb0&#8243;]<\/p>\n<p><span style=\"text-decoration: underline\"><strong>ESO Y ESA<\/strong><\/span><br \/>Los t\u00edtulos de ense\u00f1anzas obligatorias (ESO y ESA) se solicitan de oficio por los centros donde curs\u00f3 las ense\u00f1anzas correspondientes.<\/p>\n<p><strong><\/strong><\/p>\n<p><span style=\"text-decoration: underline\"><strong>BACHILLERATO Y CICLOS FORMATIVOS<\/strong><\/span><br \/>Los t\u00edtulos de Bachillerato y Ciclos Formativos puede solicitarlos y pagarlos online desde la Secretar\u00eda Virtual de los Centros Educativos de la Junta de Andaluc\u00eda a trav\u00e9s del siguiente enlace: <a href=\"https:\/\/lajunta.es\/5zzag\">https:\/\/lajunta.es\/5zzag<\/a><\/p>\n<p>Deber\u00e1 identificarse con clave iANDE, Cl@ve, certificado digital o DNI electr\u00f3nico para poder realizar el tr\u00e1mite.<\/p>\n<p>Aqu\u00ed puede consultar las tasas de los t\u00edtulos: <a href=\"https:\/\/lajunta.es\/5zzak\">https:\/\/lajunta.es\/5zzak<\/a><\/p>\n<p><strong>\u26a0\ufe0f IMPORTANTE:<\/strong> Tras finalizar el tr\u00e1mite, deber\u00e1 enviarnos a <a href=\"mailto:secretaria@iesandresbenitez.es\">secretaria@iesandresbenitez.es<\/a> el justificante de pago, la fotocopia de su DNI por ambas caras y, en su caso, los documentos que acrediten las bonificaciones que le puedan ser de aplicaci\u00f3n.<\/p>\n<p><span style=\"text-decoration: underline\"><strong><\/strong><\/span><\/p>\n<p><span style=\"text-decoration: underline\"><strong>PRELOGSE<\/strong><\/span><br \/>Los t\u00edtulos de las antiguas FPI o FPII se solicitan en la Sede Electr\u00f3nica del Gobierno de Espa\u00f1a siguiendo las instrucciones del siguiente enlace: <a href=\"https:\/\/sede.administracionespublicas.gob.es\/pagina\/index\/directorio\/tasa059\">https:\/\/sede.administracionespublicas.gob.es\/pagina\/index\/directorio\/tasa059<\/a><\/p>\n<p><strong>\u26a0\ufe0f IMPORTANTE:<\/strong> Tras finalizar el tr\u00e1mite, deber\u00e1 enviarnos a <a href=\"mailto:secretaria@iesandresbenitez.es\">secretaria@iesandresbenitez.es<\/a> el justificante de pago, la fotocopia de su DNI por ambas caras y, en su caso, los documentos que acrediten las bonificaciones que le puedan ser de aplicaci\u00f3n.<\/p>\n<p>[\/et_pb_text][\/et_pb_column][\/et_pb_row][\/et_pb_section]<\/p>\n","protected":false},"excerpt":{"rendered":"<p>ESO Y ESALos t\u00edtulos de ense\u00f1anzas obligatorias (ESO y ESA) se solicitan de oficio por los centros donde curs\u00f3 las ense\u00f1anzas correspondientes. BACHILLERATO Y CICLOS FORMATIVOSLos t\u00edtulos de Bachillerato y Ciclos Formativos puede solicitarlos y pagarlos online desde la Secretar\u00eda Virtual de los Centros Educativos de la Junta de Andaluc\u00eda a trav\u00e9s del siguiente enlace: [&hellip;]<\/p>\n","protected":false},"author":21247,"featured_media":0,"parent":0,"menu_order":0,"comment_status":"closed","ping_status":"closed","template":"","meta":{"_et_pb_use_builder":"on","_et_pb_old_content":"","_et_gb_content_width":"","footnotes":""},"aioseo_notices":[],"_links":{"self":[{"href":"https:\/\/blogsaverroes.juntadeandalucia.es\/iesandresbenitez\/wp-json\/wp\/v2\/pages\/804"}],"collection":[{"href":"https:\/\/blogsaverroes.juntadeandalucia.es\/iesandresbenitez\/wp-json\/wp\/v2\/pages"}],"about":[{"href":"https:\/\/blogsaverroes.juntadeandalucia.es\/iesandresbenitez\/wp-json\/wp\/v2\/types\/page"}],"author":[{"embeddable":true,"href":"https:\/\/blogsaverroes.juntadeandalucia.es\/iesandresbenitez\/wp-json\/wp\/v2\/users\/21247"}],"replies":[{"embeddable":true,"href":"https:\/\/blogsaverroes.juntadeandalucia.es\/iesandresbenitez\/wp-json\/wp\/v2\/comments?post=804"}],"version-history":[{"count":13,"href":"https:\/\/blogsaverroes.juntadeandalucia.es\/iesandresbenitez\/wp-json\/wp\/v2\/pages\/804\/revisions"}],"predecessor-version":[{"id":1639,"href":"https:\/\/blogsaverroes.juntadeandalucia.es\/iesandresbenitez\/wp-json\/wp\/v2\/pages\/804\/revisions\/1639"}],"wp:attachment":[{"href":"https:\/\/blogsaverroes.juntadeandalucia.es\/iesandresbenitez\/wp-json\/wp\/v2\/media?parent=804"}],"curies":[{"name":"wp","href":"https:\/\/api.w.org\/{rel}","templated":true}]}}