{"id":827,"date":"2025-10-17T12:29:48","date_gmt":"2025-10-17T11:29:48","guid":{"rendered":"https:\/\/blogsaverroes.juntadeandalucia.es\/iesandresbenitez\/?page_id=827"},"modified":"2025-10-20T11:46:38","modified_gmt":"2025-10-20T10:46:38","slug":"atencion-al-publico","status":"publish","type":"page","link":"https:\/\/blogsaverroes.juntadeandalucia.es\/iesandresbenitez\/atencion-al-publico\/","title":{"rendered":"Atenci\u00f3n al p\u00fablico"},"content":{"rendered":"<p>[et_pb_section fb_built=\u00bb1&#8243; _builder_version=\u00bb4.24.2&#8243; _module_preset=\u00bbdefault\u00bb global_colors_info=\u00bb{}\u00bb][et_pb_row _builder_version=\u00bb4.24.2&#8243; _module_preset=\u00bbdefault\u00bb global_colors_info=\u00bb{}\u00bb][et_pb_column type=\u00bb4_4&#8243; _builder_version=\u00bb4.24.2&#8243; _module_preset=\u00bbdefault\u00bb global_colors_info=\u00bb{}\u00bb][et_pb_heading title=\u00bbAtenci\u00f3n al p\u00fablico\u00bb _builder_version=\u00bb4.24.2&#8243; _module_preset=\u00bbdefault\u00bb hover_enabled=\u00bb0&#8243; border_width_bottom=\u00bb5px\u00bb border_color_bottom=\u00bb#700000&#8243; global_colors_info=\u00bb{}\u00bb sticky_enabled=\u00bb0&#8243;][\/et_pb_heading][et_pb_text _builder_version=\u00bb4.24.2&#8243; _module_preset=\u00bbdefault\u00bb global_colors_info=\u00bb{}\u00bb]<\/p>\n<p><strong>Horario de atenci\u00f3n presencial:<\/strong> de 10:00 a 12:00<br \/><strong>Horario de atenci\u00f3n telef\u00f3nica:<\/strong> de 9:00 a 10:00 y de 12:00 a 13:00<\/p>\n<p><strong>Tel\u00e9fonos:<\/strong> 856 811 509 \/ 856 811 510<\/p>\n<p><strong>Correo electr\u00f3nico:<\/strong> <a href=\"mailto:secretaria@iesandresbenitez.es\">secretaria@iesandresbenitez.es<\/a><\/p>\n<p>[\/et_pb_text][\/et_pb_column][\/et_pb_row][\/et_pb_section]<\/p>\n","protected":false},"excerpt":{"rendered":"<p>Horario de atenci\u00f3n presencial: de 10:00 a 12:00Horario de atenci\u00f3n telef\u00f3nica: de 9:00 a 10:00 y de 12:00 a 13:00 Tel\u00e9fonos: 856 811 509 \/ 856 811 510 Correo electr\u00f3nico: secretaria@iesandresbenitez.es<\/p>\n","protected":false},"author":21247,"featured_media":0,"parent":0,"menu_order":0,"comment_status":"closed","ping_status":"closed","template":"","meta":{"_et_pb_use_builder":"on","_et_pb_old_content":"","_et_gb_content_width":"","footnotes":""},"aioseo_notices":[],"_links":{"self":[{"href":"https:\/\/blogsaverroes.juntadeandalucia.es\/iesandresbenitez\/wp-json\/wp\/v2\/pages\/827"}],"collection":[{"href":"https:\/\/blogsaverroes.juntadeandalucia.es\/iesandresbenitez\/wp-json\/wp\/v2\/pages"}],"about":[{"href":"https:\/\/blogsaverroes.juntadeandalucia.es\/iesandresbenitez\/wp-json\/wp\/v2\/types\/page"}],"author":[{"embeddable":true,"href":"https:\/\/blogsaverroes.juntadeandalucia.es\/iesandresbenitez\/wp-json\/wp\/v2\/users\/21247"}],"replies":[{"embeddable":true,"href":"https:\/\/blogsaverroes.juntadeandalucia.es\/iesandresbenitez\/wp-json\/wp\/v2\/comments?post=827"}],"version-history":[{"count":7,"href":"https:\/\/blogsaverroes.juntadeandalucia.es\/iesandresbenitez\/wp-json\/wp\/v2\/pages\/827\/revisions"}],"predecessor-version":[{"id":894,"href":"https:\/\/blogsaverroes.juntadeandalucia.es\/iesandresbenitez\/wp-json\/wp\/v2\/pages\/827\/revisions\/894"}],"wp:attachment":[{"href":"https:\/\/blogsaverroes.juntadeandalucia.es\/iesandresbenitez\/wp-json\/wp\/v2\/media?parent=827"}],"curies":[{"name":"wp","href":"https:\/\/api.w.org\/{rel}","templated":true}]}}