{"id":889,"date":"2025-10-20T11:42:10","date_gmt":"2025-10-20T10:42:10","guid":{"rendered":"https:\/\/blogsaverroes.juntadeandalucia.es\/iesandresbenitez\/?page_id=889"},"modified":"2025-12-04T11:31:24","modified_gmt":"2025-12-04T10:31:24","slug":"oferta-educativa","status":"publish","type":"page","link":"https:\/\/blogsaverroes.juntadeandalucia.es\/iesandresbenitez\/oferta-educativa\/","title":{"rendered":"Oferta educativa"},"content":{"rendered":"<p>[et_pb_section fb_built=\u00bb1&#8243; _builder_version=\u00bb4.24.2&#8243; _module_preset=\u00bbdefault\u00bb global_colors_info=\u00bb{}\u00bb][et_pb_row _builder_version=\u00bb4.24.2&#8243; _module_preset=\u00bbdefault\u00bb global_colors_info=\u00bb{}\u00bb][et_pb_column type=\u00bb4_4&#8243; _builder_version=\u00bb4.24.2&#8243; _module_preset=\u00bbdefault\u00bb global_colors_info=\u00bb{}\u00bb][et_pb_heading title=\u00bbOferta educativa\u00bb _builder_version=\u00bb4.24.2&#8243; _module_preset=\u00bbdefault\u00bb border_width_bottom=\u00bb5px\u00bb border_color_bottom=\u00bb#700000&#8243; global_colors_info=\u00bb{}\u00bb][\/et_pb_heading][et_pb_toggle title=\u00bbEDUCACI\u00d3N SECUNDARIA OBLIGATORIA\u00bb _builder_version=\u00bb4.24.2&#8243; _module_preset=\u00bbdefault\u00bb global_colors_info=\u00bb{}\u00bb]<\/p>\n<ul>\n<li>1\u00ba ESO<\/li>\n<li>2\u00ba ESO<\/li>\n<li>3\u00ba ESO<\/li>\n<li>4\u00ba ESO<\/li>\n<\/ul>\n<p>[\/et_pb_toggle][et_pb_toggle title=\u00bbBACHILLERATO\u00bb _builder_version=\u00bb4.24.2&#8243; _module_preset=\u00bbdefault\u00bb global_colors_info=\u00bb{}\u00bb]<\/p>\n<div class=\"et_pb_toggle_content clearfix\">\n<ul>\n<li>Ciencias y Tecnolog\u00eda<\/li>\n<li>Humanidades y Ciencias Sociales<\/li>\n<\/ul>\n<\/div>\n<p>[\/et_pb_toggle][et_pb_toggle title=\u00bbCICLOS FORMATIVOS DE GRADO B\u00c1SICO\u00bb _builder_version=\u00bb4.24.2&#8243; _module_preset=\u00bbdefault\u00bb global_colors_info=\u00bb{}\u00bb]<\/p>\n<div class=\"et_pb_toggle_content clearfix\">\n<ul>\n<li>Peluquer\u00eda y Est\u00e9tica<\/li>\n<li>Mantenimiento de Veh\u00edculos<\/li>\n<\/ul>\n<\/div>\n<p>[\/et_pb_toggle][et_pb_toggle title=\u00bbCICLOS FORMATIVOS DE GRADO MEDIO\u00bb _builder_version=\u00bb4.24.2&#8243; _module_preset=\u00bbdefault\u00bb global_colors_info=\u00bb{}\u00bb]<\/p>\n<div class=\"et_pb_toggle_content clearfix\">\n<ul>\n<li>Actividades Comerciales<\/li>\n<li>Carrocer\u00eda<\/li>\n<li>Electromec\u00e1nica de Veh\u00edculos Autom\u00f3viles<\/li>\n<li>Est\u00e9tica y Belleza<\/li>\n<li>Peluquer\u00eda y Cosm\u00e9tica Capilar<\/li>\n<li>Soldadura y Calderer\u00eda<\/li>\n<\/ul>\n<\/div>\n<p>[\/et_pb_toggle][et_pb_toggle title=\u00bbCICLOS FORMATIVOS DE GRADO SUPERIOR\u00bb _builder_version=\u00bb4.24.2&#8243; _module_preset=\u00bbdefault\u00bb global_colors_info=\u00bb{}\u00bb]<\/p>\n<div class=\"et_pb_toggle_content clearfix\">\n<ul>\n<li>Administraci\u00f3n y Finanzas<\/li>\n<li>Automoci\u00f3n<\/li>\n<li>Est\u00e9tica Integral y Bienestar<\/li>\n<li>Gesti\u00f3n de Ventas y Espacios Comerciales<\/li>\n<\/ul>\n<\/div>\n<p>[\/et_pb_toggle][et_pb_toggle title=\u00bbCURSO DE ACCESO A FORMACI\u00d3N PROFESIONAL DE GRADO MEDIO\u00bb _builder_version=\u00bb4.24.2&#8243; _module_preset=\u00bbdefault\u00bb global_colors_info=\u00bb{}\u00bb]<\/p>\n<p>Informaci\u00f3n: <a href=\"https:\/\/lajunta.es\/60bgw\">https:\/\/lajunta.es\/60bgw<\/a>\u00a0<\/p>\n<p>[\/et_pb_toggle][et_pb_toggle title=\u00bbCURSO DE ESPECIALIZACI\u00d3N\u00bb _builder_version=\u00bb4.24.2&#8243; _module_preset=\u00bbdefault\u00bb global_colors_info=\u00bb{}\u00bb]<\/p>\n<ul>\n<li>Mantenimiento y Seguridad en Sistemas de Veh\u00edculos H\u00edbridos y El\u00e9ctricos (Informaci\u00f3n: <a href=\"https:\/\/lajunta.es\/60dsh\">https:\/\/lajunta.es\/60dsh<\/a>)\u00a0<\/li>\n<\/ul>\n<p>[\/et_pb_toggle][et_pb_toggle title=\u00bbEDUCACI\u00d3N PARA PERSONAS ADULTAS (SEMIPRESENCIAL)\u00bb _builder_version=\u00bb4.24.2&#8243; _module_preset=\u00bbdefault\u00bb global_colors_info=\u00bb{}\u00bb]<\/p>\n<div class=\"et_pb_toggle_content clearfix\">\n<ul>\n<li>Educaci\u00f3n Secundaria para Personas Adultas (ESPA): Nivel I y Nivel II (Informaci\u00f3n: <a href=\"https:\/\/lajunta.es\/60bhj\">https:\/\/lajunta.es\/60bhj<\/a>)<\/li>\n<li>Bachillerato: Humanidades y Ciencias Sociales (Informaci\u00f3n: <a href=\"https:\/\/lajunta.es\/60bhs\">https:\/\/lajunta.es\/60bhs<\/a>)<\/li>\n<\/ul>\n<\/div>\n<p>[\/et_pb_toggle][\/et_pb_column][\/et_pb_row][\/et_pb_section]<\/p>\n","protected":false},"excerpt":{"rendered":"<p>1\u00ba ESO 2\u00ba ESO 3\u00ba ESO 4\u00ba ESO Ciencias y Tecnolog\u00eda Humanidades y Ciencias Sociales Peluquer\u00eda y Est\u00e9tica Mantenimiento de Veh\u00edculos Actividades Comerciales Carrocer\u00eda Electromec\u00e1nica de Veh\u00edculos Autom\u00f3viles Est\u00e9tica y Belleza Peluquer\u00eda y Cosm\u00e9tica Capilar Soldadura y Calderer\u00eda Administraci\u00f3n y Finanzas Automoci\u00f3n Est\u00e9tica Integral y Bienestar Gesti\u00f3n de Ventas y Espacios Comerciales Informaci\u00f3n: https:\/\/lajunta.es\/60bgw\u00a0 Mantenimiento [&hellip;]<\/p>\n","protected":false},"author":21247,"featured_media":0,"parent":0,"menu_order":0,"comment_status":"closed","ping_status":"closed","template":"","meta":{"_et_pb_use_builder":"on","_et_pb_old_content":"","_et_gb_content_width":"","footnotes":""},"aioseo_notices":[],"_links":{"self":[{"href":"https:\/\/blogsaverroes.juntadeandalucia.es\/iesandresbenitez\/wp-json\/wp\/v2\/pages\/889"}],"collection":[{"href":"https:\/\/blogsaverroes.juntadeandalucia.es\/iesandresbenitez\/wp-json\/wp\/v2\/pages"}],"about":[{"href":"https:\/\/blogsaverroes.juntadeandalucia.es\/iesandresbenitez\/wp-json\/wp\/v2\/types\/page"}],"author":[{"embeddable":true,"href":"https:\/\/blogsaverroes.juntadeandalucia.es\/iesandresbenitez\/wp-json\/wp\/v2\/users\/21247"}],"replies":[{"embeddable":true,"href":"https:\/\/blogsaverroes.juntadeandalucia.es\/iesandresbenitez\/wp-json\/wp\/v2\/comments?post=889"}],"version-history":[{"count":20,"href":"https:\/\/blogsaverroes.juntadeandalucia.es\/iesandresbenitez\/wp-json\/wp\/v2\/pages\/889\/revisions"}],"predecessor-version":[{"id":1519,"href":"https:\/\/blogsaverroes.juntadeandalucia.es\/iesandresbenitez\/wp-json\/wp\/v2\/pages\/889\/revisions\/1519"}],"wp:attachment":[{"href":"https:\/\/blogsaverroes.juntadeandalucia.es\/iesandresbenitez\/wp-json\/wp\/v2\/media?parent=889"}],"curies":[{"name":"wp","href":"https:\/\/api.w.org\/{rel}","templated":true}]}}