{"id":44,"date":"2020-01-10T09:48:31","date_gmt":"2020-01-10T08:48:31","guid":{"rendered":"http:\/\/blogsaverroes.juntadeandalucia.es\/pre\/nuevoies2v2\/?page_id=44"},"modified":"2025-09-01T17:01:31","modified_gmt":"2025-09-01T16:01:31","slug":"inicio","status":"publish","type":"page","link":"https:\/\/blogsaverroes.juntadeandalucia.es\/iesandresperezserrano\/inicio\/","title":{"rendered":"Inicio"},"content":{"rendered":"<h1 class=\"post-title entry-title\">Bienvenidos al IES Andr\u00e9s P\u00e9rez Serrano<\/h1>\n<p data-start=\"289\" data-end=\"614\">Somos el Instituto de Educaci\u00f3n Secundaria de Cortes de la Frontera, un centro comprometido con la formaci\u00f3n acad\u00e9mica y personal de nuestros estudiantes. En el IES Andr\u00e9s P\u00e9rez Serrano trabajamos cada d\u00eda para ofrecer una educaci\u00f3n p\u00fablica de calidad, basada en el respeto, la participaci\u00f3n y la igualdad de oportunidades.<\/p>\n<p data-start=\"621\" data-end=\"870\">Nuestro equipo docente y el personal del centro colaboran activamente para crear un entorno de aprendizaje seguro, inclusivo y motivador, donde el alumnado pueda desarrollar sus capacidades, su sentido cr\u00edtico y su responsabilidad como ciudadanos.<\/p>\n<p data-start=\"877\" data-end=\"1088\">Esta nueva p\u00e1gina web nace con el objetivo de continuar mejorando la comunicaci\u00f3n entre el centro, las familias y el entorno, as\u00ed como facilitar el acceso a toda la informaci\u00f3n relevante sobre nuestra comunidad educativa.<\/p>\n<p data-start=\"1095\" data-end=\"1142\">Te invitamos a explorarla y a conocernos mejor.<\/p>\n","protected":false},"excerpt":{"rendered":"<p>Bienvenidos al IES Andr\u00e9s P\u00e9rez Serrano Somos el Instituto de Educaci\u00f3n Secundaria de Cortes de la Frontera, un centro comprometido con la formaci\u00f3n acad\u00e9mica y personal de nuestros estudiantes. En el IES Andr\u00e9s P\u00e9rez&#46;&#46;&#46;<\/p>\n","protected":false},"author":17058,"featured_media":0,"parent":0,"menu_order":0,"comment_status":"closed","ping_status":"closed","template":"","meta":{"ngg_post_thumbnail":0,"footnotes":""},"aioseo_notices":[],"_links":{"self":[{"href":"https:\/\/blogsaverroes.juntadeandalucia.es\/iesandresperezserrano\/wp-json\/wp\/v2\/pages\/44"}],"collection":[{"href":"https:\/\/blogsaverroes.juntadeandalucia.es\/iesandresperezserrano\/wp-json\/wp\/v2\/pages"}],"about":[{"href":"https:\/\/blogsaverroes.juntadeandalucia.es\/iesandresperezserrano\/wp-json\/wp\/v2\/types\/page"}],"author":[{"embeddable":true,"href":"https:\/\/blogsaverroes.juntadeandalucia.es\/iesandresperezserrano\/wp-json\/wp\/v2\/users\/17058"}],"replies":[{"embeddable":true,"href":"https:\/\/blogsaverroes.juntadeandalucia.es\/iesandresperezserrano\/wp-json\/wp\/v2\/comments?post=44"}],"version-history":[{"count":6,"href":"https:\/\/blogsaverroes.juntadeandalucia.es\/iesandresperezserrano\/wp-json\/wp\/v2\/pages\/44\/revisions"}],"predecessor-version":[{"id":599,"href":"https:\/\/blogsaverroes.juntadeandalucia.es\/iesandresperezserrano\/wp-json\/wp\/v2\/pages\/44\/revisions\/599"}],"wp:attachment":[{"href":"https:\/\/blogsaverroes.juntadeandalucia.es\/iesandresperezserrano\/wp-json\/wp\/v2\/media?parent=44"}],"curies":[{"name":"wp","href":"https:\/\/api.w.org\/{rel}","templated":true}]}}