{"id":561,"date":"2025-08-25T19:43:57","date_gmt":"2025-08-25T17:43:57","guid":{"rendered":"https:\/\/blogsaverroes.juntadeandalucia.es\/iesandresperezserranocortes\/?page_id=24"},"modified":"2025-09-01T18:02:13","modified_gmt":"2025-09-01T17:02:13","slug":"contactar","status":"publish","type":"page","link":"https:\/\/blogsaverroes.juntadeandalucia.es\/iesandresperezserrano\/contactar\/","title":{"rendered":"Contactar"},"content":{"rendered":"<p><strong>Tel\u00e9fono del centro:<\/strong> 952 15 95 00<\/p>\n<p><strong>Email:<\/strong> 29011734.edu@juntadeandalucia.es<\/p>\n<p><strong>Direcci\u00f3n postal : <\/strong>IES Andr\u00e9s P\u00e9rez Serrano.<\/p>\n<p>&nbsp; &nbsp; &nbsp; &nbsp; &nbsp; &nbsp; &nbsp; &nbsp; &nbsp; &nbsp; &nbsp; &nbsp; &nbsp; &nbsp; &nbsp; &nbsp; Avd. de la Libertad s\/n<\/p>\n<p style=\"padding-left: 40px\">&nbsp; &nbsp; &nbsp; &nbsp; &nbsp; &nbsp; &nbsp; &nbsp; &nbsp; &nbsp; &nbsp; 29380 Cortes de la Frontera, M\u00e1laga<\/p>\n<p><iframe loading=\"lazy\" src=\"https:\/\/www.google.com\/maps\/embed?pb=!1m18!1m12!1m3!1d3202.0178537970037!2d-5.339425224658114!3d36.62595687750321!2m3!1f0!2f0!3f0!3m2!1i1024!2i768!4f13.1!3m3!1m2!1s0xd0d2308548b8709%3A0xe977a64205708c92!2sIES%20Andr%C3%A9s%20P%C3%A9rez%20Serrano!5e0!3m2!1ses!2ses!4v1756145801176!5m2!1ses!2ses\" width=\"600\" height=\"450\"><\/iframe><\/p>\n","protected":false},"excerpt":{"rendered":"<p>Tel\u00e9fono del centro: 952 15 95 00 Email: 29011734.edu@juntadeandalucia.es Direcci\u00f3n postal : IES Andr\u00e9s P\u00e9rez Serrano. &nbsp; &nbsp; &nbsp; &nbsp; &nbsp; &nbsp; &nbsp; &nbsp; &nbsp; &nbsp; &nbsp; &nbsp; &nbsp; &nbsp; &nbsp; &nbsp; Avd. de&#46;&#46;&#46;<\/p>\n","protected":false},"author":17058,"featured_media":0,"parent":0,"menu_order":0,"comment_status":"closed","ping_status":"closed","template":"","meta":{"ngg_post_thumbnail":0,"footnotes":""},"aioseo_notices":[],"_links":{"self":[{"href":"https:\/\/blogsaverroes.juntadeandalucia.es\/iesandresperezserrano\/wp-json\/wp\/v2\/pages\/561"}],"collection":[{"href":"https:\/\/blogsaverroes.juntadeandalucia.es\/iesandresperezserrano\/wp-json\/wp\/v2\/pages"}],"about":[{"href":"https:\/\/blogsaverroes.juntadeandalucia.es\/iesandresperezserrano\/wp-json\/wp\/v2\/types\/page"}],"author":[{"embeddable":true,"href":"https:\/\/blogsaverroes.juntadeandalucia.es\/iesandresperezserrano\/wp-json\/wp\/v2\/users\/17058"}],"replies":[{"embeddable":true,"href":"https:\/\/blogsaverroes.juntadeandalucia.es\/iesandresperezserrano\/wp-json\/wp\/v2\/comments?post=561"}],"version-history":[{"count":2,"href":"https:\/\/blogsaverroes.juntadeandalucia.es\/iesandresperezserrano\/wp-json\/wp\/v2\/pages\/561\/revisions"}],"predecessor-version":[{"id":631,"href":"https:\/\/blogsaverroes.juntadeandalucia.es\/iesandresperezserrano\/wp-json\/wp\/v2\/pages\/561\/revisions\/631"}],"wp:attachment":[{"href":"https:\/\/blogsaverroes.juntadeandalucia.es\/iesandresperezserrano\/wp-json\/wp\/v2\/media?parent=561"}],"curies":[{"name":"wp","href":"https:\/\/api.w.org\/{rel}","templated":true}]}}