{"id":640,"date":"2025-09-01T19:00:07","date_gmt":"2025-09-01T18:00:07","guid":{"rendered":"https:\/\/blogsaverroes.juntadeandalucia.es\/iesandresperezserrano\/?page_id=640"},"modified":"2025-09-01T19:49:57","modified_gmt":"2025-09-01T18:49:57","slug":"eso","status":"publish","type":"page","link":"https:\/\/blogsaverroes.juntadeandalucia.es\/iesandresperezserrano\/oferta-educativa\/eso\/","title":{"rendered":"ESO"},"content":{"rendered":"<h1 style=\"text-align: center\">E.S.O.<\/h1>\n<h2>1\u00ba DE ESO<\/h2>\n<div class=\"osc-res-tab tabbable osc-tabs-left\">\n<div style=\"clear: both;width: 100%\">\n<ul id=\"oscitas-restabs-1-eso-68834\" class=\"nav osc-res-nav nav-tabs osc-tabs-left-ul\">\n<li class=\"active\"><a href=\"#ert_pane1-0\" data-toggle=\"tab\">Materias comunes obligatorias<\/a><\/li>\n<li class=\"\"><a href=\"#ert_pane1-1\" data-toggle=\"tab\">Materias optativas auton\u00f3micas<\/a><\/li>\n<li class=\"\"><a href=\"#ert_pane1-2\" data-toggle=\"tab\">Religi\u00f3n \/ Atenci\u00f3n Educativa<\/a><\/li>\n<\/ul>\n<\/div>\n<div style=\"clear: both;width: 100%\">\n<ul id=\"oscitas-restabcontent-1-eso-68834\" class=\"tab-content\">\n<li id=\"ert_pane1-0\" class=\"tab-pane active\">\n<ul>\n<li>Lengua Castellana y Literatura (4 h)<\/li>\n<li>Matem\u00e1ticas (4 h)<\/li>\n<li>Ingl\u00e9s (4 h)<\/li>\n<li>Geograf\u00eda e Historia (3 h)<\/li>\n<li>Biolog\u00eda y Geolog\u00eda (3 h)<\/li>\n<li>M\u00fasica (2 h)<\/li>\n<li>Educaci\u00f3n F\u00edsica (3 h)<\/li>\n<li>Franc\u00e9s (2\u00ba Idioma) o Refuerzo Ling\u00fc\u00edstico (2 h)<\/li>\n<li>Educaci\u00f3n Pl\u00e1stica, Visual y Audiovisual (1 h)<\/li>\n<\/ul>\n<\/li>\n<li id=\"ert_pane1-1\" class=\"tab-pane \">(Se cursa s\u00f3lo una de las siguientes)\n<ul>\n<li>Computaci\u00f3n y Rob\u00f3tica (2 h)<\/li>\n<li>Cultura Cl\u00e1sica (2 h)<\/li>\n<li>Oratoria y Debate (2 h)<\/li>\n<li>Proyecto Interdisciplinar (2 h)<\/li>\n<\/ul>\n<\/li>\n<li id=\"ert_pane1-2\" class=\"tab-pane \">(Se cursa s\u00f3lo una de las siguientes)\n<ul>\n<li>Atenci\u00f3n Educativa (1 h)<\/li>\n<li>Religi\u00f3n (1 h)<\/li>\n<\/ul>\n<\/li>\n<\/ul>\n<\/div>\n<\/div>\n<h2>2\u00ba DE ESO<\/h2>\n<div class=\"osc-res-tab tabbable osc-tabs-left\">\n<div style=\"clear: both;width: 100%\">\n<ul id=\"oscitas-restabs-2-eso-60165\" class=\"nav osc-res-nav nav-tabs osc-tabs-left-ul\">\n<li class=\"active\"><a href=\"#ert_pane2-0\" data-toggle=\"tab\">Materias comunes obligatorias<\/a><\/li>\n<li class=\"\"><a href=\"#ert_pane2-1\" data-toggle=\"tab\">Materias optativas auton\u00f3micas<\/a><\/li>\n<li class=\"\"><a href=\"#ert_pane2-2\" data-toggle=\"tab\">Religi\u00f3n \/ Atenci\u00f3n Educativa<\/a><\/li>\n<\/ul>\n<\/div>\n<div style=\"clear: both;width: 100%\">\n<ul id=\"oscitas-restabcontent-2-eso-60165\" class=\"tab-content\">\n<li id=\"ert_pane2-0\" class=\"tab-pane active\">\n<ul>\n<li>Lengua Castellana y Literatura (4 h)<\/li>\n<li>Matem\u00e1ticas (4 h)<\/li>\n<li>Ingl\u00e9s (4 h)<\/li>\n<li>Geograf\u00eda e Historia (3 h)<\/li>\n<li>F\u00edsica y Qu\u00edmica (3 h)<\/li>\n<li>Tecnolog\u00eda y Digitalizaci\u00f3n (3 h)<\/li>\n<li>Educaci\u00f3n F\u00edsica (2 h)<\/li>\n<li>M\u00fasica (2 h)<\/li>\n<li>Valores C\u00edvicos y \u00c9ticos (1 h)<\/li>\n<\/ul>\n<\/li>\n<li id=\"ert_pane2-1\" class=\"tab-pane \">(Se cursa s\u00f3lo una de las siguientes)\n<ul>\n<li>Computaci\u00f3n y Rob\u00f3tica (2 h)<\/li>\n<li>Cultura Cl\u00e1sica (2 h)<\/li>\n<li>Oratoria y Debate (2 h)<\/li>\n<li>Proyecto Interdisciplinar (2 h)<\/li>\n<li>Franc\u00e9s (2\u00ba Idioma) (2 h)<\/li>\n<li>Proyecto de Educaci\u00f3n Pl\u00e1stica, Visual y Audiovisual (2 h)<\/li>\n<\/ul>\n<\/li>\n<li id=\"ert_pane2-2\" class=\"tab-pane \">(Se cursa s\u00f3lo una de las siguientes)\n<ul>\n<li>Atenci\u00f3n Educativa (1 h)<\/li>\n<li>Religi\u00f3n (1 h)<\/li>\n<\/ul>\n<\/li>\n<\/ul>\n<\/div>\n<\/div>\n<h2>3\u00ba DE ESO<\/h2>\n<div class=\"osc-res-tab tabbable osc-tabs-left\">\n<div style=\"clear: both;width: 100%\">\n<ul id=\"oscitas-restabs-3-eso-33673\" class=\"nav osc-res-nav nav-tabs osc-tabs-left-ul\">\n<li class=\"active\"><a href=\"#ert_pane3-0\" data-toggle=\"tab\">Materias comunes obligatorias<\/a><\/li>\n<li class=\"\"><a href=\"#ert_pane3-1\" data-toggle=\"tab\">Materias optativas auton\u00f3micas<\/a><\/li>\n<li class=\"\"><a href=\"#ert_pane3-2\" data-toggle=\"tab\">Religi\u00f3n \/ Atenci\u00f3n Educativa<\/a><\/li>\n<\/ul>\n<\/div>\n<div style=\"clear: both;width: 100%\">\n<ul id=\"oscitas-restabcontent-3-eso-33673\" class=\"tab-content\">\n<li id=\"ert_pane3-0\" class=\"tab-pane active\">\n<ul>\n<li>Lengua Castellana y Literatura (4 h)<\/li>\n<li>Matem\u00e1ticas (4 h)<\/li>\n<li>Ingl\u00e9s (4 h)<\/li>\n<li>F\u00edsica y Qu\u00edmica (3 h)<\/li>\n<li>Geograf\u00eda e Historia (3 h)<\/li>\n<li>Biolog\u00eda y Geolog\u00eda (2 h)<\/li>\n<li>Educaci\u00f3n Pl\u00e1stica, Visual y Audiovisual (2 h)<\/li>\n<li>Educaci\u00f3n F\u00edsica (2 h)<\/li>\n<li>Tecnolog\u00eda y Digitalizaci\u00f3n (2 h)<\/li>\n<\/ul>\n<\/li>\n<li id=\"ert_pane3-1\" class=\"tab-pane \">(Se cursa s\u00f3lo una de las siguientes)\n<ul>\n<li>Computaci\u00f3n y Rob\u00f3tica (2 h)<\/li>\n<li>Cultura Cl\u00e1sica (2 h)<\/li>\n<li>Cultura del Flamenco (2 h)<\/li>\n<li>Filosof\u00eda y Argumentaci\u00f3n (2 h)<\/li>\n<li>Oratoria y Debate (2 h)<\/li>\n<li>Iniciativa y actividad emprendedora y empresarial (2 h)<\/li>\n<li>Proyecto Interdisciplinar (2 h)<\/li>\n<li>Franc\u00e9s (2\u00ba Idioma) (2 h)<\/li>\n<\/ul>\n<\/li>\n<li id=\"ert_pane3-2\" class=\"tab-pane \">(Se cursa s\u00f3lo una de las siguientes)\n<ul>\n<li>Atenci\u00f3n Educativa (1 h)<\/li>\n<li>Religi\u00f3n (1 h)<\/li>\n<\/ul>\n<\/li>\n<\/ul>\n<\/div>\n<\/div>\n<h2>4\u00ba DE ESO<\/h2>\n<div class=\"osc-res-tab tabbable osc-tabs-left\">\n<div style=\"clear: both;width: 100%\">\n<ul id=\"oscitas-restabs-5-eso-62358\" class=\"nav osc-res-nav nav-tabs osc-tabs-left-ul\">\n<li class=\"active\"><a href=\"#ert_pane5-0\" data-toggle=\"tab\">Materias comunes obligatorias<\/a><\/li>\n<li class=\"\"><a href=\"#ert_pane5-1\" data-toggle=\"tab\">Materias optativas<\/a><\/li>\n<li class=\"\"><a href=\"#ert_pane5-2\" data-toggle=\"tab\">Materias optativas de la comunidad<\/a><\/li>\n<li class=\"\"><a href=\"#ert_pane5-3\" data-toggle=\"tab\">Religi\u00f3n \/ Atenci\u00f3n Educativa<\/a><\/li>\n<\/ul>\n<\/div>\n<div style=\"clear: both;width: 100%\">\n<ul id=\"oscitas-restabcontent-5-eso-62358\" class=\"tab-content\">\n<li id=\"ert_pane5-0\" class=\"tab-pane active\">\n<ul>\n<li>Lengua Castellana y Literatura (4 h)<\/li>\n<li>Matem\u00e1ticas A \/ Matem\u00e1ticas B (4 h)<\/li>\n<li>Ingl\u00e9s (4 h)<\/li>\n<li>Geograf\u00eda e Historia (3 h)<\/li>\n<li>Educaci\u00f3n F\u00edsica (2 h)<\/li>\n<\/ul>\n<\/li>\n<li id=\"ert_pane5-1\" class=\"tab-pane \">(Se cursan s\u00f3lo tres de las siguientes)\n<ul>\n<li>Biolog\u00eda y Geolog\u00eda (3 h)<\/li>\n<li>Digitalizaci\u00f3n (3 h)<\/li>\n<li>Econom\u00eda y Emprendimiento (3 h)<\/li>\n<li>Expresi\u00f3n Art\u00edstica (3 h)<\/li>\n<li>F\u00edsica y Qu\u00edmica (3 h)<\/li>\n<li>Formaci\u00f3n y Orientaci\u00f3n Personal y Profesional (3 h)<\/li>\n<li>Lat\u00edn (3 h)<\/li>\n<li>M\u00fasica (3 h)<\/li>\n<li>Franc\u00e9s (2\u00ba Idioma) (3 h)<\/li>\n<li>Tecnolog\u00eda (3 h)<\/li>\n<\/ul>\n<\/li>\n<li id=\"ert_pane5-2\" class=\"tab-pane \">(Se cursan s\u00f3lo una de las siguientes)\n<ul>\n<li>Ampliaci\u00f3n de Cultura Cl\u00e1sica (2 h)<\/li>\n<li>Aprendizaje Social y Emocional (2 h)<\/li>\n<li>Artes Esc\u00e9nicas y Danza (2 h)<\/li>\n<li>Cultura Cient\u00edfica (2 h)<\/li>\n<li>Filosof\u00eda (2 h)<\/li>\n<li>Proyecto Interdisciplinar (2 h)<\/li>\n<li>Dibujo T\u00e9cnico (2 h)<\/li>\n<\/ul>\n<\/li>\n<li id=\"ert_pane5-3\" class=\"tab-pane \">(Se cursa s\u00f3lo una de las siguientes)\n<ul>\n<li>Atenci\u00f3n Educativa (1 h)<\/li>\n<li>Religi\u00f3n (1 h)<\/li>\n<\/ul>\n<\/li>\n<\/ul>\n<\/div>\n<\/div>\n<p>&nbsp;<\/p>\n","protected":false},"excerpt":{"rendered":"<p>E.S.O. 1\u00ba DE ESO Materias comunes obligatorias Materias optativas auton\u00f3micas Religi\u00f3n \/ Atenci\u00f3n Educativa Lengua Castellana y Literatura (4 h) Matem\u00e1ticas (4 h) Ingl\u00e9s (4 h) Geograf\u00eda e Historia (3 h) Biolog\u00eda y Geolog\u00eda&#46;&#46;&#46;<\/p>\n","protected":false},"author":17058,"featured_media":0,"parent":23,"menu_order":0,"comment_status":"closed","ping_status":"closed","template":"","meta":{"ngg_post_thumbnail":0,"footnotes":""},"aioseo_notices":[],"_links":{"self":[{"href":"https:\/\/blogsaverroes.juntadeandalucia.es\/iesandresperezserrano\/wp-json\/wp\/v2\/pages\/640"}],"collection":[{"href":"https:\/\/blogsaverroes.juntadeandalucia.es\/iesandresperezserrano\/wp-json\/wp\/v2\/pages"}],"about":[{"href":"https:\/\/blogsaverroes.juntadeandalucia.es\/iesandresperezserrano\/wp-json\/wp\/v2\/types\/page"}],"author":[{"embeddable":true,"href":"https:\/\/blogsaverroes.juntadeandalucia.es\/iesandresperezserrano\/wp-json\/wp\/v2\/users\/17058"}],"replies":[{"embeddable":true,"href":"https:\/\/blogsaverroes.juntadeandalucia.es\/iesandresperezserrano\/wp-json\/wp\/v2\/comments?post=640"}],"version-history":[{"count":10,"href":"https:\/\/blogsaverroes.juntadeandalucia.es\/iesandresperezserrano\/wp-json\/wp\/v2\/pages\/640\/revisions"}],"predecessor-version":[{"id":660,"href":"https:\/\/blogsaverroes.juntadeandalucia.es\/iesandresperezserrano\/wp-json\/wp\/v2\/pages\/640\/revisions\/660"}],"up":[{"embeddable":true,"href":"https:\/\/blogsaverroes.juntadeandalucia.es\/iesandresperezserrano\/wp-json\/wp\/v2\/pages\/23"}],"wp:attachment":[{"href":"https:\/\/blogsaverroes.juntadeandalucia.es\/iesandresperezserrano\/wp-json\/wp\/v2\/media?parent=640"}],"curies":[{"name":"wp","href":"https:\/\/api.w.org\/{rel}","templated":true}]}}