{"id":715,"date":"2025-11-19T13:23:33","date_gmt":"2025-11-19T12:23:33","guid":{"rendered":"https:\/\/blogsaverroes.juntadeandalucia.es\/iesandresperezserrano\/?page_id=715"},"modified":"2025-11-19T18:05:13","modified_gmt":"2025-11-19T17:05:13","slug":"programaciones","status":"publish","type":"page","link":"https:\/\/blogsaverroes.juntadeandalucia.es\/iesandresperezserrano\/curso-escolar\/programaciones\/","title":{"rendered":"Programaciones Did\u00e1cticas"},"content":{"rendered":"<div data-subtree=\"aimfl,mfl\" data-processed=\"true\">&nbsp; &nbsp; &nbsp; &nbsp; &nbsp; &nbsp;Las programaciones did\u00e1cticas de nuestro instituto, seg\u00fan la normativa vigente, incluyen la planificaci\u00f3n de objetivos, contenidos, criterios de evaluaci\u00f3n, metodolog\u00eda, recursos y atenci\u00f3n a la diversidad para cada materia. Est\u00e1n alineadas con el curr\u00edculo oficial y se elaboran a inicio de curso, siendo aprobadas por el claustro de profesorado.<\/div>\n<p>&nbsp; &nbsp; &nbsp; &nbsp; &nbsp; &nbsp; En el siguiente enlace podr\u00e1s acceder a las programaciones del curso 2025-2026.<\/p>\n<p>&nbsp;<\/p>\n<p><a href=\"https:\/\/drive.google.com\/drive\/folders\/1Til4NEqSOG1vpNz0HRbHNV6GkJHE4f9j?usp=sharing\">&nbsp; &nbsp; &nbsp; &nbsp; &nbsp; &nbsp; &nbsp; &nbsp; &nbsp; &nbsp; &nbsp; &nbsp; &nbsp; &gt;&gt;Acceso a las Programaciones<\/a><\/p>\n","protected":false},"excerpt":{"rendered":"<p>&nbsp; &nbsp; &nbsp; &nbsp; &nbsp; &nbsp;Las programaciones did\u00e1cticas de nuestro instituto, seg\u00fan la normativa vigente, incluyen la planificaci\u00f3n de objetivos, contenidos, criterios de evaluaci\u00f3n, metodolog\u00eda, recursos y atenci\u00f3n a la diversidad para cada materia.&#46;&#46;&#46;<\/p>\n","protected":false},"author":17058,"featured_media":0,"parent":560,"menu_order":0,"comment_status":"closed","ping_status":"closed","template":"","meta":{"ngg_post_thumbnail":0,"footnotes":""},"aioseo_notices":[],"_links":{"self":[{"href":"https:\/\/blogsaverroes.juntadeandalucia.es\/iesandresperezserrano\/wp-json\/wp\/v2\/pages\/715"}],"collection":[{"href":"https:\/\/blogsaverroes.juntadeandalucia.es\/iesandresperezserrano\/wp-json\/wp\/v2\/pages"}],"about":[{"href":"https:\/\/blogsaverroes.juntadeandalucia.es\/iesandresperezserrano\/wp-json\/wp\/v2\/types\/page"}],"author":[{"embeddable":true,"href":"https:\/\/blogsaverroes.juntadeandalucia.es\/iesandresperezserrano\/wp-json\/wp\/v2\/users\/17058"}],"replies":[{"embeddable":true,"href":"https:\/\/blogsaverroes.juntadeandalucia.es\/iesandresperezserrano\/wp-json\/wp\/v2\/comments?post=715"}],"version-history":[{"count":5,"href":"https:\/\/blogsaverroes.juntadeandalucia.es\/iesandresperezserrano\/wp-json\/wp\/v2\/pages\/715\/revisions"}],"predecessor-version":[{"id":730,"href":"https:\/\/blogsaverroes.juntadeandalucia.es\/iesandresperezserrano\/wp-json\/wp\/v2\/pages\/715\/revisions\/730"}],"up":[{"embeddable":true,"href":"https:\/\/blogsaverroes.juntadeandalucia.es\/iesandresperezserrano\/wp-json\/wp\/v2\/pages\/560"}],"wp:attachment":[{"href":"https:\/\/blogsaverroes.juntadeandalucia.es\/iesandresperezserrano\/wp-json\/wp\/v2\/media?parent=715"}],"curies":[{"name":"wp","href":"https:\/\/api.w.org\/{rel}","templated":true}]}}