{"id":750,"date":"2026-01-11T12:51:02","date_gmt":"2026-01-11T11:51:02","guid":{"rendered":"https:\/\/blogsaverroes.juntadeandalucia.es\/iesandresperezserrano\/?page_id=750"},"modified":"2026-01-17T10:24:36","modified_gmt":"2026-01-17T09:24:36","slug":"erasmus","status":"publish","type":"page","link":"https:\/\/blogsaverroes.juntadeandalucia.es\/iesandresperezserrano\/proyectos-internacionales\/erasmus\/","title":{"rendered":"Erasmus +"},"content":{"rendered":"<p>&nbsp; &nbsp; &nbsp; La internacionalizaci\u00f3n de la educaci\u00f3n se presenta como una herramienta clave para fomentar la innovaci\u00f3n metodol\u00f3gica y el desarrollo competencial, sobre todo en&nbsp; los entornos&nbsp; rurales, con un&nbsp; contexto donde la despoblaci\u00f3n y la falta de oportunidades educativas siguen siendo desaf\u00edos persistentes. Con este prop\u00f3sito, nuestro centro participa en el <strong>Consorcio Erasmus+MEPRural <\/strong>coordinado desde el Centro del Profesorado de Ronda, una iniciativa que re\u00fane a varios centros educativos con el objetivo de impulsar la movilidad, la formaci\u00f3n del profesorado y la cooperaci\u00f3n internacional.<\/p>\n<p>&nbsp; &nbsp; &nbsp;Se han realizado diferentes movilidades con profesorado de nuestro centro:<\/p>\n<p><span style=\"font-family: comic sans ms, sans-serif\"><strong>MOVILIDAD LA FL\u00c8CHE, FRANCIA. NOVIEMBRE 2023<\/strong><\/span><\/p>\n<p>ngg_shortcode_0_placeholder<span style=\"font-family: comic sans ms, sans-serif\"><strong>MOVILIDAD A ANCENIS, FRANCIA. ENERO 2023<\/strong><\/span><\/p>\nngg_shortcode_1_placeholder\n<p><strong><span style=\"font-family: comic sans ms, sans-serif\">MOVILIDAD A INVORIO, ITALIA. SEPTIEMBRE 2022<\/span><\/strong><\/p>\nngg_shortcode_2_placeholder\n<p>&nbsp; &nbsp; &nbsp; &nbsp;Se puede encontrar mas informaci\u00f3n sobre este programa en la p\u00e1gina del CEP de Ronda o en el <a href=\"https:\/\/cepronda.com\/erasmus\/\">enlace.<\/a><\/p>\n","protected":false},"excerpt":{"rendered":"<p>&nbsp; &nbsp; &nbsp; La internacionalizaci\u00f3n de la educaci\u00f3n se presenta como una herramienta clave para fomentar la innovaci\u00f3n metodol\u00f3gica y el desarrollo competencial, sobre todo en&nbsp; los entornos&nbsp; rurales, con un&nbsp; contexto donde la&#46;&#46;&#46;<\/p>\n","protected":false},"author":17058,"featured_media":0,"parent":819,"menu_order":0,"comment_status":"closed","ping_status":"closed","template":"","meta":{"ngg_post_thumbnail":0,"footnotes":""},"aioseo_notices":[],"_links":{"self":[{"href":"https:\/\/blogsaverroes.juntadeandalucia.es\/iesandresperezserrano\/wp-json\/wp\/v2\/pages\/750"}],"collection":[{"href":"https:\/\/blogsaverroes.juntadeandalucia.es\/iesandresperezserrano\/wp-json\/wp\/v2\/pages"}],"about":[{"href":"https:\/\/blogsaverroes.juntadeandalucia.es\/iesandresperezserrano\/wp-json\/wp\/v2\/types\/page"}],"author":[{"embeddable":true,"href":"https:\/\/blogsaverroes.juntadeandalucia.es\/iesandresperezserrano\/wp-json\/wp\/v2\/users\/17058"}],"replies":[{"embeddable":true,"href":"https:\/\/blogsaverroes.juntadeandalucia.es\/iesandresperezserrano\/wp-json\/wp\/v2\/comments?post=750"}],"version-history":[{"count":8,"href":"https:\/\/blogsaverroes.juntadeandalucia.es\/iesandresperezserrano\/wp-json\/wp\/v2\/pages\/750\/revisions"}],"predecessor-version":[{"id":808,"href":"https:\/\/blogsaverroes.juntadeandalucia.es\/iesandresperezserrano\/wp-json\/wp\/v2\/pages\/750\/revisions\/808"}],"up":[{"embeddable":true,"href":"https:\/\/blogsaverroes.juntadeandalucia.es\/iesandresperezserrano\/wp-json\/wp\/v2\/pages\/819"}],"wp:attachment":[{"href":"https:\/\/blogsaverroes.juntadeandalucia.es\/iesandresperezserrano\/wp-json\/wp\/v2\/media?parent=750"}],"curies":[{"name":"wp","href":"https:\/\/api.w.org\/{rel}","templated":true}]}}