{"id":819,"date":"2026-01-17T10:24:07","date_gmt":"2026-01-17T09:24:07","guid":{"rendered":"https:\/\/blogsaverroes.juntadeandalucia.es\/iesandresperezserrano\/?page_id=819"},"modified":"2026-01-17T10:41:21","modified_gmt":"2026-01-17T09:41:21","slug":"proyectos-internacionales","status":"publish","type":"page","link":"https:\/\/blogsaverroes.juntadeandalucia.es\/iesandresperezserrano\/proyectos-internacionales\/","title":{"rendered":"Proyectos Internacionales"},"content":{"rendered":"<p data-start=\"221\" data-end=\"502\">&nbsp; &nbsp; En nuestro IES apostamos firmemente por una educaci\u00f3n abierta al mundo, donde el aprendizaje va m\u00e1s all\u00e1 de las aulas. Por eso impulsamos una <strong data-start=\"363\" data-end=\"409\">oferta de proyectos internacionales<\/strong> que enriquecen tanto la formaci\u00f3n acad\u00e9mica como personal de nuestro alumnado y profesorado.<\/p>\n<p data-start=\"504\" data-end=\"950\">&nbsp; &nbsp; Estos proyectos se enmarcan dentro de iniciativas de cooperaci\u00f3n europea, entre las que destaca <strong data-start=\"600\" data-end=\"612\">Erasmus+<\/strong>, el programa de la Uni\u00f3n Europea que promueve la movilidad educativa, las asociaciones estrat\u00e9gicas y el intercambio de buenas pr\u00e1cticas entre centros de diferentes pa\u00edses. Gracias a Erasmus+ facilitamos experiencias que desarrollan competencias ling\u00fc\u00edsticas, digitales y c\u00edvicas, fomentando as\u00ed la educaci\u00f3n pluriling\u00fce y multicultural.<\/p>\n<p data-start=\"952\" data-end=\"1491\">&nbsp; &nbsp; Un pilar fundamental de nuestra internacionalizaci\u00f3n son los <strong data-start=\"1013\" data-end=\"1042\">intercambios ling\u00fc\u00edsticos<\/strong>, especialmente el que mantenemos con el <strong data-start=\"1083\" data-end=\"1118\">centro Lyc\u00e9e Saint Dominique de Saint-Herblain (Francia)<\/strong>. Este intercambio ofrece al alumnado la oportunidad de convivir con familiares y compa\u00f1eros franceses, participar en actividades acad\u00e9micas y culturales y profundizar en el dominio de la lengua francesa en un contexto real. Asimismo, nuestros estudiantes franceses visitan nuestro centro, fortaleciendo lazos, la competencia comunicativa y el entendimiento entre culturas.<\/p>\n<p data-start=\"1493\" data-end=\"1682\">&nbsp; &nbsp; Todos estos proyectos reflejan nuestro compromiso con una educaci\u00f3n global, inclusiva y transformadora, capaz de preparar al alumnado para los retos de un mundo cada vez m\u00e1s interconectado.<\/p>\n","protected":false},"excerpt":{"rendered":"<p>&nbsp; &nbsp; En nuestro IES apostamos firmemente por una educaci\u00f3n abierta al mundo, donde el aprendizaje va m\u00e1s all\u00e1 de las aulas. Por eso impulsamos una oferta de proyectos internacionales que enriquecen tanto la&#46;&#46;&#46;<\/p>\n","protected":false},"author":17058,"featured_media":0,"parent":0,"menu_order":0,"comment_status":"closed","ping_status":"closed","template":"","meta":{"ngg_post_thumbnail":0,"footnotes":""},"aioseo_notices":[],"_links":{"self":[{"href":"https:\/\/blogsaverroes.juntadeandalucia.es\/iesandresperezserrano\/wp-json\/wp\/v2\/pages\/819"}],"collection":[{"href":"https:\/\/blogsaverroes.juntadeandalucia.es\/iesandresperezserrano\/wp-json\/wp\/v2\/pages"}],"about":[{"href":"https:\/\/blogsaverroes.juntadeandalucia.es\/iesandresperezserrano\/wp-json\/wp\/v2\/types\/page"}],"author":[{"embeddable":true,"href":"https:\/\/blogsaverroes.juntadeandalucia.es\/iesandresperezserrano\/wp-json\/wp\/v2\/users\/17058"}],"replies":[{"embeddable":true,"href":"https:\/\/blogsaverroes.juntadeandalucia.es\/iesandresperezserrano\/wp-json\/wp\/v2\/comments?post=819"}],"version-history":[{"count":3,"href":"https:\/\/blogsaverroes.juntadeandalucia.es\/iesandresperezserrano\/wp-json\/wp\/v2\/pages\/819\/revisions"}],"predecessor-version":[{"id":828,"href":"https:\/\/blogsaverroes.juntadeandalucia.es\/iesandresperezserrano\/wp-json\/wp\/v2\/pages\/819\/revisions\/828"}],"wp:attachment":[{"href":"https:\/\/blogsaverroes.juntadeandalucia.es\/iesandresperezserrano\/wp-json\/wp\/v2\/media?parent=819"}],"curies":[{"name":"wp","href":"https:\/\/api.w.org\/{rel}","templated":true}]}}