{"id":87,"date":"2025-08-26T00:33:49","date_gmt":"2025-08-25T22:33:49","guid":{"rendered":"https:\/\/blogsaverroes.juntadeandalucia.es\/iesandresperezserranocortes\/?page_id=87"},"modified":"2025-11-20T13:19:22","modified_gmt":"2025-11-20T12:19:22","slug":"proyecto-educativo","status":"publish","type":"page","link":"https:\/\/blogsaverroes.juntadeandalucia.es\/iesandresperezserrano\/proyecto-educativo\/","title":{"rendered":"Plan de Centro"},"content":{"rendered":"<div data-subtree=\"aimfl\">&nbsp; &nbsp; &nbsp; &nbsp; El Plan de Centro es un documento que integra los documentos de identidad de un centro educativo<span style=\"color: #000000\">,<\/span> como el Proyecto Educativo (PEC), el Proyecto de Gesti\u00f3n y el Reglamento de Organizaci\u00f3n y Funcionamiento (ROF). Este plan define la identidad del centro, sus objetivos a largo plazo y c\u00f3mo se concretar\u00e1n en decisiones pedag\u00f3gicas, de gesti\u00f3n y de organizaci\u00f3n, siendo una gu\u00eda para toda la comunidad educativa.<\/div>\n<div data-subtree=\"aimfl\">&nbsp; &nbsp; &nbsp; &nbsp;El Plan de Centro es revisado y aprobado a principio de cada curso escolar. Puede acceder al Plan de Centro para el curso 2025-2026 en el siguiente enlace.<\/div>\n<div data-subtree=\"aimfl\">&nbsp;<\/div>\n<div data-subtree=\"aimfl\">&nbsp;<\/div>\n<div data-subtree=\"aimfl\">&nbsp;<\/div>\n<p><iframe loading=\"lazy\" src=\"https:\/\/drive.google.com\/file\/d\/12SEIUlVbF4I01cekjz9JSmWqTYR-Qxpb\/preview\" width=\"1000\" height=\"580\"><\/iframe><\/p>\n<div data-subtree=\"aimfl\">&nbsp;<\/div>\n","protected":false},"excerpt":{"rendered":"<p>&nbsp; &nbsp; &nbsp; &nbsp; El Plan de Centro es un documento que integra los documentos de identidad de un centro educativo, como el Proyecto Educativo (PEC), el Proyecto de Gesti\u00f3n y el Reglamento de&#46;&#46;&#46;<\/p>\n","protected":false},"author":17058,"featured_media":0,"parent":0,"menu_order":0,"comment_status":"closed","ping_status":"closed","template":"","meta":{"ngg_post_thumbnail":0,"footnotes":""},"aioseo_notices":[],"_links":{"self":[{"href":"https:\/\/blogsaverroes.juntadeandalucia.es\/iesandresperezserrano\/wp-json\/wp\/v2\/pages\/87"}],"collection":[{"href":"https:\/\/blogsaverroes.juntadeandalucia.es\/iesandresperezserrano\/wp-json\/wp\/v2\/pages"}],"about":[{"href":"https:\/\/blogsaverroes.juntadeandalucia.es\/iesandresperezserrano\/wp-json\/wp\/v2\/types\/page"}],"author":[{"embeddable":true,"href":"https:\/\/blogsaverroes.juntadeandalucia.es\/iesandresperezserrano\/wp-json\/wp\/v2\/users\/17058"}],"replies":[{"embeddable":true,"href":"https:\/\/blogsaverroes.juntadeandalucia.es\/iesandresperezserrano\/wp-json\/wp\/v2\/comments?post=87"}],"version-history":[{"count":11,"href":"https:\/\/blogsaverroes.juntadeandalucia.es\/iesandresperezserrano\/wp-json\/wp\/v2\/pages\/87\/revisions"}],"predecessor-version":[{"id":741,"href":"https:\/\/blogsaverroes.juntadeandalucia.es\/iesandresperezserrano\/wp-json\/wp\/v2\/pages\/87\/revisions\/741"}],"wp:attachment":[{"href":"https:\/\/blogsaverroes.juntadeandalucia.es\/iesandresperezserrano\/wp-json\/wp\/v2\/media?parent=87"}],"curies":[{"name":"wp","href":"https:\/\/api.w.org\/{rel}","templated":true}]}}