{"id":105,"date":"2021-06-29T08:51:51","date_gmt":"2021-06-29T08:51:51","guid":{"rendered":"https:\/\/blogsaverroes.juntadeandalucia.es\/iesantonioalvarezlopez\/?page_id=105"},"modified":"2023-02-01T18:33:29","modified_gmt":"2023-02-01T16:33:29","slug":"secretaria","status":"publish","type":"page","link":"https:\/\/blogsaverroes.juntadeandalucia.es\/iesantonioalvarezlopez\/secretaria\/","title":{"rendered":"Secretar\u00eda"},"content":{"rendered":"<p style=\"text-align: center\"><span style=\"font-size: 24px\">DESCARGA DE IMPRESOS<\/span><\/p>\n<ul>\n<li><a href=\"https:\/\/blogsaverroes.juntadeandalucia.es\/iesantonioalvarezlopez\/files\/2022\/03\/JUSTIFICANTE-FALTA-DE-ASISTENCIA.pdf\" target=\"_blank\" rel=\"noopener noreferrer\">Justificante de falta de alumnos<\/a><\/li>\n<li><a href=\"https:\/\/blogsaverroes.juntadeandalucia.es\/iesantonioalvarezlopez\/files\/2022\/03\/AUTORIZACI\u00d3N-RECOGIDA.pdf\" target=\"_blank\" rel=\"noopener noreferrer\">Autorizaci\u00f3n a terceros para recoger alumnos<\/a><\/li>\n<li><a href=\"https:\/\/blogsaverroes.juntadeandalucia.es\/iesantonioalvarezlopez\/files\/2023\/02\/SOLICITO-2023.pdf\" target=\"_blank\" rel=\"noopener noreferrer\">Solicitud de car\u00e1cter general&nbsp;<\/a><\/li>\n<li><a href=\"https:\/\/blogsaverroes.juntadeandalucia.es\/iesantonioalvarezlopez\/files\/2022\/03\/SOLICITUD-DE-TUTOR\u00cdA.pdf\" target=\"_blank\" rel=\"noopener noreferrer\">Petici\u00f3n de tutor\u00eda o entrevista con alg\u00fan profesor<\/a><\/li>\n<\/ul>\n","protected":false},"excerpt":{"rendered":"<p>DESCARGA DE IMPRESOS Justificante de falta de alumnos Autorizaci\u00f3n a terceros para recoger alumnos Solicitud de car\u00e1cter general&nbsp; Petici\u00f3n de tutor\u00eda o entrevista con alg\u00fan profesor<\/p>\n","protected":false},"author":10111,"featured_media":0,"parent":0,"menu_order":0,"comment_status":"closed","ping_status":"closed","template":"","meta":{"ngg_post_thumbnail":0,"footnotes":""},"aioseo_notices":[],"_links":{"self":[{"href":"https:\/\/blogsaverroes.juntadeandalucia.es\/iesantonioalvarezlopez\/wp-json\/wp\/v2\/pages\/105"}],"collection":[{"href":"https:\/\/blogsaverroes.juntadeandalucia.es\/iesantonioalvarezlopez\/wp-json\/wp\/v2\/pages"}],"about":[{"href":"https:\/\/blogsaverroes.juntadeandalucia.es\/iesantonioalvarezlopez\/wp-json\/wp\/v2\/types\/page"}],"author":[{"embeddable":true,"href":"https:\/\/blogsaverroes.juntadeandalucia.es\/iesantonioalvarezlopez\/wp-json\/wp\/v2\/users\/10111"}],"replies":[{"embeddable":true,"href":"https:\/\/blogsaverroes.juntadeandalucia.es\/iesantonioalvarezlopez\/wp-json\/wp\/v2\/comments?post=105"}],"version-history":[{"count":4,"href":"https:\/\/blogsaverroes.juntadeandalucia.es\/iesantonioalvarezlopez\/wp-json\/wp\/v2\/pages\/105\/revisions"}],"predecessor-version":[{"id":6676,"href":"https:\/\/blogsaverroes.juntadeandalucia.es\/iesantonioalvarezlopez\/wp-json\/wp\/v2\/pages\/105\/revisions\/6676"}],"wp:attachment":[{"href":"https:\/\/blogsaverroes.juntadeandalucia.es\/iesantonioalvarezlopez\/wp-json\/wp\/v2\/media?parent=105"}],"curies":[{"name":"wp","href":"https:\/\/api.w.org\/{rel}","templated":true}]}}