{"id":150,"date":"2015-03-17T07:48:04","date_gmt":"2015-03-17T07:48:04","guid":{"rendered":"http:\/\/blogsaverroes.juntadeandalucia.es\/pre\/ceip\/?page_id=150"},"modified":"2025-11-27T18:58:49","modified_gmt":"2025-11-27T16:58:49","slug":"filosofia","status":"publish","type":"page","link":"https:\/\/blogsaverroes.juntadeandalucia.es\/iesantonioalvarezlopez\/filosofia\/","title":{"rendered":"Franc\u00e9s"},"content":{"rendered":"<p style=\"text-align: center\"><img loading=\"lazy\" decoding=\"async\" class=\"alignnone size-medium wp-image-2975\" src=\"https:\/\/blogsaverroes.juntadeandalucia.es\/iesantonioalvarezlopez\/files\/2020\/11\/frances-300x200.jpeg\" alt=\"\" width=\"300\" height=\"200\" srcset=\"https:\/\/blogsaverroes.juntadeandalucia.es\/iesantonioalvarezlopez\/files\/2020\/11\/frances-300x200.jpeg 300w, https:\/\/blogsaverroes.juntadeandalucia.es\/iesantonioalvarezlopez\/files\/2020\/11\/frances.jpeg 592w\" sizes=\"(max-width: 300px) 100vw, 300px\" \/><\/p>\n<table style=\"width: 100%\" border=\"0\" align=\"center\">\n<tbody>\n<tr>\n<td style=\"font-family: Georgia, 'Times New Roman', Times, serif;font-size: larger;text-align: center;background-color: #d5edf4\"><span style=\"font-size: 18pt\">Departamento de Franc\u00e9s<\/span><\/td>\n<\/tr>\n<\/tbody>\n<\/table>\n<p>En esta programaci\u00f3n se encuentran incluidos los Criterios de Evaluaci\u00f3n y los programas de refuerzo al alumnado repetidor y con materias pendientes.<\/p>\n<ul>\n<li><a href=\"https:\/\/blogsaverroes.juntadeandalucia.es\/iesantonioalvarezlopez\/files\/2025\/11\/Frances.pdf\" target=\"_blank\" rel=\"noopener\">Programaci\u00f3n 2025\/26<\/a><\/li>\n<li><a href=\"https:\/\/blogsaverroes.juntadeandalucia.es\/iesantonioalvarezlopez\/files\/2024\/07\/Memoria-del-Departamento-de-Frances.pdf\">Memoria 2023\/24<\/a><\/li>\n<\/ul>\n<address>&nbsp;<\/address>\n<address>\n<table style=\"width: 520px\" border=\"0\" align=\"center\">\n<tbody>\n<tr>\n<td style=\"font-family: Georgia, 'Times New Roman', Times, serif;font-size: larger;text-align: center;background-color: #d5edf4\"><span style=\"font-size: 20px\">Recursos educativos<\/span><\/td>\n<\/tr>\n<\/tbody>\n<\/table>\n<\/address>\n<address><a href=\"https:\/\/quizlet.com\/luccaponce2424\/folders\/frances-4o-eso\">Luc\u00eda Ponce Garc\u00eda De Sola &#8211; Quizlet (aprendiendo vocabulario<\/a>)<\/address>\n<hr style=\"height: 1px;width: 200px\" size=\"1\" width=\"200\">\n<p><em><a title=\"niveau 1\" href=\"http:\/\/www.juntadeandalucia.es\/averroes\/centros-tic\/41701870\/helvia\/sitio\/upload\/niveau_120200315T122238Z001.zip\" target=\"_blank\" rel=\"noopener noreferrer\">Niveau 1<\/a><\/em><\/p>\n<p><em><a title=\"niveau 2\" href=\"http:\/\/www.juntadeandalucia.es\/averroes\/centros-tic\/41701870\/helvia\/sitio\/upload\/niveau_220200315T122158Z001.zip\" target=\"_blank\" rel=\"noopener noreferrer\">Niveau 2<\/a><\/em><\/p>\n<p><em><a title=\"niveau 3\" href=\"http:\/\/www.juntadeandalucia.es\/averroes\/centros-tic\/41701870\/helvia\/sitio\/upload\/niveau_320200315T122040Z001.zip\" target=\"_blank\" rel=\"noopener noreferrer\">Niveau 3<\/a><\/em><\/p>\n<hr size=\"1\" width=\"200\">\n<p><em><a title=\"Actividades 1\u00ba ESO\" href=\"http:\/\/www.juntadeandalucia.es\/averroes\/centros-tic\/41701870\/helvia\/sitio\/upload\/Actividades_1ESO.odt\" target=\"_blank\" rel=\"noopener noreferrer\">Actividades 1\u00ba ESO<\/a><\/em><\/p>\n<p><em><a title=\"ACTIVIDADES 2\u00ba ESO\" href=\"http:\/\/www.juntadeandalucia.es\/averroes\/centros-tic\/41701870\/helvia\/sitio\/upload\/ACTIVIDADES_2_ESO.docx\" target=\"_blank\" rel=\"noopener noreferrer\">Actividades 2\u00ba ESO<\/a><\/em><\/p>\n<p><em><a title=\"Activit\u00e9s 3\u00ba ESO\" href=\"http:\/\/www.juntadeandalucia.es\/averroes\/centros-tic\/41701870\/helvia\/sitio\/upload\/Activites_3_ESO.doc\" target=\"_blank\" rel=\"noopener noreferrer\">Actividades 3\u00ba ESO<\/a><\/em><\/p>\n<p style=\"text-align: left\"><em><a title=\"ACTIVIDADES 4\u00ba ESO\" href=\"http:\/\/www.juntadeandalucia.es\/averroes\/centros-tic\/41701870\/helvia\/sitio\/upload\/ACTIVIDADES_4_ESO.docx\" target=\"_blank\" rel=\"noopener noreferrer\">Actividades 4\u00ba ESO<\/a><\/em><\/p>\n<hr size=\"1\" width=\"200\">\n<p><em><a title=\"GRAMM 1\u00ba ESO #AP#Ud. 4#CP#\" href=\"http:\/\/www.juntadeandalucia.es\/averroes\/centros-tic\/41701870\/helvia\/sitio\/upload\/GRAMM_1_ESO__Ud._4.pdf\" target=\"_blank\" rel=\"noopener noreferrer\">GRAMM 1\u00ba ESO&nbsp; (Ud. 4)<\/a><\/em><\/p>\n<p><em><a title=\"GRAMM 2\u00ba ESO #AP#Uds 1-2#CP#\" href=\"http:\/\/www.juntadeandalucia.es\/averroes\/centros-tic\/41701870\/helvia\/sitio\/upload\/GRAMM_2_ESO_Uds_12.pdf\" target=\"_blank\" rel=\"noopener noreferrer\">GRAMM 2\u00ba ESO (Uds 1-2)<\/a><\/em><\/p>\n<p><em><a title=\"GRAMM 3\u00ba ESO #AP#Uds 5-6#CP#\" href=\"http:\/\/www.juntadeandalucia.es\/averroes\/centros-tic\/41701870\/helvia\/sitio\/upload\/GRAMM_3_ESO_Uds_56.pdf\" target=\"_blank\" rel=\"noopener noreferrer\">GRAMM 3\u00ba ESO (Uds 5-6)<\/a><\/em><\/p>\n<p><em><a title=\"GRAMM 4\u00ba ESO #AP#Uds 5-6#CP#\" href=\"http:\/\/www.juntadeandalucia.es\/averroes\/centros-tic\/41701870\/helvia\/sitio\/upload\/GRAMM_4_ESO_Uds_56.pdf\" target=\"_blank\" rel=\"noopener noreferrer\">GRAMM 4\u00ba ESO (Uds 5-6)<\/a><\/em><\/p>\n<p><em><a title=\"Voc 1\u00ba ESO 3er trimestre\" href=\"http:\/\/www.juntadeandalucia.es\/averroes\/centros-tic\/41701870\/helvia\/sitio\/upload\/Voc_1_ESO_3er_trimestre.pdf\" target=\"_blank\" rel=\"noopener noreferrer\">Voc 1\u00ba ESO 3er trimestre<\/a><\/em><\/p>\n<p><em><a title=\"Voc 2\u00ba ESO 3er trimestre\" href=\"http:\/\/www.juntadeandalucia.es\/averroes\/centros-tic\/41701870\/helvia\/sitio\/upload\/Voc_2_ESO_3er_trimestre.pdf\" target=\"_blank\" rel=\"noopener noreferrer\">Voc 2\u00ba ESO 3er trimestre<\/a><\/em><\/p>\n<p><em><a title=\"Voc 3\u00ba ESO 3er trimestre\" href=\"http:\/\/www.juntadeandalucia.es\/averroes\/centros-tic\/41701870\/helvia\/sitio\/upload\/Voc_3_ESO_3er_trimestre.pdf\" target=\"_blank\" rel=\"noopener noreferrer\">Voc 3\u00ba ESO 3er trimestre<\/a><\/em><\/p>\n<p><em><a title=\"Voc 4\u00ba ESO 3er trimestre\" href=\"http:\/\/www.juntadeandalucia.es\/averroes\/centros-tic\/41701870\/helvia\/sitio\/upload\/Voc_4_ESO_3er_trimestre.pdf\" target=\"_blank\" rel=\"noopener noreferrer\">Voc 4\u00ba ESO 3er trimestre<\/a><\/em><\/p>\n","protected":false},"excerpt":{"rendered":"<p>Departamento de Franc\u00e9s En esta programaci\u00f3n se encuentran incluidos los Criterios de Evaluaci\u00f3n y los programas de refuerzo al alumnado repetidor y con materias pendientes. Programaci\u00f3n 2025\/26 Memoria 2023\/24 &nbsp; Recursos educativos Luc\u00eda Ponce&#46;&#46;&#46;<\/p>\n","protected":false},"author":10111,"featured_media":0,"parent":0,"menu_order":0,"comment_status":"closed","ping_status":"open","template":"","meta":{"ngg_post_thumbnail":0,"footnotes":""},"aioseo_notices":[],"_links":{"self":[{"href":"https:\/\/blogsaverroes.juntadeandalucia.es\/iesantonioalvarezlopez\/wp-json\/wp\/v2\/pages\/150"}],"collection":[{"href":"https:\/\/blogsaverroes.juntadeandalucia.es\/iesantonioalvarezlopez\/wp-json\/wp\/v2\/pages"}],"about":[{"href":"https:\/\/blogsaverroes.juntadeandalucia.es\/iesantonioalvarezlopez\/wp-json\/wp\/v2\/types\/page"}],"author":[{"embeddable":true,"href":"https:\/\/blogsaverroes.juntadeandalucia.es\/iesantonioalvarezlopez\/wp-json\/wp\/v2\/users\/10111"}],"replies":[{"embeddable":true,"href":"https:\/\/blogsaverroes.juntadeandalucia.es\/iesantonioalvarezlopez\/wp-json\/wp\/v2\/comments?post=150"}],"version-history":[{"count":10,"href":"https:\/\/blogsaverroes.juntadeandalucia.es\/iesantonioalvarezlopez\/wp-json\/wp\/v2\/pages\/150\/revisions"}],"predecessor-version":[{"id":11897,"href":"https:\/\/blogsaverroes.juntadeandalucia.es\/iesantonioalvarezlopez\/wp-json\/wp\/v2\/pages\/150\/revisions\/11897"}],"wp:attachment":[{"href":"https:\/\/blogsaverroes.juntadeandalucia.es\/iesantonioalvarezlopez\/wp-json\/wp\/v2\/media?parent=150"}],"curies":[{"name":"wp","href":"https:\/\/api.w.org\/{rel}","templated":true}]}}