{"id":162,"date":"2015-03-17T07:51:10","date_gmt":"2015-03-17T07:51:10","guid":{"rendered":"http:\/\/blogsaverroes.juntadeandalucia.es\/pre\/ceip\/?page_id=162"},"modified":"2025-11-27T18:20:34","modified_gmt":"2025-11-27T16:20:34","slug":"tecnologia-3","status":"publish","type":"page","link":"https:\/\/blogsaverroes.juntadeandalucia.es\/iesantonioalvarezlopez\/tecnologia-3\/","title":{"rendered":"Tecnolog\u00eda"},"content":{"rendered":"<p style=\"text-align: center\"><a href=\"https:\/\/blogsaverroes.juntadeandalucia.es\/iesantonioalvarezlopez\/files\/2020\/11\/logo_20-21.png\"><img loading=\"lazy\" decoding=\"async\" class=\"alignnone wp-image-11369\" src=\"https:\/\/blogsaverroes.juntadeandalucia.es\/iesantonioalvarezlopez\/files\/2025\/09\/avion.jpg\" alt=\"\" width=\"410\" height=\"273\" srcset=\"https:\/\/blogsaverroes.juntadeandalucia.es\/iesantonioalvarezlopez\/files\/2025\/09\/avion.jpg 660w, https:\/\/blogsaverroes.juntadeandalucia.es\/iesantonioalvarezlopez\/files\/2025\/09\/avion-300x200.jpg 300w\" sizes=\"(max-width: 410px) 100vw, 410px\" \/><\/a><\/p>\n<table style=\"width: 100%\" border=\"0\" align=\"center\">\n<tbody>\n<tr>\n<td style=\"font-family: Georgia, 'Times New Roman', Times, serif;font-size: larger;text-align: center;background-color: #d5edf4\"><span style=\"font-size: 18pt\">Departamento de Tecnolog\u00eda<\/span><\/td>\n<\/tr>\n<\/tbody>\n<\/table>\n<p>En esta programaci\u00f3n se encuentran incluidos los Criterios de Evaluaci\u00f3n y los programas de refuerzo al alumnado repetidor y con materias pendientes.<\/p>\n<ul>\n<li><a href=\"https:\/\/blogsaverroes.juntadeandalucia.es\/iesantonioalvarezlopez\/files\/2025\/11\/Tecnologia.pdf\" target=\"_blank\" rel=\"noopener\">Programaci\u00f3n 2025\/26<\/a><\/li>\n<li><a href=\"https:\/\/blogsaverroes.juntadeandalucia.es\/iesantonioalvarezlopez\/files\/2024\/07\/Memoria-del-Departamento-de-Tecnologia.pdf\">Memoria 2023\/24<\/a><\/li>\n<\/ul>\n<p>&nbsp;<\/p>\n<address>\n<table style=\"width: 520px\" border=\"0\" align=\"center\">\n<tbody>\n<tr>\n<td style=\"font-family: Georgia, 'Times New Roman', Times, serif;font-size: larger;text-align: center;background-color: #d5edf4\"><span style=\"font-size: 20px\">Recursos educativos<\/span><\/td>\n<\/tr>\n<\/tbody>\n<\/table>\n<\/address>\n<address><span style=\"font-family: georgia,serif\"><a href=\"https:\/\/lchuerta.wordpress.com\/\">Luis Carlos Huerta&nbsp;&#8211; <strong>Blog de Tecnolog\u00eda<\/strong><\/a><\/span><\/p>\n<p style=\"text-align: justify\"><span style=\"font-family: georgia,serif\"><a href=\"http:\/\/apuntesdesdelaula.blogspot.com.es\/\">Jos\u00e9 Luis Garc\u00eda &#8211;&nbsp;<strong>Apuntes desde el aula<\/strong><\/a><\/span><\/p>\n<\/address>\n<p>&nbsp;<\/p>\n<hr style=\"width: 500px\" width=\"500\">\n<p><span style=\"font-family: georgia, palatino;font-size: 14pt\">Miembros del Departamento<\/span><\/p>\n<address><strong style=\"font-family: georgia, palatino\">D. Antonio Manuel Hermoso Ruano<\/strong><br \/>\nProfesor de Tecnolog\u00eda y Digitalizaci\u00f3n de 2\u00ba y 3\u00ba de ESO y EPV de 1\u00ba de ESO.<\/address>\n<address><strong style=\"font-family: georgia, palatino\">D. Luis Carlos Huerta Fern\u00e1ndez<\/strong><br \/>\nCoordinador TDE<br \/>\nProfesor de Tecnolog\u00eda de 4\u00ba de ESO, Digitalizaci\u00f3n de 4\u00ba de ESO,<br \/>\nDibujo T\u00e9cnico de 4\u00ba de ESO y Tecnolog\u00eda e Ingenier\u00eda de 1\u00ba de Bachillerato.<\/address>\n<address><strong style=\"font-family: georgia, palatino\">D. Jos\u00e9 Luis Garc\u00eda S\u00e1nchez<\/strong><br \/>\nJefe de Departamento<br \/>\nProfesor de TIC de 4\u00ba de ESO, Creaci\u00f3n Digital y Pensamiento Computacional de 1\u00ba de Bachillerato,<br \/>\nTecnolog\u00eda e Ingenier\u00eda de 2\u00ba de Bachillerato y Programaci\u00f3n y Computaci\u00f3n de 2\u00ba de Bachillerato.<\/address>\n","protected":false},"excerpt":{"rendered":"<p>Departamento de Tecnolog\u00eda En esta programaci\u00f3n se encuentran incluidos los Criterios de Evaluaci\u00f3n y los programas de refuerzo al alumnado repetidor y con materias pendientes. Programaci\u00f3n 2025\/26 Memoria 2023\/24 &nbsp; Recursos educativos Luis Carlos&#46;&#46;&#46;<\/p>\n","protected":false},"author":10111,"featured_media":0,"parent":0,"menu_order":0,"comment_status":"closed","ping_status":"open","template":"","meta":{"ngg_post_thumbnail":0,"footnotes":""},"aioseo_notices":[],"_links":{"self":[{"href":"https:\/\/blogsaverroes.juntadeandalucia.es\/iesantonioalvarezlopez\/wp-json\/wp\/v2\/pages\/162"}],"collection":[{"href":"https:\/\/blogsaverroes.juntadeandalucia.es\/iesantonioalvarezlopez\/wp-json\/wp\/v2\/pages"}],"about":[{"href":"https:\/\/blogsaverroes.juntadeandalucia.es\/iesantonioalvarezlopez\/wp-json\/wp\/v2\/types\/page"}],"author":[{"embeddable":true,"href":"https:\/\/blogsaverroes.juntadeandalucia.es\/iesantonioalvarezlopez\/wp-json\/wp\/v2\/users\/10111"}],"replies":[{"embeddable":true,"href":"https:\/\/blogsaverroes.juntadeandalucia.es\/iesantonioalvarezlopez\/wp-json\/wp\/v2\/comments?post=162"}],"version-history":[{"count":18,"href":"https:\/\/blogsaverroes.juntadeandalucia.es\/iesantonioalvarezlopez\/wp-json\/wp\/v2\/pages\/162\/revisions"}],"predecessor-version":[{"id":11878,"href":"https:\/\/blogsaverroes.juntadeandalucia.es\/iesantonioalvarezlopez\/wp-json\/wp\/v2\/pages\/162\/revisions\/11878"}],"wp:attachment":[{"href":"https:\/\/blogsaverroes.juntadeandalucia.es\/iesantonioalvarezlopez\/wp-json\/wp\/v2\/media?parent=162"}],"curies":[{"name":"wp","href":"https:\/\/api.w.org\/{rel}","templated":true}]}}