{"id":178,"date":"2015-03-17T07:56:43","date_gmt":"2015-03-17T07:56:43","guid":{"rendered":"http:\/\/blogsaverroes.juntadeandalucia.es\/pre\/ceip\/?page_id=178"},"modified":"2025-11-27T18:52:56","modified_gmt":"2025-11-27T16:52:56","slug":"musica-3","status":"publish","type":"page","link":"https:\/\/blogsaverroes.juntadeandalucia.es\/iesantonioalvarezlopez\/musica-3\/","title":{"rendered":"M\u00fasica"},"content":{"rendered":"<p><a href=\"https:\/\/blogsaverroes.juntadeandalucia.es\/iesantonioalvarezlopez\/files\/2015\/03\/musica.jpg\"><img loading=\"lazy\" decoding=\"async\" class=\"size-medium wp-image-8020 aligncenter\" src=\"https:\/\/blogsaverroes.juntadeandalucia.es\/iesantonioalvarezlopez\/files\/2023\/11\/piano-300x155.jpg\" alt=\"\" width=\"300\" height=\"155\" srcset=\"https:\/\/blogsaverroes.juntadeandalucia.es\/iesantonioalvarezlopez\/files\/2023\/11\/piano-300x155.jpg 300w, https:\/\/blogsaverroes.juntadeandalucia.es\/iesantonioalvarezlopez\/files\/2023\/11\/piano.jpg 500w\" sizes=\"(max-width: 300px) 100vw, 300px\" \/><\/a><\/p>\n<table style=\"width: 100%\" border=\"0\" align=\"center\">\n<tbody>\n<tr>\n<td style=\"font-family: Georgia, 'Times New Roman', Times, serif;font-size: larger;text-align: center;background-color: #d5edf4\"><span style=\"font-size: 18pt\">Departamento de M\u00fasica<\/span><\/td>\n<\/tr>\n<\/tbody>\n<\/table>\n<p>En esta programaci\u00f3n se encuentran incluidos los Criterios de Evaluaci\u00f3n y los programas de refuerzo al alumnado repetidor y con materias pendientes.<\/p>\n<ul>\n<li><a href=\"https:\/\/blogsaverroes.juntadeandalucia.es\/iesantonioalvarezlopez\/files\/2025\/11\/Musica.pdf\" target=\"_blank\" rel=\"noopener\">Programaci\u00f3n 2025\/26<\/a><\/li>\n<li><a href=\"https:\/\/blogsaverroes.juntadeandalucia.es\/iesantonioalvarezlopez\/files\/2024\/07\/Memoria-del-Departamento-de-Musica.pdf\">Memoria 2023\/24<\/a><\/li>\n<\/ul>\n<p>&nbsp;<\/p>\n<address>&nbsp;<\/address>\n","protected":false},"excerpt":{"rendered":"<p>Departamento de M\u00fasica En esta programaci\u00f3n se encuentran incluidos los Criterios de Evaluaci\u00f3n y los programas de refuerzo al alumnado repetidor y con materias pendientes. Programaci\u00f3n 2025\/26 Memoria 2023\/24 &nbsp; &nbsp;<\/p>\n","protected":false},"author":10111,"featured_media":0,"parent":0,"menu_order":0,"comment_status":"closed","ping_status":"open","template":"","meta":{"ngg_post_thumbnail":0,"footnotes":""},"aioseo_notices":[],"_links":{"self":[{"href":"https:\/\/blogsaverroes.juntadeandalucia.es\/iesantonioalvarezlopez\/wp-json\/wp\/v2\/pages\/178"}],"collection":[{"href":"https:\/\/blogsaverroes.juntadeandalucia.es\/iesantonioalvarezlopez\/wp-json\/wp\/v2\/pages"}],"about":[{"href":"https:\/\/blogsaverroes.juntadeandalucia.es\/iesantonioalvarezlopez\/wp-json\/wp\/v2\/types\/page"}],"author":[{"embeddable":true,"href":"https:\/\/blogsaverroes.juntadeandalucia.es\/iesantonioalvarezlopez\/wp-json\/wp\/v2\/users\/10111"}],"replies":[{"embeddable":true,"href":"https:\/\/blogsaverroes.juntadeandalucia.es\/iesantonioalvarezlopez\/wp-json\/wp\/v2\/comments?post=178"}],"version-history":[{"count":10,"href":"https:\/\/blogsaverroes.juntadeandalucia.es\/iesantonioalvarezlopez\/wp-json\/wp\/v2\/pages\/178\/revisions"}],"predecessor-version":[{"id":11892,"href":"https:\/\/blogsaverroes.juntadeandalucia.es\/iesantonioalvarezlopez\/wp-json\/wp\/v2\/pages\/178\/revisions\/11892"}],"wp:attachment":[{"href":"https:\/\/blogsaverroes.juntadeandalucia.es\/iesantonioalvarezlopez\/wp-json\/wp\/v2\/media?parent=178"}],"curies":[{"name":"wp","href":"https:\/\/api.w.org\/{rel}","templated":true}]}}