{"id":2831,"date":"2020-10-04T16:02:41","date_gmt":"2020-10-04T16:02:41","guid":{"rendered":"https:\/\/blogsaverroes.juntadeandalucia.es\/iesgelves\/?page_id=2831"},"modified":"2022-02-08T16:18:42","modified_gmt":"2022-02-08T16:18:42","slug":"plan-covid-19-2","status":"publish","type":"page","link":"https:\/\/blogsaverroes.juntadeandalucia.es\/iesantonioalvarezlopez\/plan-covid-19-2\/","title":{"rendered":"Plan COVID-19"},"content":{"rendered":"<table style=\"width: 100%\" border=\"0\" align=\"center\">\n<tbody>\n<tr>\n<td style=\"font-family: Georgia, 'Times New Roman', Times, serif;font-size: larger;text-align: center;background-color: #d5edf4\"><span style=\"font-size: 18pt\">Plan de Actuaci\u00f3n COVID-19<\/span><\/td>\n<\/tr>\n<\/tbody>\n<\/table>\n<address>&nbsp;<\/address>\n<table style=\"margin-left: auto;margin-right: auto;width: 42.7789%\" border=\"0\">\n<tbody>\n<tr>\n<td style=\"width: 50%\">\n<p style=\"text-align: center\"><span style=\"font-size: 20px\"><strong>PROTOCOLO DE<\/strong><\/span><\/p>\n<p style=\"text-align: center\"><span style=\"font-size: 20px\"><strong>ACTUACI\u00d3N COVID-19<\/strong><\/span><\/p>\n<\/td>\n<td style=\"width: 50%\"><a href=\"https:\/\/blogsaverroes.juntadeandalucia.es\/iesantonioalvarezlopez\/files\/2022\/02\/Protocolo-de-Actuaci\u00f3n-COVID-19-versi\u00f3n-4-de-febrero-de-2022.pdf\" target=\"_blank\" rel=\"noopener noreferrer\"><img loading=\"lazy\" decoding=\"async\" class=\"alignnone size-medium wp-image-4518\" src=\"https:\/\/blogsaverroes.juntadeandalucia.es\/iesantonioalvarezlopez\/files\/2021\/10\/thumb_COVID-213x300.png\" alt=\"\" width=\"213\" height=\"300\" srcset=\"https:\/\/blogsaverroes.juntadeandalucia.es\/iesantonioalvarezlopez\/files\/2021\/10\/thumb_COVID-213x300.png 213w, https:\/\/blogsaverroes.juntadeandalucia.es\/iesantonioalvarezlopez\/files\/2021\/10\/thumb_COVID.png 305w\" sizes=\"(max-width: 213px) 100vw, 213px\" \/><\/a><\/td>\n<\/tr>\n<\/tbody>\n<\/table>\n<p>&nbsp;<\/p>\n<table style=\"margin-left: auto;margin-right: auto;width: 42.7789%\" border=\"0\">\n<tbody>\n<tr>\n<td style=\"width: 50%\">\n<p style=\"text-align: center\"><span style=\"font-size: 20px\"><b>SEGUIMIENTO Y EVALUACI\u00d3N DEL PROTOCOLO COVID<\/b><\/span><\/p>\n<\/td>\n<td style=\"width: 50%\"><a href=\"https:\/\/blogsaverroes.juntadeandalucia.es\/iesantonioalvarezlopez\/files\/2021\/03\/Seguimiento-y-evaluaci\u00f3n-del-Protocolo-de-Actuaci\u00f3n-COVID-19.pdf\"><img loading=\"lazy\" decoding=\"async\" class=\"alignnone size-full wp-image-3727\" src=\"https:\/\/blogsaverroes.juntadeandalucia.es\/iesantonioalvarezlopez\/files\/2021\/03\/thumb_seguimientoCOVID.jpg\" alt=\"\" width=\"484\" height=\"343\" srcset=\"https:\/\/blogsaverroes.juntadeandalucia.es\/iesantonioalvarezlopez\/files\/2021\/03\/thumb_seguimientoCOVID.jpg 484w, https:\/\/blogsaverroes.juntadeandalucia.es\/iesantonioalvarezlopez\/files\/2021\/03\/thumb_seguimientoCOVID-300x213.jpg 300w\" sizes=\"(max-width: 484px) 100vw, 484px\" \/><\/a><\/td>\n<\/tr>\n<\/tbody>\n<\/table>\n<address>&nbsp;<\/address>\n<address>\n<table style=\"width: 100%\" border=\"0\" align=\"center\">\n<tbody>\n<tr>\n<td style=\"width: 50%;font-family: Georgia, 'Times New Roman', Times, serif;font-size: larger;text-align: center;background-color: #d5edf4\"><span style=\"font-size: 20px\">Plan de Acogida a las Familias<\/span><\/td>\n<\/tr>\n<\/tbody>\n<\/table>\n<\/address>\n<address>&nbsp;<\/address>\n<table style=\"margin-left: auto;margin-right: auto\" border=\"0\">\n<tbody>\n<tr>\n<td>\n<p style=\"text-align: center\"><span style=\"font-size: 20px\"><strong>PLAN DE ACOGIDA<\/strong><\/span><\/p>\n<p style=\"text-align: center\"><span style=\"font-size: 20px\"><strong>A LAS FAMILIAS<\/strong><\/span><\/p>\n<\/td>\n<td>\n<p style=\"text-align: center\"><a href=\"https:\/\/blogsaverroes.juntadeandalucia.es\/iesgelves\/files\/2021\/10\/PLAN-ACOGIDA-FAMILIAS-SEPTIEMBRE-2021.pdf\"><img loading=\"lazy\" decoding=\"async\" class=\"alignnone wp-image-4519\" src=\"https:\/\/blogsaverroes.juntadeandalucia.es\/iesantonioalvarezlopez\/files\/2021\/10\/thumb_Acogida-300x226.png\" alt=\"\" width=\"227\" height=\"171\" srcset=\"https:\/\/blogsaverroes.juntadeandalucia.es\/iesantonioalvarezlopez\/files\/2021\/10\/thumb_Acogida-300x226.png 300w, https:\/\/blogsaverroes.juntadeandalucia.es\/iesantonioalvarezlopez\/files\/2021\/10\/thumb_Acogida.png 312w\" sizes=\"(max-width: 227px) 100vw, 227px\" \/><\/a><\/p>\n<\/td>\n<\/tr>\n<\/tbody>\n<\/table>\n<p>&nbsp;<\/p>\n<p>&nbsp;<\/p>\n<p style=\"text-align: center\">&nbsp;<\/p>\n<dl><\/dl>\n","protected":false},"excerpt":{"rendered":"<p>Plan de Actuaci\u00f3n COVID-19 &nbsp; PROTOCOLO DE ACTUACI\u00d3N COVID-19 &nbsp; SEGUIMIENTO Y EVALUACI\u00d3N DEL PROTOCOLO COVID &nbsp; Plan de Acogida a las Familias &nbsp; PLAN DE ACOGIDA A LAS FAMILIAS &nbsp; &nbsp; &nbsp;<\/p>\n","protected":false},"author":10111,"featured_media":0,"parent":0,"menu_order":0,"comment_status":"closed","ping_status":"closed","template":"","meta":{"ngg_post_thumbnail":0,"footnotes":""},"aioseo_notices":[],"_links":{"self":[{"href":"https:\/\/blogsaverroes.juntadeandalucia.es\/iesantonioalvarezlopez\/wp-json\/wp\/v2\/pages\/2831"}],"collection":[{"href":"https:\/\/blogsaverroes.juntadeandalucia.es\/iesantonioalvarezlopez\/wp-json\/wp\/v2\/pages"}],"about":[{"href":"https:\/\/blogsaverroes.juntadeandalucia.es\/iesantonioalvarezlopez\/wp-json\/wp\/v2\/types\/page"}],"author":[{"embeddable":true,"href":"https:\/\/blogsaverroes.juntadeandalucia.es\/iesantonioalvarezlopez\/wp-json\/wp\/v2\/users\/10111"}],"replies":[{"embeddable":true,"href":"https:\/\/blogsaverroes.juntadeandalucia.es\/iesantonioalvarezlopez\/wp-json\/wp\/v2\/comments?post=2831"}],"version-history":[{"count":7,"href":"https:\/\/blogsaverroes.juntadeandalucia.es\/iesantonioalvarezlopez\/wp-json\/wp\/v2\/pages\/2831\/revisions"}],"predecessor-version":[{"id":5063,"href":"https:\/\/blogsaverroes.juntadeandalucia.es\/iesantonioalvarezlopez\/wp-json\/wp\/v2\/pages\/2831\/revisions\/5063"}],"wp:attachment":[{"href":"https:\/\/blogsaverroes.juntadeandalucia.es\/iesantonioalvarezlopez\/wp-json\/wp\/v2\/media?parent=2831"}],"curies":[{"name":"wp","href":"https:\/\/api.w.org\/{rel}","templated":true}]}}