{"id":330,"date":"2015-03-18T07:11:43","date_gmt":"2015-03-18T07:11:43","guid":{"rendered":"http:\/\/blogsaverroes.juntadeandalucia.es\/pre\/ceip\/?page_id=330"},"modified":"2015-03-18T07:11:43","modified_gmt":"2015-03-18T07:11:43","slug":"bibliop","status":"publish","type":"page","link":"https:\/\/blogsaverroes.juntadeandalucia.es\/iesantonioalvarezlopez\/biblioteca-2\/bibliop\/","title":{"rendered":"Cat\u00e1logo"},"content":{"rendered":"<p><img loading=\"lazy\" decoding=\"async\" class=\"alignnone size-medium wp-image-551\" src=\"http:\/\/blogsaverroes.juntadeandalucia.es\/temafrontieries\/files\/2014\/12\/libros1-300x246.png\" alt=\"libros1\" width=\"300\" height=\"246\" srcset=\"https:\/\/blogsaverroes.juntadeandalucia.es\/iesantonioalvarezlopez\/files\/2014\/12\/libros1-300x246.png 300w, https:\/\/blogsaverroes.juntadeandalucia.es\/iesantonioalvarezlopez\/files\/2014\/12\/libros1.png 640w\" sizes=\"(max-width: 300px) 100vw, 300px\" \/><\/p>\n<div>\n<div class=\"titulo_texto_educacion\"><strong>Red de Bibliotecas P\u00fablicas de Andaluc\u00eda<\/strong><\/div>\n<div class=\"titulo_texto_educacion\">Si no encuentras un libro, un DVD, un CD-Rom, etc. en nuestra biblioteca, puedes acceder a este cat\u00e1logo y realizar una&nbsp;<a title=\"http:\/\/www.juntadeandalucia.es\/cultura\/absys\/abnopac\/ \" href=\"http:\/\/www.juntadeandalucia.es\/cultura\/absys\/abnopac\/\">consulta.<\/a><\/div>\n<div class=\"titulo_texto_educacion\">Aqu\u00ed podr\u00e1s ver d\u00f3nde se encuentra, si est\u00e1 disponible, reservarlo&#8230;<\/div>\n<div class=\"titulo_texto_educacion\">\u00bfA\u00fan no eres socio de la Red de Bibliotecas P\u00fablicas? \u00bfA qu\u00e9 esperas? Es gratuito y puedes encontrar lo que quieras.&nbsp;<\/div>\n<\/div>\n","protected":false},"excerpt":{"rendered":"<p>Red de Bibliotecas P\u00fablicas de Andaluc\u00eda Si no encuentras un libro, un DVD, un CD-Rom, etc. en nuestra biblioteca, puedes acceder a este cat\u00e1logo y realizar una&nbsp;consulta. Aqu\u00ed podr\u00e1s ver d\u00f3nde se encuentra, si&#46;&#46;&#46;<\/p>\n","protected":false},"author":10111,"featured_media":0,"parent":4360,"menu_order":0,"comment_status":"closed","ping_status":"open","template":"","meta":{"ngg_post_thumbnail":0,"footnotes":""},"aioseo_notices":[],"_links":{"self":[{"href":"https:\/\/blogsaverroes.juntadeandalucia.es\/iesantonioalvarezlopez\/wp-json\/wp\/v2\/pages\/330"}],"collection":[{"href":"https:\/\/blogsaverroes.juntadeandalucia.es\/iesantonioalvarezlopez\/wp-json\/wp\/v2\/pages"}],"about":[{"href":"https:\/\/blogsaverroes.juntadeandalucia.es\/iesantonioalvarezlopez\/wp-json\/wp\/v2\/types\/page"}],"author":[{"embeddable":true,"href":"https:\/\/blogsaverroes.juntadeandalucia.es\/iesantonioalvarezlopez\/wp-json\/wp\/v2\/users\/10111"}],"replies":[{"embeddable":true,"href":"https:\/\/blogsaverroes.juntadeandalucia.es\/iesantonioalvarezlopez\/wp-json\/wp\/v2\/comments?post=330"}],"version-history":[{"count":0,"href":"https:\/\/blogsaverroes.juntadeandalucia.es\/iesantonioalvarezlopez\/wp-json\/wp\/v2\/pages\/330\/revisions"}],"up":[{"embeddable":true,"href":"https:\/\/blogsaverroes.juntadeandalucia.es\/iesantonioalvarezlopez\/wp-json\/wp\/v2\/pages\/4360"}],"wp:attachment":[{"href":"https:\/\/blogsaverroes.juntadeandalucia.es\/iesantonioalvarezlopez\/wp-json\/wp\/v2\/media?parent=330"}],"curies":[{"name":"wp","href":"https:\/\/api.w.org\/{rel}","templated":true}]}}