{"id":3315,"date":"2020-12-04T23:12:42","date_gmt":"2020-12-04T23:12:42","guid":{"rendered":"https:\/\/blogsaverroes.juntadeandalucia.es\/iesgelves\/?page_id=3315"},"modified":"2023-05-17T10:09:02","modified_gmt":"2023-05-17T08:09:02","slug":"programa-comunica-2","status":"publish","type":"page","link":"https:\/\/blogsaverroes.juntadeandalucia.es\/iesantonioalvarezlopez\/programa-comunica-2\/","title":{"rendered":"Programa ComunicA"},"content":{"rendered":"<p style=\"text-align: center\"><a href=\"https:\/\/blogsaverroes.juntadeandalucia.es\/iesantonioalvarezlopez\/files\/2020\/12\/ComunicA_logo.png\"><img loading=\"lazy\" decoding=\"async\" class=\"alignnone size-medium wp-image-3317\" src=\"https:\/\/blogsaverroes.juntadeandalucia.es\/iesantonioalvarezlopez\/files\/2020\/12\/ComunicA_logo-300x100.png\" alt=\"\" width=\"300\" height=\"100\" srcset=\"https:\/\/blogsaverroes.juntadeandalucia.es\/iesantonioalvarezlopez\/files\/2020\/12\/ComunicA_logo-300x100.png 300w, https:\/\/blogsaverroes.juntadeandalucia.es\/iesantonioalvarezlopez\/files\/2020\/12\/ComunicA_logo.png 600w\" sizes=\"(max-width: 300px) 100vw, 300px\" \/><\/a><\/p>\n<p><b><i>El programa ComunicA, desarrollado por los profesores de las \u00e1reas ling\u00fc\u00edstica y socioling\u00fc\u00edstica, pretende contribuir a la mejora de la expresi\u00f3n del alumnado. Para ello, se proponen diversas actividades, tanto de oralidad como de escritura, planteadas desde una perspectiva l\u00fadica y sustentadas sobre las m\u00faltiples posibilidades que ofrecen las herramientas digitales (TIC).<\/i><\/b><\/p>\n<p>&nbsp;<\/p>\n<p>SOCIALNETWORK<\/p>\n<p>En un mundo cada vez m\u00e1s globalizado y en el que las redes sociales y la comunicaci\u00f3n audiovisual copan, cada vez, mayores cotas en las vidas de nuestros alumnos, es esencial que estos tengan herramientas para saber distinguir qu\u00e9 fuentes de informaci\u00f3n son fiables y cu\u00e1les no, c\u00f3mo interactuar en las redes sociales, qu\u00e9 contenidos son aptos para poder difundir y compartir y cu\u00e1les no, c\u00f3mo crear contenidos multimedia como forma de expresi\u00f3n\u2026 Con estos objetivos ha nacido una materia de dise\u00f1o propio para 1\u00ba de Bachillerato, Creaci\u00f3n Audiovisual y Social Networking, que pretende educar a los alumnos&nbsp; en un uso correcto de las redes sociales y trabajar y mejorar la competencia digital del alumnado y, por tanto, la alfabetizaci\u00f3n audiovisual. De esta manera, en este enlace se pueden ver los trabajos que, los alumnos de esta materia, ir\u00e1n desarrollando a lo largo de este curso como la creaci\u00f3n de un Scape&nbsp;Room, v\u00eddeos, podcast&#8230; \u00a1Esperamos que os guste y os d\u00e9 ideas!<\/p>\n<p><iframe loading=\"lazy\" src=\"https:\/\/www.symbaloo.com\/embed\/shared\/AAAABFw9-18AA41_lcz8vg==\" width=\"930px\" height=\"620px\" frameborder=\"0\"><\/iframe><\/p>\n<p>&nbsp;<\/p>\n<p>ESCRIBIR CON TRABAS<\/p>\n<p><iframe loading=\"lazy\" src=\"https:\/\/padlet.com\/embed\/yoivm8rx7hzdsrz9\" width=\"100%\" height=\"400\" frameborder=\"0\"><\/iframe><\/p>\n<p>&nbsp;<\/p>\n<p>CALIGRAMAS: EL ESP\u00cdRITU DE LA NAVIDAD<\/p>\n<p><span style=\"font-weight: 400\">Los alumnos de 2\u00ba de ESO, y algunos alumnos de 4\u00ba, han trabajado este curso los poemas visuales, caligramas, con la tem\u00e1tica de la Navidad. Para ello, han elegido las letras de villancicos y las han plasmado en dibujos con motivos navide\u00f1os. El resultado, como se puede observar en las fotograf\u00edas, son estas hermosas composiciones. La escritura creativa sigue dando grandes satisfacciones a alumnos y profesores. \u00a1Enhorabuena!<\/span><\/p>\nngg_shortcode_0_placeholder\n<p>POES\u00cdA DEL APAG\u00d3N<\/p>\n<p><span style=\"font-weight: 400\">Este a\u00f1o, para conmemorar el D\u00eda del Libro, nuestros alumnos de 1\u00ba, 2\u00ba y 4\u00ba de ESO han creado sus propios poemas a trav\u00e9s de la t\u00e9cnica conocida como <\/span><i><span style=\"font-weight: 400\">Black out poetry<\/span><\/i><span style=\"font-weight: 400\"> o, en castellano, <\/span><i><span style=\"font-weight: 400\">Poes\u00eda del apag\u00f3n<\/span><\/i><span style=\"font-weight: 400\">. Esta t\u00e9cnica, idea original del autor, dibujante y dise\u00f1ador web, Austin Kleon, consiste en ocultar palabras de un libro, revista, peri\u00f3dico\u2026 y dejar visibles s\u00f3lo las palabras que formar\u00e1n parte de nuestro poema.<\/span><\/p>\n<p><span style=\"font-weight: 400\">Nosotros hemos realizado esta actividad desde los departamentos de Lengua castellana y Literatura, Franc\u00e9s e Ingl\u00e9s, y aqu\u00ed se puede&nbsp; apreciar algunos de los resultados finales.&nbsp;<\/span><\/p>\nngg_shortcode_1_placeholder\n<p>ENCUENTROS LITERARIOS<\/p>\n<p><span style=\"font-weight: 400\">A lo largo del curso, ComunicA en colaboraci\u00f3n con el Plan de Biblioteca, el Plan de Lectura del centro y la Biblioteca municipal Antonio \u00c1lvarez L\u00f3pez de Gelves, ha organizado varios encuentros con escritores juveniles.&nbsp;<\/span><\/p>\n<p><span style=\"font-weight: 400\">El primero tuvo lugar el pasado 27 de marzo y el autor elegido fue Eloy Moreno. El escritor mantuvo una reuni\u00f3n telem\u00e1tica con nuestros j\u00f3venes estudiantes de 3\u00ba de ESO para hablar de su obra <\/span><i><span style=\"font-weight: 400\">Invisible<\/span><\/i><span style=\"font-weight: 400\">, adem\u00e1s de otras curiosidades del proceso creador.<\/span><\/p>\n<p><span style=\"font-weight: 400\">Por su parte, la escritora Care Santos acudi\u00f3 a la biblioteca de nuestro instituto el 29 de marzo para ofrecer una charla a los alumnos de 1\u00ba de Bachillerato. En esta ocasi\u00f3n, la obra elegida fue <\/span><i><span style=\"font-weight: 400\">Ben<\/span><\/i><span style=\"font-weight: 400\">, libro que toma forma a partir de su saga <\/span><i><span style=\"font-weight: 400\">Mentira<\/span><\/i><span style=\"font-weight: 400\">, <\/span><i><span style=\"font-weight: 400\">Verdad <\/span><\/i><span style=\"font-weight: 400\">y <\/span><i><span style=\"font-weight: 400\">Miedo <\/span><\/i><span style=\"font-weight: 400\">y que tanto ha gustado a nuestros alumnos.<\/span><\/p>\n<p><span style=\"font-weight: 400\">\u00a1Una semana muy literaria, antesala del D\u00eda del Libro!<\/span><\/p>\nngg_shortcode_2_placeholder\n<p>VISITA DE LOS ALUMNOS A CADENA SER Y CANAL SUR<\/p>\n<p><span style=\"font-weight: 400\">El pasado 9 de mayo, los alumnos de 4\u00ba de ESO participaron como p\u00fablico y, tambi\u00e9n, como entrevistadores en el programa \u201cHoy por hoy\u201d de la Cadena Ser de Radio Sevilla.&nbsp;<\/span><\/p>\n<p><span style=\"font-weight: 400\">Durante el programa, algunos de nuestros estudiantes ejercieron como locutores y pudieron conocer y preguntar algunas curiosidades al ex teniente de alcalde del ayuntamiento de Sevilla, Antonio Rodr\u00edguez Almod\u00f3var.&nbsp;<\/span><\/p>\n<p><span style=\"font-weight: 400\">Adem\u00e1s, otro grupo de alumnos, particip\u00f3 en la entrevista que Salom\u00f3n Hachuel realiz\u00f3 a Juan Antonio Jim\u00e9nez, subdirector t\u00e9cnico del Rescue Great Day y Luis L\u00f3pez, responsable del Servicio de Bomberos de Sevilla, con motivo de la celebraci\u00f3n en Sevilla de la quinta edici\u00f3n de Rescue Great Day.<\/span><\/p>\n<p><span style=\"font-weight: 400\">Por \u00faltimo, estos estudiantes tambi\u00e9n conocieron los estudios de Canal Sur y vieron la grabaci\u00f3n de algunos de sus programas.<\/span><\/p>\n<p><span style=\"font-weight: 400\">Estas visitas se engloban dentro de las actividades que Radio Radial, radio escolar del centro, ha organizado para dar a conocer a nuestros j\u00f3venes los entresijos de los medios de comunicaci\u00f3n.<\/span><\/p>\n<p>ngg_shortcode_3_placeholder<span style=\"font-weight: 400\">En los siguientes podcast del programa Hoy por hoy de Cadena SER pueden escucharse las intervenciones de nuestros alumnos. Todo un orgullo para el centro.<\/span><\/p>\n<p><a href=\"https:\/\/drive.google.com\/file\/d\/1_e9zuiNh_0jhe_ja1YiIU4GHG4es7OfO\/view?usp=sharing\">Podcast: CADENA SER_Rescue Great Day<\/a><\/p>\n<p><a href=\"https:\/\/drive.google.com\/file\/d\/1SdKjKXTSJhw4fTYTTzhrPR1ZGVGjW7YO\/view?usp=sharing\">Podcast: CADENA SER_RODR\u00cdGUEZ ALMOD\u00d3VAR<\/a><\/p>\n<p>&nbsp;<\/p>\n<p>GANADORES DEL CONCURSO DE HAIKUS DEL CURSO 2021\/22<\/p>\n<p><span style=\"font-weight: 400\">El pasado 16 de mayo se entregaron los premios a los ganadores del concurso de Haikus correspondiente al curso pasado, 2021\/22. Lola Pichardo Pozo es la ganadora de la categor\u00eda de 1\u00ba y 2\u00ba de ESO y Juan Jos\u00e9 Llera Esca\u00f1o es el ganador de la categor\u00eda de 3\u00ba y 4\u00ba de ESO. Nuestra m\u00e1s sincera enhorabuena a ambos.<\/span><\/p>\nngg_shortcode_4_placeholder\n<p>&nbsp;<\/p>\n<p>CALIGRAMAS<\/p>\n<p>Los alumnos de 2\u00ba de ESO han trabajado este curso los poemas visuales, caligramas, y han conseguido crear algunas composiciones tan hermosas como las que se pueden observar en las fotograf\u00edas. La escritura creativa sigue dando grandes satisfacciones a alumnos y profesores. \u00a1Enhorabuena!<\/p>\nngg_shortcode_5_placeholder\n<p>PALINDROMES<\/p>\n<p>El departamento de Ingl\u00e9s, como cada curso, colabora activamente en las actividades propuestas por el programa ComunicA. En esta ocasi\u00f3n, han sido los alumnos de 1\u00ba de ESO los que se han devanado los sesos para conseguir algunos pal\u00edndromos en esta lengua extranjera. La tarea no ha sido f\u00e1cil, sin embargo, aqu\u00ed podemos ver sus resultados. \u00a1Felicidades!<\/p>\n<p><a href=\"https:\/\/blogsaverroes.juntadeandalucia.es\/iesantonioalvarezlopez\/files\/2022\/06\/Palindrome-scaled.jpg\"><img loading=\"lazy\" decoding=\"async\" class=\"aligncenter wp-image-5734 size-medium\" src=\"https:\/\/blogsaverroes.juntadeandalucia.es\/iesantonioalvarezlopez\/files\/2022\/06\/Palindrome-300x228.jpg\" alt=\"\" width=\"300\" height=\"228\" srcset=\"https:\/\/blogsaverroes.juntadeandalucia.es\/iesantonioalvarezlopez\/files\/2022\/06\/Palindrome-300x228.jpg 300w, https:\/\/blogsaverroes.juntadeandalucia.es\/iesantonioalvarezlopez\/files\/2022\/06\/Palindrome-1024x778.jpg 1024w, https:\/\/blogsaverroes.juntadeandalucia.es\/iesantonioalvarezlopez\/files\/2022\/06\/Palindrome-768x583.jpg 768w, https:\/\/blogsaverroes.juntadeandalucia.es\/iesantonioalvarezlopez\/files\/2022\/06\/Palindrome-1536x1166.jpg 1536w, https:\/\/blogsaverroes.juntadeandalucia.es\/iesantonioalvarezlopez\/files\/2022\/06\/Palindrome-2048x1555.jpg 2048w\" sizes=\"(max-width: 300px) 100vw, 300px\" \/><\/a><\/p>\n<p>&nbsp;<\/p>\n<p>LECTURA, REFLEXI\u00d3N Y DEBATE<\/p>\n<p>Nuestra compa\u00f1era Purificaci\u00f3n Astorga, profesora del departamento de Geograf\u00eda e Historia, ha llevado a cabo una actividad en colaboraci\u00f3n con la biblioteca Fundaci\u00f3n Tres Culturas. La profesora pidi\u00f3 en pr\u00e9stamo ejemplares suficientes de la novela gr\u00e1fica <a href=\"https:\/\/www.normaeditorial.com\/ficha\/comic-europeo\/guantanamo-kid-la-historia-verdadera-de-mohammed-el-gorani\">Guant\u00e1namo Kid<\/a> para leerla con su grupo de Valores \u00e9ticos de 3\u00ba de ESO. Para ello, dedic\u00f3 tres sesiones para su lectura en clase, otra a realizar una ficha de trabajo y una \u00faltima a debatir sobre el tema.<\/p>\n<p>La actividad ha contado con una gran participaci\u00f3n del alumnado que se ha mostrado muy entusiasmado. Lectura, reflexi\u00f3n y expresi\u00f3n oral a trav\u00e9s del debate, han sido las diferentes destrezas que se han desarrollado en esta actividad, adem\u00e1s de implicar a otras instituciones como la biblioteca de la Fundaci\u00f3n Tres Culturas. Sin duda, un trabajo excepcional que ha venido para quedarse.<\/p>\nngg_shortcode_6_placeholder\n<p>MIS MUJERES FAVORITAS<\/p>\n<p>El departamento de Lengua castellana y Literatura, con nuestra compa\u00f1era Roc\u00edo Gonz\u00e1lez a la cabeza, ha llevado a cabo, con motivo del D\u00eda de la Mujer, una hermosa actividad que nos ha servido para trabajar, por un lado, el texto descriptivo y, por otro, poner en valor el papel de muchas mujeres cercanas a nuestros alumnos y alumnas (madres, abuelas, hermanas, t\u00edas\u2026) por las que ellos sienten una profunda admiraci\u00f3n. Aqu\u00ed se puede observar algunos de los trabajos desarrollados por el alumnado de 1\u00ba de ESO. \u00a1Felicidades!<\/p>\nngg_shortcode_7_placeholder\n","protected":false},"excerpt":{"rendered":"<p>El programa ComunicA, desarrollado por los profesores de las \u00e1reas ling\u00fc\u00edstica y socioling\u00fc\u00edstica, pretende contribuir a la mejora de la expresi\u00f3n del alumnado. Para ello, se proponen diversas actividades, tanto de oralidad como de&#46;&#46;&#46;<\/p>\n","protected":false},"author":10111,"featured_media":0,"parent":0,"menu_order":0,"comment_status":"closed","ping_status":"closed","template":"","meta":{"ngg_post_thumbnail":0,"footnotes":""},"aioseo_notices":[],"_links":{"self":[{"href":"https:\/\/blogsaverroes.juntadeandalucia.es\/iesantonioalvarezlopez\/wp-json\/wp\/v2\/pages\/3315"}],"collection":[{"href":"https:\/\/blogsaverroes.juntadeandalucia.es\/iesantonioalvarezlopez\/wp-json\/wp\/v2\/pages"}],"about":[{"href":"https:\/\/blogsaverroes.juntadeandalucia.es\/iesantonioalvarezlopez\/wp-json\/wp\/v2\/types\/page"}],"author":[{"embeddable":true,"href":"https:\/\/blogsaverroes.juntadeandalucia.es\/iesantonioalvarezlopez\/wp-json\/wp\/v2\/users\/10111"}],"replies":[{"embeddable":true,"href":"https:\/\/blogsaverroes.juntadeandalucia.es\/iesantonioalvarezlopez\/wp-json\/wp\/v2\/comments?post=3315"}],"version-history":[{"count":20,"href":"https:\/\/blogsaverroes.juntadeandalucia.es\/iesantonioalvarezlopez\/wp-json\/wp\/v2\/pages\/3315\/revisions"}],"predecessor-version":[{"id":7330,"href":"https:\/\/blogsaverroes.juntadeandalucia.es\/iesantonioalvarezlopez\/wp-json\/wp\/v2\/pages\/3315\/revisions\/7330"}],"wp:attachment":[{"href":"https:\/\/blogsaverroes.juntadeandalucia.es\/iesantonioalvarezlopez\/wp-json\/wp\/v2\/media?parent=3315"}],"curies":[{"name":"wp","href":"https:\/\/api.w.org\/{rel}","templated":true}]}}