{"id":4424,"date":"2021-09-07T08:30:58","date_gmt":"2021-09-07T08:30:58","guid":{"rendered":"https:\/\/blogsaverroes.juntadeandalucia.es\/iesantonioalvarezlopez\/?page_id=4424"},"modified":"2024-07-05T01:14:16","modified_gmt":"2024-07-04T23:14:16","slug":"informacion-general-2","status":"publish","type":"page","link":"https:\/\/blogsaverroes.juntadeandalucia.es\/iesantonioalvarezlopez\/informacion-general-2\/","title":{"rendered":"Informaci\u00f3n general"},"content":{"rendered":"<h3><strong>INFORMACI\u00d3N GENERAL ERASMUS+<\/strong><\/h3>\n<p style=\"text-align: center\"><a href=\"https:\/\/blogsaverroes.juntadeandalucia.es\/iesantonioalvarezlopez\/files\/2021\/10\/erasmus-logo-1440x327-1.png\"><img loading=\"lazy\" decoding=\"async\" class=\"alignnone size-medium wp-image-4495\" src=\"https:\/\/blogsaverroes.juntadeandalucia.es\/iesantonioalvarezlopez\/files\/2021\/10\/erasmus-logo-1440x327-1-300x68.png\" alt=\"\" width=\"300\" height=\"68\" srcset=\"https:\/\/blogsaverroes.juntadeandalucia.es\/iesantonioalvarezlopez\/files\/2021\/10\/erasmus-logo-1440x327-1-300x68.png 300w, https:\/\/blogsaverroes.juntadeandalucia.es\/iesantonioalvarezlopez\/files\/2021\/10\/erasmus-logo-1440x327-1-1024x233.png 1024w, https:\/\/blogsaverroes.juntadeandalucia.es\/iesantonioalvarezlopez\/files\/2021\/10\/erasmus-logo-1440x327-1-768x174.png 768w, https:\/\/blogsaverroes.juntadeandalucia.es\/iesantonioalvarezlopez\/files\/2021\/10\/erasmus-logo-1440x327-1.png 1440w\" sizes=\"(max-width: 300px) 100vw, 300px\" \/><\/a><\/p>\n<p>Erasmus+ es el programa europeo en los \u00e1mbitos de la educaci\u00f3n, la formaci\u00f3n, la juventud y el deporte.<\/p>\n<p>El periodo anterior fue de 2014-2020 y ahora nos encontramos en el periodo 2021-27.<\/p>\n<p>Erasmus+ es el programa \u00fanico que trata de impulsar las perspectivas laborales y el desarrollo personal, adem\u00e1s de ayudar a nuestros sistemas de educaci\u00f3n, formaci\u00f3n y juventud a proporcionar una ense\u00f1anza y un aprendizaje que doten a las personas de las capacidades necesarias para el mercado laboral y la sociedad actual y futura.<\/p>\n<p>En Espa\u00f1a son dos las organizaciones designadas como agencias nacionales para la gesti\u00f3n coordinada del programa Erasmus+: <strong>el Servicio Espa\u00f1ol para la internacionalizaci\u00f3n de la Educaci\u00f3n (SEPIE)<\/strong>, para el \u00e1mbito de la <em>educaci\u00f3n y la formaci\u00f3n<\/em>; y la Agencia Nacional Espa\u00f1ola (ANE), integrada al <strong>Instituto de la Juventud (INJUVE)<\/strong> para el \u00e1mbito <em>juventud<\/em>. Las acciones de Erasmus+ Deporte est\u00e1n gestionadas directamente por la Comisi\u00f3n Europea a trav\u00e9s de su Agencia Ejecutiva en el \u00e1mbito Educativo, Audiovisual y Cultural (EACEA).<\/p>\n<p>&nbsp;<\/p>\n<p><a href=\"https:\/\/blogsaverroes.juntadeandalucia.es\/iesantonioalvarezlopez\/files\/2021\/10\/etwinning.png\"><img loading=\"lazy\" decoding=\"async\" class=\"size-medium wp-image-4496 aligncenter\" src=\"https:\/\/blogsaverroes.juntadeandalucia.es\/iesantonioalvarezlopez\/files\/2021\/10\/etwinning-300x94.png\" alt=\"\" width=\"300\" height=\"94\" srcset=\"https:\/\/blogsaverroes.juntadeandalucia.es\/iesantonioalvarezlopez\/files\/2021\/10\/etwinning-300x94.png 300w, https:\/\/blogsaverroes.juntadeandalucia.es\/iesantonioalvarezlopez\/files\/2021\/10\/etwinning.png 380w\" sizes=\"(max-width: 300px) 100vw, 300px\" \/><\/a><\/p>\n<p>eTwinning: la comunidad europea de centros educativos<\/p>\n<p>eTwinning naci\u00f3 en 2005 como la iniciativa m\u00e1s importante del Programa de aprendizaje eLearning de la Comisi\u00f3n Europea y desde el 2014 forma parte de Erasmus+.<\/p>\n<p>Esta plataforma dota a los centros educativos europeos participantes de herramientas para aprender, comunicarse, colaborar y desarrollar proyectos o \u2500lo que es lo mismo\u2500 formar parte de la mayor comunidad educativa digital de Europa y disfrutar de la ense\u00f1anza y el aprendizaje.<\/p>\n<p>eTwinning fomenta la colaboraci\u00f3n escolar en Europa utilizando las tecnolog\u00edas de la informaci\u00f3n y la comunicaci\u00f3n (TIC) y apoya a los centros escolares prest\u00e1ndoles las herramientas y los servicios necesarios que faciliten su asociaci\u00f3n para desarrollar un proyecto en com\u00fan.<\/p>\n<p>&nbsp;<\/p>\n<p><a href=\"https:\/\/blogsaverroes.juntadeandalucia.es\/iesantonioalvarezlopez\/files\/2024\/07\/Memoria-del-Programa-Erasmus.pdf\">Memoria del Programa Erasmus+ 2023\/24<\/a><\/p>\n","protected":false},"excerpt":{"rendered":"<p>INFORMACI\u00d3N GENERAL ERASMUS+ Erasmus+ es el programa europeo en los \u00e1mbitos de la educaci\u00f3n, la formaci\u00f3n, la juventud y el deporte. El periodo anterior fue de 2014-2020 y ahora nos encontramos en el periodo&#46;&#46;&#46;<\/p>\n","protected":false},"author":10111,"featured_media":0,"parent":0,"menu_order":0,"comment_status":"closed","ping_status":"closed","template":"","meta":{"ngg_post_thumbnail":0,"footnotes":""},"aioseo_notices":[],"_links":{"self":[{"href":"https:\/\/blogsaverroes.juntadeandalucia.es\/iesantonioalvarezlopez\/wp-json\/wp\/v2\/pages\/4424"}],"collection":[{"href":"https:\/\/blogsaverroes.juntadeandalucia.es\/iesantonioalvarezlopez\/wp-json\/wp\/v2\/pages"}],"about":[{"href":"https:\/\/blogsaverroes.juntadeandalucia.es\/iesantonioalvarezlopez\/wp-json\/wp\/v2\/types\/page"}],"author":[{"embeddable":true,"href":"https:\/\/blogsaverroes.juntadeandalucia.es\/iesantonioalvarezlopez\/wp-json\/wp\/v2\/users\/10111"}],"replies":[{"embeddable":true,"href":"https:\/\/blogsaverroes.juntadeandalucia.es\/iesantonioalvarezlopez\/wp-json\/wp\/v2\/comments?post=4424"}],"version-history":[{"count":5,"href":"https:\/\/blogsaverroes.juntadeandalucia.es\/iesantonioalvarezlopez\/wp-json\/wp\/v2\/pages\/4424\/revisions"}],"predecessor-version":[{"id":9489,"href":"https:\/\/blogsaverroes.juntadeandalucia.es\/iesantonioalvarezlopez\/wp-json\/wp\/v2\/pages\/4424\/revisions\/9489"}],"wp:attachment":[{"href":"https:\/\/blogsaverroes.juntadeandalucia.es\/iesantonioalvarezlopez\/wp-json\/wp\/v2\/media?parent=4424"}],"curies":[{"name":"wp","href":"https:\/\/api.w.org\/{rel}","templated":true}]}}