{"id":55,"date":"2021-06-29T08:06:22","date_gmt":"2021-06-29T08:06:22","guid":{"rendered":"https:\/\/blogsaverroes.juntadeandalucia.es\/iesantonioalvarezlopez\/?page_id=55"},"modified":"2025-09-09T18:47:48","modified_gmt":"2025-09-09T16:47:48","slug":"el-centro","status":"publish","type":"page","link":"https:\/\/blogsaverroes.juntadeandalucia.es\/iesantonioalvarezlopez\/el-centro\/","title":{"rendered":"Datos del centro"},"content":{"rendered":"<div class=\"mapouter\">\n<div>\n<table class=\" alignleft\" style=\"width: 100%;border-collapse: collapse\">\n<tbody>\n<tr>\n<td style=\"width: 56.1006%;text-align: left\"><a href=\"https:\/\/blogsaverroes.juntadeandalucia.es\/iesgelves\/files\/2021\/04\/mapa_3D.png\"><img loading=\"lazy\" decoding=\"async\" class=\"alignnone size-large wp-image-3876\" src=\"https:\/\/blogsaverroes.juntadeandalucia.es\/iesgelves\/files\/2021\/04\/mapa_3D-1024x662.png\" alt=\"\" width=\"520\" height=\"336\"><\/a><\/td>\n<td style=\"width: 43.8994%;text-align: left\">\n<h4>Datos de contacto<\/h4>\n<p>El IES Antonio \u00c1lvarez L\u00f3pez se encuentra situado en la localidad de Gelves, a 5 minutos en coche de Sevilla.<\/p>\n<p><strong>Direcci\u00f3n:<\/strong> &nbsp;Calle C\u00f3rdoba, 43. 41120 Gelves, Sevilla<br \/>\n<strong>Tel\u00e9fonos:<\/strong> 955 623 400 \/ 955 62 33 96<br \/>\n<strong>FAX:<\/strong> 955 623 400<br \/>\n<strong>Email:<\/strong> 41701870.dir@g.educaand.es<br \/>\n<strong>C\u00f3digo de centro:<\/strong> 41701870<br \/>\n<strong>Coordenadas GPS: <\/strong>37\u00b0 20&#8242; 40&#8243; N &#8211; 6\u00b0 1&#8242; 41&#8243; O<\/td>\n<\/tr>\n<\/tbody>\n<\/table>\n<\/div>\n<\/div>\n<div class=\"mapouter\">\n<table class=\" alignleft\" style=\"width: 100%;border-collapse: collapse;background-color: #ffffff\">\n<tbody>\n<tr>\n<td style=\"width: 50%;text-align: left;vertical-align: top\"><iframe loading=\"lazy\" src=\"https:\/\/www.google.com\/maps\/embed?pb=!1m18!1m12!1m3!1d3171.914439996079!2d-6.030478684416094!3d37.34453424456782!2m3!1f0!2f0!3f0!3m2!1i1024!2i768!4f13.1!3m3!1m2!1s0xd126d086452fb17%3A0x15f505c1b6008249!2sInstituto%20de%20Educaci%C3%B3n%20Secundaria%20Antonio%20%C3%81lvarez%20L%C3%B3pez!5e0!3m2!1ses!2ses!4v1635517437385!5m2!1ses!2ses\" width=\"600\" height=\"450\"><\/iframe><\/td>\n<td style=\"width: 50%;background-color: #ffffff;text-align: left;vertical-align: top\">\n<h4><strong>Horarios<\/strong><\/h4>\n<p>Horario escolar: 8:00 \/ 14:30<\/td>\n<\/tr>\n<\/tbody>\n<\/table>\n<\/div>\n<div class=\"mapouter\">\n<div class=\"mapouter\">\n<table class=\" alignleft\" style=\"width: 100%;border-collapse: collapse;background-color: #ffffff\">\n<tbody>\n<tr>\n<td style=\"width: 50.994%;text-align: left;vertical-align: top\"><iframe loading=\"lazy\" src=\"https:\/\/www.google.com\/maps\/embed?pb=!4v1635517706126!6m8!1m7!1s3MWa4TZEALK1KzFxPhV0lA!2m2!1d37.3444480427466!2d-6.027583896511445!3f342.2066103496486!4f-2.6648021331878624!5f0.7820865974627469\" width=\"600\" height=\"450\"><\/iframe><\/td>\n<td style=\"width: 49.006%;background-color: #ffffff;text-align: left;vertical-align: top\">\n<h4><strong>Oferta educativa<\/strong><\/h4>\n<p>En nuestro centro se imparte la Ense\u00f1anza Secundaria Obligatoria, Bachillerato y Ciclo formativo de Grado Medio Dual \u00abT\u00e9cnico en Florister\u00eda y Jardiner\u00eda\u00bb. En este curso 2025\/26 contamos con los siguientes grupos:<\/p>\n<p>1\u00ba ESO: 3 grupos<br \/>\n2\u00ba ESO: 3 grupos<br \/>\n3\u00ba ESO: 4 grupos<br \/>\n4\u00ba ESO: 4 grupos<br \/>\n1\u00ba Bachillerato: 2 grupos<br \/>\n2\u00ba Bachillerato: 2 grupos<br \/>\n1\u00ba Ciclo Formativo: 1 grupo<br \/>\n2\u00ba Ciclo Formativo: 1 grupo<\/td>\n<\/tr>\n<\/tbody>\n<\/table>\n<\/div>\n<div class=\"mapouter\">\n<h4>Instalaciones<\/h4>\nngg_shortcode_0_placeholder<\/div>\n<\/div>\n","protected":false},"excerpt":{"rendered":"<p>Datos de contacto El IES Antonio \u00c1lvarez L\u00f3pez se encuentra situado en la localidad de Gelves, a 5 minutos en coche de Sevilla. Direcci\u00f3n: &nbsp;Calle C\u00f3rdoba, 43. 41120 Gelves, Sevilla Tel\u00e9fonos: 955 623 400&#46;&#46;&#46;<\/p>\n","protected":false},"author":10111,"featured_media":0,"parent":0,"menu_order":0,"comment_status":"closed","ping_status":"closed","template":"","meta":{"ngg_post_thumbnail":0,"footnotes":""},"aioseo_notices":[],"_links":{"self":[{"href":"https:\/\/blogsaverroes.juntadeandalucia.es\/iesantonioalvarezlopez\/wp-json\/wp\/v2\/pages\/55"}],"collection":[{"href":"https:\/\/blogsaverroes.juntadeandalucia.es\/iesantonioalvarezlopez\/wp-json\/wp\/v2\/pages"}],"about":[{"href":"https:\/\/blogsaverroes.juntadeandalucia.es\/iesantonioalvarezlopez\/wp-json\/wp\/v2\/types\/page"}],"author":[{"embeddable":true,"href":"https:\/\/blogsaverroes.juntadeandalucia.es\/iesantonioalvarezlopez\/wp-json\/wp\/v2\/users\/10111"}],"replies":[{"embeddable":true,"href":"https:\/\/blogsaverroes.juntadeandalucia.es\/iesantonioalvarezlopez\/wp-json\/wp\/v2\/comments?post=55"}],"version-history":[{"count":16,"href":"https:\/\/blogsaverroes.juntadeandalucia.es\/iesantonioalvarezlopez\/wp-json\/wp\/v2\/pages\/55\/revisions"}],"predecessor-version":[{"id":11366,"href":"https:\/\/blogsaverroes.juntadeandalucia.es\/iesantonioalvarezlopez\/wp-json\/wp\/v2\/pages\/55\/revisions\/11366"}],"wp:attachment":[{"href":"https:\/\/blogsaverroes.juntadeandalucia.es\/iesantonioalvarezlopez\/wp-json\/wp\/v2\/media?parent=55"}],"curies":[{"name":"wp","href":"https:\/\/api.w.org\/{rel}","templated":true}]}}