{"id":63,"date":"2021-06-29T08:12:15","date_gmt":"2021-06-29T08:12:15","guid":{"rendered":"https:\/\/blogsaverroes.juntadeandalucia.es\/iesantonioalvarezlopez\/?page_id=63"},"modified":"2025-09-09T18:42:58","modified_gmt":"2025-09-09T16:42:58","slug":"equipo-directivo","status":"publish","type":"page","link":"https:\/\/blogsaverroes.juntadeandalucia.es\/iesantonioalvarezlopez\/equipo-directivo\/","title":{"rendered":"Equipo directivo"},"content":{"rendered":"<p><strong>Direcci\u00f3n:&nbsp;<\/strong>Jos\u00e9 Balbino Gonz\u00e1lez Redondo (41701870.dir@g.educaand.es)<\/p>\n<p><strong>Vicedirecci\u00f3n: <\/strong>Purificaci\u00f3n Astorga Morano (pastmor728@g.educaand.es)<\/p>\n<p><strong>Jefatura de estudios:<\/strong> Isidoro Herrera Sierra (ihersie995@g.educaand.es )<\/p>\n<p><strong>Secretar\u00eda:&nbsp;<\/strong>Jos\u00e9 Antonio Mor\u00f3n Rosa (jmorros464@g.educaand.es)<\/p>\n","protected":false},"excerpt":{"rendered":"<p>Direcci\u00f3n:&nbsp;Jos\u00e9 Balbino Gonz\u00e1lez Redondo (41701870.dir@g.educaand.es) Vicedirecci\u00f3n: Purificaci\u00f3n Astorga Morano (pastmor728@g.educaand.es) Jefatura de estudios: Isidoro Herrera Sierra (ihersie995@g.educaand.es ) Secretar\u00eda:&nbsp;Jos\u00e9 Antonio Mor\u00f3n Rosa (jmorros464@g.educaand.es)<\/p>\n","protected":false},"author":10111,"featured_media":0,"parent":0,"menu_order":0,"comment_status":"closed","ping_status":"closed","template":"","meta":{"ngg_post_thumbnail":0,"footnotes":""},"aioseo_notices":[],"_links":{"self":[{"href":"https:\/\/blogsaverroes.juntadeandalucia.es\/iesantonioalvarezlopez\/wp-json\/wp\/v2\/pages\/63"}],"collection":[{"href":"https:\/\/blogsaverroes.juntadeandalucia.es\/iesantonioalvarezlopez\/wp-json\/wp\/v2\/pages"}],"about":[{"href":"https:\/\/blogsaverroes.juntadeandalucia.es\/iesantonioalvarezlopez\/wp-json\/wp\/v2\/types\/page"}],"author":[{"embeddable":true,"href":"https:\/\/blogsaverroes.juntadeandalucia.es\/iesantonioalvarezlopez\/wp-json\/wp\/v2\/users\/10111"}],"replies":[{"embeddable":true,"href":"https:\/\/blogsaverroes.juntadeandalucia.es\/iesantonioalvarezlopez\/wp-json\/wp\/v2\/comments?post=63"}],"version-history":[{"count":8,"href":"https:\/\/blogsaverroes.juntadeandalucia.es\/iesantonioalvarezlopez\/wp-json\/wp\/v2\/pages\/63\/revisions"}],"predecessor-version":[{"id":11365,"href":"https:\/\/blogsaverroes.juntadeandalucia.es\/iesantonioalvarezlopez\/wp-json\/wp\/v2\/pages\/63\/revisions\/11365"}],"wp:attachment":[{"href":"https:\/\/blogsaverroes.juntadeandalucia.es\/iesantonioalvarezlopez\/wp-json\/wp\/v2\/media?parent=63"}],"curies":[{"name":"wp","href":"https:\/\/api.w.org\/{rel}","templated":true}]}}