{"id":82,"date":"2021-06-29T08:20:37","date_gmt":"2021-06-29T08:20:37","guid":{"rendered":"https:\/\/blogsaverroes.juntadeandalucia.es\/iesantonioalvarezlopez\/?page_id=82"},"modified":"2021-06-29T08:20:59","modified_gmt":"2021-06-29T08:20:59","slug":"ingles","status":"publish","type":"page","link":"https:\/\/blogsaverroes.juntadeandalucia.es\/iesantonioalvarezlopez\/ingles\/","title":{"rendered":"Ingl\u00e9s"},"content":{"rendered":"<address><a href=\"https:\/\/blogsaverroes.juntadeandalucia.es\/iesantonioalvarezlopez\/files\/2020\/11\/english-1.jpg\"><img loading=\"lazy\" decoding=\"async\" class=\"size-medium wp-image-3225 aligncenter\" src=\"https:\/\/blogsaverroes.juntadeandalucia.es\/iesantonioalvarezlopez\/files\/2020\/11\/english-1-300x126.jpg\" alt=\"\" width=\"300\" height=\"126\" srcset=\"https:\/\/blogsaverroes.juntadeandalucia.es\/iesantonioalvarezlopez\/files\/2020\/11\/english-1-300x126.jpg 300w, https:\/\/blogsaverroes.juntadeandalucia.es\/iesantonioalvarezlopez\/files\/2020\/11\/english-1.jpg 500w\" sizes=\"(max-width: 300px) 100vw, 300px\" \/><\/a><\/address>\n<table style=\"width: 100%\" border=\"0\" align=\"center\">\n<tbody>\n<tr>\n<td style=\"font-family: Georgia, 'Times New Roman', Times, serif;font-size: larger;text-align: center;background-color: #d5edf4\"><span style=\"font-size: 18pt\">Departamento de Ingl\u00e9s<\/span><\/td>\n<\/tr>\n<\/tbody>\n<\/table>\n<p>En esta programaci\u00f3n se encuentran incluidos los Criterios de Calificaci\u00f3n, el Plan de Recuperaci\u00f3n de Pendientes y el Plan de Refuerzo para Alumnos Repetidores<\/p>\n<ul>\n<li><a href=\"https:\/\/blogsaverroes.juntadeandalucia.es\/iesantonioalvarezlopez\/files\/2020\/11\/PROGRAM_Ingl\u00e9s_20-21.pdf\">Programaci\u00f3n 2020-21<\/a><\/li>\n<\/ul>\n<address style=\"padding-left: 30px\">&nbsp;<\/address>\n<address>\n<table style=\"width: 520px\" border=\"0\" align=\"center\">\n<tbody>\n<tr>\n<td style=\"font-family: Georgia, 'Times New Roman', Times, serif;font-size: larger;text-align: center;background-color: #d5edf4\"><span style=\"font-size: 20px\">Limerick Poems Contest 2019<\/span><\/td>\n<\/tr>\n<\/tbody>\n<\/table>\n<\/address>\n<address><strong>Si est\u00e1s en 3\u00ba o 4\u00ba ESO, \u00a1participa en nuestro concurso de poemas &#8216;limerick<\/strong><strong>&#8216;!<\/strong><\/address>\n<address>El <em>limerick<\/em> es una forma po\u00e9tica\u200b muy conocida en el mundo anglosaj\u00f3n. Se trata de cinco versos con &nbsp;rima AABBA (riman por una parte el primer, segundo&nbsp;y quinto verso, y por otra parte el &nbsp;tercero y el cuarto). No suele ser&nbsp;importante la medida de los versos, aunque suelen ser de mayor&nbsp;longitud los dos primeros y el quinto. Tambi\u00e9n se recomiendo la rima consonante. El <em>limerick<\/em> tiene generalmente intenci\u00f3n humor\u00edstica: el tema debe ser gracioso, absurdo, con chiste&#8230; aqu\u00ed lo rom\u00e1ntico y l\u00edrico no cabe.<\/address>\n<address>Para saber m\u00e1s, consulta estas dos presentaciones:<\/address>\n<address>&#8211; sobre los distintos tipos de poemas que existen (en ingl\u00e9s):<\/address>\n<address><a href=\"https:\/\/es.calameo.com\/read\/004096149d3acf68c08b1\">https:\/\/es.calameo.com\/read\/004096149d3acf68c08b1<\/a><\/address>\n<address>&#8211; sobre los <em>limericks<\/em> (en espa\u00f1ol):<\/address>\n<address><a href=\"https:\/\/es.slideshare.net\/actimoliner\/limericks-10511993\">https:\/\/es.slideshare.net\/actimoliner\/limericks-10511993<\/a>&nbsp;<\/p>\n<p style=\"text-align: center\"><strong>BASES DEL CONCURSO<\/strong><\/p>\n<ol>\n<li><em>Podr\u00e1n participar todos los alumnos de 3\u00ba ESO y 4\u00ba ESO del IES Gelves.<\/em><\/li>\n<li><em>Los poemas deber\u00e1n estar escritos en ingl\u00e9s y ser creaciones originales (no san v\u00e1lidas las traducciones de poemas existentes ni poemas de otros autores).<\/em><\/li>\n<li><em>Los limerick tendr\u00e1n cinco versos y deber\u00e1n respetar la estructura AABBA, con rima consonante a ser posible.<\/em><\/li>\n<li><em>La tem\u00e1tica es la propia del limerick: la descripci\u00f3n de una persona o animal, de manera graciosa o absurda.<\/em><\/li>\n<li><em>Se subir\u00e1n los trabajos en el espacio habilitado en esta web, pulsando sobre el s\u00edmbolo +. En el apartado \u2018t\u00edtulo\u2019 se debe especificar el nombre y apellidos, el curso y el grupo al que se pertenece. En el espacio \u2018escribe algo\u2019 se incluir\u00e1n los cinco versos del limerick, cada uno en una l\u00ednea. No es necesario subir una imagen. El poema no ser\u00e1 visible hasta que lo apruebe un moderador.<\/em><\/li>\n<li><em>Se entregar\u00e1n hasta el 1 de mayo.<\/em><\/li>\n<li><em>Cada participante podr\u00e1 entregar un m\u00e1ximo de un limerick.<\/em><\/li>\n<li><em>Se establece una \u00fanica categor\u00eda con dos ganadores.<\/em><\/li>\n<li><em>Las composiciones ganadoras ser\u00e1n expuestas en el centro, su web y sus redes sociales.<\/em><\/li>\n<li><em>El jurado calificador estar\u00e1 formado por las profesoras del departamento de ingl\u00e9s. Sus decisiones ser\u00e1n inapelables.<\/em><\/li>\n<li><em>Los participantes se comprometen a respetar las bases del concurso aqu\u00ed expuestas.<\/em><\/li>\n<\/ol>\n<div class=\"padlet-embed\" style=\"border-radius: 2px;overflow: hidden;width: 100%;background: #F4F4F4\">\n<p style=\"padding: 0;margin: 0\"><iframe src=\"https:\/\/padlet.com\/embed\/qymfn78izt8x\" frameborder=\"0\"><\/iframe><\/p>\n<div style=\"padding: 8px;text-align: right;margin: 0\"><a style=\"padding: 0;margin: 0;border: none;line-height: 1;height: 16px\" href=\"https:\/\/padlet.com?ref=embed\" target=\"_blank\" rel=\"noopener noreferrer\"><img loading=\"lazy\" decoding=\"async\" style=\"padding: 0;margin: 0;background: none;border: none\" src=\"https:\/\/padlet.net\/embeds\/made_with_padlet.png\" alt=\"Hecho con Padlet\" width=\"86\" height=\"16\"><\/a><\/div>\n<\/div>\n<\/address>\n","protected":false},"excerpt":{"rendered":"<p>Departamento de Ingl\u00e9s En esta programaci\u00f3n se encuentran incluidos los Criterios de Calificaci\u00f3n, el Plan de Recuperaci\u00f3n de Pendientes y el Plan de Refuerzo para Alumnos Repetidores Programaci\u00f3n 2020-21 &nbsp; Limerick Poems Contest 2019&#46;&#46;&#46;<\/p>\n","protected":false},"author":10111,"featured_media":0,"parent":0,"menu_order":0,"comment_status":"closed","ping_status":"closed","template":"","meta":{"ngg_post_thumbnail":0,"footnotes":""},"aioseo_notices":[],"_links":{"self":[{"href":"https:\/\/blogsaverroes.juntadeandalucia.es\/iesantonioalvarezlopez\/wp-json\/wp\/v2\/pages\/82"}],"collection":[{"href":"https:\/\/blogsaverroes.juntadeandalucia.es\/iesantonioalvarezlopez\/wp-json\/wp\/v2\/pages"}],"about":[{"href":"https:\/\/blogsaverroes.juntadeandalucia.es\/iesantonioalvarezlopez\/wp-json\/wp\/v2\/types\/page"}],"author":[{"embeddable":true,"href":"https:\/\/blogsaverroes.juntadeandalucia.es\/iesantonioalvarezlopez\/wp-json\/wp\/v2\/users\/10111"}],"replies":[{"embeddable":true,"href":"https:\/\/blogsaverroes.juntadeandalucia.es\/iesantonioalvarezlopez\/wp-json\/wp\/v2\/comments?post=82"}],"version-history":[{"count":1,"href":"https:\/\/blogsaverroes.juntadeandalucia.es\/iesantonioalvarezlopez\/wp-json\/wp\/v2\/pages\/82\/revisions"}],"predecessor-version":[{"id":83,"href":"https:\/\/blogsaverroes.juntadeandalucia.es\/iesantonioalvarezlopez\/wp-json\/wp\/v2\/pages\/82\/revisions\/83"}],"wp:attachment":[{"href":"https:\/\/blogsaverroes.juntadeandalucia.es\/iesantonioalvarezlopez\/wp-json\/wp\/v2\/media?parent=82"}],"curies":[{"name":"wp","href":"https:\/\/api.w.org\/{rel}","templated":true}]}}