{"id":95,"date":"2021-06-29T08:38:14","date_gmt":"2021-06-29T08:38:14","guid":{"rendered":"https:\/\/blogsaverroes.juntadeandalucia.es\/iesantonioalvarezlopez\/?page_id=95"},"modified":"2025-12-11T18:42:43","modified_gmt":"2025-12-11T16:42:43","slug":"pagina-de-ejemplo","status":"publish","type":"page","link":"https:\/\/blogsaverroes.juntadeandalucia.es\/iesantonioalvarezlopez\/pagina-de-ejemplo\/","title":{"rendered":"Religi\u00f3n Evang\u00e9lica"},"content":{"rendered":"<p><img loading=\"lazy\" decoding=\"async\" class=\"size-full wp-image-8057 aligncenter\" src=\"https:\/\/blogsaverroes.juntadeandalucia.es\/iesantonioalvarezlopez\/files\/2023\/11\/evang.jpg\" alt=\"\" width=\"300\" height=\"168\"><\/p>\n<table style=\"width: 100%;height: 35px\" border=\"0\" align=\"center\">\n<tbody>\n<tr style=\"height: 35px\">\n<td style=\"font-family: Georgia, 'Times New Roman', Times, serif;font-size: larger;text-align: center;background-color: #d5edf4;height: 35px\"><span style=\"font-size: 18pt\">Departamento de Religi\u00f3n Evang\u00e9lica<\/span><\/td>\n<\/tr>\n<\/tbody>\n<\/table>\n<p>En esta programaci\u00f3n se encuentran incluidos los Criterios de Evaluaci\u00f3n y los programas de refuerzo al alumnado repetidor y con materias pendientes.<\/p>\n<ul>\n<li><a href=\"https:\/\/blogsaverroes.juntadeandalucia.es\/iesantonioalvarezlopez\/files\/2025\/12\/Religion-Evangelica.pdf\" target=\"_blank\" rel=\"noopener\">Programaci\u00f3n 2025\/26<\/a><\/li>\n<\/ul>\n<p>&nbsp;<\/p>\n","protected":false},"excerpt":{"rendered":"<p>Departamento de Religi\u00f3n Evang\u00e9lica En esta programaci\u00f3n se encuentran incluidos los Criterios de Evaluaci\u00f3n y los programas de refuerzo al alumnado repetidor y con materias pendientes. Programaci\u00f3n 2025\/26 &nbsp;<\/p>\n","protected":false},"author":10111,"featured_media":0,"parent":0,"menu_order":0,"comment_status":"closed","ping_status":"closed","template":"","meta":{"ngg_post_thumbnail":0,"footnotes":""},"aioseo_notices":[],"_links":{"self":[{"href":"https:\/\/blogsaverroes.juntadeandalucia.es\/iesantonioalvarezlopez\/wp-json\/wp\/v2\/pages\/95"}],"collection":[{"href":"https:\/\/blogsaverroes.juntadeandalucia.es\/iesantonioalvarezlopez\/wp-json\/wp\/v2\/pages"}],"about":[{"href":"https:\/\/blogsaverroes.juntadeandalucia.es\/iesantonioalvarezlopez\/wp-json\/wp\/v2\/types\/page"}],"author":[{"embeddable":true,"href":"https:\/\/blogsaverroes.juntadeandalucia.es\/iesantonioalvarezlopez\/wp-json\/wp\/v2\/users\/10111"}],"replies":[{"embeddable":true,"href":"https:\/\/blogsaverroes.juntadeandalucia.es\/iesantonioalvarezlopez\/wp-json\/wp\/v2\/comments?post=95"}],"version-history":[{"count":13,"href":"https:\/\/blogsaverroes.juntadeandalucia.es\/iesantonioalvarezlopez\/wp-json\/wp\/v2\/pages\/95\/revisions"}],"predecessor-version":[{"id":11972,"href":"https:\/\/blogsaverroes.juntadeandalucia.es\/iesantonioalvarezlopez\/wp-json\/wp\/v2\/pages\/95\/revisions\/11972"}],"wp:attachment":[{"href":"https:\/\/blogsaverroes.juntadeandalucia.es\/iesantonioalvarezlopez\/wp-json\/wp\/v2\/media?parent=95"}],"curies":[{"name":"wp","href":"https:\/\/api.w.org\/{rel}","templated":true}]}}