{"id":853,"date":"2020-12-18T08:50:47","date_gmt":"2020-12-18T07:50:47","guid":{"rendered":"https:\/\/blogsaverroes.juntadeandalucia.es\/pre\/plantilla-pencil\/?page_id=853"},"modified":"2024-02-14T21:25:12","modified_gmt":"2024-02-14T20:25:12","slug":"nuestra-historia","status":"publish","type":"page","link":"https:\/\/blogsaverroes.juntadeandalucia.es\/iesantoniodominguezortiz\/nuestra-historia\/","title":{"rendered":"Nuestro centro"},"content":{"rendered":"<p>El IES Antonio Dom\u00ednguez Ortiz de Sevilla se ubica en una zona denominada Pol\u00edgono Sur, localizada, como su nombre indica, en el sur de la capital. Se trata de un <strong>conjunto de barrios<\/strong> de corte obrero.<\/p>\n<p>La construcci\u00f3n del Pol\u00edgono Sur, punto de encuentro de realidades complejas y diversas y de distintas culturas, comenz\u00f3 en 1968 por el Patronato del Ayuntamiento de Sevilla y se dio por concluida en torno a <strong>1977<\/strong>. Poco despu\u00e9s de empezarse su construcci\u00f3n, pas\u00f3 a conocerse como \u201clas Tres Mil Viviendas\u201d, aunque esta designaci\u00f3n en realidad \u00fanicamente abarca una parte del Pol\u00edgono Sur.<\/p>\n<p>Durante los setenta, con el aumento de la <strong>especulaci\u00f3n<\/strong>, crecieron las densidades y se redujeron las zonas verdes, de recreo y de ocio.<\/p>\n<p>En conjunto, abarca unas 145 hect\u00e1reas de extensi\u00f3n y comprende seis barriadas: Antonio Machado, Mart\u00ednez Monta\u00f1\u00e9s, Las Letan\u00edas, Murillo, La Oliva y Paz y Amistad. Seg\u00fan datos oficiales, la poblaci\u00f3n actual del Pol\u00edgono Sur se encuentra en torno a los <strong>55.000 habitantes<\/strong>.<\/p>\n","protected":false},"excerpt":{"rendered":"<p>El IES Antonio Dom\u00ednguez Ortiz de Sevilla se ubica en una zona denominada Pol\u00edgono Sur, localizada, como su nombre indica, en el sur de la capital. Se trata de un conjunto de barrios de corte obrero. La construcci\u00f3n del Pol\u00edgono Sur, punto de encuentro de realidades complejas y diversas y de distintas culturas, comenz\u00f3 en [&hellip;]<\/p>\n","protected":false},"author":18772,"featured_media":1434,"parent":0,"menu_order":0,"comment_status":"closed","ping_status":"closed","template":"","meta":{"_et_pb_use_builder":"off","_et_pb_old_content":"","_et_gb_content_width":"","ngg_post_thumbnail":0,"footnotes":""},"aioseo_notices":[],"_links":{"self":[{"href":"https:\/\/blogsaverroes.juntadeandalucia.es\/iesantoniodominguezortiz\/wp-json\/wp\/v2\/pages\/853"}],"collection":[{"href":"https:\/\/blogsaverroes.juntadeandalucia.es\/iesantoniodominguezortiz\/wp-json\/wp\/v2\/pages"}],"about":[{"href":"https:\/\/blogsaverroes.juntadeandalucia.es\/iesantoniodominguezortiz\/wp-json\/wp\/v2\/types\/page"}],"author":[{"embeddable":true,"href":"https:\/\/blogsaverroes.juntadeandalucia.es\/iesantoniodominguezortiz\/wp-json\/wp\/v2\/users\/18772"}],"replies":[{"embeddable":true,"href":"https:\/\/blogsaverroes.juntadeandalucia.es\/iesantoniodominguezortiz\/wp-json\/wp\/v2\/comments?post=853"}],"version-history":[{"count":6,"href":"https:\/\/blogsaverroes.juntadeandalucia.es\/iesantoniodominguezortiz\/wp-json\/wp\/v2\/pages\/853\/revisions"}],"predecessor-version":[{"id":1435,"href":"https:\/\/blogsaverroes.juntadeandalucia.es\/iesantoniodominguezortiz\/wp-json\/wp\/v2\/pages\/853\/revisions\/1435"}],"wp:featuredmedia":[{"embeddable":true,"href":"https:\/\/blogsaverroes.juntadeandalucia.es\/iesantoniodominguezortiz\/wp-json\/wp\/v2\/media\/1434"}],"wp:attachment":[{"href":"https:\/\/blogsaverroes.juntadeandalucia.es\/iesantoniodominguezortiz\/wp-json\/wp\/v2\/media?parent=853"}],"curies":[{"name":"wp","href":"https:\/\/api.w.org\/{rel}","templated":true}]}}