{"id":141,"date":"2015-03-17T07:13:24","date_gmt":"2015-03-17T07:13:24","guid":{"rendered":"http:\/\/blogsaverroes.juntadeandalucia.es\/pre\/ceip\/?page_id=141"},"modified":"2019-05-12T15:43:17","modified_gmt":"2019-05-12T15:43:17","slug":"escolarizacion","status":"publish","type":"page","link":"https:\/\/blogsaverroes.juntadeandalucia.es\/iesantoniogalanacosta\/escolarizacion\/","title":{"rendered":"Escolarizaci\u00f3n"},"content":{"rendered":"<p><a href=\"https:\/\/blogsaverroes.juntadeandalucia.es\/iesantoniogalanacosta\/files\/2015\/03\/ESCOLARIZACION.png\"><img loading=\"lazy\" decoding=\"async\" class=\"wp-image-2520 size-medium alignright\" src=\"https:\/\/blogsaverroes.juntadeandalucia.es\/iesantoniogalanacosta\/files\/2015\/03\/ESCOLARIZACION-300x90.png\" alt=\"\" width=\"300\" height=\"90\" srcset=\"https:\/\/blogsaverroes.juntadeandalucia.es\/iesantoniogalanacosta\/files\/2015\/03\/ESCOLARIZACION-300x90.png 300w, https:\/\/blogsaverroes.juntadeandalucia.es\/iesantoniogalanacosta\/files\/2015\/03\/ESCOLARIZACION-24x7.png 24w, https:\/\/blogsaverroes.juntadeandalucia.es\/iesantoniogalanacosta\/files\/2015\/03\/ESCOLARIZACION-36x11.png 36w, https:\/\/blogsaverroes.juntadeandalucia.es\/iesantoniogalanacosta\/files\/2015\/03\/ESCOLARIZACION-48x14.png 48w, https:\/\/blogsaverroes.juntadeandalucia.es\/iesantoniogalanacosta\/files\/2015\/03\/ESCOLARIZACION.png 395w\" sizes=\"(max-width: 300px) 100vw, 300px\" \/><\/a><\/p>\n<p>Esta secci\u00f3n puede contener cuanta informaci\u00f3n sea de utilidad para las familias a la hora de de iniciar el proceso de escolarizaci\u00f3n: plazos, documentos, normativa, enlaces, etc.<\/p>\n<p><a title=\"Portal escolarizaci\u00f3n\" href=\"http:\/\/www.juntadeandalucia.es\/educacion\/webportal\/web\/portal-escolarizacion\/infantil-primaria-eso-bachillerato\" target=\"_blank\" rel=\"noopener\">Enlace al portal de escolarizaci\u00f3n.<\/a><\/p>\n<p>&nbsp;<\/p>\n<p><a href=\"https:\/\/blogsaverroes.juntadeandalucia.es\/iesantoniogalanacosta\/escolarizacion\/e-s-o-y-bachillerato\/\">E.S.O. Y BACHILLERATO<\/a><\/p>\n<p>&nbsp;<\/p>\n<p><a href=\"https:\/\/blogsaverroes.juntadeandalucia.es\/iesantoniogalanacosta\/escolarizacion\/ciclos-formativos\/\">CICLOS FORMATIVOS.<\/a><\/p>\n<p>&nbsp;<\/p>\n","protected":false},"excerpt":{"rendered":"<p>Esta secci\u00f3n puede contener cuanta informaci\u00f3n sea de utilidad para las familias a la hora de de iniciar el proceso de escolarizaci\u00f3n: plazos, documentos, normativa, enlaces, etc. Enlace al portal de escolarizaci\u00f3n. &nbsp; E.S.O.&#46;&#46;&#46;<\/p>\n","protected":false},"author":1,"featured_media":541,"parent":0,"menu_order":0,"comment_status":"closed","ping_status":"open","template":"page-cs.php","meta":{"ngg_post_thumbnail":0,"footnotes":"","_mc_calendar":[]},"aioseo_notices":[],"_links":{"self":[{"href":"https:\/\/blogsaverroes.juntadeandalucia.es\/iesantoniogalanacosta\/wp-json\/wp\/v2\/pages\/141"}],"collection":[{"href":"https:\/\/blogsaverroes.juntadeandalucia.es\/iesantoniogalanacosta\/wp-json\/wp\/v2\/pages"}],"about":[{"href":"https:\/\/blogsaverroes.juntadeandalucia.es\/iesantoniogalanacosta\/wp-json\/wp\/v2\/types\/page"}],"author":[{"embeddable":true,"href":"https:\/\/blogsaverroes.juntadeandalucia.es\/iesantoniogalanacosta\/wp-json\/wp\/v2\/users\/1"}],"replies":[{"embeddable":true,"href":"https:\/\/blogsaverroes.juntadeandalucia.es\/iesantoniogalanacosta\/wp-json\/wp\/v2\/comments?post=141"}],"version-history":[{"count":9,"href":"https:\/\/blogsaverroes.juntadeandalucia.es\/iesantoniogalanacosta\/wp-json\/wp\/v2\/pages\/141\/revisions"}],"predecessor-version":[{"id":2522,"href":"https:\/\/blogsaverroes.juntadeandalucia.es\/iesantoniogalanacosta\/wp-json\/wp\/v2\/pages\/141\/revisions\/2522"}],"wp:featuredmedia":[{"embeddable":true,"href":"https:\/\/blogsaverroes.juntadeandalucia.es\/iesantoniogalanacosta\/wp-json\/wp\/v2\/media\/541"}],"wp:attachment":[{"href":"https:\/\/blogsaverroes.juntadeandalucia.es\/iesantoniogalanacosta\/wp-json\/wp\/v2\/media?parent=141"}],"curies":[{"name":"wp","href":"https:\/\/api.w.org\/{rel}","templated":true}]}}