{"id":2867,"date":"2020-11-04T19:23:22","date_gmt":"2020-11-04T19:23:22","guid":{"rendered":"https:\/\/blogsaverroes.juntadeandalucia.es\/iesantoniogalanacosta\/?page_id=2867"},"modified":"2022-04-20T10:55:39","modified_gmt":"2022-04-20T10:55:39","slug":"transporte-y-mantenimiento-de-vehiculos","status":"publish","type":"page","link":"https:\/\/blogsaverroes.juntadeandalucia.es\/iesantoniogalanacosta\/transporte-y-mantenimiento-de-vehiculos\/","title":{"rendered":"Transporte y Mantenimiento de Veh\u00edculos"},"content":{"rendered":"<p><a href=\"https:\/\/blogsaverroes.juntadeandalucia.es\/iesantoniogalanacosta\/files\/2022\/03\/Criterios-Eval.-Electromec\u00e1nica-2122.pdf\">CRITERIOS EVALUACI\u00d3N DE ELECTROMEC\u00c1NICA<\/a><\/p>\n<p>&nbsp;<\/p>\n<p><a href=\"https:\/\/blogsaverroes.juntadeandalucia.es\/iesantoniogalanacosta\/files\/2022\/03\/Criterios-Eval.-Carrocer\u00eda-2122.pdf\">CRITERIOS EVALUACI\u00d3N DE CARROCER\u00cdA<\/a><\/p>\n","protected":false},"excerpt":{"rendered":"<p>CRITERIOS EVALUACI\u00d3N DE ELECTROMEC\u00c1NICA &nbsp; CRITERIOS EVALUACI\u00d3N DE CARROCER\u00cdA<\/p>\n","protected":false},"author":7489,"featured_media":0,"parent":0,"menu_order":0,"comment_status":"closed","ping_status":"closed","template":"","meta":{"ngg_post_thumbnail":0,"footnotes":"","_mc_calendar":[]},"aioseo_notices":[],"_links":{"self":[{"href":"https:\/\/blogsaverroes.juntadeandalucia.es\/iesantoniogalanacosta\/wp-json\/wp\/v2\/pages\/2867"}],"collection":[{"href":"https:\/\/blogsaverroes.juntadeandalucia.es\/iesantoniogalanacosta\/wp-json\/wp\/v2\/pages"}],"about":[{"href":"https:\/\/blogsaverroes.juntadeandalucia.es\/iesantoniogalanacosta\/wp-json\/wp\/v2\/types\/page"}],"author":[{"embeddable":true,"href":"https:\/\/blogsaverroes.juntadeandalucia.es\/iesantoniogalanacosta\/wp-json\/wp\/v2\/users\/7489"}],"replies":[{"embeddable":true,"href":"https:\/\/blogsaverroes.juntadeandalucia.es\/iesantoniogalanacosta\/wp-json\/wp\/v2\/comments?post=2867"}],"version-history":[{"count":5,"href":"https:\/\/blogsaverroes.juntadeandalucia.es\/iesantoniogalanacosta\/wp-json\/wp\/v2\/pages\/2867\/revisions"}],"predecessor-version":[{"id":3235,"href":"https:\/\/blogsaverroes.juntadeandalucia.es\/iesantoniogalanacosta\/wp-json\/wp\/v2\/pages\/2867\/revisions\/3235"}],"wp:attachment":[{"href":"https:\/\/blogsaverroes.juntadeandalucia.es\/iesantoniogalanacosta\/wp-json\/wp\/v2\/media?parent=2867"}],"curies":[{"name":"wp","href":"https:\/\/api.w.org\/{rel}","templated":true}]}}