{"id":2893,"date":"2020-12-02T16:44:35","date_gmt":"2020-12-02T16:44:35","guid":{"rendered":"https:\/\/blogsaverroes.juntadeandalucia.es\/iesantoniogalanacosta\/?page_id=2893"},"modified":"2023-10-23T07:53:09","modified_gmt":"2023-10-23T07:53:09","slug":"materiales-recursos","status":"publish","type":"page","link":"https:\/\/blogsaverroes.juntadeandalucia.es\/iesantoniogalanacosta\/biologia-y-geologia-2\/materiales-recursos\/","title":{"rendered":"Criterios de Evaluaci\u00f3n Departamento de Biolog\u00eda y Geolog\u00eda"},"content":{"rendered":"<p><a href=\"https:\/\/blogsaverroes.juntadeandalucia.es\/iesantoniogalanacosta\/files\/2023\/10\/CRITERIOS-DE-EVALUACI\u00d3N-DEP.-BIOLOG\u00cdA.pdf\">CRITERIOS DE EVALUACI\u00d3N DEP. BIOLOG\u00cdA<\/a><\/p>\n","protected":false},"excerpt":{"rendered":"<p>CRITERIOS DE EVALUACI\u00d3N DEP. BIOLOG\u00cdA<\/p>\n","protected":false},"author":7489,"featured_media":0,"parent":170,"menu_order":0,"comment_status":"closed","ping_status":"closed","template":"page-cs.php","meta":{"ngg_post_thumbnail":0,"footnotes":"","_mc_calendar":[]},"aioseo_notices":[],"_links":{"self":[{"href":"https:\/\/blogsaverroes.juntadeandalucia.es\/iesantoniogalanacosta\/wp-json\/wp\/v2\/pages\/2893"}],"collection":[{"href":"https:\/\/blogsaverroes.juntadeandalucia.es\/iesantoniogalanacosta\/wp-json\/wp\/v2\/pages"}],"about":[{"href":"https:\/\/blogsaverroes.juntadeandalucia.es\/iesantoniogalanacosta\/wp-json\/wp\/v2\/types\/page"}],"author":[{"embeddable":true,"href":"https:\/\/blogsaverroes.juntadeandalucia.es\/iesantoniogalanacosta\/wp-json\/wp\/v2\/users\/7489"}],"replies":[{"embeddable":true,"href":"https:\/\/blogsaverroes.juntadeandalucia.es\/iesantoniogalanacosta\/wp-json\/wp\/v2\/comments?post=2893"}],"version-history":[{"count":5,"href":"https:\/\/blogsaverroes.juntadeandalucia.es\/iesantoniogalanacosta\/wp-json\/wp\/v2\/pages\/2893\/revisions"}],"predecessor-version":[{"id":3456,"href":"https:\/\/blogsaverroes.juntadeandalucia.es\/iesantoniogalanacosta\/wp-json\/wp\/v2\/pages\/2893\/revisions\/3456"}],"up":[{"embeddable":true,"href":"https:\/\/blogsaverroes.juntadeandalucia.es\/iesantoniogalanacosta\/wp-json\/wp\/v2\/pages\/170"}],"wp:attachment":[{"href":"https:\/\/blogsaverroes.juntadeandalucia.es\/iesantoniogalanacosta\/wp-json\/wp\/v2\/media?parent=2893"}],"curies":[{"name":"wp","href":"https:\/\/api.w.org\/{rel}","templated":true}]}}