{"id":2895,"date":"2020-12-02T17:02:41","date_gmt":"2020-12-02T17:02:41","guid":{"rendered":"https:\/\/blogsaverroes.juntadeandalucia.es\/iesantoniogalanacosta\/?page_id=2895"},"modified":"2023-10-23T07:50:31","modified_gmt":"2023-10-23T07:50:31","slug":"criterios-de-evaluacion","status":"publish","type":"page","link":"https:\/\/blogsaverroes.juntadeandalucia.es\/iesantoniogalanacosta\/educacion-fisica\/criterios-de-evaluacion\/","title":{"rendered":"Criterios de evaluaci\u00f3n Departamento de Educaci\u00f3n F\u00edsica"},"content":{"rendered":"<ul>\n<li><a href=\"https:\/\/blogsaverroes.juntadeandalucia.es\/iesantoniogalanacosta\/files\/2023\/10\/Criterios-de-evaluacio\u0301n-EF.pdf\">Criterios de evaluacio\u0301n EF<\/a><\/li>\n<\/ul>\n","protected":false},"excerpt":{"rendered":"<p>Criterios de evaluacio\u0301n EF<\/p>\n","protected":false},"author":7489,"featured_media":0,"parent":176,"menu_order":0,"comment_status":"closed","ping_status":"closed","template":"page-cs.php","meta":{"ngg_post_thumbnail":0,"footnotes":"","_mc_calendar":[]},"aioseo_notices":[],"_links":{"self":[{"href":"https:\/\/blogsaverroes.juntadeandalucia.es\/iesantoniogalanacosta\/wp-json\/wp\/v2\/pages\/2895"}],"collection":[{"href":"https:\/\/blogsaverroes.juntadeandalucia.es\/iesantoniogalanacosta\/wp-json\/wp\/v2\/pages"}],"about":[{"href":"https:\/\/blogsaverroes.juntadeandalucia.es\/iesantoniogalanacosta\/wp-json\/wp\/v2\/types\/page"}],"author":[{"embeddable":true,"href":"https:\/\/blogsaverroes.juntadeandalucia.es\/iesantoniogalanacosta\/wp-json\/wp\/v2\/users\/7489"}],"replies":[{"embeddable":true,"href":"https:\/\/blogsaverroes.juntadeandalucia.es\/iesantoniogalanacosta\/wp-json\/wp\/v2\/comments?post=2895"}],"version-history":[{"count":7,"href":"https:\/\/blogsaverroes.juntadeandalucia.es\/iesantoniogalanacosta\/wp-json\/wp\/v2\/pages\/2895\/revisions"}],"predecessor-version":[{"id":3117,"href":"https:\/\/blogsaverroes.juntadeandalucia.es\/iesantoniogalanacosta\/wp-json\/wp\/v2\/pages\/2895\/revisions\/3117"}],"up":[{"embeddable":true,"href":"https:\/\/blogsaverroes.juntadeandalucia.es\/iesantoniogalanacosta\/wp-json\/wp\/v2\/pages\/176"}],"wp:attachment":[{"href":"https:\/\/blogsaverroes.juntadeandalucia.es\/iesantoniogalanacosta\/wp-json\/wp\/v2\/media?parent=2895"}],"curies":[{"name":"wp","href":"https:\/\/api.w.org\/{rel}","templated":true}]}}