{"id":3146,"date":"2022-02-02T17:27:18","date_gmt":"2022-02-02T17:27:18","guid":{"rendered":"https:\/\/blogsaverroes.juntadeandalucia.es\/iesantoniogalanacosta\/?page_id=3146"},"modified":"2023-10-23T07:57:35","modified_gmt":"2023-10-23T07:57:35","slug":"criterios-de-evaluacion-5","status":"publish","type":"page","link":"https:\/\/blogsaverroes.juntadeandalucia.es\/iesantoniogalanacosta\/fisica-y-quimica\/criterios-de-evaluacion-5\/","title":{"rendered":"Criterios de evaluaci\u00f3n Departamento F\u00edsica y Qu\u00edmica"},"content":{"rendered":"<p><a href=\"https:\/\/blogsaverroes.juntadeandalucia.es\/iesantoniogalanacosta\/files\/2023\/10\/CRITERIOS-DE-EVALUACI\u00d3N-DEPARTAMENTO-DE-FYQ.pdf\">CRITERIOS DE EVALUACI\u00d3N DEPARTAMENTO DE FYQ<\/a><\/p>\n","protected":false},"excerpt":{"rendered":"<p>CRITERIOS DE EVALUACI\u00d3N DEPARTAMENTO DE FYQ<\/p>\n","protected":false},"author":7489,"featured_media":0,"parent":172,"menu_order":0,"comment_status":"closed","ping_status":"closed","template":"page-cs.php","meta":{"ngg_post_thumbnail":0,"footnotes":"","_mc_calendar":[]},"aioseo_notices":[],"_links":{"self":[{"href":"https:\/\/blogsaverroes.juntadeandalucia.es\/iesantoniogalanacosta\/wp-json\/wp\/v2\/pages\/3146"}],"collection":[{"href":"https:\/\/blogsaverroes.juntadeandalucia.es\/iesantoniogalanacosta\/wp-json\/wp\/v2\/pages"}],"about":[{"href":"https:\/\/blogsaverroes.juntadeandalucia.es\/iesantoniogalanacosta\/wp-json\/wp\/v2\/types\/page"}],"author":[{"embeddable":true,"href":"https:\/\/blogsaverroes.juntadeandalucia.es\/iesantoniogalanacosta\/wp-json\/wp\/v2\/users\/7489"}],"replies":[{"embeddable":true,"href":"https:\/\/blogsaverroes.juntadeandalucia.es\/iesantoniogalanacosta\/wp-json\/wp\/v2\/comments?post=3146"}],"version-history":[{"count":6,"href":"https:\/\/blogsaverroes.juntadeandalucia.es\/iesantoniogalanacosta\/wp-json\/wp\/v2\/pages\/3146\/revisions"}],"predecessor-version":[{"id":3180,"href":"https:\/\/blogsaverroes.juntadeandalucia.es\/iesantoniogalanacosta\/wp-json\/wp\/v2\/pages\/3146\/revisions\/3180"}],"up":[{"embeddable":true,"href":"https:\/\/blogsaverroes.juntadeandalucia.es\/iesantoniogalanacosta\/wp-json\/wp\/v2\/pages\/172"}],"wp:attachment":[{"href":"https:\/\/blogsaverroes.juntadeandalucia.es\/iesantoniogalanacosta\/wp-json\/wp\/v2\/media?parent=3146"}],"curies":[{"name":"wp","href":"https:\/\/api.w.org\/{rel}","templated":true}]}}