{"id":77,"date":"2015-03-16T06:54:56","date_gmt":"2015-03-16T06:54:56","guid":{"rendered":"http:\/\/blogsaverroes.juntadeandalucia.es\/pre\/ceip\/?page_id=77"},"modified":"2024-07-04T08:51:56","modified_gmt":"2024-07-04T08:51:56","slug":"secretaria","status":"publish","type":"page","link":"https:\/\/blogsaverroes.juntadeandalucia.es\/iesantoniogalanacosta\/secretaria\/","title":{"rendered":"Secretar\u00eda"},"content":{"rendered":"<div>&nbsp;<\/div>\n<div style=\"text-align: center\"><b><span style=\"color: #000000\">Horario de atenci\u00f3n al p\u00fablico en ventanilla de la secretar\u00eda: de&nbsp;<\/span><span style=\"color: #0000ff\">10 h a 13 h<\/span><\/b><\/div>\n<div style=\"text-align: center\"><b><span style=\"color: #000000\">Horario de atenci\u00f3n al p\u00fablico por tel\u00e9fono (&nbsp;<\/span><span style=\"color: #0000ff\">957 199 900&nbsp;<\/span><span style=\"color: #000000\">): de&nbsp;<\/span><span style=\"color: #0000ff\">9.30 h a 13.30 h<\/span><\/b><\/div>\n<div>&nbsp;<\/div>\n<div>\n<h4 class=\"sites-embed-title\" style=\"text-align: left\"><span style=\"color: #999999\">PROCEDIMIENTO PARA LA EXPEDICI\u00d3N DE T\u00cdTULOS ACAD\u00c9MICOS<\/span><\/h4>\n<div class=\"sites-embed-content sites-embed-type-text\">\n<div class=\"sites-embed-content-textbox\">\n<div dir=\"ltr\" style=\"text-align: justify\">\n<div><img loading=\"lazy\" decoding=\"async\" class=\"alignright\" src=\"https:\/\/lh3.googleusercontent.com\/byKbUTnJwzHe9so3g37nTfPKV40EvDQfVb6vB8Td7XLotdNT8sMPosz47o9Z2-3Zdy3r2_HZ0x25a3XSCVyg6mtsIoP1-RWwSSHikuXO4Z0c4U6S_HXRH7r23D6C-TV78KWzg2RO-tJj14Wm9msUwfzoGYb-ewLYHZYz1SS7Iep_3IgeABh-FvW6700Jf7YCCmCBUm8EIx-LuulBti0RuJUiwwfGlCaqjx-2FzXU_wvscSmjKJ7aZrCi8OxMg9sLYk1DiXoTkDkcwBsvRSmiOhXmVxNGsCtlKH4illwllMlG85hkVkwWHrh3iVNjg4UNpm81YIsbpqwVa8gdt86JrLgaXko6lK1lgilTD5S_KLcm6No6csz8FzlrLvlch2Y7cdLNm6IhDBxPa8wHGBN3CbMpXRj0TRYvfkN9lm6Wz0nJLMjayHDPVyHUgIFNryeHpBBV3G-iV0IT45w4oi6PSb3mdQhNcge6XFy4_N8Nan1kpmgymHrJjvpEsmutZwddebuNu67ffQocgpJu9rd0TTPPdui_h6GWN1K5u7-_X75na_eIezy4AEcnL2HxmfY3Puo_lCdZhHOKJImqnzyexxWky4t74ZTSQeKLMCDq9wyUoXFUs6ATlJV-rqZQlQSm_U5DQURN2vZ8kFPa4sMsJ1CPBdBqr8PN=w481-h347-no\" width=\"200\" height=\"144\" border=\"0\"><\/div>\n<div><b><span style=\"color: #000000\"><span style=\"font-size: small\">&nbsp;<\/span><\/span><\/b><\/div>\n<p><b><span style=\"color: #000000\"><span style=\"font-size: small\">&nbsp; &nbsp;En el siguiente enlace, tienes toda la informaci\u00f3n que necesitas para solicitar la expedici\u00f3n de los t\u00edtulos de&nbsp;<\/span><\/span><span style=\"font-size: small\"><span style=\"color: #0000ff\">Graduado en ESO<\/span><span style=\"color: #000000\">,&nbsp;<\/span><span style=\"color: #0000ff\">Bachillerato<\/span><span style=\"color: #000000\">y&nbsp;<\/span><span style=\"color: #0000ff\">Ciclos Formativos de Grado Medio<\/span><span style=\"color: #000000\">&nbsp;y&nbsp;<\/span><span style=\"color: #0000ff\">Grado Superior<\/span><span style=\"color: #000000\">. Tambi\u00e9n se incluye el enlace para cumplimentar el \u00abimpreso 046\u00bb.<\/span><\/span><\/b><\/p>\n<div><a href=\"https:\/\/blogsaverroes.juntadeandalucia.es\/iesantoniogalanacosta\/files\/2024\/07\/CUMPLIMENTACION-046.pdf\">CUMPLIMENTACION 046<\/a><\/div>\n<div><a href=\"https:\/\/blogsaverroes.juntadeandalucia.es\/iesantoniogalanacosta\/files\/2024\/07\/SOLICITUD-TITULOS-ACADEMICOS.pdf\">SOLICITUD T\u00cdTULOS ACAD\u00c9MICOS<\/a><\/div>\n<\/div>\n<\/div>\n<\/div>\n<\/div>\n<p><a href=\"https:\/\/www.juntadeandalucia.es\/economiayhacienda\/apl\/surweb\/modelos\/modelo046\/046.jsp\">Modelo 046<\/a><\/p>\n<p>&nbsp;<\/p>\n<p>&nbsp;<\/p>\n","protected":false},"excerpt":{"rendered":"<p>&nbsp; Horario de atenci\u00f3n al p\u00fablico en ventanilla de la secretar\u00eda: de&nbsp;10 h a 13 h Horario de atenci\u00f3n al p\u00fablico por tel\u00e9fono (&nbsp;957 199 900&nbsp;): de&nbsp;9.30 h a 13.30 h &nbsp; PROCEDIMIENTO PARA&#46;&#46;&#46;<\/p>\n","protected":false},"author":1,"featured_media":2413,"parent":0,"menu_order":0,"comment_status":"closed","ping_status":"open","template":"page-cs.php","meta":{"ngg_post_thumbnail":0,"footnotes":"","_mc_calendar":[]},"aioseo_notices":[],"_links":{"self":[{"href":"https:\/\/blogsaverroes.juntadeandalucia.es\/iesantoniogalanacosta\/wp-json\/wp\/v2\/pages\/77"}],"collection":[{"href":"https:\/\/blogsaverroes.juntadeandalucia.es\/iesantoniogalanacosta\/wp-json\/wp\/v2\/pages"}],"about":[{"href":"https:\/\/blogsaverroes.juntadeandalucia.es\/iesantoniogalanacosta\/wp-json\/wp\/v2\/types\/page"}],"author":[{"embeddable":true,"href":"https:\/\/blogsaverroes.juntadeandalucia.es\/iesantoniogalanacosta\/wp-json\/wp\/v2\/users\/1"}],"replies":[{"embeddable":true,"href":"https:\/\/blogsaverroes.juntadeandalucia.es\/iesantoniogalanacosta\/wp-json\/wp\/v2\/comments?post=77"}],"version-history":[{"count":19,"href":"https:\/\/blogsaverroes.juntadeandalucia.es\/iesantoniogalanacosta\/wp-json\/wp\/v2\/pages\/77\/revisions"}],"predecessor-version":[{"id":2807,"href":"https:\/\/blogsaverroes.juntadeandalucia.es\/iesantoniogalanacosta\/wp-json\/wp\/v2\/pages\/77\/revisions\/2807"}],"wp:featuredmedia":[{"embeddable":true,"href":"https:\/\/blogsaverroes.juntadeandalucia.es\/iesantoniogalanacosta\/wp-json\/wp\/v2\/media\/2413"}],"wp:attachment":[{"href":"https:\/\/blogsaverroes.juntadeandalucia.es\/iesantoniogalanacosta\/wp-json\/wp\/v2\/media?parent=77"}],"curies":[{"name":"wp","href":"https:\/\/api.w.org\/{rel}","templated":true}]}}