{"id":2503,"date":"2022-01-23T10:11:45","date_gmt":"2022-01-23T10:11:45","guid":{"rendered":"https:\/\/blogsaverroes.juntadeandalucia.es\/iesantorre\/?page_id=2503"},"modified":"2022-09-19T19:43:13","modified_gmt":"2022-09-19T19:43:13","slug":"secretaria","status":"publish","type":"page","link":"https:\/\/blogsaverroes.juntadeandalucia.es\/iesantorre\/secretaria\/","title":{"rendered":"Secretar\u00eda"},"content":{"rendered":"\t\t<div data-elementor-type=\"wp-page\" data-elementor-id=\"2503\" class=\"elementor elementor-2503\">\n\t\t\t\t\t\t<section class=\"elementor-section elementor-top-section elementor-element elementor-element-2d9bf0e4 elementor-section-boxed elementor-section-height-default elementor-section-height-default\" data-id=\"2d9bf0e4\" data-element_type=\"section\">\n\t\t\t\t\t\t<div class=\"elementor-container elementor-column-gap-default\">\n\t\t\t\t\t<div class=\"elementor-column elementor-col-100 elementor-top-column elementor-element elementor-element-1b6e53bc\" data-id=\"1b6e53bc\" data-element_type=\"column\">\n\t\t\t<div class=\"elementor-widget-wrap elementor-element-populated\">\n\t\t\t\t\t\t<div class=\"elementor-element elementor-element-3ea8f0a6 elementor-widget elementor-widget-text-editor\" data-id=\"3ea8f0a6\" data-element_type=\"widget\" data-widget_type=\"text-editor.default\">\n\t\t\t\t<div class=\"elementor-widget-container\">\n\t\t\t\t\t\t\t\t\t<p class=\"CDt4Ke zfr3Q\" dir=\"ltr\"><strong>Secretaria:<\/strong> Estrella Garc\u00eda Cord\u00f3n<\/p>\n<p class=\"CDt4Ke zfr3Q\" dir=\"ltr\"><strong>Horario de atenci\u00f3n al p\u00fablico: <\/strong>De LUNES a VIERNES de 10:30 a 13:30<\/p>\n<p class=\"CDt4Ke zfr3Q\" dir=\"ltr\"><br><\/p>\n<hr>\n<p class=\"CDt4Ke zfr3Q\" dir=\"ltr\">Todos los tr\u00e1mites administrativos (solicitud de admisi\u00f3n, matriculaci\u00f3n, etc.), los podr\u00e1 realizar telem\u00e1ticamente pinchando en <a href=\"https:\/\/www.juntadeandalucia.es\/educacion\/secretariavirtual\/\"><strong>Secretar\u00eda Virtual<\/strong><strong>.<\/strong><\/a><\/p>\n<p dir=\"ltr\"><a href=\"https:\/\/www.juntadeandalucia.es\/educacion\/secretariavirtual\/\"><img decoding=\"async\" class=\"size-medium wp-image-2504 aligncenter\" src=\"https:\/\/blogsaverroes.juntadeandalucia.es\/iesantorre\/files\/2022\/01\/SECRETAR\u00cdA_VIRTUAL-300x73.png\" alt=\"SECREAT\u00cdA VIRTUAL JUNTA ANDALUC\u00cdA\" width=\"300\" height=\"73\" srcset=\"https:\/\/blogsaverroes.juntadeandalucia.es\/iesantorre\/files\/2022\/01\/SECRETAR\u00cdA_VIRTUAL-300x73.png 300w, https:\/\/blogsaverroes.juntadeandalucia.es\/iesantorre\/files\/2022\/01\/SECRETAR\u00cdA_VIRTUAL.png 455w\" sizes=\"(max-width: 300px) 100vw, 300px\" \/><\/a><\/p>\n<p dir=\"ltr\"><strong>IMPORTANTE: <\/strong><\/p>\n<p class=\"CDt4Ke zfr3Q\" dir=\"ltr\">PARA CUALQUIER TR\u00c1MITE ADMINISTRATIVO ES IMPRESCINDIBLE USAR LA <strong>CLAVE IANDE<\/strong>.&nbsp;<\/p>\n<p dir=\"ltr\"><span style=\"text-decoration: underline\">\u00bfD\u00d3NDE ENCONTRAR LA CLAVE IANDE?<\/span><\/p>\n<p dir=\"ltr\">Si eres miembro de la comunidad educativa, s\u00f3lo tienes que buscarla en los mensajes recibidos a trav\u00e9s de iPasen.<\/p>\n<p class=\"CDt4Ke zfr3Q\" dir=\"ltr\">Si no eres miembro de la comunidad educativa, <a href=\"https:\/\/www.youtube.com\/watch?v=NNpBF548YsY\">aqu\u00ed puedes ver c\u00f3mo conseguirla<\/a>.<\/p>\n<p class=\"CDt4Ke zfr3Q\" dir=\"ltr\"><strong>Tel\u00e9fono de atenci\u00f3n incidencias en la Secretar\u00eda Virtual y clave iANDE gratuito 900848000.<\/strong><\/p>\n<hr>\n<p dir=\"ltr\">&nbsp;<\/p>\n<h4><span style=\"text-decoration: underline\">RECOGIDA DE T\u00cdTULOS<\/span><\/h4>\n<p dir=\"ltr\">Los t\u00edtulos, previamente solicitados, <strong>se recoger\u00e1n en Secretar\u00eda<\/strong>, para lo que el alumno deber\u00e1 presentar <strong>su D.N.I. Tambi\u00e9n puede recogerlo otra persona debidamente autorizada<\/strong> mediante un escrito firmado por el alumno en el que figure nombre y apellidos de la persona autorizada y su n\u00famero de D.N.I. acompa\u00f1ado de una fotocopia del D.N.I. del alumno.<\/p>\n<hr>\n<hr>\n<h4><span style=\"text-decoration: underline\">VIDEOTUTORIALES DE AYUDA&nbsp;<\/span><\/h4>\n<p dir=\"ltr\"><a href=\"https:\/\/www.youtube.com\/watch?v=Abhxxjyfb2A\">Matriculaci\u00f3n electr\u00f3nica ESO<\/a><\/p>\n<p dir=\"ltr\"><a href=\"https:\/\/www.youtube.com\/watch?v=SktQ-Y9hyr8\">Localizar clave IANDE<\/a>Estrella<\/p>\t\t\t\t\t\t\t\t<\/div>\n\t\t\t\t<\/div>\n\t\t\t\t\t<\/div>\n\t\t<\/div>\n\t\t\t\t\t<\/div>\n\t\t<\/section>\n\t\t\t\t<\/div>\n\t\t","protected":false},"excerpt":{"rendered":"<p>Secretaria: Estrella Garc\u00eda Cord\u00f3n Horario de atenci\u00f3n al p\u00fablico: De LUNES a VIERNES de 10:30 a 13:30 Todos los tr\u00e1mites administrativos (solicitud de admisi\u00f3n, matriculaci\u00f3n, etc.), los podr\u00e1 realizar telem\u00e1ticamente pinchando en Secretar\u00eda Virtual.&#46;&#46;&#46;<\/p>\n","protected":false},"author":10241,"featured_media":0,"parent":0,"menu_order":0,"comment_status":"closed","ping_status":"closed","template":"","meta":{"ngg_post_thumbnail":0,"footnotes":"","_mc_calendar":[]},"aioseo_notices":[],"_links":{"self":[{"href":"https:\/\/blogsaverroes.juntadeandalucia.es\/iesantorre\/wp-json\/wp\/v2\/pages\/2503"}],"collection":[{"href":"https:\/\/blogsaverroes.juntadeandalucia.es\/iesantorre\/wp-json\/wp\/v2\/pages"}],"about":[{"href":"https:\/\/blogsaverroes.juntadeandalucia.es\/iesantorre\/wp-json\/wp\/v2\/types\/page"}],"author":[{"embeddable":true,"href":"https:\/\/blogsaverroes.juntadeandalucia.es\/iesantorre\/wp-json\/wp\/v2\/users\/10241"}],"replies":[{"embeddable":true,"href":"https:\/\/blogsaverroes.juntadeandalucia.es\/iesantorre\/wp-json\/wp\/v2\/comments?post=2503"}],"version-history":[{"count":20,"href":"https:\/\/blogsaverroes.juntadeandalucia.es\/iesantorre\/wp-json\/wp\/v2\/pages\/2503\/revisions"}],"predecessor-version":[{"id":3596,"href":"https:\/\/blogsaverroes.juntadeandalucia.es\/iesantorre\/wp-json\/wp\/v2\/pages\/2503\/revisions\/3596"}],"wp:attachment":[{"href":"https:\/\/blogsaverroes.juntadeandalucia.es\/iesantorre\/wp-json\/wp\/v2\/media?parent=2503"}],"curies":[{"name":"wp","href":"https:\/\/api.w.org\/{rel}","templated":true}]}}