{"id":2641,"date":"2022-01-24T15:10:07","date_gmt":"2022-01-24T15:10:07","guid":{"rendered":"https:\/\/blogsaverroes.juntadeandalucia.es\/iesantorre\/?page_id=2641"},"modified":"2024-11-04T13:33:34","modified_gmt":"2024-11-04T13:33:34","slug":"tecnologia","status":"publish","type":"page","link":"https:\/\/blogsaverroes.juntadeandalucia.es\/iesantorre\/tecnologia\/","title":{"rendered":"Tecnolog\u00eda"},"content":{"rendered":"\t\t<div data-elementor-type=\"wp-page\" data-elementor-id=\"2641\" class=\"elementor elementor-2641\">\n\t\t\t\t\t\t<section class=\"elementor-section elementor-top-section elementor-element elementor-element-4bfb33c9 elementor-section-boxed elementor-section-height-default elementor-section-height-default\" data-id=\"4bfb33c9\" data-element_type=\"section\">\n\t\t\t\t\t\t<div class=\"elementor-container elementor-column-gap-default\">\n\t\t\t\t\t<div class=\"elementor-column elementor-col-100 elementor-top-column elementor-element elementor-element-756cc3fb\" data-id=\"756cc3fb\" data-element_type=\"column\">\n\t\t\t<div class=\"elementor-widget-wrap elementor-element-populated\">\n\t\t\t\t\t\t<div class=\"elementor-element elementor-element-759440d6 elementor-widget elementor-widget-text-editor\" data-id=\"759440d6\" data-element_type=\"widget\" data-widget_type=\"text-editor.default\">\n\t\t\t\t<div class=\"elementor-widget-container\">\n\t\t\t\t\t\t\t\t\t<p><img fetchpriority=\"high\" decoding=\"async\" class=\"aligncenter size-medium wp-image-2163\" src=\"http:\/\/blogsaverroes.juntadeandalucia.es\/temahuemanies\/files\/2015\/03\/tecnologia-300x225.jpg\" alt=\"tecnologia\" width=\"300\" height=\"225\" srcset=\"https:\/\/blogsaverroes.juntadeandalucia.es\/iesantorre\/files\/2015\/03\/tecnologia-300x225.jpg 300w, https:\/\/blogsaverroes.juntadeandalucia.es\/iesantorre\/files\/2015\/03\/tecnologia.jpg 640w\" sizes=\"(max-width: 300px) 100vw, 300px\" \/><\/p>\n<p style=\"text-align: justify\">El desarrollo tecnol\u00f3gico configura el mundo actual que conocemos. En muchas ocasiones la tecnolog\u00eda interact\u00faa en nuestra vida, aunque pasa desapercibida por lo habituados que estamos a ella. Este contexto hace necesaria la formaci\u00f3n de ciudadanos en la toma de decisiones relacionadas con procesos tecnol\u00f3gicos, con sentido cr\u00edtico, con capacidad de resolver problemas relacionados con ellos y, en definitiva, para utilizar y conocer materiales, procesos y objetos tecnol\u00f3gicos que facilitan la capacidad de actuar en un entorno tecnificado que mejora la calidad de vida.<\/p>\n<p style=\"text-align: justify\">A lo largo de los siglos, el desarrollo tecnol\u00f3gico se ha visto motivado por las necesidades que la sociedad de cada \u00e9poca ha demandado, por sus tradiciones y su cultura, sin olvidar aspectos econ\u00f3micos y de mercado. La innovaci\u00f3n y b\u00fasqueda de soluciones alternativas han facilitado avances y la necesidad de cambio ha estado ligada siempre al ser humano. Por este motivo, la sociedad en la que vivimos necesita una educaci\u00f3n tecnol\u00f3gica amplia que facilite el conocimiento de las diversas tecnolog\u00edas, as\u00ed como las t\u00e9cnicas y los conocimientos cient\u00edficos que los sustentan. El desarrollo tecnol\u00f3gico se fundamenta en principios elementales y m\u00e1quinas simples que, sumados convenientemente, crean nuevas m\u00e1quinas y generan la realidad que nos rodea.<\/p>\n<h4><span style=\"text-decoration: underline\">MIEMBROS DEL DEPARTAMENTO<\/span><\/h4>\n<p>M\u00aa Jos\u00e9 Membrive G\u00f3mez-Pastrana (Coordinadora TDE)<\/p>\n<p><strong>&nbsp;<\/strong><strong>Eduardo Gallardo Escobar<\/strong><span> (Jefe de Departamento)<\/span><\/p>\n<p>Mar\u00eda Isabel Mille Freire<\/p>\n<p><\/p>\t\t\t\t\t\t\t\t<\/div>\n\t\t\t\t<\/div>\n\t\t\t\t<div class=\"elementor-element elementor-element-5c5d31b elementor-widget elementor-widget-text-editor\" data-id=\"5c5d31b\" data-element_type=\"widget\" data-widget_type=\"text-editor.default\">\n\t\t\t\t<div class=\"elementor-widget-container\">\n\t\t\t\t\t\t\t\t\t<p>\u00a0<\/p><p style=\"text-align: justify\">\u00a0<\/p><h4>\u00a0<\/h4><p>\u00a0<\/p>\t\t\t\t\t\t\t\t<\/div>\n\t\t\t\t<\/div>\n\t\t\t\t\t<\/div>\n\t\t<\/div>\n\t\t\t\t\t<\/div>\n\t\t<\/section>\n\t\t\t\t<section class=\"elementor-section elementor-top-section elementor-element elementor-element-e45220a elementor-section-boxed elementor-section-height-default elementor-section-height-default\" data-id=\"e45220a\" data-element_type=\"section\">\n\t\t\t\t\t\t<div class=\"elementor-container elementor-column-gap-default\">\n\t\t\t\t\t<div class=\"elementor-column elementor-col-100 elementor-top-column elementor-element elementor-element-b5a311a\" data-id=\"b5a311a\" data-element_type=\"column\">\n\t\t\t<div class=\"elementor-widget-wrap elementor-element-populated\">\n\t\t\t\t\t\t<div class=\"elementor-element elementor-element-588cc81 elementor-align-right elementor-widget elementor-widget-button\" data-id=\"588cc81\" data-element_type=\"widget\" data-widget_type=\"button.default\">\n\t\t\t\t<div class=\"elementor-widget-container\">\n\t\t\t\t\t\t\t\t\t<div class=\"elementor-button-wrapper\">\n\t\t\t\t\t<a class=\"elementor-button elementor-button-link elementor-size-sm\" href=\"https:\/\/blogsaverroes.juntadeandalucia.es\/iesantorre\/actividades-tecnologia\/\">\n\t\t\t\t\t\t<span class=\"elementor-button-content-wrapper\">\n\t\t\t\t\t\t\t\t\t<span class=\"elementor-button-text\">ACTIVIDADES REALIZADAS<\/span>\n\t\t\t\t\t<\/span>\n\t\t\t\t\t<\/a>\n\t\t\t\t<\/div>\n\t\t\t\t\t\t\t\t<\/div>\n\t\t\t\t<\/div>\n\t\t\t\t\t<\/div>\n\t\t<\/div>\n\t\t\t\t\t<\/div>\n\t\t<\/section>\n\t\t\t\t<\/div>\n\t\t","protected":false},"excerpt":{"rendered":"<p>El desarrollo tecnol\u00f3gico configura el mundo actual que conocemos. En muchas ocasiones la tecnolog\u00eda interact\u00faa en nuestra vida, aunque pasa desapercibida por lo habituados que estamos a ella. Este contexto hace necesaria la formaci\u00f3n&#46;&#46;&#46;<\/p>\n","protected":false},"author":10241,"featured_media":0,"parent":0,"menu_order":0,"comment_status":"closed","ping_status":"closed","template":"","meta":{"ngg_post_thumbnail":0,"footnotes":"","_mc_calendar":[]},"aioseo_notices":[],"_links":{"self":[{"href":"https:\/\/blogsaverroes.juntadeandalucia.es\/iesantorre\/wp-json\/wp\/v2\/pages\/2641"}],"collection":[{"href":"https:\/\/blogsaverroes.juntadeandalucia.es\/iesantorre\/wp-json\/wp\/v2\/pages"}],"about":[{"href":"https:\/\/blogsaverroes.juntadeandalucia.es\/iesantorre\/wp-json\/wp\/v2\/types\/page"}],"author":[{"embeddable":true,"href":"https:\/\/blogsaverroes.juntadeandalucia.es\/iesantorre\/wp-json\/wp\/v2\/users\/10241"}],"replies":[{"embeddable":true,"href":"https:\/\/blogsaverroes.juntadeandalucia.es\/iesantorre\/wp-json\/wp\/v2\/comments?post=2641"}],"version-history":[{"count":30,"href":"https:\/\/blogsaverroes.juntadeandalucia.es\/iesantorre\/wp-json\/wp\/v2\/pages\/2641\/revisions"}],"predecessor-version":[{"id":4377,"href":"https:\/\/blogsaverroes.juntadeandalucia.es\/iesantorre\/wp-json\/wp\/v2\/pages\/2641\/revisions\/4377"}],"wp:attachment":[{"href":"https:\/\/blogsaverroes.juntadeandalucia.es\/iesantorre\/wp-json\/wp\/v2\/media?parent=2641"}],"curies":[{"name":"wp","href":"https:\/\/api.w.org\/{rel}","templated":true}]}}