{"id":3328,"date":"2022-02-02T14:50:15","date_gmt":"2022-02-02T14:50:15","guid":{"rendered":"https:\/\/blogsaverroes.juntadeandalucia.es\/iesantorre\/?page_id=3328"},"modified":"2022-04-05T22:27:47","modified_gmt":"2022-04-05T22:27:47","slug":"actividades-del-programa-aldea","status":"publish","type":"page","link":"https:\/\/blogsaverroes.juntadeandalucia.es\/iesantorre\/actividades-del-programa-aldea\/","title":{"rendered":"Actividades del Programa Aldea"},"content":{"rendered":"<p><span style=\"text-decoration: underline;color: #61a9ce\"><strong>\u00c1RBOL DE NAVIDAD<\/strong><\/span><\/p>\n<p>La finalidad de esta actividad es inculcar a nuestro alumnado la importacia del reciclaje.<\/p>\n<p>El alumnado de 1\u00ba ESO y 2\u00ba ESO realiz\u00f3 \u00e1rboles de navidad con material reciclado (peri\u00f3dicos, revistas, libros usados o deteriorados). La ganadora fue seleccionada por votaci\u00f3n del alumnado y profesorado del centro.<\/p>\n<p>&nbsp;<\/p>\n<table style=\"border-collapse: collapse;width: 100%\">\n<tbody>\n<tr>\n<td style=\"width: 33.3333%\">&nbsp;<\/td>\n<td style=\"width: 33.3333%\"><a href=\"https:\/\/blogsaverroes.juntadeandalucia.es\/iesantorre\/files\/2022\/04\/ganadora.jpg\"><img fetchpriority=\"high\" decoding=\"async\" class=\"aligncenter wp-image-3412\" src=\"https:\/\/blogsaverroes.juntadeandalucia.es\/iesantorre\/files\/2022\/04\/ganadora.jpg\" alt=\"\" width=\"298\" height=\"346\" srcset=\"https:\/\/blogsaverroes.juntadeandalucia.es\/iesantorre\/files\/2022\/04\/ganadora.jpg 714w, https:\/\/blogsaverroes.juntadeandalucia.es\/iesantorre\/files\/2022\/04\/ganadora-258x300.jpg 258w\" sizes=\"(max-width: 298px) 100vw, 298px\" \/><\/a><\/td>\n<td style=\"width: 33.3333%\"><img decoding=\"async\" class=\"aligncenter wp-image-3411\" style=\"color: #0000ee\" src=\"https:\/\/blogsaverroes.juntadeandalucia.es\/iesantorre\/files\/2022\/04\/premios.jpg\" alt=\"\" width=\"235\" height=\"313\" srcset=\"https:\/\/blogsaverroes.juntadeandalucia.es\/iesantorre\/files\/2022\/04\/premios.jpg 622w, https:\/\/blogsaverroes.juntadeandalucia.es\/iesantorre\/files\/2022\/04\/premios-225x300.jpg 225w\" sizes=\"(max-width: 235px) 100vw, 235px\" \/><\/td>\n<\/tr>\n<\/tbody>\n<\/table>\n<p>&nbsp;<\/p>\n<p>&nbsp;<\/p>\n","protected":false},"excerpt":{"rendered":"<p>\u00c1RBOL DE NAVIDAD La finalidad de esta actividad es inculcar a nuestro alumnado la importacia del reciclaje. El alumnado de 1\u00ba ESO y 2\u00ba ESO realiz\u00f3 \u00e1rboles de navidad con material reciclado (peri\u00f3dicos, revistas,&#46;&#46;&#46;<\/p>\n","protected":false},"author":10241,"featured_media":0,"parent":0,"menu_order":0,"comment_status":"closed","ping_status":"closed","template":"","meta":{"ngg_post_thumbnail":0,"footnotes":"","_mc_calendar":[]},"aioseo_notices":[],"_links":{"self":[{"href":"https:\/\/blogsaverroes.juntadeandalucia.es\/iesantorre\/wp-json\/wp\/v2\/pages\/3328"}],"collection":[{"href":"https:\/\/blogsaverroes.juntadeandalucia.es\/iesantorre\/wp-json\/wp\/v2\/pages"}],"about":[{"href":"https:\/\/blogsaverroes.juntadeandalucia.es\/iesantorre\/wp-json\/wp\/v2\/types\/page"}],"author":[{"embeddable":true,"href":"https:\/\/blogsaverroes.juntadeandalucia.es\/iesantorre\/wp-json\/wp\/v2\/users\/10241"}],"replies":[{"embeddable":true,"href":"https:\/\/blogsaverroes.juntadeandalucia.es\/iesantorre\/wp-json\/wp\/v2\/comments?post=3328"}],"version-history":[{"count":9,"href":"https:\/\/blogsaverroes.juntadeandalucia.es\/iesantorre\/wp-json\/wp\/v2\/pages\/3328\/revisions"}],"predecessor-version":[{"id":3415,"href":"https:\/\/blogsaverroes.juntadeandalucia.es\/iesantorre\/wp-json\/wp\/v2\/pages\/3328\/revisions\/3415"}],"wp:attachment":[{"href":"https:\/\/blogsaverroes.juntadeandalucia.es\/iesantorre\/wp-json\/wp\/v2\/media?parent=3328"}],"curies":[{"name":"wp","href":"https:\/\/api.w.org\/{rel}","templated":true}]}}