{"id":1007,"date":"2021-09-30T10:05:55","date_gmt":"2021-09-30T10:05:55","guid":{"rendered":"http:\/\/www.iesarroyodelamiel.es\/?page_id=1007"},"modified":"2025-10-17T05:46:23","modified_gmt":"2025-10-17T05:46:23","slug":"presentacion-ma","status":"publish","type":"page","link":"https:\/\/blogsaverroes.juntadeandalucia.es\/iesarroyodelamiel\/presentacion-ma\/","title":{"rendered":"Presentacion MA"},"content":{"rendered":"<p>El profesorado del departamento de matem\u00e1ticas durante el curso 2022-2023 es:<\/p>\n<ul style=\"list-style-type: circle\">\n<li>Bocinos Rioboo, Almudena<\/li>\n<li>Cerezo Palomino, Mar\u00eda de las Mercedes<\/li>\n<li>Garc\u00eda Rodr\u00edguez, Celia<\/li>\n<li>Marqu\u00e9s Guti\u00e9rrez, Carmen<\/li>\n<li>Rama Serrano, Elena<\/li>\n<li>Romero Luque, Ana Bel\u00e9n<\/li>\n<li>Ruiz Morales, Sandra<\/li>\n<li>Ruiz S\u00e1nchez, Jos\u00e9 Antonio<\/li>\n<li>Tortosa Ruiz, Mar\u00eda Victoria<\/li>\n<\/ul>\n<p>&nbsp;<\/p>\n<p>&nbsp;<\/p>\n<p>&nbsp;<\/p>\n<p>&nbsp;<\/p>\n<p>&nbsp;<\/p>\n<p>&nbsp;<\/p>\n<p>&nbsp;<\/p>\n<p>&nbsp;<\/p>\n<p>&nbsp;<\/p>\n<p>&nbsp;<\/p>\n","protected":false},"excerpt":{"rendered":"<p>El profesorado del departamento de matem\u00e1ticas durante el curso 2022-2023 es: Bocinos Rioboo, Almudena Cerezo Palomino, Mar\u00eda de las Mercedes Garc\u00eda Rodr\u00edguez, Celia Marqu\u00e9s Guti\u00e9rrez, Carmen Rama Serrano, Elena Romero Luque, Ana Bel\u00e9n Ruiz&#46;&#46;&#46;<\/p>\n","protected":false},"author":10424,"featured_media":0,"parent":0,"menu_order":0,"comment_status":"closed","ping_status":"closed","template":"","meta":{"ngg_post_thumbnail":0,"footnotes":"","_mc_calendar":[]},"aioseo_notices":[],"_links":{"self":[{"href":"https:\/\/blogsaverroes.juntadeandalucia.es\/iesarroyodelamiel\/wp-json\/wp\/v2\/pages\/1007"}],"collection":[{"href":"https:\/\/blogsaverroes.juntadeandalucia.es\/iesarroyodelamiel\/wp-json\/wp\/v2\/pages"}],"about":[{"href":"https:\/\/blogsaverroes.juntadeandalucia.es\/iesarroyodelamiel\/wp-json\/wp\/v2\/types\/page"}],"author":[{"embeddable":true,"href":"https:\/\/blogsaverroes.juntadeandalucia.es\/iesarroyodelamiel\/wp-json\/wp\/v2\/users\/10424"}],"replies":[{"embeddable":true,"href":"https:\/\/blogsaverroes.juntadeandalucia.es\/iesarroyodelamiel\/wp-json\/wp\/v2\/comments?post=1007"}],"version-history":[{"count":8,"href":"https:\/\/blogsaverroes.juntadeandalucia.es\/iesarroyodelamiel\/wp-json\/wp\/v2\/pages\/1007\/revisions"}],"predecessor-version":[{"id":7662,"href":"https:\/\/blogsaverroes.juntadeandalucia.es\/iesarroyodelamiel\/wp-json\/wp\/v2\/pages\/1007\/revisions\/7662"}],"wp:attachment":[{"href":"https:\/\/blogsaverroes.juntadeandalucia.es\/iesarroyodelamiel\/wp-json\/wp\/v2\/media?parent=1007"}],"curies":[{"name":"wp","href":"https:\/\/api.w.org\/{rel}","templated":true}]}}