{"id":1037,"date":"2013-04-13T20:06:35","date_gmt":"2013-04-13T18:06:35","guid":{"rendered":"http:\/\/www.iesarroyodelamiel.es\/?page_id=1037"},"modified":"2013-04-13T20:06:35","modified_gmt":"2013-04-13T18:06:35","slug":"juegos-matematicos","status":"publish","type":"page","link":"https:\/\/blogsaverroes.juntadeandalucia.es\/iesarroyodelamiel\/juegos-matematicos\/","title":{"rendered":"Juegos Matem\u00e1ticos"},"content":{"rendered":"<table border=\"2\" width=\"95%\" align=\"center\">\n<tbody>\n<tr>\n<td align=\"center\" width=\"6%\"><a href=\"http:\/\/www.iesarroyodelamiel.es\/wp-content\/uploads\/2013\/04\/bridg-it\/bridg.htm\"><img loading=\"lazy\" decoding=\"async\" src=\"https:\/\/blogsaverroes.juntadeandalucia.es\/iesarroyodelamiel\/files\/2013\/04\/bobridg-it.gif\" alt=\"\" width=\"38\" height=\"38\" border=\"0\" \/><\/a><\/td>\n<td align=\"left\" bgcolor=\"\" width=\"32%\"><b>Bridg-it<\/b><\/td>\n<td align=\"center\" width=\"6%\"><a href=\"http:\/\/www.iesarroyodelamiel.es\/figuras-imposibles\/\"><img loading=\"lazy\" decoding=\"async\" src=\"https:\/\/blogsaverroes.juntadeandalucia.es\/iesarroyodelamiel\/files\/2013\/04\/bofigurasimposibles.gif\" alt=\"\" width=\"38\" height=\"38\" border=\"0\" \/><\/a><\/td>\n<td align=\"left\" bgcolor=\"\" width=\"32%\"><b>Figuras imposibles<\/b><\/td>\n<td align=\"center\" width=\"6%\"><a href=\"https:\/\/blogsaverroes.juntadeandalucia.es\/iesarroyodelamiel\/files\/2013\/04\/nudos\/nudos.htm\"><img loading=\"lazy\" decoding=\"async\" src=\"https:\/\/blogsaverroes.juntadeandalucia.es\/iesarroyodelamiel\/files\/2013\/04\/bonudos.gif\" alt=\"\" width=\"38\" height=\"38\" border=\"0\" \/><\/a><\/td>\n<td bgcolor=\"\" width=\"25%\"><b>Nudos<\/b><\/td>\n<\/tr>\n<tr>\n<td align=\"center\" width=\"6%\"><a href=\"http:\/\/www.iesarroyodelamiel.es\/wp-content\/uploads\/2013\/04\/cintamoebius\/cintademoebius.htm\"><img loading=\"lazy\" decoding=\"async\" src=\"https:\/\/blogsaverroes.juntadeandalucia.es\/iesarroyodelamiel\/files\/2013\/04\/bocintamoebius.gif\" alt=\"\" width=\"38\" height=\"38\" border=\"0\" \/><\/a><\/td>\n<td align=\"left\" bgcolor=\"\" width=\"32%\"><b>Cinta de M\u00f6ebius<\/b><\/td>\n<td align=\"center\" width=\"6%\"><a href=\"http:\/\/www.iesarroyodelamiel.es\/formacion-de-triangulos-juego\/\"><img loading=\"lazy\" decoding=\"async\" src=\"https:\/\/blogsaverroes.juntadeandalucia.es\/iesarroyodelamiel\/files\/2013\/04\/boformaciontriangulos.gif\" alt=\"\" width=\"38\" height=\"38\" border=\"0\" \/><\/a><\/td>\n<td bgcolor=\"\" width=\"25%\"><b>Formaci\u00f3n de tri\u00e1ngulos<\/b><\/td>\n<td align=\"center\" width=\"1%\"><a href=\"http:\/\/www.iesarroyodelamiel.es\/wp-content\/uploads\/2013\/04\/enelespacio\/numerosenelplanoyeelespa.htm\"><img loading=\"lazy\" decoding=\"async\" src=\"https:\/\/blogsaverroes.juntadeandalucia.es\/iesarroyodelamiel\/files\/2013\/04\/bonumerosespacio.gif\" alt=\"\" width=\"38\" height=\"38\" border=\"0\" \/><\/a><\/td>\n<td bgcolor=\"\" width=\"25%\"><b>N\u00fameros en el plano y el espacio<\/b><\/td>\n<\/tr>\n<tr>\n<td align=\"center\" width=\"6%\"><a href=\"http:\/\/www.iesarroyodelamiel.es\/wp-content\/uploads\/2013\/04\/elcuadradoevanescente\/cuadradoevanescente.htm\"><img loading=\"lazy\" decoding=\"async\" src=\"https:\/\/blogsaverroes.juntadeandalucia.es\/iesarroyodelamiel\/files\/2013\/04\/bocuadradoevanescente.gif\" alt=\"\" width=\"38\" height=\"38\" border=\"0\" \/><\/a><\/td>\n<td align=\"left\" bgcolor=\"\" width=\"32%\"><b>Cuadrado evanescente<\/b><\/td>\n<td align=\"center\" width=\"6%\"><a href=\"http:\/\/www.iesarroyodelamiel.es\/wp-content\/uploads\/2013\/04\/golfmatematico\/golfmatematico.htm\"><img loading=\"lazy\" decoding=\"async\" src=\"https:\/\/blogsaverroes.juntadeandalucia.es\/iesarroyodelamiel\/files\/2013\/04\/bopgatour.gif\" alt=\"\" width=\"38\" height=\"38\" border=\"0\" \/><\/a><\/td>\n<td bgcolor=\"\" width=\"25%\"><b>Golf Matem\u00e1tico<\/b><\/td>\n<td align=\"center\" width=\"1%\"><a href=\"http:\/\/www.iesarroyodelamiel.es\/wp-content\/uploads\/2013\/04\/caballosycebras\/caballosycebras.htm\"><img loading=\"lazy\" decoding=\"async\" src=\"https:\/\/blogsaverroes.juntadeandalucia.es\/iesarroyodelamiel\/files\/2013\/04\/boovejasylobos.gif\" alt=\"\" width=\"38\" height=\"38\" border=\"0\" \/><\/a><\/td>\n<td bgcolor=\"\" width=\"25%\"><b>Caballos y cebras<\/b><\/td>\n<\/tr>\n<tr>\n<td align=\"center\" width=\"6%\"><a href=\"http:\/\/www.iesarroyodelamiel.es\/wp-content\/uploads\/2013\/04\/cubosoma\/cubosoma.htm\"><img loading=\"lazy\" decoding=\"async\" src=\"https:\/\/blogsaverroes.juntadeandalucia.es\/iesarroyodelamiel\/files\/2013\/04\/bocubosoma.gif\" alt=\"\" width=\"38\" height=\"38\" border=\"0\" \/><\/a><\/td>\n<td align=\"left\" bgcolor=\"\" width=\"32%\"><b>Cubosoma<\/b><\/td>\n<td align=\"center\" width=\"6%\"><a href=\"http:\/\/www.iesarroyodelamiel.es\/wp-content\/uploads\/2013\/04\/ilusionesopticas\/ilusionesopticas.htm\"><img loading=\"lazy\" decoding=\"async\" src=\"https:\/\/blogsaverroes.juntadeandalucia.es\/iesarroyodelamiel\/files\/2013\/04\/boilusiones.gif\" alt=\"\" width=\"38\" height=\"38\" border=\"0\" \/><\/a><\/td>\n<td bgcolor=\"\" width=\"25%\"><b>Ilusiones \u00f3pticas<\/b><\/td>\n<td align=\"center\" width=\"1%\"><a href=\"http:\/\/www.iesarroyodelamiel.es\/wp-content\/uploads\/2013\/04\/palillos\/PALILLOS.HTM\"><img loading=\"lazy\" decoding=\"async\" src=\"https:\/\/blogsaverroes.juntadeandalucia.es\/iesarroyodelamiel\/files\/2013\/04\/bopalillos.gif\" alt=\"\" width=\"38\" height=\"38\" border=\"0\" \/><\/a><\/td>\n<td bgcolor=\"\" width=\"25%\"><b>Palillos<\/b><\/td>\n<\/tr>\n<tr>\n<td align=\"center\" width=\"6%\"><a href=\"http:\/\/www.iesarroyodelamiel.es\/desaparecidos\/\"><img loading=\"lazy\" decoding=\"async\" src=\"https:\/\/blogsaverroes.juntadeandalucia.es\/iesarroyodelamiel\/files\/2013\/04\/boenanos.gif\" alt=\"\" width=\"38\" height=\"38\" border=\"0\" \/><\/a><\/td>\n<td align=\"left\" bgcolor=\"\" width=\"32%\"><b>Desaparecidos<\/b><\/td>\n<td align=\"center\" width=\"6%\"><a href=\"http:\/\/www.iesarroyodelamiel.es\/wp-content\/uploads\/2013\/04\/intercambiodecaballos\/intercambiodecaballos.htm\"><img loading=\"lazy\" decoding=\"async\" src=\"https:\/\/blogsaverroes.juntadeandalucia.es\/iesarroyodelamiel\/files\/2013\/04\/bointercambiodecaballos.gif\" alt=\"\" width=\"38\" height=\"38\" border=\"0\" \/><\/a><\/td>\n<td align=\"center\" bgcolor=\"\" width=\"6%\">\n<p align=\"left\"><b>Intercambio de caballos<\/b><\/p>\n<\/td>\n<td align=\"center\" width=\"1%\"><a href=\"http:\/\/www.iesarroyodelamiel.es\/wp-content\/uploads\/2013\/04\/poliedros\/poliedros.htm\"><img loading=\"lazy\" decoding=\"async\" src=\"https:\/\/blogsaverroes.juntadeandalucia.es\/iesarroyodelamiel\/files\/2013\/04\/bopoliedros.gif\" alt=\"\" width=\"38\" height=\"38\" border=\"0\" \/><\/a><\/td>\n<td bgcolor=\"\" width=\"25%\"><b>Poliedros<\/b><\/td>\n<\/tr>\n<tr>\n<td align=\"center\" width=\"6%\"><a href=\"http:\/\/www.iesarroyodelamiel.es\/el-jam\/\"><img loading=\"lazy\" decoding=\"async\" src=\"https:\/\/blogsaverroes.juntadeandalucia.es\/iesarroyodelamiel\/files\/2013\/04\/boeljam.gif\" alt=\"\" width=\"38\" height=\"38\" border=\"0\" \/><\/a><\/td>\n<td align=\"left\" bgcolor=\"\" width=\"32%\"><b>El Jam<\/b><\/td>\n<td align=\"center\" width=\"6%\"><a href=\"http:\/\/www.iesarroyodelamiel.es\/juego-de-la-l-2\/\"><img loading=\"lazy\" decoding=\"async\" src=\"https:\/\/blogsaverroes.juntadeandalucia.es\/iesarroyodelamiel\/files\/2013\/04\/botonl.gif\" alt=\"\" width=\"38\" height=\"38\" border=\"0\" \/><\/a><\/td>\n<td bgcolor=\"\" width=\"25%\"><b>Juego de la L<\/b><\/td>\n<td align=\"center\" width=\"1%\"><a href=\"http:\/\/www.iesarroyodelamiel.es\/wp-content\/uploads\/2013\/04\/reflexiondeespejos\/reflexiondeespejos.htm\"><img loading=\"lazy\" decoding=\"async\" src=\"https:\/\/blogsaverroes.juntadeandalucia.es\/iesarroyodelamiel\/files\/2013\/04\/bolibrodeespejos.gif\" alt=\"\" width=\"38\" height=\"38\" border=\"0\" \/><\/a><\/td>\n<td bgcolor=\"\" width=\"39%\"><b>Reflexi\u00f3n de espejos<\/b><\/td>\n<\/tr>\n<tr>\n<td align=\"center\" width=\"6%\"><a href=\"http:\/\/www.iesarroyodelamiel.es\/el-cubo-de-la-cara-roja\/\"><img loading=\"lazy\" decoding=\"async\" src=\"https:\/\/blogsaverroes.juntadeandalucia.es\/iesarroyodelamiel\/files\/2013\/04\/bocubocararoja.gif\" alt=\"\" width=\"38\" height=\"38\" border=\"0\" \/><\/a><\/td>\n<td align=\"left\" bgcolor=\"\" width=\"32%\"><b>El cubo de la cara roja<\/b><\/td>\n<td align=\"center\" width=\"6%\"><a href=\"http:\/\/www.iesarroyodelamiel.es\/juego-de-la-isometrias\/\"><img loading=\"lazy\" decoding=\"async\" src=\"https:\/\/blogsaverroes.juntadeandalucia.es\/iesarroyodelamiel\/files\/2013\/04\/botableroisometrias.gif\" alt=\"\" width=\"38\" height=\"38\" border=\"0\" \/><\/a><\/td>\n<td align=\"center\" bgcolor=\"\" width=\"6%\">\n<p align=\"left\"><b>Juego de las isometr\u00edas<\/b><\/p>\n<\/td>\n<td align=\"center\" width=\"1%\"><a href=\"http:\/\/www.iesarroyodelamiel.es\/wp-content\/uploads\/2013\/04\/solitario\/solitario.htm\"><img loading=\"lazy\" decoding=\"async\" src=\"https:\/\/blogsaverroes.juntadeandalucia.es\/iesarroyodelamiel\/files\/2013\/04\/bosolitario.gif\" alt=\"\" width=\"38\" height=\"38\" border=\"0\" \/><\/a><\/td>\n<td bgcolor=\"\" width=\"39%\"><b>Solitario<\/b><\/td>\n<\/tr>\n<tr>\n<td align=\"center\" width=\"6%\"><a href=\"http:\/\/www.iesarroyodelamiel.es\/wp-content\/uploads\/2013\/04\/atasco\/atasco.htm\"> <img loading=\"lazy\" decoding=\"async\" src=\"https:\/\/blogsaverroes.juntadeandalucia.es\/iesarroyodelamiel\/files\/2013\/04\/botonatasco.jpg\" alt=\"\" width=\"38\" height=\"38\" border=\"0\" \/><\/a><\/td>\n<td align=\"left\" bgcolor=\"\" width=\"32%\"><b>El m\u00e1s <\/b><b>grande atasco<\/b><\/td>\n<td align=\"center\" width=\"6%\"><a href=\"http:\/\/www.iesarroyodelamiel.es\/los-gansos\/\"><img loading=\"lazy\" decoding=\"async\" src=\"https:\/\/blogsaverroes.juntadeandalucia.es\/iesarroyodelamiel\/files\/2013\/04\/bolazorraylosgansos.gif\" alt=\"\" width=\"38\" height=\"38\" border=\"0\" \/><\/a><\/td>\n<td bgcolor=\"\" width=\"25%\"><b>La loba y los gansos<\/b><\/td>\n<td align=\"center\" width=\"1%\"><a href=\"http:\/\/www.iesarroyodelamiel.es\/wp-content\/uploads\/2013\/04\/solitarioingles\/solitarioingles.htm\"><img loading=\"lazy\" decoding=\"async\" src=\"https:\/\/blogsaverroes.juntadeandalucia.es\/iesarroyodelamiel\/files\/2013\/04\/bolazorraylosgansos.gif\" alt=\"\" width=\"38\" height=\"38\" border=\"0\" \/><\/a><\/td>\n<td bgcolor=\"\" width=\"39%\"><b>Solitario ingl\u00e9s<\/b><\/td>\n<\/tr>\n<tr>\n<td align=\"center\" width=\"6%\"><a href=\"http:\/\/www.iesarroyodelamiel.es\/juego-el-morris-de-9-peones\/\"><img loading=\"lazy\" decoding=\"async\" src=\"https:\/\/blogsaverroes.juntadeandalucia.es\/iesarroyodelamiel\/files\/2013\/04\/bomorris.gif\" alt=\"\" width=\"38\" height=\"38\" border=\"0\" \/><\/a><\/td>\n<td align=\"left\" bgcolor=\"\" width=\"32%\"><b>El Morris de 9 peones<\/b><\/td>\n<td align=\"center\" width=\"6%\"><a href=\"http:\/\/www.iesarroyodelamiel.es\/laberinto-decimal\/\"><img loading=\"lazy\" decoding=\"async\" src=\"https:\/\/blogsaverroes.juntadeandalucia.es\/iesarroyodelamiel\/files\/2013\/04\/bolaberintodecimal.gif\" alt=\"\" width=\"38\" height=\"38\" border=\"0\" \/><\/a><\/td>\n<td bgcolor=\"\" width=\"25%\"><b>Laberinto decimal<\/b><\/td>\n<td align=\"center\" width=\"1%\"><a href=\"http:\/\/www.iesarroyodelamiel.es\/wp-content\/uploads\/2013\/04\/surakarta\/surakarta.htm\"><img loading=\"lazy\" decoding=\"async\" src=\"https:\/\/blogsaverroes.juntadeandalucia.es\/iesarroyodelamiel\/files\/2013\/04\/bosurakarta.gif\" alt=\"\" width=\"38\" height=\"38\" border=\"0\" \/><\/a><\/td>\n<td bgcolor=\"\" width=\"39%\"><b>Surakarta<\/b><\/td>\n<\/tr>\n<tr>\n<td align=\"center\" width=\"6%\"><a href=\"http:\/\/www.iesarroyodelamiel.es\/el-nim\/\"><img loading=\"lazy\" decoding=\"async\" src=\"https:\/\/blogsaverroes.juntadeandalucia.es\/iesarroyodelamiel\/files\/2013\/04\/boelnim.gif\" alt=\"\" width=\"38\" height=\"38\" border=\"0\" \/><\/a><\/td>\n<td align=\"left\" bgcolor=\"\" width=\"32%\"><b>El nim<\/b><\/td>\n<td align=\"center\" width=\"6%\"><a href=\"http:\/\/www.iesarroyodelamiel.es\/laberinto-sexual\/\"><img loading=\"lazy\" decoding=\"async\" src=\"https:\/\/blogsaverroes.juntadeandalucia.es\/iesarroyodelamiel\/files\/2013\/04\/bolaberintosexual.gif\" alt=\"\" width=\"38\" height=\"38\" border=\"0\" \/><\/a><\/td>\n<td bgcolor=\"\" width=\"25%\"><b>Laberinto sexual<\/b><\/td>\n<td align=\"center\" width=\"1%\"><a href=\"http:\/\/www.iesarroyodelamiel.es\/wp-content\/uploads\/2013\/04\/tangram\/tangram.htm\"><img loading=\"lazy\" decoding=\"async\" src=\"https:\/\/blogsaverroes.juntadeandalucia.es\/iesarroyodelamiel\/files\/2013\/04\/botangram.gif\" alt=\"\" width=\"38\" height=\"38\" border=\"0\" \/><\/a><\/td>\n<td bgcolor=\"\" width=\"39%\"><b>Tangram<\/b><\/td>\n<\/tr>\n<tr>\n<td align=\"center\" width=\"6%\"><a href=\"http:\/\/www.iesarroyodelamiel.es\/el-sim\/\"><img loading=\"lazy\" decoding=\"async\" src=\"https:\/\/blogsaverroes.juntadeandalucia.es\/iesarroyodelamiel\/files\/2013\/04\/boelsim.gif\" alt=\"\" width=\"38\" height=\"38\" border=\"0\" \/><\/a><\/td>\n<td align=\"left\" bgcolor=\"\" width=\"32%\"><b>El Sim<\/b><\/td>\n<td align=\"center\" width=\"6%\"><a href=\"http:\/\/www.iesarroyodelamiel.es\/wp-content\/uploads\/2013\/04\/librodeespejos\/librodeespejos.htm\"><img loading=\"lazy\" decoding=\"async\" src=\"https:\/\/blogsaverroes.juntadeandalucia.es\/iesarroyodelamiel\/files\/2013\/04\/bolibrodeespejos.gif\" alt=\"\" width=\"38\" height=\"38\" border=\"0\" \/><\/a><\/td>\n<td bgcolor=\"\" width=\"25%\"><b>Libro de espejos<\/b><\/td>\n<td align=\"center\" bgcolor=\"\" width=\"1%\"><a href=\"http:\/\/www.iesarroyodelamiel.es\/wp-content\/uploads\/2013\/04\/torrehanoi\/torredehanoi.htm\"><img loading=\"lazy\" decoding=\"async\" src=\"https:\/\/blogsaverroes.juntadeandalucia.es\/iesarroyodelamiel\/files\/2013\/04\/botorrehanoi.gif\" alt=\"\" width=\"38\" height=\"38\" border=\"0\" \/><\/a><\/td>\n<td bgcolor=\"\" width=\"39%\"><b>Torre de Hanoi<\/b><\/td>\n<\/tr>\n<\/tbody>\n<\/table>\n<p>&nbsp;<\/p>\n","protected":false},"excerpt":{"rendered":"<p>Bridg-it Figuras imposibles Nudos Cinta de M\u00f6ebius Formaci\u00f3n de tri\u00e1ngulos N\u00fameros en el plano y el espacio Cuadrado evanescente Golf Matem\u00e1tico Caballos y cebras Cubosoma Ilusiones \u00f3pticas Palillos Desaparecidos Intercambio de caballos Poliedros El&#46;&#46;&#46;<\/p>\n","protected":false},"author":10424,"featured_media":0,"parent":0,"menu_order":0,"comment_status":"closed","ping_status":"closed","template":"","meta":{"ngg_post_thumbnail":0,"footnotes":"","_mc_calendar":[]},"aioseo_notices":[],"_links":{"self":[{"href":"https:\/\/blogsaverroes.juntadeandalucia.es\/iesarroyodelamiel\/wp-json\/wp\/v2\/pages\/1037"}],"collection":[{"href":"https:\/\/blogsaverroes.juntadeandalucia.es\/iesarroyodelamiel\/wp-json\/wp\/v2\/pages"}],"about":[{"href":"https:\/\/blogsaverroes.juntadeandalucia.es\/iesarroyodelamiel\/wp-json\/wp\/v2\/types\/page"}],"author":[{"embeddable":true,"href":"https:\/\/blogsaverroes.juntadeandalucia.es\/iesarroyodelamiel\/wp-json\/wp\/v2\/users\/10424"}],"replies":[{"embeddable":true,"href":"https:\/\/blogsaverroes.juntadeandalucia.es\/iesarroyodelamiel\/wp-json\/wp\/v2\/comments?post=1037"}],"version-history":[{"count":0,"href":"https:\/\/blogsaverroes.juntadeandalucia.es\/iesarroyodelamiel\/wp-json\/wp\/v2\/pages\/1037\/revisions"}],"wp:attachment":[{"href":"https:\/\/blogsaverroes.juntadeandalucia.es\/iesarroyodelamiel\/wp-json\/wp\/v2\/media?parent=1037"}],"curies":[{"name":"wp","href":"https:\/\/api.w.org\/{rel}","templated":true}]}}