{"id":1107,"date":"2013-04-15T14:38:06","date_gmt":"2013-04-15T12:38:06","guid":{"rendered":"http:\/\/www.iesarroyodelamiel.es\/?page_id=1107"},"modified":"2023-01-24T10:39:56","modified_gmt":"2023-01-24T10:39:56","slug":"entorno-del-centr","status":"publish","type":"page","link":"https:\/\/blogsaverroes.juntadeandalucia.es\/iesarroyodelamiel\/entorno-del-centr\/","title":{"rendered":"Entorno del centro"},"content":{"rendered":"<p><strong>Denominaci\u00f3n del Centro<\/strong>: I.E.S. \u00abArroyo de la Miel\u00bb<\/p>\n<p><strong>Direcci\u00f3n<\/strong>: Avda\/ Inmaculada Concepci\u00f3n n\u00ba 26<\/p>\n<p>Benalm\u00e1dena (M\u00e1laga) <strong> C.P.<\/strong>: 29631.<\/p>\n<p><strong>Tel\u00e9fono<\/strong>: 951297980 <strong>Tel\u00e9fono corporativo<\/strong>: 904980<\/p>\n<p><strong>Fax<\/strong>: 951298468 <strong>Fax corporativo<\/strong>: 903468<\/p>\n<p><iframe loading=\"lazy\" src=\"\/\/www.google.com\/maps\/embed?pb=!1m14!1m8!1m3!1d25621.47437267841!2d-4.557290189914552!3d36.6099118926677!3m2!1i1024!2i768!4f13.1!3m3!1m2!1s0x0%3A0xf528c688957e1373!2sIES%20Arroyo%20de%20la%20Miel!5e0!3m2!1ses!2ses!4v1674556505277!5m2!1ses!2ses&quot;\" width=\"&quot;400&quot;\" height=\"&quot;300&quot;\"><\/iframe><\/p>\n<p><strong>Correo electr\u00f3nico<\/strong>: <a href=\"mailto:29012064.averroes@juntadeandalucia.es\">29012064.edu@juntadeandalucia.es<\/a><\/p>\n<p><strong>P\u00e1gina Web<\/strong>: <a title=\"P\u00e1gina web del I.E.S. Arroyo de la Miel\" href=\"http:\/\/www.juntadeandalucia.es\/averroes\/iesarroyo\/index.htm\" target=\"_blank\" rel=\"noopener noreferrer\">http:\/\/www.juntadeandalucia.es\/averroes\/iesarroyo\/index.htm<\/a><\/p>\n<p><strong>Localidad<\/strong>: Arroyo de la Miel (Benalm\u00e1dena)-M\u00e1laga<\/p>\n<p><strong>Arroyo de la Miel<\/strong> es uno de los tres n\u00facleos urbanos en que se divide el municipio de Benalm\u00e1dena. Est\u00e1 limitado por Torremolinos ( al este), Benalm\u00e1dena Pueblo (al oeste), Benalm\u00e1dena Costa (al sur) y los montes Castillejo y Calamorro (al norte).<\/p>\n<p>Est\u00e1 bien comunicado por tren de cercan\u00edas y autov\u00eda con M\u00e1laga (20 km) y con el resto de los pueblos de la Costa del Sol. El aeropuerto Pablo Ru\u00edz Picasso est\u00e1 a 10 minutos en coche.<\/p>\n<p><strong>Nuestro horario de clases<\/strong>:<\/p>\n<p><strong>&#8211; Diurno:<\/strong> De 8:30 a 15:00.<\/p>\n<p><strong>&#8211; Nocturno:<\/strong> De 16:10 a 22:10.<\/p>\n<p>En el municipio hay m\u00e1s centros:<\/p>\n<p>&nbsp;<\/p>\n<table style=\"width: 68.0303%;height: 946px\" border=\"1\" width=\"537\">\n<tbody>\n<tr>\n<td style=\"width: 14.5522%\"><strong>C\u00d3DIGO<\/strong><\/td>\n<td style=\"width: 59.5149%\"><strong>NOMBRE<\/strong><\/td>\n<td style=\"width: 28.7313%\"><strong>LOCALIDAD<\/strong><\/td>\n<\/tr>\n<tr>\n<td style=\"width: 14.5522%\">29001637<\/td>\n<td style=\"width: 59.5149%\">C.E.I.P. El Tomillar<\/td>\n<td style=\"width: 28.7313%\">Arroyo de la Miel<\/td>\n<\/tr>\n<tr>\n<td style=\"width: 14.5522%\">29005126<\/td>\n<td style=\"width: 59.5149%\">C.D.P. Cerro del Viento<\/td>\n<td style=\"width: 28.7313%\">Arroyo de la Miel<\/td>\n<\/tr>\n<tr>\n<td style=\"width: 14.5522%\">29005801<\/td>\n<td style=\"width: 59.5149%\">C.E.I.P. Mariana Pineda<\/td>\n<td style=\"width: 28.7313%\">Arroyo de la Miel<\/td>\n<\/tr>\n<tr>\n<td style=\"width: 14.5522%\">29009636<\/td>\n<td style=\"width: 59.5149%\">C.E.I.P. Miguel Hern\u00e1ndez<\/td>\n<td style=\"width: 28.7313%\">Arroyo de la Miel<\/td>\n<\/tr>\n<tr>\n<td style=\"width: 14.5522%\">29009892<\/td>\n<td style=\"width: 59.5149%\">I.E.S. Al-Baytar<\/td>\n<td style=\"width: 28.7313%\">Arroyo de la Miel<\/td>\n<\/tr>\n<tr>\n<td style=\"width: 14.5522%\">29006945<\/td>\n<td style=\"width: 59.5149%\">I.E.S. Benalm\u00e1dena<\/td>\n<td style=\"width: 28.7313%\">&nbsp;Arroyo de la Miel<\/td>\n<\/tr>\n<tr>\n<td style=\"width: 14.5522%\">29010109<\/td>\n<td style=\"width: 59.5149%\">C.E.I.P. Poeta Salvador Rueda<\/td>\n<td style=\"width: 28.7313%\">Arroyo de la Miel<\/td>\n<\/tr>\n<tr>\n<td style=\"width: 14.5522%\">29012064<\/td>\n<td style=\"width: 59.5149%\">I.E.S. Arroyo de la Miel<\/td>\n<td style=\"width: 28.7313%\">Arroyo de la Miel<\/td>\n<\/tr>\n<tr>\n<td style=\"width: 14.5522%\">29501075<\/td>\n<td style=\"width: 59.5149%\">S.E.P. Benalm\u00e1dena<\/td>\n<td style=\"width: 28.7313%\">Arroyo de la Miel<\/td>\n<\/tr>\n<tr>\n<td style=\"width: 14.5522%\">29601653<\/td>\n<td style=\"width: 59.5149%\">C.E.I.P. La Leala<\/td>\n<td style=\"width: 28.7313%\">Arroyo de la Miel<\/td>\n<\/tr>\n<tr>\n<td style=\"width: 14.5522%\">29602232<\/td>\n<td style=\"width: 59.5149%\">C.E.I.P. La Paloma<\/td>\n<td style=\"width: 28.7313%\">Arroyo de la Miel<\/td>\n<\/tr>\n<tr>\n<td style=\"width: 14.5522%\">29700621<\/td>\n<td style=\"width: 59.5149%\">I.E.S. Cerro del Viento<\/td>\n<td style=\"width: 28.7313%\">Arroyo de la Miel<\/td>\n<\/tr>\n<tr>\n<td style=\"width: 14.5522%\">29701222<\/td>\n<td style=\"width: 59.5149%\">I.E.S. Poetas Andaluces<\/td>\n<td style=\"width: 28.7313%\">Arroyo de la Miel<\/td>\n<\/tr>\n<tr>\n<td style=\"width: 14.5522%\">29000301<\/td>\n<td style=\"width: 59.5149%\">C.D.P. Instituto Andaluz de Buceo Profesional<\/td>\n<td style=\"width: 28.7313%\">Benalm\u00e1dena<\/td>\n<\/tr>\n<tr>\n<td style=\"width: 14.5522%\">29001029<\/td>\n<td style=\"width: 59.5149%\">C.E. The British College<\/td>\n<td style=\"width: 28.7313%\">Benalm\u00e1dena<\/td>\n<\/tr>\n<tr>\n<td style=\"width: 14.5522%\">29001078<\/td>\n<td style=\"width: 59.5149%\">C.E. The Benalmadena International College<\/td>\n<td style=\"width: 28.7313%\">Benalm\u00e1dena<\/td>\n<\/tr>\n<tr>\n<td style=\"width: 14.5522%\">29001650<\/td>\n<td style=\"width: 59.5149%\">C.D.P. Maravillas<\/td>\n<td style=\"width: 28.7313%\">Benalm\u00e1dena<\/td>\n<\/tr>\n<tr>\n<td style=\"width: 14.5522%\">29001674<\/td>\n<td style=\"width: 59.5149%\">C.E.I.P. Jacaranda<\/td>\n<td style=\"width: 28.7313%\">Benalm\u00e1dena<\/td>\n<\/tr>\n<tr>\n<td style=\"width: 14.5522%\">29005141<\/td>\n<td style=\"width: 59.5149%\">C.D.P. Kindercare<\/td>\n<td style=\"width: 28.7313%\">Benalm\u00e1dena<\/td>\n<\/tr>\n<tr>\n<td style=\"width: 14.5522%\">29005187<\/td>\n<td style=\"width: 59.5149%\">C.D.P. International Torrequebrada<\/td>\n<td style=\"width: 28.7313%\">Benalm\u00e1dena<\/td>\n<\/tr>\n<tr>\n<td style=\"width: 14.5522%\">29701374<\/td>\n<td style=\"width: 59.5149%\">E.M.M.D. (Escuela de M\u00fasica Municipal)<\/td>\n<td style=\"width: 28.7313%\">Benalm\u00e1dena<\/td>\n<\/tr>\n<\/tbody>\n<\/table>\n","protected":false},"excerpt":{"rendered":"<p>Denominaci\u00f3n del Centro: I.E.S. \u00abArroyo de la Miel\u00bb Direcci\u00f3n: Avda\/ Inmaculada Concepci\u00f3n n\u00ba 26 Benalm\u00e1dena (M\u00e1laga) C.P.: 29631. Tel\u00e9fono: 951297980 Tel\u00e9fono corporativo: 904980 Fax: 951298468 Fax corporativo: 903468 Correo electr\u00f3nico: 29012064.edu@juntadeandalucia.es P\u00e1gina Web: http:\/\/www.juntadeandalucia.es\/averroes\/iesarroyo\/index.htm&#46;&#46;&#46;<\/p>\n","protected":false},"author":10424,"featured_media":0,"parent":0,"menu_order":0,"comment_status":"closed","ping_status":"closed","template":"","meta":{"ngg_post_thumbnail":0,"footnotes":"","_mc_calendar":[]},"aioseo_notices":[],"_links":{"self":[{"href":"https:\/\/blogsaverroes.juntadeandalucia.es\/iesarroyodelamiel\/wp-json\/wp\/v2\/pages\/1107"}],"collection":[{"href":"https:\/\/blogsaverroes.juntadeandalucia.es\/iesarroyodelamiel\/wp-json\/wp\/v2\/pages"}],"about":[{"href":"https:\/\/blogsaverroes.juntadeandalucia.es\/iesarroyodelamiel\/wp-json\/wp\/v2\/types\/page"}],"author":[{"embeddable":true,"href":"https:\/\/blogsaverroes.juntadeandalucia.es\/iesarroyodelamiel\/wp-json\/wp\/v2\/users\/10424"}],"replies":[{"embeddable":true,"href":"https:\/\/blogsaverroes.juntadeandalucia.es\/iesarroyodelamiel\/wp-json\/wp\/v2\/comments?post=1107"}],"version-history":[{"count":8,"href":"https:\/\/blogsaverroes.juntadeandalucia.es\/iesarroyodelamiel\/wp-json\/wp\/v2\/pages\/1107\/revisions"}],"predecessor-version":[{"id":6647,"href":"https:\/\/blogsaverroes.juntadeandalucia.es\/iesarroyodelamiel\/wp-json\/wp\/v2\/pages\/1107\/revisions\/6647"}],"wp:attachment":[{"href":"https:\/\/blogsaverroes.juntadeandalucia.es\/iesarroyodelamiel\/wp-json\/wp\/v2\/media?parent=1107"}],"curies":[{"name":"wp","href":"https:\/\/api.w.org\/{rel}","templated":true}]}}