{"id":149,"date":"2013-02-21T11:25:23","date_gmt":"2013-02-21T11:25:23","guid":{"rendered":"http:\/\/www.iesarroyodelamiel.es\/?page_id=149"},"modified":"2025-10-20T21:27:32","modified_gmt":"2025-10-20T21:27:32","slug":"equipo-directivo","status":"publish","type":"page","link":"https:\/\/blogsaverroes.juntadeandalucia.es\/iesarroyodelamiel\/equipo-directivo\/","title":{"rendered":"Equipo Directivo"},"content":{"rendered":"<p><strong>Director<\/strong>: D. Juan Antonio Manceras Portales<\/p>\r\n<p style=\"padding-left: 40px\">29012064.direccion.edu@juntadeandalucia.es<\/p>\r\n<p><strong>Vicedirectora: <\/strong>Yolanda Gonz\u00e1lez Gonz\u00e1lez<\/p>\r\n<p style=\"padding-left: 40px\">29012064.vicedireccion.edu@juntadeandalucia.es<\/p>\r\n<p>Atenci\u00f3n a ciclos&nbsp; formativos.<\/p>\r\n<p>Atenci\u00f3n al Procedimiento de Evaluaci\u00f3n y Acreditaci\u00f3n de Competencias Profesionales ACREDITA<\/p>\r\n<p><strong>Jefa de Estudios del diurno: <\/strong>D\u00f1a. Mar\u00eda Mart\u00edn M\u00e1rmol<\/p>\r\n<p>Atenci\u00f3n a cursos de ESO y&nbsp; Bachillerato&nbsp;<\/p>\r\n<p style=\"padding-left: 40px\">29012064.jefatura.edu@juntadeandalucia.es<\/p>\r\n<p><strong>Secretario: <\/strong>D. \u00c1ngel&nbsp; L\u00f3pez Mac\u00edas&nbsp;<\/p>\r\n<p style=\"padding-left: 40px\">29012064.edu@juntadeandalucia.es<\/p>\r\n<p><strong>Jefe de Estudios Adjunto:<\/strong> D. Eugenio Fern\u00e1ndez Robles<\/p>\r\n<p>Atenci\u00f3n a cursos de ESO y BH.<\/p>\r\n<p><strong><strong>Jefe de Estudios Adjunto:<\/strong>&nbsp;<\/strong>D. Diego Rosado Fuentes<\/p>\r\n<p><strong>Jefe de Estudios de Adultos: <\/strong>D. Francisco Igncio Garc\u00eda Ramos<\/p>\r\n<p style=\"padding-left: 40px\">29012064.edu@juntadeandalucia.es<\/p>\r\n<p><strong>Jefe de Estudios de Semipresencial: <\/strong>D. Carlos Sarria G\u00f3mez<\/p>\r\n<p style=\"padding-left: 40px\">29012064.edu@juntadeandalucia.es<\/p>\r\n\r\n<p>&nbsp;<\/p>\r\n","protected":false},"excerpt":{"rendered":"<p>Director: D. Juan Antonio Manceras Portales 29012064.direccion.edu@juntadeandalucia.es Vicedirectora: Yolanda Gonz\u00e1lez Gonz\u00e1lez 29012064.vicedireccion.edu@juntadeandalucia.es Atenci\u00f3n a ciclos&nbsp; formativos. Atenci\u00f3n al Procedimiento de Evaluaci\u00f3n y Acreditaci\u00f3n de Competencias Profesionales ACREDITA Jefa de Estudios del diurno: D\u00f1a. Mar\u00eda&#46;&#46;&#46;<\/p>\n","protected":false},"author":10424,"featured_media":0,"parent":0,"menu_order":0,"comment_status":"closed","ping_status":"closed","template":"","meta":{"ngg_post_thumbnail":0,"footnotes":"","_mc_calendar":[]},"aioseo_notices":[],"_links":{"self":[{"href":"https:\/\/blogsaverroes.juntadeandalucia.es\/iesarroyodelamiel\/wp-json\/wp\/v2\/pages\/149"}],"collection":[{"href":"https:\/\/blogsaverroes.juntadeandalucia.es\/iesarroyodelamiel\/wp-json\/wp\/v2\/pages"}],"about":[{"href":"https:\/\/blogsaverroes.juntadeandalucia.es\/iesarroyodelamiel\/wp-json\/wp\/v2\/types\/page"}],"author":[{"embeddable":true,"href":"https:\/\/blogsaverroes.juntadeandalucia.es\/iesarroyodelamiel\/wp-json\/wp\/v2\/users\/10424"}],"replies":[{"embeddable":true,"href":"https:\/\/blogsaverroes.juntadeandalucia.es\/iesarroyodelamiel\/wp-json\/wp\/v2\/comments?post=149"}],"version-history":[{"count":8,"href":"https:\/\/blogsaverroes.juntadeandalucia.es\/iesarroyodelamiel\/wp-json\/wp\/v2\/pages\/149\/revisions"}],"predecessor-version":[{"id":7680,"href":"https:\/\/blogsaverroes.juntadeandalucia.es\/iesarroyodelamiel\/wp-json\/wp\/v2\/pages\/149\/revisions\/7680"}],"wp:attachment":[{"href":"https:\/\/blogsaverroes.juntadeandalucia.es\/iesarroyodelamiel\/wp-json\/wp\/v2\/media?parent=149"}],"curies":[{"name":"wp","href":"https:\/\/api.w.org\/{rel}","templated":true}]}}