{"id":152,"date":"2013-02-21T11:22:51","date_gmt":"2013-02-21T11:22:51","guid":{"rendered":"http:\/\/www.iesarroyodelamiel.es\/?page_id=152"},"modified":"2024-03-13T10:03:48","modified_gmt":"2024-03-13T10:03:48","slug":"matricula","status":"publish","type":"page","link":"https:\/\/blogsaverroes.juntadeandalucia.es\/iesarroyodelamiel\/matricula\/","title":{"rendered":"Matr\u00edcula"},"content":{"rendered":"<p><em>&nbsp;<strong>Calendario de admisi\u00f3n y matriculaci\u00f3n para ESO y Bachillerato.<\/strong><\/em><\/p>\n<p>La oferta educativa en el IES Arroyo de la Miel para el curso 24-25 es la siguiente:<\/p>\n<p style=\"padding-left: 40px\"><a href=\"https:\/\/blogsaverroes.juntadeandalucia.es\/iesarroyodelamiel\/files\/2024\/03\/OfertaEducativa.pdf\">OfertaEducativa incluyendo paradas de transporte escolar<\/a><\/p>\n<p style=\"padding-left: 40px\">Enlace a la <a href=\"https:\/\/www.adideandalucia.es\/?view=disposicion&amp;cat=92\">normativa que afecta al transporte escolar<\/a><\/p>\n<p>&nbsp;<\/p>\n<p>El callejero es el siguiente:<\/p>\n<p style=\"padding-left: 40px\"><a href=\"https:\/\/blogsaverroes.juntadeandalucia.es\/iesarroyodelamiel\/files\/2024\/03\/CallejeroIESArroyo.pdf\">CallejeroIESArroyo<\/a><\/p>\n<p align=\"justify\"><span style=\"font-size: medium\"><br \/>\na direcci\u00f3n web d\u00f3nde se informa de todo el procedimiento de Admisi\u00f3n para el alumnado es :<\/span><\/p>\n<p align=\"center\"><span style=\"font-size: medium\"><strong><a href=\"https:\/\/www.juntadeandalucia.es\/temas\/estudiar\/primaria-eso\/matriculacion.html\">https:\/\/www.juntadeandalucia.es\/temas\/estudiar\/primaria-eso\/matriculacion.html<\/a><\/strong><\/span><\/p>\n<p align=\"left\"><span style=\"font-size: medium\">La normativa de admisi\u00f3n vigente es la:<\/span><\/p>\n<p align=\"center\"><i><span style=\"font-size: medium\">Orden de 20 de febrero de 2020 por la que <\/span>desarrolla el procedimiento de admisi\u00f3n del alumnado en los centros docentes p\u00fablicos y privados concertados para cursar las ense\u00f1anzas de segundo ciclo de educaci\u00f3n infantil, educaci\u00f3n primaria, educaci\u00f3n especial, educaci\u00f3n secundaria obligatoria y bachillerato.<\/i><\/p>\n<p align=\"center\"><span style=\"font-size: medium\"><b><a href=\"https:\/\/www.juntadeandalucia.es\/boja\/2020\/503\/1\">https:\/\/www.juntadeandalucia.es\/boja\/2020\/503\/1<\/a><\/b><\/span><\/p>\n<p align=\"justify\"><span style=\"font-size: medium\">La direcci\u00f3n web d\u00f3nde <\/span><span style=\"font-size: medium\">se encuentra el Plan de Centro del IES Arroyo de la Miel es:<\/span><\/p>\n<p align=\"center\"><span style=\"font-size: medium\"><b>http:\/\/www.iesarroyodelamiel.es<\/b><\/span><\/p>\n<p align=\"center\"><span style=\"font-size: medium\">Men\u00fa: El Centro \u2192 Plan de Centro<\/span><\/p>\n<p align=\"center\">&nbsp;<\/p>\n<p align=\"center\">&nbsp;<\/p>\n<hr>\n<div class=\"titulo\" style=\"margin-bottom: 14px;margin-left: 25px\">\n<p align=\"left\"><em><strong>Calendario de admisi\u00f3n y matriculaci\u00f3n para ciclos de grado medio y superior.<\/strong><\/em><\/p>\n<p align=\"left\">Calendario completo: <a href=\"https:\/\/blogsaverroes.juntadeandalucia.es\/iesarroyodelamiel\/files\/2020\/06\/RESOLUCIO\u0301N_CALENDARIO_ESC_20_21F.pdf\">RESOLUCIO\u0301N_CALENDARIO_ESC_20_21(F)<\/a><\/p>\n<p style=\"text-align: center\">Enlace a la Secretar\u00eda Virtual: <a href=\"https:\/\/www.juntadeandalucia.es\/educacion\/secretariavirtual\/solicitudes\/\">Secretar\u00eda Virtual<\/a><\/p>\n<p style=\"text-align: center\">Impreso de matr\u00edcula com\u00fan a todos los ciclos: <a href=\"https:\/\/blogsaverroes.juntadeandalucia.es\/iesarroyodelamiel\/files\/2020\/06\/Impreso-matr\u00edcula-CCFF-ANEXO-V.pdf\">Impreso matr\u00edcula CCFF ANEXO V<\/a><\/p>\n<p>Anexos par ciclos:<\/p>\n<p style=\"text-align: center\"><a href=\"https:\/\/blogsaverroes.juntadeandalucia.es\/iesarroyodelamiel\/files\/2020\/06\/Anexo_XII_Convalidacion.pdf\">Anexo_XII_Convalidacion<\/a><\/p>\n<p style=\"text-align: center\"><a href=\"https:\/\/blogsaverroes.juntadeandalucia.es\/iesarroyodelamiel\/files\/2020\/06\/Anexo-FSE-menores-16-a\u00f1os.pdf\">Anexo FSE menores 16 a\u00f1os<\/a><\/p>\n<p style=\"text-align: center\"><a href=\"https:\/\/blogsaverroes.juntadeandalucia.es\/iesarroyodelamiel\/files\/2020\/06\/Anexo-FSE-mayores-o-igual-a-16-a\u00f1os.pdf\">Anexo FSE mayores o igual a 16 a\u00f1os<\/a><\/p>\n<p>Informaci\u00f3n y documentaci\u00f3n espec\u00edfica para la matriculaci\u00f3n en cada ciclo:<\/p>\n<ul>\n<li><strong>CAMN<\/strong> (Conducci\u00f3n Actividades F\u00edsico-Deportivas en el Medio Natural)\n<ul>\n<li>Grado Medio<\/li>\n<li><a href=\"https:\/\/blogsaverroes.juntadeandalucia.es\/iesarroyodelamiel\/files\/2020\/06\/D\u00edptico-CAMN.pdf\">D\u00edptico CAMN<\/a><\/li>\n<li><a href=\"https:\/\/blogsaverroes.juntadeandalucia.es\/iesarroyodelamiel\/files\/2020\/06\/MATR\u00cdCULA-CAMN.pdf\">Matr\u00edcula&nbsp;<\/a><\/li>\n<li><a href=\"https:\/\/blogsaverroes.juntadeandalucia.es\/iesarroyodelamiel\/files\/2020\/06\/MATR\u00cdCULA-CAMN.pdf\">Matr\u00edcula CAMN<\/a><\/li>\n<\/ul>\n<\/li>\n<li><strong>Comercio<\/strong> (Actividades Comerciales)\n<ul>\n<li>Grado Medio<\/li>\n<li><a href=\"https:\/\/blogsaverroes.juntadeandalucia.es\/iesarroyodelamiel\/files\/2020\/06\/MATRICULA-COMERCIO.pdf\">Matr\u00edcula Comercio<\/a><\/li>\n<\/ul>\n<\/li>\n<li><strong>Turismo<\/strong> &#8211; GIAT (Gu\u00eda Informaci\u00f3n y Asistencias Tur\u00edsticas)\n<ul>\n<li>Grado Superior<\/li>\n<li><a href=\"https:\/\/blogsaverroes.juntadeandalucia.es\/iesarroyodelamiel\/files\/2020\/06\/folleto_ciclo_guia-marketing.pdf\">Folleto ciclo gu\u00eda marketing<\/a><\/li>\n<li><a href=\"https:\/\/blogsaverroes.juntadeandalucia.es\/iesarroyodelamiel\/files\/2020\/06\/MATRICULA-TURISMO.pdf\">Matr\u00edcula Turismo<\/a><\/li>\n<\/ul>\n<\/li>\n<li>TSAF (T\u00e9cnico Superior en <strong>Acondicionamiento F\u00edsico<\/strong>)\n<ul>\n<li>Grado Superior<\/li>\n<li><a href=\"https:\/\/blogsaverroes.juntadeandalucia.es\/iesarroyodelamiel\/files\/2020\/06\/Tr\u00edptico-TSAF.pdf\">Tr\u00edptico TSAF<\/a><\/li>\n<li><a href=\"https:\/\/blogsaverroes.juntadeandalucia.es\/iesarroyodelamiel\/files\/2020\/06\/Nota-informativa-TSAF.pdf\">Nota informativa TSAF<\/a><\/li>\n<li><a href=\"https:\/\/blogsaverroes.juntadeandalucia.es\/iesarroyodelamiel\/files\/2020\/06\/MATRICULA-TSAF-Acondicionamiento-f\u00edsico.pdf\">Matr\u00edcula Acondicionamiento F\u00edsico<\/a><\/li>\n<\/ul>\n<\/li>\n<li>TSEASD (T\u00e9cnico Superior en Ense\u00f1anza<strong> Animaci\u00f3n Socio-Deportiva<\/strong>)\n<ul>\n<li>Grado Superior<\/li>\n<li><a href=\"https:\/\/blogsaverroes.juntadeandalucia.es\/iesarroyodelamiel\/files\/2020\/06\/D\u00edptico-TSEASD.pdf\">D\u00edptico TSEASD<\/a><\/li>\n<li><a href=\"https:\/\/blogsaverroes.juntadeandalucia.es\/iesarroyodelamiel\/files\/2020\/06\/Nota-informativa-TSEASD.pdf\">Nota informativa TSEASD<\/a><\/li>\n<li><a href=\"https:\/\/blogsaverroes.juntadeandalucia.es\/iesarroyodelamiel\/files\/2020\/06\/MATRICULA-TSEASD-Animaci\u00f3n-sociodeportiva-1.pdf\">Matr\u00edcula TSEASD Animaci\u00f3n sociodeportiva<\/a><\/li>\n<\/ul>\n<\/li>\n<\/ul>\n<p><span style=\"color: #ff0000\"><strong>Seguro Escolar<\/strong><\/span>, <strong>obligatorio<\/strong> para todos los alumnos comprendidos entre 14 (3\u00baESO) y 28 a\u00f1os. <a href=\"https:\/\/blogsaverroes.juntadeandalucia.es\/iesarroyodelamiel\/files\/2020\/06\/Cartel-seguro-escolar-20-21.pdf\">Seguro Escolar 20-21<\/a><\/p>\n<p><span style=\"color: #ff0000\"><em>Actualmente para mayores de 18 a\u00f1os la plataforma virtual no permite el abono del seguro escolar, hay que hacerlo mediante pago en la entidad bancaria:<\/em><\/span><span style=\"color: #000000\"><em> IBAN ES49-2103-3057-2233-0000-6547. El pago se puede hacer directamente en ventanilla, por los cajeros autom\u00e1ticos de Unicaja o por transferencia (las comisiones que cobra el banco son diferentes seg\u00fan el modo de pago). Es importante que los recibos de abono lleven el nombre y apellidos del alumno matriculado. En caso contrario no se admitir\u00e1.<\/em><\/span><\/p>\n<p><span style=\"color: #ff6600\"><em>El alumnado que a fecha 15 de septiembre no haya entregado resguardo del pago del seguro escolar no podr\u00e1 acceder al centro.<\/em><\/span><\/p>\n<hr>\n<hr>\n<p align=\"left\"><em>&nbsp;<strong>Matriculaci\u00f3n ESO, Bachillerato Diurno, ESO de Adultos (ESPA) y Bachillerato de Adultos.<\/strong><\/em><\/p>\n<p align=\"left\"><span style=\"color: #000080\"><strong>Septiembre:<\/strong><\/span><\/p>\n<p style=\"padding-left: 40px\" align=\"left\">Plazo de <strong>matriculaci\u00f3n<\/strong> del alumnado en <strong>Educaci\u00f3n Secundaria Obligatoria y Bachillerato.<\/strong><\/p>\n<p style=\"text-align: center\" align=\"left\"><strong> 1 al 8 de septiembre de 2020<br \/>\n<\/strong><\/p>\n<p style=\"text-align: center\" align=\"left\"><a href=\"https:\/\/www.juntadeandalucia.es\/educacion\/secretariavirtual\/\"><strong><span style=\"color: #ff0000\">PREFERENTEMENTE MATR\u00cdCULA ONLINE (pinchar aqu\u00ed)<\/span><\/strong><\/a><\/p>\n<p style=\"text-align: center\" align=\"left\"><span style=\"color: #ff0000\"><strong>Seguro Escolar<\/strong><\/span>, <strong>obligatorio<\/strong> para todos los alumnos comprendidos entre 14 (3\u00baESO) y 28 a\u00f1os. <a href=\"https:\/\/blogsaverroes.juntadeandalucia.es\/iesarroyodelamiel\/files\/2020\/06\/Cartel-seguro-escolar-20-21.pdf\">Seguro Escolar 20-21<\/a><\/p>\n<p align=\"left\"><span style=\"color: #ff0000\"><em>Actualmente para mayores de 18 a\u00f1os la plataforma virtual no permite el abono del seguro escolar, hay que hacerlo El abono del seguro escolar por los mayores de 18 a\u00f1os se realizar\u00e1 mediante pago en la entidad bancaria.<\/em><\/span><\/p>\n<p align=\"left\"><span style=\"color: #ff6600\"><em>El alumnado que a fecha 15 de septiembre no haya entregado resguardo del pago del seguro escolar no podr\u00e1 acceder al centro.<\/em><\/span><\/p>\n<hr>\n<p align=\"left\"><em><strong>Documentos ESO<\/strong><\/em> para Matr\u00edcula presencial:<\/p>\n<p align=\"left\"><em>Comunes Obligatorios:<\/em><\/p>\n<p style=\"padding-left: 40px\" align=\"left\"><a href=\"https:\/\/blogsaverroes.juntadeandalucia.es\/iesarroyodelamiel\/files\/2020\/06\/Anexo-matr\u00edcula-ESO.pdf\">Anexo matr\u00edcula ESO<\/a><\/p>\n<p style=\"padding-left: 40px\" align=\"left\"><a href=\"https:\/\/blogsaverroes.juntadeandalucia.es\/iesarroyodelamiel\/files\/2020\/06\/ANEXO-RELIGI\u00d3N-20-21.pdf\">ANEXO RELIGI\u00d3N 20-21<\/a><\/p>\n<p align=\"left\"><em>Por cursos:<\/em><\/p>\n<p style=\"padding-left: 40px\" align=\"left\"><a href=\"https:\/\/blogsaverroes.juntadeandalucia.es\/iesarroyodelamiel\/files\/2020\/06\/Primero-ESO.pdf\">Primero ESO<\/a><\/p>\n<p style=\"padding-left: 40px\" align=\"left\"><a href=\"https:\/\/blogsaverroes.juntadeandalucia.es\/iesarroyodelamiel\/files\/2020\/06\/Segundo-ESO.pdf\">Segundo ESO<\/a><\/p>\n<p style=\"padding-left: 40px\" align=\"left\"><a href=\"https:\/\/blogsaverroes.juntadeandalucia.es\/iesarroyodelamiel\/files\/2020\/06\/Tercero-ESO.pdf\">Tercero ESO<\/a><\/p>\n<p style=\"padding-left: 40px\" align=\"left\"><a href=\"https:\/\/blogsaverroes.juntadeandalucia.es\/iesarroyodelamiel\/files\/2020\/06\/Cuarto-ESO.pdf\">Cuarto ESO<\/a><\/p>\n<p style=\"padding-left: 80px\" align=\"left\"><a href=\"https:\/\/blogsaverroes.juntadeandalucia.es\/iesarroyodelamiel\/files\/2020\/06\/PMARno-virtual.docx\">PMAR (no es posible virtual)<\/a><\/p>\n<p style=\"padding-left: 80px\" align=\"left\"><a href=\"https:\/\/blogsaverroes.juntadeandalucia.es\/iesarroyodelamiel\/files\/2020\/06\/Segundo-PMAR.pdf\">Segundo PMAR<\/a><\/p>\n<p style=\"padding-left: 80px\" align=\"left\"><a href=\"https:\/\/blogsaverroes.juntadeandalucia.es\/iesarroyodelamiel\/files\/2020\/06\/Tercero-PMAR.pdf\">Tercero PMAR<\/a><\/p>\n<p align=\"left\">Seguro escolar y AMPA<\/p>\n<p style=\"padding-left: 40px\" align=\"left\"><a href=\"https:\/\/blogsaverroes.juntadeandalucia.es\/iesarroyodelamiel\/files\/2020\/06\/Cartel-seguro-escolar-20-21-1.pdf\">Cartel seguro escolar 20-21<\/a><\/p>\n<p style=\"padding-left: 40px\" align=\"left\"><a href=\"https:\/\/blogsaverroes.juntadeandalucia.es\/iesarroyodelamiel\/files\/2020\/06\/AMPA-20-21.pdf\">AMPA 20-21<\/a><\/p>\n<hr>\n<p align=\"left\"><em><strong>Documentos Bachillerato<\/strong><\/em> para Matr\u00edcula presencial:<\/p>\n<p align=\"left\"><em>Comunes Obligatorios:<\/em><\/p>\n<p style=\"padding-left: 40px\" align=\"left\"><a href=\"https:\/\/blogsaverroes.juntadeandalucia.es\/iesarroyodelamiel\/files\/2020\/06\/ANEXO-MATR\u00cdCULA-BACHILLERATO.pdf\">ANEXO MATR\u00cdCULA BACHILLERATO<\/a><\/p>\n<p style=\"padding-left: 40px\" align=\"left\"><a href=\"https:\/\/blogsaverroes.juntadeandalucia.es\/iesarroyodelamiel\/files\/2020\/06\/Cartel-seguro-escolar-20-21-2.pdf\">Cartel seguro escolar 20-21<\/a><\/p>\n<p align=\"left\"><span style=\"color: #ff0000\"><em>Actualmente para mayores de 18 a\u00f1os la plataforma virtual no permite el abono del seguro escolar, hay que hacerlo mediante pago en la entidad bancaria:<\/em><\/span><span style=\"color: #000000\"><em> IBAN ES49-2103-3057-2233-0000-6547. El pago se puede hacer directamente en ventanilla, por los cajeros autom\u00e1ticos de Unicaja o por transferencia (las comisiones que cobra el banco son diferentes seg\u00fan el modo de pago). Es importante que los recibos de abono lleven el nombre y apellidos del alumno matriculado. En caso contrario no se admitir\u00e1.<\/em><\/span><\/p>\n<p align=\"left\"><span style=\"color: #ff6600\"><em>El alumnado que a fecha 15 de septiembre no haya entregado resguardo del pago del seguro escolar no podr\u00e1 acceder al centro.<\/em><\/span><\/p>\n<p style=\"padding-left: 40px\" align=\"left\"><a href=\"https:\/\/blogsaverroes.juntadeandalucia.es\/iesarroyodelamiel\/files\/2020\/06\/ANEXO-RELIGI\u00d3N-20-21-1.pdf\">ANEXO RELIGI\u00d3N 20-21<\/a><\/p>\n<p align=\"left\"><em>Por cursos:<\/em><\/p>\n<p style=\"padding-left: 40px\" align=\"left\"><a href=\"https:\/\/blogsaverroes.juntadeandalucia.es\/iesarroyodelamiel\/files\/2020\/06\/1\u00ba-BTO-CIENCIAS-diurno.pdf\">1\u00ba BTO CIENCIAS diurno<\/a><\/p>\n<p style=\"padding-left: 40px\" align=\"left\"><a href=\"https:\/\/blogsaverroes.juntadeandalucia.es\/iesarroyodelamiel\/files\/2020\/06\/1\u00ba-BTO-HUMANIDADES-Y-SOCIALES-diurno.pdf\">1\u00ba BTO HUMANIDADES Y SOCIALES diurno<\/a><\/p>\n<p style=\"padding-left: 40px\" align=\"left\"><a href=\"https:\/\/blogsaverroes.juntadeandalucia.es\/iesarroyodelamiel\/files\/2020\/06\/2\u00ba-BTO-CIENCIAS-diurno.pdf\">2\u00ba BTO CIENCIAS diurno<\/a><\/p>\n<p style=\"padding-left: 40px\" align=\"left\"><a href=\"https:\/\/blogsaverroes.juntadeandalucia.es\/iesarroyodelamiel\/files\/2020\/06\/2\u00ba-BTO-HUMANIDADES-Y-SOCIALES-diurno.pdf\">2\u00ba BTO HUMANIDADES Y SOCIALES diurno<\/a><\/p>\n<hr>\n<hr>\n<p style=\"text-align: center\" align=\"left\"><em><strong>Matriculaci\u00f3n en la ESPA y Bachillerato para personas adultas.<\/strong><\/em><\/p>\n<p style=\"text-align: center\" align=\"left\"><em>Calendario Matriculaci\u00f3n: Del 1 al 8 de septiembre<br \/>\n<\/em><\/p>\n<p>Documentos<strong> ESO Adultos<\/strong> matr\u00edcula presencial (<strong>ESPA<\/strong>):<\/p>\n<p style=\"padding-left: 40px\"><em>Comunes obligatorios:<\/em><\/p>\n<p style=\"padding-left: 80px\"><a href=\"https:\/\/blogsaverroes.juntadeandalucia.es\/iesarroyodelamiel\/files\/2020\/06\/MATR\u00cdCULA-ESO-PERSONAS-ADULTAS.pdf\">ESO PERSONAS ADULTAS<\/a><\/p>\n<p style=\"padding-left: 80px\"><a href=\"https:\/\/blogsaverroes.juntadeandalucia.es\/iesarroyodelamiel\/files\/2020\/06\/ESA.pdf\">ESA<\/a> <a href=\"https:\/\/blogsaverroes.juntadeandalucia.es\/iesarroyodelamiel\/files\/2020\/06\/MATR\u00cdCULA-ESO-PERSONAS-ADULTAS.pdf\">MATR\u00cdCULA<\/a><\/p>\n<p style=\"padding-left: 40px\" align=\"left\">Seguro escolar<\/p>\n<p style=\"padding-left: 80px\" align=\"left\"><a href=\"https:\/\/blogsaverroes.juntadeandalucia.es\/iesarroyodelamiel\/files\/2020\/06\/Cartel-seguro-escolar-20-21-1.pdf\">Cartel seguro escolar 20-21<\/a><\/p>\n<p align=\"left\"><span style=\"color: #ff0000\"><em>Actualmente para mayores de 18 a\u00f1os la plataforma virtual no permite el abono del seguro escolar, hay que hacerlo mediante pago en la entidad bancaria:<\/em><\/span><span style=\"color: #000000\"><em> IBAN ES49-2103-3057-2233-0000-6547. El pago se puede hacer directamente en ventanilla, por los cajeros autom\u00e1ticos de Unicaja o por transferencia (las comisiones que cobra el banco son diferentes seg\u00fan el modo de pago). Es importante que los recibos de abono lleven el nombre y apellidos del alumno matriculado. En caso contrario no se admitir\u00e1.<\/em><\/span><\/p>\n<p align=\"left\"><span style=\"color: #ff6600\"><em>El alumnado que a fecha 15 de septiembre no haya entregado resguardo del pago del seguro escolar no podr\u00e1 acceder al centro.<\/em><\/span><\/p>\n<hr>\n<p>Documentos<strong> Bachillerato Adultos<\/strong> matr\u00edcula presencial:<\/p>\n<p style=\"padding-left: 40px\" align=\"left\"><em>Comunes obligatorios:<\/em><\/p>\n<p style=\"padding-left: 80px\" align=\"left\"><a href=\"https:\/\/blogsaverroes.juntadeandalucia.es\/iesarroyodelamiel\/files\/2020\/06\/MATR\u00cdCULA-BACHILLERATO-ADULTOS.pdf\">MATR\u00cdCULA BACHILLERATO ADULTOS<\/a><\/p>\n<p style=\"padding-left: 40px\" align=\"left\"><em>Por cursos:<\/em><\/p>\n<p style=\"padding-left: 80px\" align=\"left\"><a href=\"https:\/\/blogsaverroes.juntadeandalucia.es\/iesarroyodelamiel\/files\/2020\/06\/2\u00ba-Bto-B-SOCIALES-PRESENCIAL.pdf\">2\u00ba Bto-B SOCIALES PRESENCIAL<\/a><\/p>\n<p style=\"padding-left: 80px\" align=\"left\"><a href=\"https:\/\/blogsaverroes.juntadeandalucia.es\/iesarroyodelamiel\/files\/2020\/06\/2\u00ba-Bto-S-SOCIALES-SEMIPRESENCIAL.pdf\">2\u00ba Bto-S SOCIALES SEMIPRESENCIAL<\/a><\/p>\n<p style=\"padding-left: 80px\" align=\"left\"><a href=\"https:\/\/blogsaverroes.juntadeandalucia.es\/iesarroyodelamiel\/files\/2020\/06\/2\u00ba-Bto-A-CIENCIAS.pdf\">2\u00ba Bto-A CIENCIAS<\/a><\/p>\n<p style=\"padding-left: 80px\" align=\"left\"><a href=\"https:\/\/blogsaverroes.juntadeandalucia.es\/iesarroyodelamiel\/files\/2020\/06\/2\u00ba-Bto-C-HUMANIDADES.pdf\">2\u00ba Bto -C HUMANIDADES<\/a><\/p>\n<p style=\"padding-left: 80px\" align=\"left\"><a href=\"https:\/\/blogsaverroes.juntadeandalucia.es\/iesarroyodelamiel\/files\/2020\/06\/1\u00ba-Bto-S-SOCIALES-SEMIPRESENCIAL.pdf\">1\u00ba Bto-S SOCIALES SEMIPRESENCIAL<\/a><\/p>\n<p style=\"padding-left: 80px\" align=\"left\"><a href=\"https:\/\/blogsaverroes.juntadeandalucia.es\/iesarroyodelamiel\/files\/2020\/06\/1\u00ba-Bto-A-HUMANIDADES.pdf\">1\u00ba Bto-A HUMANIDADES<\/a><\/p>\n<p style=\"padding-left: 80px\" align=\"left\"><a href=\"https:\/\/blogsaverroes.juntadeandalucia.es\/iesarroyodelamiel\/files\/2020\/06\/1\u00ba-Bto-A-CIENCIAS.pdf\">1\u00ba Bto-A CIENCIAS<\/a><\/p>\n<p style=\"padding-left: 40px\" align=\"left\">Seguro escolar y AMPA<\/p>\n<p style=\"padding-left: 80px\" align=\"left\"><a href=\"https:\/\/blogsaverroes.juntadeandalucia.es\/iesarroyodelamiel\/files\/2020\/06\/Cartel-seguro-escolar-20-21-1.pdf\">Cartel seguro escolar 20-21<\/a><\/p>\n<p align=\"left\"><span style=\"color: #ff0000\"><em>Actualmente para mayores de 18 a\u00f1os la plataforma virtual no permite el abono del seguro escolar, hay que hacerlo mediante pago en la entidad bancaria:<\/em><\/span><span style=\"color: #000000\"><em> IBAN ES49-2103-3057-2233-0000-6547. El pago se puede hacer directamente en ventanilla, por los cajeros autom\u00e1ticos de Unicaja o por transferencia (las comisiones que cobra el banco son diferentes seg\u00fan el modo de pago). Es importante que los recibos de abono lleven el nombre y apellidos del alumno matriculado. En caso contrario no se admitir\u00e1.<\/em><\/span><\/p>\n<p align=\"left\"><span style=\"color: #ff6600\"><em>El alumnado que a fecha 15 de septiembre no haya entregado resguardo del pago del seguro escolar no podr\u00e1 acceder al centro.<\/em><\/span><\/p>\n<hr>\n<p style=\"text-align: center\" align=\"left\"><span style=\"color: #000080\"><strong><em>Resumen plazos admisi\u00f3n TODAS las ense\u00f1anzas<\/em><\/strong><\/span><\/p>\n<p style=\"text-align: center\" align=\"left\"><a href=\"https:\/\/blogsaverroes.juntadeandalucia.es\/iesarroyodelamiel\/files\/2020\/05\/CALENDARIO-20-05-20.pdf\">CALENDARIO-20-05-20<\/a><\/p>\n<p style=\"line-height: 150%;text-align: center\"><strong>Escolarizaci\u00f3n y Matr\u00edcula curso 2018-2019<\/strong><\/p>\n<p style=\"line-height: 150%;text-align: center\"><strong> SECUNDARIA, BACHILLERATO, ADULTOS Y CICLOS FORMATIVOS<br \/>\n<\/strong><\/p>\n<\/div>\n<p>&nbsp;<\/p>\n<p align=\"center\"><a href=\"http:\/\/www.juntadeandalucia.es\/educacion\/portals\/web\/escolarizacion\"><img loading=\"lazy\" decoding=\"async\" class=\"alignnone size-medium wp-image-2360\" src=\"https:\/\/blogsaverroes.juntadeandalucia.es\/iesarroyodelamiel\/files\/2013\/02\/escolarizacion-300x141.png\" alt=\"escolarizacion\" width=\"300\" height=\"141\" srcset=\"https:\/\/blogsaverroes.juntadeandalucia.es\/iesarroyodelamiel\/files\/2013\/02\/escolarizacion-300x141.png 300w, https:\/\/blogsaverroes.juntadeandalucia.es\/iesarroyodelamiel\/files\/2013\/02\/escolarizacion-1024x483.png 1024w, https:\/\/blogsaverroes.juntadeandalucia.es\/iesarroyodelamiel\/files\/2013\/02\/escolarizacion-768x362.png 768w, https:\/\/blogsaverroes.juntadeandalucia.es\/iesarroyodelamiel\/files\/2013\/02\/escolarizacion-520x245.png 520w, https:\/\/blogsaverroes.juntadeandalucia.es\/iesarroyodelamiel\/files\/2013\/02\/escolarizacion-720x340.png 720w, https:\/\/blogsaverroes.juntadeandalucia.es\/iesarroyodelamiel\/files\/2013\/02\/escolarizacion-24x11.png 24w, https:\/\/blogsaverroes.juntadeandalucia.es\/iesarroyodelamiel\/files\/2013\/02\/escolarizacion-36x17.png 36w, https:\/\/blogsaverroes.juntadeandalucia.es\/iesarroyodelamiel\/files\/2013\/02\/escolarizacion-48x23.png 48w, https:\/\/blogsaverroes.juntadeandalucia.es\/iesarroyodelamiel\/files\/2013\/02\/escolarizacion.png 1315w\" sizes=\"(max-width: 300px) 100vw, 300px\" \/><\/a><\/p>\n<p class=\"parrafo\">La direcci\u00f3n de Internet en la que la Consejer\u00eda de Educaci\u00f3n informa sobre el procedimiento de admisi\u00f3n del alumnado es, aqu\u00ed la informaci\u00f3n es m\u00e1s veraz y reciente que en la presente p\u00e1gina:<\/p>\n<p align=\"center\"><a href=\"http:\/\/www.juntadeandalucia.es\/educacion\/portals\/web\/escolarizacion\" target=\"_blank\" rel=\"noopener noreferrer\">http:\/\/www.juntadeandalucia.es\/educacion\/webportal\/web\/portal-escolarizacion<\/a><\/p>\n<h2 style=\"text-align: center\">&nbsp;<\/h2>\n<ul>\n<li style=\"list-style-type: none\">\n<ul>\n<li>&nbsp;<\/li>\n<\/ul>\n<\/li>\n<\/ul>\n","protected":false},"excerpt":{"rendered":"<p>&nbsp;Calendario de admisi\u00f3n y matriculaci\u00f3n para ESO y Bachillerato. La oferta educativa en el IES Arroyo de la Miel para el curso 24-25 es la siguiente: OfertaEducativa incluyendo paradas de transporte escolar Enlace a&#46;&#46;&#46;<\/p>\n","protected":false},"author":10424,"featured_media":0,"parent":0,"menu_order":0,"comment_status":"closed","ping_status":"closed","template":"","meta":{"ngg_post_thumbnail":0,"footnotes":"","_mc_calendar":[]},"aioseo_notices":[],"_links":{"self":[{"href":"https:\/\/blogsaverroes.juntadeandalucia.es\/iesarroyodelamiel\/wp-json\/wp\/v2\/pages\/152"}],"collection":[{"href":"https:\/\/blogsaverroes.juntadeandalucia.es\/iesarroyodelamiel\/wp-json\/wp\/v2\/pages"}],"about":[{"href":"https:\/\/blogsaverroes.juntadeandalucia.es\/iesarroyodelamiel\/wp-json\/wp\/v2\/types\/page"}],"author":[{"embeddable":true,"href":"https:\/\/blogsaverroes.juntadeandalucia.es\/iesarroyodelamiel\/wp-json\/wp\/v2\/users\/10424"}],"replies":[{"embeddable":true,"href":"https:\/\/blogsaverroes.juntadeandalucia.es\/iesarroyodelamiel\/wp-json\/wp\/v2\/comments?post=152"}],"version-history":[{"count":5,"href":"https:\/\/blogsaverroes.juntadeandalucia.es\/iesarroyodelamiel\/wp-json\/wp\/v2\/pages\/152\/revisions"}],"predecessor-version":[{"id":7221,"href":"https:\/\/blogsaverroes.juntadeandalucia.es\/iesarroyodelamiel\/wp-json\/wp\/v2\/pages\/152\/revisions\/7221"}],"wp:attachment":[{"href":"https:\/\/blogsaverroes.juntadeandalucia.es\/iesarroyodelamiel\/wp-json\/wp\/v2\/media?parent=152"}],"curies":[{"name":"wp","href":"https:\/\/api.w.org\/{rel}","templated":true}]}}