{"id":4926,"date":"2013-03-14T11:17:01","date_gmt":"2013-03-14T11:17:01","guid":{"rendered":"http:\/\/www.iesarroyodelamiel.es\/?page_id=553"},"modified":"2021-04-27T18:07:45","modified_gmt":"2021-04-27T18:07:45","slug":"ies-arroyo-de-la-miel","status":"publish","type":"page","link":"https:\/\/blogsaverroes.juntadeandalucia.es\/iesarroyodelamiel\/entorno-conocenos\/ies-arroyo-de-la-miel\/","title":{"rendered":"IES Arroyo de la Miel"},"content":{"rendered":"<p style=\"text-align: center\"><a href=\"https:\/\/blogsaverroes.juntadeandalucia.es\/iesarroyodelamiel\/files\/2021\/04\/IES-arroyo-de-la-Miel.jpg\"><img loading=\"lazy\" decoding=\"async\" class=\"alignnone size-medium wp-image-5399\" src=\"https:\/\/blogsaverroes.juntadeandalucia.es\/iesarroyodelamiel\/files\/2021\/04\/IES-arroyo-de-la-Miel-300x201.jpg\" alt=\"\" width=\"300\" height=\"201\" srcset=\"https:\/\/blogsaverroes.juntadeandalucia.es\/iesarroyodelamiel\/files\/2021\/04\/IES-arroyo-de-la-Miel-300x201.jpg 300w, https:\/\/blogsaverroes.juntadeandalucia.es\/iesarroyodelamiel\/files\/2021\/04\/IES-arroyo-de-la-Miel.jpg 426w\" sizes=\"(max-width: 300px) 100vw, 300px\" \/><\/a><\/p>\n<p>El instituto Arroyo de la Miel (IES) es un centro educativo en el que tanto el alumnado como el profesorado reciben un buen trato y todos sin excepci\u00f3n de nadie, reciben la misma educaci\u00f3n. Se encuentra en pleno centro del arroyo y es el instituto m\u00e1s antiguo que existe. En esta p\u00e1gina web encontrar\u00e1s toda la informaci\u00f3n que necesitas, tanto las nuevas noticias como la galer\u00eda de fotos, informaci\u00f3n sobre cualquier departamento, etc.<\/p>\n","protected":false},"excerpt":{"rendered":"<p>El instituto Arroyo de la Miel (IES) es un centro educativo en el que tanto el alumnado como el profesorado reciben un buen trato y todos sin excepci\u00f3n de nadie, reciben la misma educaci\u00f3n.&#46;&#46;&#46;<\/p>\n","protected":false},"author":10424,"featured_media":0,"parent":179,"menu_order":0,"comment_status":"closed","ping_status":"closed","template":"","meta":{"ngg_post_thumbnail":0,"footnotes":"","_mc_calendar":[]},"aioseo_notices":[],"_links":{"self":[{"href":"https:\/\/blogsaverroes.juntadeandalucia.es\/iesarroyodelamiel\/wp-json\/wp\/v2\/pages\/4926"}],"collection":[{"href":"https:\/\/blogsaverroes.juntadeandalucia.es\/iesarroyodelamiel\/wp-json\/wp\/v2\/pages"}],"about":[{"href":"https:\/\/blogsaverroes.juntadeandalucia.es\/iesarroyodelamiel\/wp-json\/wp\/v2\/types\/page"}],"author":[{"embeddable":true,"href":"https:\/\/blogsaverroes.juntadeandalucia.es\/iesarroyodelamiel\/wp-json\/wp\/v2\/users\/10424"}],"replies":[{"embeddable":true,"href":"https:\/\/blogsaverroes.juntadeandalucia.es\/iesarroyodelamiel\/wp-json\/wp\/v2\/comments?post=4926"}],"version-history":[{"count":1,"href":"https:\/\/blogsaverroes.juntadeandalucia.es\/iesarroyodelamiel\/wp-json\/wp\/v2\/pages\/4926\/revisions"}],"predecessor-version":[{"id":5433,"href":"https:\/\/blogsaverroes.juntadeandalucia.es\/iesarroyodelamiel\/wp-json\/wp\/v2\/pages\/4926\/revisions\/5433"}],"up":[{"embeddable":true,"href":"https:\/\/blogsaverroes.juntadeandalucia.es\/iesarroyodelamiel\/wp-json\/wp\/v2\/pages\/179"}],"wp:attachment":[{"href":"https:\/\/blogsaverroes.juntadeandalucia.es\/iesarroyodelamiel\/wp-json\/wp\/v2\/media?parent=4926"}],"curies":[{"name":"wp","href":"https:\/\/api.w.org\/{rel}","templated":true}]}}