{"id":4938,"date":"2016-02-04T12:25:10","date_gmt":"2016-02-04T10:25:10","guid":{"rendered":"http:\/\/www.iesarroyodelamiel.es\/?page_id=2581"},"modified":"2016-02-04T12:25:10","modified_gmt":"2016-02-04T10:25:10","slug":"comercios-fael-en-arroyo-de-la-miel-y-benalmadena","status":"publish","type":"page","link":"https:\/\/blogsaverroes.juntadeandalucia.es\/iesarroyodelamiel\/comercios-fael-en-arroyo-de-la-miel-y-benalmadena\/","title":{"rendered":"Comercios FAEL en Arroyo de la Miel y Benalm\u00e1dena"},"content":{"rendered":"<table border=\"0\" cellspacing=\"0\">\n<colgroup width=\"228\"><\/colgroup>\n<colgroup width=\"68\"><\/colgroup>\n<colgroup width=\"137\"><\/colgroup>\n<colgroup width=\"85\"><\/colgroup>\n<colgroup width=\"383\"><\/colgroup>\n<tbody>\n<tr>\n<td align=\"left\" height=\"17\"><strong><span style=\"font-family: Liberation Serif\">ELECTROAHORRO VALVERDE SL<\/span><\/strong><\/td>\n<td align=\"right\"><span style=\"font-family: Liberation Serif\">29631<\/span><\/td>\n<td align=\"left\"><span style=\"font-family: Liberation Serif\">Arroyo de la Miel<\/span><\/td>\n<td align=\"left\"><span style=\"font-family: Liberation Serif\">M\u00e1laga<\/span><\/td>\n<td align=\"left\"><span style=\"font-family: Liberation Serif\">Av. Inmaculada Concepci\u00f3n, 45 Bajo. <span style=\"color: #ff0000\"><strong>FRENTE AL INSTITUTO<\/strong><\/span><\/span><\/td>\n<\/tr>\n<tr>\n<td align=\"left\" height=\"32\"><strong><span style=\"font-family: Liberation Serif\">MILAR JORGE MART\u00cdNEZ<\/span><\/strong><\/td>\n<td align=\"right\"><span style=\"font-family: Liberation Serif\">29631<\/span><\/td>\n<td align=\"left\"><span style=\"font-family: Liberation Serif\">Arroyo de la miel<\/span><\/td>\n<td align=\"left\"><span style=\"font-family: Liberation Serif\">M\u00e1laga<\/span><\/td>\n<td align=\"left\"><span style=\"font-family: Liberation Serif\">Avda. Inmaculada Concepci\u00f3n, 9. Local 5-6. <span style=\"color: #ff0000\"><strong>CALLE INSTITUTO. FRENTE A UNICAJA<\/strong><\/span><\/span><\/td>\n<\/tr>\n<tr>\n<td align=\"left\" height=\"32\"><strong><span style=\"font-family: Liberation Serif\">ELECTRODOM\u00c9STICOS ESPEJO PALACIOS SLL<\/span><\/strong><\/td>\n<td align=\"right\"><span style=\"font-family: Liberation Serif\">29631<\/span><\/td>\n<td align=\"left\"><span style=\"font-family: Liberation Serif\">Arroyo de la Miel<\/span><\/td>\n<td align=\"left\"><span style=\"font-family: Liberation Serif\">M\u00e1laga<\/span><\/td>\n<td align=\"left\"><span style=\"font-family: Liberation Serif\">Av. de la Estaci\u00f3n, 5. <span style=\"color: #ff0000\"><strong>FRENTE PARADA TAXIS ESTACI\u00d3N<\/strong><\/span><\/span><\/td>\n<\/tr>\n<tr>\n<td align=\"left\" height=\"17\"><strong><span style=\"font-family: Liberation Serif\">RUTE RODR\u00cdGUEZ, DAVID<\/span><\/strong><\/td>\n<td align=\"right\"><span style=\"font-family: Liberation Serif\">29631<\/span><\/td>\n<td align=\"left\"><span style=\"font-family: Liberation Serif\">Arroyo de la Miel<\/span><\/td>\n<td align=\"left\"><span style=\"font-family: Liberation Serif\">M\u00e1laga<\/span><\/td>\n<td align=\"left\"><span style=\"font-family: Liberation Serif\">Avenida Constituci\u00f3n, 20 L.3. <span style=\"color: #ff0000\"><strong>FRENTE POLIC\u00cdA LOCAL<\/strong><\/span><\/span><\/td>\n<\/tr>\n<tr>\n<td align=\"left\" height=\"32\"><span style=\"font-family: Liberation Serif\">ELECTRO COCINAS HERMANOS MORENO<\/span><\/td>\n<td align=\"right\"><span style=\"font-family: Liberation Serif\">29631<\/span><\/td>\n<td align=\"left\"><span style=\"font-family: Liberation Serif\">Arroyo de la miel<\/span><\/td>\n<td align=\"left\"><span style=\"font-family: Liberation Serif\">M\u00e1laga<\/span><\/td>\n<td align=\"left\"><span style=\"font-family: Liberation Serif\">Avenida de la Constituci\u00f3n, 12. Edif. Fiesta Local, 19. <\/span><\/td>\n<\/tr>\n<tr>\n<td align=\"left\" height=\"17\"><span style=\"font-family: Liberation Serif\"><strong>ELECTR\u00d3NICA VALENCIA<\/strong><br \/>\n<\/span><\/td>\n<td align=\"right\"><span style=\"font-family: Liberation Serif\">29631<\/span><\/td>\n<td align=\"left\"><span style=\"font-family: Liberation Serif\">Arroyo de la Miel<\/span><\/td>\n<td align=\"left\"><span style=\"font-family: Liberation Serif\">M\u00e1laga<\/span><\/td>\n<td align=\"left\"><span style=\"font-family: Liberation Serif\">C\/ El Naranjo, 18. <span style=\"color: #ff0000\"><strong>FRENTE A CORREOS<\/strong><\/span><br \/>\n<\/span><\/td>\n<\/tr>\n<tr>\n<td align=\"left\" height=\"17\"><strong><span style=\"font-family: Liberation Serif\">GRUPO HIMSA STORE SLL<\/span><\/strong><\/td>\n<td align=\"right\"><span style=\"font-family: Liberation Serif\">29630<\/span><\/td>\n<td align=\"left\"><span style=\"font-family: Liberation Serif\">Benalm\u00e1dena Costa<\/span><\/td>\n<td align=\"left\"><span style=\"font-family: Liberation Serif\">M\u00e1laga<\/span><\/td>\n<td align=\"left\"><span style=\"font-family: Liberation Serif\">C\/ Moscatel 17, Local 3. <span style=\"color: #ff0000\"><strong>CRUCE DEL POL\u00cdGONO LA LEALA<\/strong><\/span><br \/>\n<\/span><\/td>\n<\/tr>\n<\/tbody>\n<\/table>\n","protected":false},"excerpt":{"rendered":"<p>ELECTROAHORRO VALVERDE SL 29631 Arroyo de la Miel M\u00e1laga Av. Inmaculada Concepci\u00f3n, 45 Bajo. FRENTE AL INSTITUTO MILAR JORGE MART\u00cdNEZ 29631 Arroyo de la miel M\u00e1laga Avda. Inmaculada Concepci\u00f3n, 9. Local 5-6. CALLE INSTITUTO.&#46;&#46;&#46;<\/p>\n","protected":false},"author":10424,"featured_media":0,"parent":0,"menu_order":0,"comment_status":"closed","ping_status":"closed","template":"","meta":{"ngg_post_thumbnail":0,"footnotes":"","_mc_calendar":[]},"aioseo_notices":[],"_links":{"self":[{"href":"https:\/\/blogsaverroes.juntadeandalucia.es\/iesarroyodelamiel\/wp-json\/wp\/v2\/pages\/4938"}],"collection":[{"href":"https:\/\/blogsaverroes.juntadeandalucia.es\/iesarroyodelamiel\/wp-json\/wp\/v2\/pages"}],"about":[{"href":"https:\/\/blogsaverroes.juntadeandalucia.es\/iesarroyodelamiel\/wp-json\/wp\/v2\/types\/page"}],"author":[{"embeddable":true,"href":"https:\/\/blogsaverroes.juntadeandalucia.es\/iesarroyodelamiel\/wp-json\/wp\/v2\/users\/10424"}],"replies":[{"embeddable":true,"href":"https:\/\/blogsaverroes.juntadeandalucia.es\/iesarroyodelamiel\/wp-json\/wp\/v2\/comments?post=4938"}],"version-history":[{"count":0,"href":"https:\/\/blogsaverroes.juntadeandalucia.es\/iesarroyodelamiel\/wp-json\/wp\/v2\/pages\/4938\/revisions"}],"wp:attachment":[{"href":"https:\/\/blogsaverroes.juntadeandalucia.es\/iesarroyodelamiel\/wp-json\/wp\/v2\/media?parent=4938"}],"curies":[{"name":"wp","href":"https:\/\/api.w.org\/{rel}","templated":true}]}}