{"id":5442,"date":"2021-05-16T16:28:51","date_gmt":"2021-05-16T16:28:51","guid":{"rendered":"https:\/\/blogsaverroes.juntadeandalucia.es\/iesarroyodelamiel\/?page_id=5442"},"modified":"2021-05-16T16:28:51","modified_gmt":"2021-05-16T16:28:51","slug":"bilinguismo","status":"publish","type":"page","link":"https:\/\/blogsaverroes.juntadeandalucia.es\/iesarroyodelamiel\/bilinguismo\/","title":{"rendered":"Biling\u00fcismo"},"content":{"rendered":"<p style=\"text-align: center\"><a href=\"https:\/\/blogsaverroes.juntadeandalucia.es\/iesarroyodelamiel\/files\/2021\/05\/Biling\u00fcismo.jpg\"><img loading=\"lazy\" decoding=\"async\" class=\"alignnone size-medium wp-image-5443\" src=\"https:\/\/blogsaverroes.juntadeandalucia.es\/iesarroyodelamiel\/files\/2021\/05\/Biling\u00fcismo-300x162.jpg\" alt=\"\" width=\"300\" height=\"162\" srcset=\"https:\/\/blogsaverroes.juntadeandalucia.es\/iesarroyodelamiel\/files\/2021\/05\/Biling\u00fcismo-300x162.jpg 300w, https:\/\/blogsaverroes.juntadeandalucia.es\/iesarroyodelamiel\/files\/2021\/05\/Biling\u00fcismo.jpg 305w\" sizes=\"(max-width: 300px) 100vw, 300px\" \/><\/a><\/p>\n<p>El ciclo Formativo de Grado Superior de Gu\u00eda, Informaci\u00f3n y asistencia Tur\u00edstica es un ciclo biling\u00fce, esto quiere decir que parte del contenido de sus m\u00f3dulos se imparten en ingl\u00e9s con la ayuda de un auxiliar de conversaci\u00f3n nativo.<\/p>\n<p>Es la mejor oportunidad para que los profesionales del sector tur\u00edstico que&nbsp;estudian&nbsp;en el IES Arroyo de la Miel tengan la formaci\u00f3n del m\u00e1s alto nivel en la Costa del Sol.<\/p>\n<p>Toda la informaci\u00f3n de ese tema en el siguiente&nbsp;<a href=\"http:\/\/bilinguismoturarroyo.blogspot.com.es\/\">enlace<\/a>.<\/p>\n","protected":false},"excerpt":{"rendered":"<p>El ciclo Formativo de Grado Superior de Gu\u00eda, Informaci\u00f3n y asistencia Tur\u00edstica es un ciclo biling\u00fce, esto quiere decir que parte del contenido de sus m\u00f3dulos se imparten en ingl\u00e9s con la ayuda de&#46;&#46;&#46;<\/p>\n","protected":false},"author":10424,"featured_media":0,"parent":0,"menu_order":0,"comment_status":"closed","ping_status":"closed","template":"","meta":{"ngg_post_thumbnail":0,"footnotes":"","_mc_calendar":[]},"aioseo_notices":[],"_links":{"self":[{"href":"https:\/\/blogsaverroes.juntadeandalucia.es\/iesarroyodelamiel\/wp-json\/wp\/v2\/pages\/5442"}],"collection":[{"href":"https:\/\/blogsaverroes.juntadeandalucia.es\/iesarroyodelamiel\/wp-json\/wp\/v2\/pages"}],"about":[{"href":"https:\/\/blogsaverroes.juntadeandalucia.es\/iesarroyodelamiel\/wp-json\/wp\/v2\/types\/page"}],"author":[{"embeddable":true,"href":"https:\/\/blogsaverroes.juntadeandalucia.es\/iesarroyodelamiel\/wp-json\/wp\/v2\/users\/10424"}],"replies":[{"embeddable":true,"href":"https:\/\/blogsaverroes.juntadeandalucia.es\/iesarroyodelamiel\/wp-json\/wp\/v2\/comments?post=5442"}],"version-history":[{"count":1,"href":"https:\/\/blogsaverroes.juntadeandalucia.es\/iesarroyodelamiel\/wp-json\/wp\/v2\/pages\/5442\/revisions"}],"predecessor-version":[{"id":5444,"href":"https:\/\/blogsaverroes.juntadeandalucia.es\/iesarroyodelamiel\/wp-json\/wp\/v2\/pages\/5442\/revisions\/5444"}],"wp:attachment":[{"href":"https:\/\/blogsaverroes.juntadeandalucia.es\/iesarroyodelamiel\/wp-json\/wp\/v2\/media?parent=5442"}],"curies":[{"name":"wp","href":"https:\/\/api.w.org\/{rel}","templated":true}]}}