{"id":5466,"date":"2021-05-16T17:27:06","date_gmt":"2021-05-16T17:27:06","guid":{"rendered":"https:\/\/blogsaverroes.juntadeandalucia.es\/iesarroyodelamiel\/?page_id=5466"},"modified":"2021-10-18T08:53:04","modified_gmt":"2021-10-18T08:53:04","slug":"comunica","status":"publish","type":"page","link":"https:\/\/blogsaverroes.juntadeandalucia.es\/iesarroyodelamiel\/comunica\/","title":{"rendered":"Comunica 20-21"},"content":{"rendered":"<div class=\"main col-lg-9 col-md-8 single-article fullpost\" role=\"main\">\n<article class=\"post-4057 post type-post status-publish format-standard hentry category-comunica tag-comunica\">\n<header>\n<h1 class=\"entry-title\">II TORNEO DE DEBATE DEL IES ARROYO DE LA MIEL<\/h1>\n<div class=\"subhead\"><span class=\"postauthortop author vcard\"><i class=\"icon-user\"><\/i>&nbsp;por&nbsp;<a class=\"fn\" href=\"http:\/\/www.iesarroyodelamiel.es\/author\/comunica\/\" rel=\"author\">Coordinaci\u00f3n Comunica<\/a>&nbsp;|<\/span>&nbsp;<span class=\"postedintop\"><i class=\"icon-folder-open\"><\/i>&nbsp;publicado en:&nbsp;<a href=\"http:\/\/www.iesarroyodelamiel.es\/category\/proyectos\/comunica\/\" rel=\"category tag\">comunica<\/a><\/span>&nbsp;<span class=\"kad-hidepostedin\">|<\/span>&nbsp;<span class=\"postcommentscount\"><i class=\"icon-comments-alt\"><\/i>&nbsp;0<\/span><\/div>\n<\/header>\n<div class=\"entry-content\">\n<p>Durante la Semana Cultural celebraremos el II Torneo de Debate del IES ARROYO DE LA MIEL.<br \/>\nEn esta ocasi\u00f3n tomamos la pregunta del II Torneo de debate de Andaluc\u00eda en su fase provincial:<\/p>\n<p>\u00bfDeben censurarse los eventos deportivos que tengan lugar en pa\u00edses que no respetan los derechos humanos?<\/p>\n<p>*Lamentablemente queda aplazado nuestro Torneo de Debate debido a la cuarentena. Seguiremos informando.<\/p>\n<\/div>\n<footer class=\"single-footer clearfix\">\n<div>\n<div>&nbsp;<\/div>\n<\/div>\n<\/footer>\n<\/article>\n<article class=\"post-4065 post type-post status-publish format-standard hentry category-comunica category-uncategorized tag-comunica\">\n<div class=\"postmeta updated color_gray\">\n<div class=\"postdate bg-lightgray headerfont\"><span class=\"postday\">3<\/span>FEB 2020<\/div>\n<\/div>\n<header>\n<h1 class=\"entry-title\">Materiales para debatir<\/h1>\n<div class=\"subhead\"><span class=\"postauthortop author vcard\"><i class=\"icon-user\"><\/i>&nbsp;por&nbsp;<a class=\"fn\" href=\"http:\/\/www.iesarroyodelamiel.es\/author\/comunica\/\" rel=\"author\">Coordinaci\u00f3n Comunica<\/a>&nbsp;|<\/span>&nbsp;<span class=\"postedintop\"><i class=\"icon-folder-open\"><\/i>&nbsp;publicado en:&nbsp;<a href=\"http:\/\/www.iesarroyodelamiel.es\/category\/proyectos\/comunica\/\" rel=\"category tag\">comunica<\/a>,&nbsp;<a href=\"http:\/\/www.iesarroyodelamiel.es\/category\/uncategorized\/\" rel=\"category tag\">Uncategorized<\/a><\/span>&nbsp;<span class=\"kad-hidepostedin\">|<\/span>&nbsp;<span class=\"postcommentscount\"><i class=\"icon-comments-alt\"><\/i>&nbsp;0<\/span><\/div>\n<\/header>\n<div class=\"entry-content\">\n<h2>&nbsp;<\/h2>\n<p>Para aprender a debatir estos materiales pueden ayudaros:<\/p>\n<ul>\n<li>MATERIALES PARA APRENDER A DEBATIR:<\/li>\n<\/ul>\n<p><a href=\"http:\/\/www.iesarroyodelamiel.es\/wp-content\/uploads\/2018\/11\/VIDEOS_PARA_DEBATE.pdf\">VIDEOS_PARA_DEBATE<\/a><\/p>\n<p>Adem\u00e1s puedes ver los v\u00eddeos que ofrece C\u00e1novas Fundaci\u00f3n en su web:<a href=\"https:\/\/www.canovasfundacion.com\/debate\">https:\/\/www.canovasfundacion.com\/debate<\/a><\/p>\n<p>Los materiales de Alberto Corpas tambi\u00e9n pueden ayudarnos:&nbsp;<a href=\"https:\/\/sites.google.com\/clasedelengua.com\/debate-academico\/\">https:\/\/sites.google.com\/clasedelengua.com\/debate-academico\/<\/a><\/p>\n<\/div>\n<footer class=\"single-footer clearfix\">\n<div>\n<div>&nbsp;<\/div>\n<\/div>\n<\/footer>\n<\/article>\n<article class=\"post-3509 post type-post status-publish format-standard hentry category-comunica tag-comunica\">\n<div class=\"postmeta updated color_gray\">\n<div class=\"postdate bg-lightgray headerfont\"><span class=\"postday\">31<\/span>ENE 2020<\/div>\n<\/div>\n<header>\n<h1 class=\"entry-title\">Proyecto Comunica-DEBATE<\/h1>\n<div class=\"subhead\"><span class=\"postauthortop author vcard\"><i class=\"icon-user\"><\/i>&nbsp;por&nbsp;<a class=\"fn\" href=\"http:\/\/www.iesarroyodelamiel.es\/author\/alumnos2eso\/\" rel=\"author\">desde Inform\u00e1tica<\/a>&nbsp;|<\/span>&nbsp;<span class=\"postedintop\"><i class=\"icon-folder-open\"><\/i>&nbsp;publicado en:&nbsp;<a href=\"http:\/\/www.iesarroyodelamiel.es\/category\/proyectos\/comunica\/\" rel=\"category tag\">comunica<\/a><\/span>&nbsp;<span class=\"kad-hidepostedin\">|<\/span>&nbsp;<span class=\"postcommentscount\"><i class=\"icon-comments-alt\"><\/i>&nbsp;0<\/span><\/div>\n<\/header>\n<div class=\"entry-content\">\n<p>Proyecto coordinado por Cayetana Avil\u00e9s.<\/p>\n<p>El profesorado participante durante el curso 19\/20 es el siguiente:<\/p>\n<ul>\n<li>Jonathan Andrades<\/li>\n<li>Cayetana Avil\u00e9s<\/li>\n<li>Arantxa Aramburu<\/li>\n<li>Encarnaci\u00f3n Cebolla<\/li>\n<li>Francisco D\u00edaz<\/li>\n<li>Nidia Fern\u00e1ndez<\/li>\n<li>Celia Garc\u00eda<\/li>\n<li>Alfredo Hernando<\/li>\n<li>Susana Herrada<\/li>\n<li>Esther Jim\u00e9nez<\/li>\n<li>Carmen Losada<\/li>\n<li>Remedios Mart\u00edn<\/li>\n<li>Yolanda Mart\u00ednez<\/li>\n<li>Francisco Merino<\/li>\n<li>Teresa Morillas<\/li>\n<li>M\u00aa Isabel Mu\u00f1oz<\/li>\n<li>Leonor Ortega<\/li>\n<li>Ezequiel P\u00e9rez<\/li>\n<li>Elena Rama<\/li>\n<li>Mario Rodr\u00edguez<\/li>\n<li>Diego C. Rosado<\/li>\n<li>Sandra Ruiz<\/li>\n<\/ul>\n<p>Adem\u00e1s, participa el alumnado que cursa Secundaria y Bachillerato.<\/p>\n<p>Y contaremos con la participaci\u00f3n de las familias, a trav\u00e9s del AMPA, en nuestro torneo.<\/p>\n<\/div>\n<footer class=\"single-footer clearfix\">\n<div>\n<div>&nbsp;<\/div>\n<\/div>\n<\/footer>\n<\/article>\n<article class=\"post-3736 post type-post status-publish format-standard hentry category-comunica category-uncategorized\">\n<div class=\"postmeta updated color_gray\">\n<div class=\"postdate bg-lightgray headerfont\"><span class=\"postday\">26<\/span>MAY 2019<\/div>\n<\/div>\n<header>\n<h1 class=\"entry-title\">COMUNICA-DEBATE: I TORNEO DE DEBATE DEL IES ARROYO DE LA MIEL<\/h1>\n<div class=\"subhead\"><span class=\"postauthortop author vcard\"><i class=\"icon-user\"><\/i>&nbsp;por&nbsp;<a class=\"fn\" href=\"http:\/\/www.iesarroyodelamiel.es\/author\/comunica\/\" rel=\"author\">Coordinaci\u00f3n Comunica<\/a>&nbsp;|<\/span>&nbsp;<span class=\"postedintop\"><i class=\"icon-folder-open\"><\/i>&nbsp;publicado en:&nbsp;<a href=\"http:\/\/www.iesarroyodelamiel.es\/category\/proyectos\/comunica\/\" rel=\"category tag\">comunica<\/a>,&nbsp;<a href=\"http:\/\/www.iesarroyodelamiel.es\/category\/uncategorized\/\" rel=\"category tag\">Uncategorized<\/a><\/span>&nbsp;<span class=\"kad-hidepostedin\">|<\/span>&nbsp;<span class=\"postcommentscount\"><i class=\"icon-comments-alt\"><\/i>&nbsp;0<\/span><\/div>\n<\/header>\n<div class=\"entry-content\">\n<p>PARTE DEL EQUIPO DE 4\u00baESO C, GANADOR DEL I TORNEO DE DEBATE<\/p>\n<figure class=\"wp-block-image\"><a href=\"https:\/\/blogsaverroes.juntadeandalucia.es\/iesarroyodelamiel\/files\/2021\/05\/comunica.jpg\"><img loading=\"lazy\" decoding=\"async\" class=\"aligncenter size-medium wp-image-5467\" src=\"https:\/\/blogsaverroes.juntadeandalucia.es\/iesarroyodelamiel\/files\/2021\/05\/comunica-300x300.jpg\" alt=\"\" width=\"300\" height=\"300\" srcset=\"https:\/\/blogsaverroes.juntadeandalucia.es\/iesarroyodelamiel\/files\/2021\/05\/comunica-300x300.jpg 300w, https:\/\/blogsaverroes.juntadeandalucia.es\/iesarroyodelamiel\/files\/2021\/05\/comunica.jpg 1024w, https:\/\/blogsaverroes.juntadeandalucia.es\/iesarroyodelamiel\/files\/2021\/05\/comunica-150x150.jpg 150w, https:\/\/blogsaverroes.juntadeandalucia.es\/iesarroyodelamiel\/files\/2021\/05\/comunica-768x768.jpg 768w, https:\/\/blogsaverroes.juntadeandalucia.es\/iesarroyodelamiel\/files\/2021\/05\/comunica-80x80.jpg 80w, https:\/\/blogsaverroes.juntadeandalucia.es\/iesarroyodelamiel\/files\/2021\/05\/comunica-320x320.jpg 320w\" sizes=\"(max-width: 300px) 100vw, 300px\" \/><\/a><\/figure>\n<\/div>\n<footer class=\"single-footer clearfix\">\n<div>\n<div>&nbsp;<\/div>\n<\/div>\n<\/footer>\n<\/article>\n<article class=\"post-3608 post type-post status-publish format-standard hentry category-comunica category-uncategorized tag-comunica\">\n<div class=\"postmeta updated color_gray\">\n<div class=\"postdate bg-lightgray headerfont\"><span class=\"postday\">11<\/span>FEB 2019<\/div>\n<\/div>\n<header>\n<h1 class=\"entry-title\">ComunicA-DEBATE<\/h1>\n<div class=\"subhead\"><span class=\"postauthortop author vcard\"><i class=\"icon-user\"><\/i>&nbsp;por&nbsp;<a class=\"fn\" href=\"http:\/\/www.iesarroyodelamiel.es\/author\/comunica\/\" rel=\"author\">Coordinaci\u00f3n Comunica<\/a>&nbsp;|<\/span>&nbsp;<span class=\"postedintop\"><i class=\"icon-folder-open\"><\/i>&nbsp;publicado en:&nbsp;<a href=\"http:\/\/www.iesarroyodelamiel.es\/category\/proyectos\/comunica\/\" rel=\"category tag\">comunica<\/a>,&nbsp;<a href=\"http:\/\/www.iesarroyodelamiel.es\/category\/uncategorized\/\" rel=\"category tag\">Uncategorized<\/a><\/span>&nbsp;<span class=\"kad-hidepostedin\">|<\/span>&nbsp;<span class=\"postcommentscount\"><i class=\"icon-comments-alt\"><\/i>&nbsp;0<\/span><\/div>\n<\/header>\n<div class=\"entry-content\">\n<ul>\n<li>Durante el presente curso, 2018\/19 participamos &nbsp;en el programa ComunicA-DEBATE, en los cursos de Secundaria y Bachillerato.<\/li>\n<li><a href=\"https:\/\/blogsaverroes.juntadeandalucia.es\/iesarroyodelamiel\/files\/2021\/05\/c2.jpg\"><img loading=\"lazy\" decoding=\"async\" class=\"aligncenter size-full wp-image-5468\" src=\"https:\/\/blogsaverroes.juntadeandalucia.es\/iesarroyodelamiel\/files\/2021\/05\/c2.jpg\" alt=\"\" width=\"225\" height=\"300\"><\/a><\/li>\n<\/ul>\n<figure id=\"attachment_3602\" class=\"thumbnail wp-caption alignnone\"><figcaption class=\"caption wp-caption-text\">&nbsp; &nbsp; &nbsp; &nbsp; &nbsp; &nbsp; &nbsp; &nbsp; &nbsp; &nbsp; &nbsp; &nbsp; &nbsp; &nbsp; &nbsp; &nbsp; &nbsp; &nbsp; &nbsp; &nbsp; &nbsp; &nbsp; &nbsp; &nbsp; &nbsp; &nbsp; &nbsp; &nbsp; &nbsp; &nbsp; &nbsp; &nbsp; &nbsp; &nbsp; &nbsp; &nbsp; &nbsp; &nbsp; &nbsp; &nbsp; &nbsp; &nbsp;Practicando debatir en 2\u00baB<\/figcaption><\/figure>\n<ul>\n<li>MATERIALES PARA APRENDER A DEBATIR:<\/li>\n<\/ul>\n<p><a href=\"http:\/\/www.iesarroyodelamiel.es\/wp-content\/uploads\/2018\/11\/VIDEOS_PARA_DEBATE.pdf\">VIDEOS_PARA_DEBATE<\/a><\/p>\n<ul>\n<li>Estamos en la cuenta atr\u00e1s para el&nbsp;<strong>I TORNEO DE DEBATE DEL IES ARROYO DE LA MIEL<\/strong>, que se celebrar\u00e1 en la Semana Cultural. Se ofrecer\u00e1 m\u00e1s informaci\u00f3n pr\u00f3ximamente.<\/li>\n<\/ul>\n<\/div>\n<footer class=\"single-footer clearfix\"><span class=\"posttags\"><i class=\"icon-tag\"><\/i><a href=\"http:\/\/www.iesarroyodelamiel.es\/tag\/comunica\/\" rel=\"tag\">comunica<\/a><\/span><\/p>\n<div>\n<div>&nbsp;<\/div>\n<\/div>\n<\/footer>\n<\/article>\n<article class=\"post-3604 post type-post status-publish format-standard hentry category-comunica category-uncategorized\">\n<div class=\"postmeta updated color_gray\">\n<div class=\"postdate bg-lightgray headerfont\"><span class=\"postday\">11<\/span>FEB 2019<\/div>\n<\/div>\n<header>\n<h1 class=\"entry-title\">ComunicA-DEBATE<\/h1>\n<div class=\"subhead\"><span class=\"postauthortop author vcard\"><i class=\"icon-user\"><\/i>&nbsp;por&nbsp;<a class=\"fn\" href=\"http:\/\/www.iesarroyodelamiel.es\/author\/comunica\/\" rel=\"author\">Coordinaci\u00f3n Comunica<\/a>&nbsp;|<\/span>&nbsp;<span class=\"postedintop\"><i class=\"icon-folder-open\"><\/i>&nbsp;publicado en:&nbsp;<a href=\"http:\/\/www.iesarroyodelamiel.es\/category\/proyectos\/comunica\/\" rel=\"category tag\">comunica<\/a>,&nbsp;<a href=\"http:\/\/www.iesarroyodelamiel.es\/category\/uncategorized\/\" rel=\"category tag\">Uncategorized<\/a><\/span>&nbsp;<span class=\"kad-hidepostedin\">|<\/span>&nbsp;<span class=\"postcommentscount\"><i class=\"icon-comments-alt\"><\/i>&nbsp;0<\/span><\/div>\n<\/header>\n<div class=\"entry-content\">\n<p>Materiales para DEBATES ESCOLARES:<\/p>\n<ul>\n<li>En el Manual de Debate de la Junta de Andaluc\u00eda, encontraremos pautas para organizar nuestros debates escolares.<\/li>\n<\/ul>\n<p><a href=\"http:\/\/www.iesarroyodelamiel.es\/wp-content\/uploads\/2019\/02\/Manual-de-Debate.pdf\">Manual de Debate<\/a><\/p>\n<\/div>\n<footer class=\"single-footer clearfix\">\n<div>\n<div>&nbsp;<\/div>\n<\/div>\n<\/footer>\n<\/article>\n<div class=\"wp-pagenavi\">&nbsp;<\/div>\n<\/div>\n<aside class=\"col-lg-3 col-md-4 kad-sidebar\" role=\"complementary\">\n<div class=\"sidebar\">\n<section id=\"calendar-3\" class=\"widget-1 widget-first widget widget_calendar\">\n<div class=\"widget-inner\">&nbsp;<\/div>\n<\/section>\n<\/div>\n<\/aside>\n","protected":false},"excerpt":{"rendered":"<p>II TORNEO DE DEBATE DEL IES ARROYO DE LA MIEL &nbsp;por&nbsp;Coordinaci\u00f3n Comunica&nbsp;|&nbsp;&nbsp;publicado en:&nbsp;comunica&nbsp;|&nbsp;&nbsp;0 Durante la Semana Cultural celebraremos el II Torneo de Debate del IES ARROYO DE LA MIEL. En esta ocasi\u00f3n tomamos la&#46;&#46;&#46;<\/p>\n","protected":false},"author":10424,"featured_media":0,"parent":0,"menu_order":0,"comment_status":"closed","ping_status":"closed","template":"","meta":{"ngg_post_thumbnail":0,"footnotes":"","_mc_calendar":[]},"aioseo_notices":[],"_links":{"self":[{"href":"https:\/\/blogsaverroes.juntadeandalucia.es\/iesarroyodelamiel\/wp-json\/wp\/v2\/pages\/5466"}],"collection":[{"href":"https:\/\/blogsaverroes.juntadeandalucia.es\/iesarroyodelamiel\/wp-json\/wp\/v2\/pages"}],"about":[{"href":"https:\/\/blogsaverroes.juntadeandalucia.es\/iesarroyodelamiel\/wp-json\/wp\/v2\/types\/page"}],"author":[{"embeddable":true,"href":"https:\/\/blogsaverroes.juntadeandalucia.es\/iesarroyodelamiel\/wp-json\/wp\/v2\/users\/10424"}],"replies":[{"embeddable":true,"href":"https:\/\/blogsaverroes.juntadeandalucia.es\/iesarroyodelamiel\/wp-json\/wp\/v2\/comments?post=5466"}],"version-history":[{"count":2,"href":"https:\/\/blogsaverroes.juntadeandalucia.es\/iesarroyodelamiel\/wp-json\/wp\/v2\/pages\/5466\/revisions"}],"predecessor-version":[{"id":5635,"href":"https:\/\/blogsaverroes.juntadeandalucia.es\/iesarroyodelamiel\/wp-json\/wp\/v2\/pages\/5466\/revisions\/5635"}],"wp:attachment":[{"href":"https:\/\/blogsaverroes.juntadeandalucia.es\/iesarroyodelamiel\/wp-json\/wp\/v2\/media?parent=5466"}],"curies":[{"name":"wp","href":"https:\/\/api.w.org\/{rel}","templated":true}]}}